{"id":10,"date":"2024-01-05T14:07:54","date_gmt":"2024-01-05T14:07:54","guid":{"rendered":"https:\/\/mostbet-aviator.info\/?page_id=10"},"modified":"2024-03-11T10:48:59","modified_gmt":"2024-03-11T10:48:59","slug":"how-to-start-playing-aviator-at-mostbet-online-casino","status":"publish","type":"page","link":"https:\/\/mostbet-aviator.info\/en\/index.php\/how-to-start-playing-aviator-at-mostbet-online-casino\/","title":{"rendered":"How to start playing Aviator at Mostbet online casino"},"content":{"rendered":"<p><strong>Crash Game Aviator<\/strong> is available on the developer&#8217;s website, where you can play for free and at the online casino Mostbet. To start the game with real money, you need to register on the official Mostbet casino website and deposit funds into your gaming balance. You can choose any online casino; however, it is advisable to prefer trusted and reliable casinos with a license and a good reputation. Among such, the Mostbet online casino is one of the most well-known.<\/p>\n<h2>How to start playing Aviator for real money:<\/h2>\n<ul>\n<li>Choose a casino with the Aviator crash game, for example, Mostbet casino.<\/li>\n<li>Go to the official Mostbet website and register.<\/li>\n<li>Enter accurate player information.<\/li>\n<li>Create a password for your account.<\/li>\n<li>Choose the currency for your gaming balance.<\/li>\n<li>Confirm your age.<\/li>\n<li>Accept the casino&#8217;s rules and conditions.<\/li>\n<li>Link your email and phone number.<\/li>\n<li>Undergo verification if necessary.<\/li>\n<\/ul>\n<p>After registering at the Mostbet casino, you need to make a deposit and, if desired, activate bonuses. Then, go to the casino catalog and find the Aviator crash game. Wait for the current round to finish and join the game. On the control panels, select the size of one or two bets. Optionally, the player can configure auto-play and auto-withdrawal modes.<\/p>\n<p>With automatic withdrawal, the round ends when the player&#8217;s chosen bet multiplier appears on the screen. You can manually stop the rounds when the virtual plane reaches the desired coefficient. The main condition for winning is not to miss the moment and cash out the winnings in time. Otherwise, the player will lose the bet.<\/p>\n<p>The Aviator crash game has become a favorite pastime for millions of gambling users. The novelty quickly gained popularity among gamblers thanks to its non-standard game format, simple rules, and very high winning prospects. To increase the chances of winning, you can use proven betting strategies. Before playing for real money, various gameplay methods can be tested for free in demo mode.<\/p>\n","protected":false},"excerpt":{"rendered":"<p>Crash Game Aviator is available on the developer&#8217;s website, where you can play for free and at the online casino Mostbet. To start the game with real money, you need to register on the official Mostbet casino website and deposit funds into your gaming balance. You can choose any online casino; however, it is advisable&#8230;<\/p>\n","protected":false},"author":1,"featured_media":0,"parent":0,"menu_order":0,"comment_status":"closed","ping_status":"closed","template":"","meta":{"footnotes":""},"class_list":["post-10","page","type-page","status-publish","hentry"],"yoast_head":"<!-- This site is optimized with the Yoast SEO plugin v27.2 - https:\/\/yoast.com\/product\/yoast-seo-wordpress\/ -->\n<title>Registrazione presso il Casin\u00f2 Mostbet per giocare ad Aviator<\/title>\n<meta name=\"description\" content=\"Register on the official Mostbet casino website and play Aviator. Registration, login, depositing, and withdrawing winnings at the Mostbet online casino.\" \/>\n<meta name=\"robots\" content=\"index, follow, max-snippet:-1, max-image-preview:large, max-video-preview:-1\" \/>\n<link rel=\"canonical\" href=\"https:\/\/mostbet-aviator.info\/en\/index.php\/how-to-start-playing-aviator-at-mostbet-online-casino\/\" \/>\n<meta property=\"og:locale\" content=\"en_US\" \/>\n<meta property=\"og:locale:alternate\" content=\"ru_RU\" \/>\n<meta property=\"og:locale:alternate\" content=\"pt_PT\" \/>\n<meta property=\"og:locale:alternate\" content=\"es_ES\" \/>\n<meta property=\"og:locale:alternate\" content=\"sr_RS\" \/>\n<meta property=\"og:locale:alternate\" content=\"bg_BG\" \/>\n<meta property=\"og:locale:alternate\" content=\"pl_PL\" \/>\n<meta property=\"og:locale:alternate\" content=\"it_IT\" \/>\n<meta property=\"og:locale:alternate\" content=\"fr_FR\" \/>\n<meta property=\"og:locale:alternate\" content=\"hu_HU\" \/>\n<meta property=\"og:locale:alternate\" content=\"tr_TR\" \/>\n<meta property=\"og:type\" content=\"article\" \/>\n<meta property=\"og:title\" content=\"Registrazione presso il Casin\u00f2 Mostbet per giocare ad Aviator\" \/>\n<meta property=\"og:description\" content=\"Registrati sul sito ufficiale del casin\u00f2 Mostbet e gioca ad Aviator. Registrazione, accesso, deposito e prelievo delle vincite presso il casin\u00f2 online Mostbet.\" \/>\n<meta property=\"og:url\" content=\"https:\/\/mostbet-aviator.info\/en\/index.php\/how-to-start-playing-aviator-at-mostbet-online-casino\/\" \/>\n<meta property=\"og:site_name\" content=\"Aviator\" \/>\n<meta property=\"article:modified_time\" content=\"2024-03-11T10:48:59+00:00\" \/>\n<meta name=\"twitter:card\" content=\"summary_large_image\" \/>\n<meta name=\"twitter:label1\" content=\"Est. reading time\" \/>\n\t<meta name=\"twitter:data1\" content=\"15 minutes\" \/>\n<script type=\"application\/ld+json\" class=\"yoast-schema-graph\">{\"@context\":\"https:\/\/schema.org\",\"@graph\":[{\"@type\":\"WebPage\",\"@id\":\"https:\/\/mostbet-aviator.info\/it\/index.php\/how-to-start-playing-aviator-at-mostbet-online-casino\/\",\"url\":\"https:\/\/mostbet-aviator.info\/it\/index.php\/how-to-start-playing-aviator-at-mostbet-online-casino\/\",\"name\":\"Registrazione presso il Casin\u00f2 Mostbet per giocare ad Aviator\",\"isPartOf\":{\"@id\":\"https:\/\/mostbet-aviator.info\/#website\"},\"datePublished\":\"2024-01-05T14:07:54+00:00\",\"dateModified\":\"2024-03-11T10:48:59+00:00\",\"description\":\"Registrati sul sito ufficiale del casin\u00f2 Mostbet e gioca ad Aviator. Registrazione, accesso, deposito e prelievo delle vincite presso il casin\u00f2 online Mostbet.\",\"breadcrumb\":{\"@id\":\"https:\/\/mostbet-aviator.info\/it\/index.php\/how-to-start-playing-aviator-at-mostbet-online-casino\/#breadcrumb\"},\"inLanguage\":\"en-US\",\"potentialAction\":[{\"@type\":\"ReadAction\",\"target\":[\"https:\/\/mostbet-aviator.info\/it\/index.php\/how-to-start-playing-aviator-at-mostbet-online-casino\/\"]}]},{\"@type\":\"BreadcrumbList\",\"@id\":\"https:\/\/mostbet-aviator.info\/it\/index.php\/how-to-start-playing-aviator-at-mostbet-online-casino\/#breadcrumb\",\"itemListElement\":[{\"@type\":\"ListItem\",\"position\":1,\"name\":\"Home\",\"item\":\"https:\/\/mostbet-aviator.info\/\"},{\"@type\":\"ListItem\",\"position\":2,\"name\":\"Come iniziare a giocare ad Aviator presso il casin\u00f2 online Mostbet\"}]},{\"@type\":\"WebSite\",\"@id\":\"https:\/\/mostbet-aviator.info\/#website\",\"url\":\"https:\/\/mostbet-aviator.info\/\",\"name\":\"Aviator\",\"description\":\"\",\"publisher\":{\"@id\":\"https:\/\/mostbet-aviator.info\/#organization\"},\"potentialAction\":[{\"@type\":\"SearchAction\",\"target\":{\"@type\":\"EntryPoint\",\"urlTemplate\":\"https:\/\/mostbet-aviator.info\/?s={search_term_string}\"},\"query-input\":{\"@type\":\"PropertyValueSpecification\",\"valueRequired\":true,\"valueName\":\"search_term_string\"}}],\"inLanguage\":\"en-US\"},{\"@type\":\"Organization\",\"@id\":\"https:\/\/mostbet-aviator.info\/#organization\",\"name\":\"Aviator\",\"url\":\"https:\/\/mostbet-aviator.info\/\",\"logo\":{\"@type\":\"ImageObject\",\"inLanguage\":\"en-US\",\"@id\":\"https:\/\/mostbet-aviator.info\/#\/schema\/logo\/image\/\",\"url\":\"https:\/\/mostbet-aviator.info\/wp-content\/uploads\/2024\/01\/aviator-game-logo.gif\",\"contentUrl\":\"https:\/\/mostbet-aviator.info\/wp-content\/uploads\/2024\/01\/aviator-game-logo.gif\",\"width\":500,\"height\":189,\"caption\":\"Aviator\"},\"image\":{\"@id\":\"https:\/\/mostbet-aviator.info\/#\/schema\/logo\/image\/\"}}]}<\/script>\n<!-- \/ Yoast SEO plugin. -->","yoast_head_json":{"title":"Registrazione presso il Casin\u00f2 Mostbet per giocare ad Aviator","description":"Register on the official Mostbet casino website and play Aviator. Registration, login, depositing, and withdrawing winnings at the Mostbet online casino.","robots":{"index":"index","follow":"follow","max-snippet":"max-snippet:-1","max-image-preview":"max-image-preview:large","max-video-preview":"max-video-preview:-1"},"canonical":"https:\/\/mostbet-aviator.info\/en\/index.php\/how-to-start-playing-aviator-at-mostbet-online-casino\/","og_locale":"en_US","og_type":"article","og_title":"Registrazione presso il Casin\u00f2 Mostbet per giocare ad Aviator","og_description":"Registrati sul sito ufficiale del casin\u00f2 Mostbet e gioca ad Aviator. Registrazione, accesso, deposito e prelievo delle vincite presso il casin\u00f2 online Mostbet.","og_url":"https:\/\/mostbet-aviator.info\/en\/index.php\/how-to-start-playing-aviator-at-mostbet-online-casino\/","og_site_name":"Aviator","article_modified_time":"2024-03-11T10:48:59+00:00","twitter_card":"summary_large_image","twitter_misc":{"Est. reading time":"15 minutes"},"schema":{"@context":"https:\/\/schema.org","@graph":[{"@type":"WebPage","@id":"https:\/\/mostbet-aviator.info\/it\/index.php\/how-to-start-playing-aviator-at-mostbet-online-casino\/","url":"https:\/\/mostbet-aviator.info\/it\/index.php\/how-to-start-playing-aviator-at-mostbet-online-casino\/","name":"Registrazione presso il Casin\u00f2 Mostbet per giocare ad Aviator","isPartOf":{"@id":"https:\/\/mostbet-aviator.info\/#website"},"datePublished":"2024-01-05T14:07:54+00:00","dateModified":"2024-03-11T10:48:59+00:00","description":"Registrati sul sito ufficiale del casin\u00f2 Mostbet e gioca ad Aviator. Registrazione, accesso, deposito e prelievo delle vincite presso il casin\u00f2 online Mostbet.","breadcrumb":{"@id":"https:\/\/mostbet-aviator.info\/it\/index.php\/how-to-start-playing-aviator-at-mostbet-online-casino\/#breadcrumb"},"inLanguage":"en-US","potentialAction":[{"@type":"ReadAction","target":["https:\/\/mostbet-aviator.info\/it\/index.php\/how-to-start-playing-aviator-at-mostbet-online-casino\/"]}]},{"@type":"BreadcrumbList","@id":"https:\/\/mostbet-aviator.info\/it\/index.php\/how-to-start-playing-aviator-at-mostbet-online-casino\/#breadcrumb","itemListElement":[{"@type":"ListItem","position":1,"name":"Home","item":"https:\/\/mostbet-aviator.info\/"},{"@type":"ListItem","position":2,"name":"Come iniziare a giocare ad Aviator presso il casin\u00f2 online Mostbet"}]},{"@type":"WebSite","@id":"https:\/\/mostbet-aviator.info\/#website","url":"https:\/\/mostbet-aviator.info\/","name":"Aviator","description":"","publisher":{"@id":"https:\/\/mostbet-aviator.info\/#organization"},"potentialAction":[{"@type":"SearchAction","target":{"@type":"EntryPoint","urlTemplate":"https:\/\/mostbet-aviator.info\/?s={search_term_string}"},"query-input":{"@type":"PropertyValueSpecification","valueRequired":true,"valueName":"search_term_string"}}],"inLanguage":"en-US"},{"@type":"Organization","@id":"https:\/\/mostbet-aviator.info\/#organization","name":"Aviator","url":"https:\/\/mostbet-aviator.info\/","logo":{"@type":"ImageObject","inLanguage":"en-US","@id":"https:\/\/mostbet-aviator.info\/#\/schema\/logo\/image\/","url":"https:\/\/mostbet-aviator.info\/wp-content\/uploads\/2024\/01\/aviator-game-logo.gif","contentUrl":"https:\/\/mostbet-aviator.info\/wp-content\/uploads\/2024\/01\/aviator-game-logo.gif","width":500,"height":189,"caption":"Aviator"},"image":{"@id":"https:\/\/mostbet-aviator.info\/#\/schema\/logo\/image\/"}}]}},"_links":{"self":[{"href":"https:\/\/mostbet-aviator.info\/en\/index.php\/wp-json\/wp\/v2\/pages\/10","targetHints":{"allow":["GET"]}}],"collection":[{"href":"https:\/\/mostbet-aviator.info\/en\/index.php\/wp-json\/wp\/v2\/pages"}],"about":[{"href":"https:\/\/mostbet-aviator.info\/en\/index.php\/wp-json\/wp\/v2\/types\/page"}],"author":[{"embeddable":true,"href":"https:\/\/mostbet-aviator.info\/en\/index.php\/wp-json\/wp\/v2\/users\/1"}],"replies":[{"embeddable":true,"href":"https:\/\/mostbet-aviator.info\/en\/index.php\/wp-json\/wp\/v2\/comments?post=10"}],"version-history":[{"count":24,"href":"https:\/\/mostbet-aviator.info\/en\/index.php\/wp-json\/wp\/v2\/pages\/10\/revisions"}],"predecessor-version":[{"id":116,"href":"https:\/\/mostbet-aviator.info\/en\/index.php\/wp-json\/wp\/v2\/pages\/10\/revisions\/116"}],"wp:attachment":[{"href":"https:\/\/mostbet-aviator.info\/en\/index.php\/wp-json\/wp\/v2\/media?parent=10"}],"curies":[{"name":"wp","href":"https:\/\/api.w.org\/{rel}","templated":true}]}}