{"id":12,"date":"2024-01-05T14:09:44","date_gmt":"2024-01-05T14:09:44","guid":{"rendered":"https:\/\/mostbet-aviator.info\/?page_id=12"},"modified":"2024-03-11T10:55:01","modified_gmt":"2024-03-11T10:55:01","slug":"advantages-and-disadvantages-of-aviator-crash-game","status":"publish","type":"page","link":"https:\/\/mostbet-aviator.info\/es\/index.php\/advantages-and-disadvantages-of-aviator-crash-game\/","title":{"rendered":"Ventajas y Desventajas del Juego de Crash Aviator"},"content":{"rendered":"<p>Entre los visitantes de juegos de azar del casino Mostbet, el juego Aviator goza de una demanda constante y se encuentra en la categor\u00eda de juegos en l\u00ednea muy populares. Aviator est\u00e1 dise\u00f1ado con un atractivo y vibrante dise\u00f1o. Todos los botones de control necesarios est\u00e1n convenientemente ubicados en la parte inferior de la pantalla del juego. El juego de choque tiene numerosas ventajas:<\/p>\n<ul>\n<li>La capacidad de elegir entre dos apuestas por ronda;<\/li>\n<li>Alto RTP y multiplicadores elevados;<\/li>\n<li>Formato de juego \u00fanico;<\/li>\n<li>Dise\u00f1o hermoso de estilo cartoon;<\/li>\n<li>Disponibilidad de una versi\u00f3n gratuita del simulador;<\/li>\n<li>Comunicaci\u00f3n con otros jugadores en un chat en vivo;<\/li>\n<li>Historial de apuestas y logros recientes;<\/li>\n<li>Dependencia de ganar en RNG y decisiones del jugador;<\/li>\n<li>Soporte para diferentes monedas y dispositivos;<\/li>\n<li>Crecimiento ilimitado de coeficientes de apuestas.<\/li>\n<\/ul>\n<p>Gracias a la amplia gama de apuestas, el juego Aviator es adecuado para jugadores con diversas capacidades financieras. El juego en l\u00ednea funciona perfectamente tanto en dispositivos de escritorio como en dispositivos m\u00f3viles. Para lanzar la m\u00e1quina tragamonedas con dinero real, es suficiente registrarse en el casino en l\u00ednea y recargar el saldo de la cuenta de juego.<\/p>\n<p>Hablando de las desventajas de Aviator, vale la pena se\u00f1alar que, al igual que cualquier juego de azar, Aviator puede generar adicci\u00f3n y los jugadores pueden tener dificultades para detener el juego. Le recomendamos que elija una cantidad que est\u00e9 dispuesto a gastar en el juego y, si ha gastado toda la cantidad, nunca contin\u00fae jugando.<\/p>\n<h2>Caracter\u00edsticas del registro y dep\u00f3sito en Aviator:<\/h2>\n<p>El juego de choque Aviator est\u00e1 disponible en modos pagados y gratuitos en muchos casinos en l\u00ednea. En el cat\u00e1logo, el juego suele encontrarse en la categor\u00eda de juegos de choque. Para realizar apuestas con moneda real, es necesario crear una cuenta. As\u00ed es c\u00f3mo registrarse en el casino:<\/p>\n<ul>\n<li>Elija un casino con el juego Aviator;<\/li>\n<li>Vaya al sitio web oficial, por ejemplo, el casino Mostbet;<\/li>\n<li>Encuentre y haga clic en el bot\u00f3n \u00abRegistro\u00bb;<\/li>\n<li>Complete correctamente el formulario proporcionado;<\/li>\n<li>Verifique la cuenta y active bonificaciones;<\/li>\n<li>Deposite fondos utilizando un m\u00e9todo conveniente;<\/li>\n<li>Encuentre el juego de choque Aviator en el cat\u00e1logo;<\/li>\n<li>Espere la finalizaci\u00f3n del ronda actual;<\/li>\n<li>Realice apuestas y comience el simulador.<\/li>\n<\/ul>\n<p>Para depositar en un casino en l\u00ednea, se proporcionan m\u00e9todos de pago confiables, convenientes y seguros, como tarjetas bancarias, banca por Internet, billeteras electr\u00f3nicas y billeteras de criptomonedas, etc. El pago se realiza en la cuenta personal a trav\u00e9s del men\u00fa \u00abCajero\u00bb. Los fondos se acreditan instant\u00e1neamente en la cuenta del jugador, despu\u00e9s de lo cual puede disfrutar del emocionante juego Aviator con dinero real y recibir pagos sustanciales.<\/p>\n","protected":false},"excerpt":{"rendered":"<p>Entre los visitantes de juegos de azar del casino Mostbet, el juego Aviator goza de una demanda constante y se encuentra en la categor\u00eda de juegos en l\u00ednea muy populares. Aviator est\u00e1 dise\u00f1ado con un atractivo y vibrante dise\u00f1o. Todos los botones de control necesarios est\u00e1n convenientemente ubicados en la parte inferior de la pantalla&#8230;<\/p>\n","protected":false},"author":1,"featured_media":0,"parent":0,"menu_order":0,"comment_status":"closed","ping_status":"closed","template":"","meta":{"footnotes":""},"class_list":["post-12","page","type-page","status-publish","hentry"],"yoast_head":"<!-- This site is optimized with the Yoast SEO plugin v27.2 - https:\/\/yoast.com\/product\/yoast-seo-wordpress\/ -->\n<title>Advantages and Disadvantages of the Aviator Game<\/title>\n<meta name=\"description\" content=\"Al igual que cualquier juego de crash en un casino en l\u00ednea, el juego Aviator tambi\u00e9n tiene sus ventajas y desventajas. Hablemos de ellas.\" \/>\n<meta name=\"robots\" content=\"index, follow, max-snippet:-1, max-image-preview:large, max-video-preview:-1\" \/>\n<link rel=\"canonical\" href=\"https:\/\/mostbet-aviator.info\/es\/index.php\/advantages-and-disadvantages-of-aviator-crash-game\/\" \/>\n<meta property=\"og:locale\" content=\"es_ES\" \/>\n<meta property=\"og:locale:alternate\" content=\"ru_RU\" \/>\n<meta property=\"og:locale:alternate\" content=\"en_US\" \/>\n<meta property=\"og:locale:alternate\" content=\"pt_PT\" \/>\n<meta property=\"og:locale:alternate\" content=\"sr_RS\" \/>\n<meta property=\"og:locale:alternate\" content=\"bg_BG\" \/>\n<meta property=\"og:locale:alternate\" content=\"pl_PL\" \/>\n<meta property=\"og:locale:alternate\" content=\"it_IT\" \/>\n<meta property=\"og:locale:alternate\" content=\"fr_FR\" \/>\n<meta property=\"og:locale:alternate\" content=\"hu_HU\" \/>\n<meta property=\"og:locale:alternate\" content=\"tr_TR\" \/>\n<meta property=\"og:type\" content=\"article\" \/>\n<meta property=\"og:title\" content=\"Advantages and Disadvantages of the Aviator Game\" \/>\n<meta property=\"og:description\" content=\"Like any crash game in an online casino, the Aviator game also has its advantages and disadvantages. Let&#039;s talk about them.\" \/>\n<meta property=\"og:url\" content=\"https:\/\/mostbet-aviator.info\/es\/index.php\/advantages-and-disadvantages-of-aviator-crash-game\/\" \/>\n<meta property=\"og:site_name\" content=\"Aviator\" \/>\n<meta property=\"article:modified_time\" content=\"2024-03-11T10:55:01+00:00\" \/>\n<meta name=\"twitter:card\" content=\"summary_large_image\" \/>\n<meta name=\"twitter:label1\" content=\"Tiempo de lectura\" \/>\n\t<meta name=\"twitter:data1\" content=\"18 minutos\" \/>\n<script type=\"application\/ld+json\" class=\"yoast-schema-graph\">{\"@context\":\"https:\/\/schema.org\",\"@graph\":[{\"@type\":\"WebPage\",\"@id\":\"https:\/\/mostbet-aviator.info\/en\/index.php\/advantages-and-disadvantages-of-aviator-crash-game\/\",\"url\":\"https:\/\/mostbet-aviator.info\/en\/index.php\/advantages-and-disadvantages-of-aviator-crash-game\/\",\"name\":\"Advantages and Disadvantages of the Aviator Game\",\"isPartOf\":{\"@id\":\"https:\/\/mostbet-aviator.info\/#website\"},\"datePublished\":\"2024-01-05T14:09:44+00:00\",\"dateModified\":\"2024-03-11T10:55:01+00:00\",\"description\":\"Like any crash game in an online casino, the Aviator game also has its advantages and disadvantages. Let's talk about them.\",\"breadcrumb\":{\"@id\":\"https:\/\/mostbet-aviator.info\/en\/index.php\/advantages-and-disadvantages-of-aviator-crash-game\/#breadcrumb\"},\"inLanguage\":\"es-ES\",\"potentialAction\":[{\"@type\":\"ReadAction\",\"target\":[\"https:\/\/mostbet-aviator.info\/en\/index.php\/advantages-and-disadvantages-of-aviator-crash-game\/\"]}]},{\"@type\":\"BreadcrumbList\",\"@id\":\"https:\/\/mostbet-aviator.info\/en\/index.php\/advantages-and-disadvantages-of-aviator-crash-game\/#breadcrumb\",\"itemListElement\":[{\"@type\":\"ListItem\",\"position\":1,\"name\":\"Home\",\"item\":\"https:\/\/mostbet-aviator.info\/\"},{\"@type\":\"ListItem\",\"position\":2,\"name\":\"Advantages and Disadvantages of Aviator Crash Game\"}]},{\"@type\":\"WebSite\",\"@id\":\"https:\/\/mostbet-aviator.info\/#website\",\"url\":\"https:\/\/mostbet-aviator.info\/\",\"name\":\"Aviator\",\"description\":\"\",\"publisher\":{\"@id\":\"https:\/\/mostbet-aviator.info\/#organization\"},\"potentialAction\":[{\"@type\":\"SearchAction\",\"target\":{\"@type\":\"EntryPoint\",\"urlTemplate\":\"https:\/\/mostbet-aviator.info\/?s={search_term_string}\"},\"query-input\":{\"@type\":\"PropertyValueSpecification\",\"valueRequired\":true,\"valueName\":\"search_term_string\"}}],\"inLanguage\":\"es-ES\"},{\"@type\":\"Organization\",\"@id\":\"https:\/\/mostbet-aviator.info\/#organization\",\"name\":\"Aviator\",\"url\":\"https:\/\/mostbet-aviator.info\/\",\"logo\":{\"@type\":\"ImageObject\",\"inLanguage\":\"es-ES\",\"@id\":\"https:\/\/mostbet-aviator.info\/#\/schema\/logo\/image\/\",\"url\":\"https:\/\/mostbet-aviator.info\/wp-content\/uploads\/2024\/01\/aviator-game-logo.gif\",\"contentUrl\":\"https:\/\/mostbet-aviator.info\/wp-content\/uploads\/2024\/01\/aviator-game-logo.gif\",\"width\":500,\"height\":189,\"caption\":\"Aviator\"},\"image\":{\"@id\":\"https:\/\/mostbet-aviator.info\/#\/schema\/logo\/image\/\"}}]}<\/script>\n<!-- \/ Yoast SEO plugin. -->","yoast_head_json":{"title":"Advantages and Disadvantages of the Aviator Game","description":"Al igual que cualquier juego de crash en un casino en l\u00ednea, el juego Aviator tambi\u00e9n tiene sus ventajas y desventajas. Hablemos de ellas.","robots":{"index":"index","follow":"follow","max-snippet":"max-snippet:-1","max-image-preview":"max-image-preview:large","max-video-preview":"max-video-preview:-1"},"canonical":"https:\/\/mostbet-aviator.info\/es\/index.php\/advantages-and-disadvantages-of-aviator-crash-game\/","og_locale":"es_ES","og_type":"article","og_title":"Advantages and Disadvantages of the Aviator Game","og_description":"Like any crash game in an online casino, the Aviator game also has its advantages and disadvantages. Let's talk about them.","og_url":"https:\/\/mostbet-aviator.info\/es\/index.php\/advantages-and-disadvantages-of-aviator-crash-game\/","og_site_name":"Aviator","article_modified_time":"2024-03-11T10:55:01+00:00","twitter_card":"summary_large_image","twitter_misc":{"Tiempo de lectura":"18 minutos"},"schema":{"@context":"https:\/\/schema.org","@graph":[{"@type":"WebPage","@id":"https:\/\/mostbet-aviator.info\/en\/index.php\/advantages-and-disadvantages-of-aviator-crash-game\/","url":"https:\/\/mostbet-aviator.info\/en\/index.php\/advantages-and-disadvantages-of-aviator-crash-game\/","name":"Advantages and Disadvantages of the Aviator Game","isPartOf":{"@id":"https:\/\/mostbet-aviator.info\/#website"},"datePublished":"2024-01-05T14:09:44+00:00","dateModified":"2024-03-11T10:55:01+00:00","description":"Like any crash game in an online casino, the Aviator game also has its advantages and disadvantages. Let's talk about them.","breadcrumb":{"@id":"https:\/\/mostbet-aviator.info\/en\/index.php\/advantages-and-disadvantages-of-aviator-crash-game\/#breadcrumb"},"inLanguage":"es-ES","potentialAction":[{"@type":"ReadAction","target":["https:\/\/mostbet-aviator.info\/en\/index.php\/advantages-and-disadvantages-of-aviator-crash-game\/"]}]},{"@type":"BreadcrumbList","@id":"https:\/\/mostbet-aviator.info\/en\/index.php\/advantages-and-disadvantages-of-aviator-crash-game\/#breadcrumb","itemListElement":[{"@type":"ListItem","position":1,"name":"Home","item":"https:\/\/mostbet-aviator.info\/"},{"@type":"ListItem","position":2,"name":"Advantages and Disadvantages of Aviator Crash Game"}]},{"@type":"WebSite","@id":"https:\/\/mostbet-aviator.info\/#website","url":"https:\/\/mostbet-aviator.info\/","name":"Aviator","description":"","publisher":{"@id":"https:\/\/mostbet-aviator.info\/#organization"},"potentialAction":[{"@type":"SearchAction","target":{"@type":"EntryPoint","urlTemplate":"https:\/\/mostbet-aviator.info\/?s={search_term_string}"},"query-input":{"@type":"PropertyValueSpecification","valueRequired":true,"valueName":"search_term_string"}}],"inLanguage":"es-ES"},{"@type":"Organization","@id":"https:\/\/mostbet-aviator.info\/#organization","name":"Aviator","url":"https:\/\/mostbet-aviator.info\/","logo":{"@type":"ImageObject","inLanguage":"es-ES","@id":"https:\/\/mostbet-aviator.info\/#\/schema\/logo\/image\/","url":"https:\/\/mostbet-aviator.info\/wp-content\/uploads\/2024\/01\/aviator-game-logo.gif","contentUrl":"https:\/\/mostbet-aviator.info\/wp-content\/uploads\/2024\/01\/aviator-game-logo.gif","width":500,"height":189,"caption":"Aviator"},"image":{"@id":"https:\/\/mostbet-aviator.info\/#\/schema\/logo\/image\/"}}]}},"_links":{"self":[{"href":"https:\/\/mostbet-aviator.info\/es\/index.php\/wp-json\/wp\/v2\/pages\/12","targetHints":{"allow":["GET"]}}],"collection":[{"href":"https:\/\/mostbet-aviator.info\/es\/index.php\/wp-json\/wp\/v2\/pages"}],"about":[{"href":"https:\/\/mostbet-aviator.info\/es\/index.php\/wp-json\/wp\/v2\/types\/page"}],"author":[{"embeddable":true,"href":"https:\/\/mostbet-aviator.info\/es\/index.php\/wp-json\/wp\/v2\/users\/1"}],"replies":[{"embeddable":true,"href":"https:\/\/mostbet-aviator.info\/es\/index.php\/wp-json\/wp\/v2\/comments?post=12"}],"version-history":[{"count":23,"href":"https:\/\/mostbet-aviator.info\/es\/index.php\/wp-json\/wp\/v2\/pages\/12\/revisions"}],"predecessor-version":[{"id":119,"href":"https:\/\/mostbet-aviator.info\/es\/index.php\/wp-json\/wp\/v2\/pages\/12\/revisions\/119"}],"wp:attachment":[{"href":"https:\/\/mostbet-aviator.info\/es\/index.php\/wp-json\/wp\/v2\/media?parent=12"}],"curies":[{"name":"wp","href":"https:\/\/api.w.org\/{rel}","templated":true}]}}