{"id":6,"date":"2024-01-05T14:06:14","date_gmt":"2024-01-05T14:06:14","guid":{"rendered":"https:\/\/mostbet-aviator.info\/?page_id=6"},"modified":"2024-03-11T10:52:54","modified_gmt":"2024-03-11T10:52:54","slug":"aviator","status":"publish","type":"page","link":"https:\/\/mostbet-aviator.info\/es\/","title":{"rendered":"Juego de Crash Aviator"},"content":{"rendered":"<p>En 2019, la compa\u00f1\u00eda Spribe lanz\u00f3 un nuevo juego \u00fanico llamado Aviator. El simulador de choques se convirti\u00f3 en un \u00e9xito en los casinos en l\u00ednea y r\u00e1pidamente obtuvo \u00e9xito entre los jugadores. Aviator combina las caracter\u00edsticas de un juego de arcade y una tragamonedas de video de manera ideal. El simulador pertenece a la categor\u00eda de juegos de ritmo r\u00e1pido que se juegan en modo multijugador. En el juego en l\u00ednea Aviator, no hay carretes giratorios est\u00e1ndar, s\u00edmbolos o l\u00edneas de pago. Despu\u00e9s de lanzar el modelo de choque, aparece una pista de despegue con un avi\u00f3n virtual frente al jugador. La tarea del jugador es enviar la aeronave en vuelo, esperar un multiplicador alto, detener el juego y cobrar las ganancias. Jugar a Aviator en el casino Mostbet puede resultar en ganancias significativas.<\/p>\n<h2>Par\u00e1metros clave y caracter\u00edsticas del juego Aviator:<\/h2>\n<ul>\n<li>Porcentaje te\u00f3rico de retorno &#8211; 97%;<\/li>\n<li>Nivel de volatilidad medio-bajo;<\/li>\n<li>Formaci\u00f3n aleatoria de multiplicadores;<\/li>\n<li>Presencia de dos paneles de control para el juego;<\/li>\n<li>Capacidad para realizar dos apuestas simult\u00e1neamente;<\/li>\n<li>Visualizaci\u00f3n del historial y estad\u00edsticas de rondas;<\/li>\n<li>Chat en vivo para comunicarse con otros jugadores;<\/li>\n<li>Soporte para versiones m\u00f3viles y gratuitas;<\/li>\n<li>Tecnolog\u00eda de equidad garantizada.<\/li>\n<\/ul>\n<p>En Aviator, puedes jugar con dinero real o monedas virtuales, lo que significa que puedes jugar gratis. El juego en l\u00ednea Aviator funciona perfectamente tanto en computadoras de escritorio como en dispositivos m\u00f3viles. Para comenzar a jugar, debes registrarte en el casino en l\u00ednea Mostbet, depositar fondos y unirte a una nueva ronda. Dado que el juego es multijugador, los jugadores pueden ver las estad\u00edsticas de las victorias de otros jugadores, los coeficientes ganadores de las rondas y las cantidades ganadas. Esto ayuda significativamente y pr\u00e1cticamente crea una comunidad de jugadores que est\u00e1n entusiasmados con la victoria y ganar dinero real en el casino Mostbet.<\/p>\n<h2>Caracter\u00edsticas \u00fanicas del juego de choque Aviator:<\/h2>\n<p>Las tragamonedas de video convencionales se han vuelto familiares para muchos jugadores. Los jugadores buscan nuevas formas de entretenimiento en los casinos. El simulador de choques Aviator es un modelo de juego \u00fanico con una implementaci\u00f3n no est\u00e1ndar del proceso de apuestas y ganancias. El juego tambi\u00e9n utiliza un generador de n\u00fameros aleatorios, gracias al cual los multiplicadores en la pantalla aparecen de manera aleatoria. Sin embargo, el usuario puede influir en el resultado del juego eligiendo cu\u00e1ndo detener el avi\u00f3n y reclamar las ganancias. Caracter\u00edsticas interesantes y ventajas del juego de choque Aviator:<\/p>\n<ul>\n<li>Reglas e interfaz extremadamente simples;<\/li>\n<li>Crecimiento impredecible de coeficientes a partir de x1;<\/li>\n<li>Algoritmo criptogr\u00e1fico Provably Fair;<\/li>\n<li>Rondas din\u00e1micas, en promedio, de 30 a 40 segundos cada una;<\/li>\n<li>Disponibilidad de opciones de juego autom\u00e1tico y demostraci\u00f3n;<\/li>\n<li>Par\u00e1metros personalizables para la retirada autom\u00e1tica de dinero;<\/li>\n<li>Soporte para Aviator en todo tipo de dispositivos;<\/li>\n<li>Posibilidad de realizar apuestas en diferentes monedas.<\/li>\n<\/ul>\n<p>A los visitantes de los casinos en l\u00ednea les atrae el formato inusual del simulador de choques. Para convertirse en un ganador y obtener una gran victoria, solo necesitas esperar a que aparezca un gran coeficiente y finalizar la ronda. Algunos jugadores prefieren no correr riesgos y juegan con apuestas y multiplicadores bajos.<\/p>\n","protected":false},"excerpt":{"rendered":"<p>En 2019, la compa\u00f1\u00eda Spribe lanz\u00f3 un nuevo juego \u00fanico llamado Aviator. El simulador de choques se convirti\u00f3 en un \u00e9xito en los casinos en l\u00ednea y r\u00e1pidamente obtuvo \u00e9xito entre los jugadores. Aviator combina las caracter\u00edsticas de un juego de arcade y una tragamonedas de video de manera ideal. El simulador pertenece a la&#8230;<\/p>\n","protected":false},"author":1,"featured_media":0,"parent":0,"menu_order":0,"comment_status":"closed","ping_status":"closed","template":"","meta":{"footnotes":""},"class_list":["post-6","page","type-page","status-publish","hentry"],"yoast_head":"<!-- This site is optimized with the Yoast SEO plugin v27.2 - https:\/\/yoast.com\/product\/yoast-seo-wordpress\/ -->\n<title>\u0418\u0433\u0440\u0430\u0442\u044c \u0432 \u0410\u0432\u0438\u0430\u0442\u043e\u0440 \u0432 \u043e\u043d\u043b\u0430\u0439\u043d \u043a\u0430\u0437\u0438\u043d\u043e \u041c\u043e\u0441\u0442\u0431\u0435\u0442<\/title>\n<meta name=\"description\" content=\"Juega al juego de crash Aviator por dinero real en el casino en l\u00ednea Mostbet. Aviator Mostbet brindar\u00e1 momentos de juego inolvidables.\" \/>\n<meta name=\"robots\" content=\"index, follow, max-snippet:-1, max-image-preview:large, max-video-preview:-1\" \/>\n<link rel=\"canonical\" href=\"https:\/\/mostbet-aviator.info\/es\/\" \/>\n<meta property=\"og:locale\" content=\"es_ES\" \/>\n<meta property=\"og:locale:alternate\" content=\"ru_RU\" \/>\n<meta property=\"og:locale:alternate\" content=\"en_US\" \/>\n<meta property=\"og:locale:alternate\" content=\"pt_PT\" \/>\n<meta property=\"og:locale:alternate\" content=\"sr_RS\" \/>\n<meta property=\"og:locale:alternate\" content=\"bg_BG\" \/>\n<meta property=\"og:locale:alternate\" content=\"pl_PL\" \/>\n<meta property=\"og:locale:alternate\" content=\"it_IT\" \/>\n<meta property=\"og:locale:alternate\" content=\"fr_FR\" \/>\n<meta property=\"og:locale:alternate\" content=\"hu_HU\" \/>\n<meta property=\"og:locale:alternate\" content=\"tr_TR\" \/>\n<meta property=\"og:type\" content=\"article\" \/>\n<meta property=\"og:title\" content=\"\u0418\u0433\u0440\u0430\u0442\u044c \u0432 \u0410\u0432\u0438\u0430\u0442\u043e\u0440 \u0432 \u043e\u043d\u043b\u0430\u0439\u043d \u043a\u0430\u0437\u0438\u043d\u043e \u041c\u043e\u0441\u0442\u0431\u0435\u0442\" \/>\n<meta property=\"og:description\" content=\"\u0418\u0433\u0440\u0430\u0442\u044c \u0432 \u043a\u0440\u0430\u0448 \u0438\u0433\u0440\u0443 \u0410\u0432\u0438\u0430\u0442\u043e\u0440 \u043d\u0430 \u0440\u0435\u0430\u043b\u044c\u043d\u044b\u0435 \u0434\u0435\u043d\u044c\u0433\u0438 \u0432 \u043e\u043d\u043b\u0430\u0439\u043d \u043a\u0430\u0437\u0438\u043d\u043e Mostbet. Aviator Mostbet \u043f\u043e\u0434\u0430\u0440\u0438\u0442 \u043d\u0435\u0437\u0430\u0431\u044b\u0432\u0430\u0435\u043c\u044b\u0435 \u043c\u043e\u043c\u0435\u043d\u0442\u044b \u0438\u0433\u0440\u044b\" \/>\n<meta property=\"og:url\" content=\"https:\/\/mostbet-aviator.info\/es\/\" \/>\n<meta property=\"og:site_name\" content=\"Aviator\" \/>\n<meta property=\"article:modified_time\" content=\"2024-03-11T10:52:54+00:00\" \/>\n<meta name=\"twitter:card\" content=\"summary_large_image\" \/>\n<meta name=\"twitter:label1\" content=\"Tiempo de lectura\" \/>\n\t<meta name=\"twitter:data1\" content=\"21 minutos\" \/>\n<script type=\"application\/ld+json\" class=\"yoast-schema-graph\">{\"@context\":\"https:\/\/schema.org\",\"@graph\":[{\"@type\":\"WebPage\",\"@id\":\"https:\/\/mostbet-aviator.info\/\",\"url\":\"https:\/\/mostbet-aviator.info\/\",\"name\":\"\u0418\u0433\u0440\u0430\u0442\u044c \u0432 \u0410\u0432\u0438\u0430\u0442\u043e\u0440 \u0432 \u043e\u043d\u043b\u0430\u0439\u043d \u043a\u0430\u0437\u0438\u043d\u043e \u041c\u043e\u0441\u0442\u0431\u0435\u0442\",\"isPartOf\":{\"@id\":\"https:\/\/mostbet-aviator.info\/#website\"},\"datePublished\":\"2024-01-05T14:06:14+00:00\",\"dateModified\":\"2024-03-11T10:52:54+00:00\",\"description\":\"\u0418\u0433\u0440\u0430\u0442\u044c \u0432 \u043a\u0440\u0430\u0448 \u0438\u0433\u0440\u0443 \u0410\u0432\u0438\u0430\u0442\u043e\u0440 \u043d\u0430 \u0440\u0435\u0430\u043b\u044c\u043d\u044b\u0435 \u0434\u0435\u043d\u044c\u0433\u0438 \u0432 \u043e\u043d\u043b\u0430\u0439\u043d \u043a\u0430\u0437\u0438\u043d\u043e Mostbet. Aviator Mostbet \u043f\u043e\u0434\u0430\u0440\u0438\u0442 \u043d\u0435\u0437\u0430\u0431\u044b\u0432\u0430\u0435\u043c\u044b\u0435 \u043c\u043e\u043c\u0435\u043d\u0442\u044b \u0438\u0433\u0440\u044b\",\"breadcrumb\":{\"@id\":\"https:\/\/mostbet-aviator.info\/#breadcrumb\"},\"inLanguage\":\"es-ES\",\"potentialAction\":[{\"@type\":\"ReadAction\",\"target\":[\"https:\/\/mostbet-aviator.info\/\"]}]},{\"@type\":\"BreadcrumbList\",\"@id\":\"https:\/\/mostbet-aviator.info\/#breadcrumb\",\"itemListElement\":[{\"@type\":\"ListItem\",\"position\":1,\"name\":\"Home\",\"item\":\"https:\/\/mostbet-aviator.info\/\"},{\"@type\":\"ListItem\",\"position\":2,\"name\":\"\u041a\u0440\u0430\u0448 \u0438\u0433\u0440\u0430 Aviator\"}]},{\"@type\":\"WebSite\",\"@id\":\"https:\/\/mostbet-aviator.info\/#website\",\"url\":\"https:\/\/mostbet-aviator.info\/\",\"name\":\"Aviator\",\"description\":\"\",\"publisher\":{\"@id\":\"https:\/\/mostbet-aviator.info\/#organization\"},\"potentialAction\":[{\"@type\":\"SearchAction\",\"target\":{\"@type\":\"EntryPoint\",\"urlTemplate\":\"https:\/\/mostbet-aviator.info\/?s={search_term_string}\"},\"query-input\":{\"@type\":\"PropertyValueSpecification\",\"valueRequired\":true,\"valueName\":\"search_term_string\"}}],\"inLanguage\":\"es-ES\"},{\"@type\":\"Organization\",\"@id\":\"https:\/\/mostbet-aviator.info\/#organization\",\"name\":\"Aviator\",\"url\":\"https:\/\/mostbet-aviator.info\/\",\"logo\":{\"@type\":\"ImageObject\",\"inLanguage\":\"es-ES\",\"@id\":\"https:\/\/mostbet-aviator.info\/#\/schema\/logo\/image\/\",\"url\":\"https:\/\/mostbet-aviator.info\/wp-content\/uploads\/2024\/01\/aviator-game-logo.gif\",\"contentUrl\":\"https:\/\/mostbet-aviator.info\/wp-content\/uploads\/2024\/01\/aviator-game-logo.gif\",\"width\":500,\"height\":189,\"caption\":\"Aviator\"},\"image\":{\"@id\":\"https:\/\/mostbet-aviator.info\/#\/schema\/logo\/image\/\"}}]}<\/script>\n<!-- \/ Yoast SEO plugin. -->","yoast_head_json":{"title":"\u0418\u0433\u0440\u0430\u0442\u044c \u0432 \u0410\u0432\u0438\u0430\u0442\u043e\u0440 \u0432 \u043e\u043d\u043b\u0430\u0439\u043d \u043a\u0430\u0437\u0438\u043d\u043e \u041c\u043e\u0441\u0442\u0431\u0435\u0442","description":"Juega al juego de crash Aviator por dinero real en el casino en l\u00ednea Mostbet. Aviator Mostbet brindar\u00e1 momentos de juego inolvidables.","robots":{"index":"index","follow":"follow","max-snippet":"max-snippet:-1","max-image-preview":"max-image-preview:large","max-video-preview":"max-video-preview:-1"},"canonical":"https:\/\/mostbet-aviator.info\/es\/","og_locale":"es_ES","og_type":"article","og_title":"\u0418\u0433\u0440\u0430\u0442\u044c \u0432 \u0410\u0432\u0438\u0430\u0442\u043e\u0440 \u0432 \u043e\u043d\u043b\u0430\u0439\u043d \u043a\u0430\u0437\u0438\u043d\u043e \u041c\u043e\u0441\u0442\u0431\u0435\u0442","og_description":"\u0418\u0433\u0440\u0430\u0442\u044c \u0432 \u043a\u0440\u0430\u0448 \u0438\u0433\u0440\u0443 \u0410\u0432\u0438\u0430\u0442\u043e\u0440 \u043d\u0430 \u0440\u0435\u0430\u043b\u044c\u043d\u044b\u0435 \u0434\u0435\u043d\u044c\u0433\u0438 \u0432 \u043e\u043d\u043b\u0430\u0439\u043d \u043a\u0430\u0437\u0438\u043d\u043e Mostbet. Aviator Mostbet \u043f\u043e\u0434\u0430\u0440\u0438\u0442 \u043d\u0435\u0437\u0430\u0431\u044b\u0432\u0430\u0435\u043c\u044b\u0435 \u043c\u043e\u043c\u0435\u043d\u0442\u044b \u0438\u0433\u0440\u044b","og_url":"https:\/\/mostbet-aviator.info\/es\/","og_site_name":"Aviator","article_modified_time":"2024-03-11T10:52:54+00:00","twitter_card":"summary_large_image","twitter_misc":{"Tiempo de lectura":"21 minutos"},"schema":{"@context":"https:\/\/schema.org","@graph":[{"@type":"WebPage","@id":"https:\/\/mostbet-aviator.info\/","url":"https:\/\/mostbet-aviator.info\/","name":"\u0418\u0433\u0440\u0430\u0442\u044c \u0432 \u0410\u0432\u0438\u0430\u0442\u043e\u0440 \u0432 \u043e\u043d\u043b\u0430\u0439\u043d \u043a\u0430\u0437\u0438\u043d\u043e \u041c\u043e\u0441\u0442\u0431\u0435\u0442","isPartOf":{"@id":"https:\/\/mostbet-aviator.info\/#website"},"datePublished":"2024-01-05T14:06:14+00:00","dateModified":"2024-03-11T10:52:54+00:00","description":"\u0418\u0433\u0440\u0430\u0442\u044c \u0432 \u043a\u0440\u0430\u0448 \u0438\u0433\u0440\u0443 \u0410\u0432\u0438\u0430\u0442\u043e\u0440 \u043d\u0430 \u0440\u0435\u0430\u043b\u044c\u043d\u044b\u0435 \u0434\u0435\u043d\u044c\u0433\u0438 \u0432 \u043e\u043d\u043b\u0430\u0439\u043d \u043a\u0430\u0437\u0438\u043d\u043e Mostbet. Aviator Mostbet \u043f\u043e\u0434\u0430\u0440\u0438\u0442 \u043d\u0435\u0437\u0430\u0431\u044b\u0432\u0430\u0435\u043c\u044b\u0435 \u043c\u043e\u043c\u0435\u043d\u0442\u044b \u0438\u0433\u0440\u044b","breadcrumb":{"@id":"https:\/\/mostbet-aviator.info\/#breadcrumb"},"inLanguage":"es-ES","potentialAction":[{"@type":"ReadAction","target":["https:\/\/mostbet-aviator.info\/"]}]},{"@type":"BreadcrumbList","@id":"https:\/\/mostbet-aviator.info\/#breadcrumb","itemListElement":[{"@type":"ListItem","position":1,"name":"Home","item":"https:\/\/mostbet-aviator.info\/"},{"@type":"ListItem","position":2,"name":"\u041a\u0440\u0430\u0448 \u0438\u0433\u0440\u0430 Aviator"}]},{"@type":"WebSite","@id":"https:\/\/mostbet-aviator.info\/#website","url":"https:\/\/mostbet-aviator.info\/","name":"Aviator","description":"","publisher":{"@id":"https:\/\/mostbet-aviator.info\/#organization"},"potentialAction":[{"@type":"SearchAction","target":{"@type":"EntryPoint","urlTemplate":"https:\/\/mostbet-aviator.info\/?s={search_term_string}"},"query-input":{"@type":"PropertyValueSpecification","valueRequired":true,"valueName":"search_term_string"}}],"inLanguage":"es-ES"},{"@type":"Organization","@id":"https:\/\/mostbet-aviator.info\/#organization","name":"Aviator","url":"https:\/\/mostbet-aviator.info\/","logo":{"@type":"ImageObject","inLanguage":"es-ES","@id":"https:\/\/mostbet-aviator.info\/#\/schema\/logo\/image\/","url":"https:\/\/mostbet-aviator.info\/wp-content\/uploads\/2024\/01\/aviator-game-logo.gif","contentUrl":"https:\/\/mostbet-aviator.info\/wp-content\/uploads\/2024\/01\/aviator-game-logo.gif","width":500,"height":189,"caption":"Aviator"},"image":{"@id":"https:\/\/mostbet-aviator.info\/#\/schema\/logo\/image\/"}}]}},"_links":{"self":[{"href":"https:\/\/mostbet-aviator.info\/es\/index.php\/wp-json\/wp\/v2\/pages\/6","targetHints":{"allow":["GET"]}}],"collection":[{"href":"https:\/\/mostbet-aviator.info\/es\/index.php\/wp-json\/wp\/v2\/pages"}],"about":[{"href":"https:\/\/mostbet-aviator.info\/es\/index.php\/wp-json\/wp\/v2\/types\/page"}],"author":[{"embeddable":true,"href":"https:\/\/mostbet-aviator.info\/es\/index.php\/wp-json\/wp\/v2\/users\/1"}],"replies":[{"embeddable":true,"href":"https:\/\/mostbet-aviator.info\/es\/index.php\/wp-json\/wp\/v2\/comments?post=6"}],"version-history":[{"count":23,"href":"https:\/\/mostbet-aviator.info\/es\/index.php\/wp-json\/wp\/v2\/pages\/6\/revisions"}],"predecessor-version":[{"id":118,"href":"https:\/\/mostbet-aviator.info\/es\/index.php\/wp-json\/wp\/v2\/pages\/6\/revisions\/118"}],"wp:attachment":[{"href":"https:\/\/mostbet-aviator.info\/es\/index.php\/wp-json\/wp\/v2\/media?parent=6"}],"curies":[{"name":"wp","href":"https:\/\/api.w.org\/{rel}","templated":true}]}}