{"id":8,"date":"2024-01-05T14:07:03","date_gmt":"2024-01-05T14:07:03","guid":{"rendered":"https:\/\/mostbet-aviator.info\/?page_id=8"},"modified":"2024-03-11T10:50:59","modified_gmt":"2024-03-11T10:50:59","slug":"how-to-start-playing-the-aviator-crash-game","status":"publish","type":"page","link":"https:\/\/mostbet-aviator.info\/es\/index.php\/how-to-start-playing-the-aviator-crash-game\/","title":{"rendered":"C\u00f3mo empezar a jugar al juego de crash Aviator: consejos y estrategias"},"content":{"rendered":"<p>El popular juego en l\u00ednea Aviator se ha convertido en uno de los entretenimientos m\u00e1s buscados en los casinos en l\u00ednea. El juego fue lanzado por el estudio Spribe en 2019. El simulador atrajo la atenci\u00f3n de los jugadores con su implementaci\u00f3n inusual del juego, multiplicadores de apuestas altos y mec\u00e1nica \u00fanica. El objeto principal del juego es un avi\u00f3n virtual. El avi\u00f3n asciende r\u00e1pidamente y, a medida que gana altura, los multiplicadores de apuestas aumentan. El juego tiene un buen porcentaje te\u00f3rico de retorno, RTP es del 97%. Debido a su volatilidad medio-baja, las ganancias ocurren con frecuencia. Debes elegir el momento en que aparezca un multiplicador alto en la pantalla y reclamar r\u00e1pidamente la recompensa monetaria.<\/p>\n<h2>Caracter\u00edsticas de jugar Aviator:<\/h2>\n<p>En la m\u00e1quina tragamonedas Aviator, el campo de juego representa una pista de despegue. Dos paneles de control para seleccionar apuestas y cobrar ganancias se encuentran en la parte inferior de la pantalla. Antes de comenzar, espera la finalizaci\u00f3n del round actual, ya que el juego es multijugador. La esencia del juego es la siguiente:<\/p>\n<ul>\n<li>El jugador coloca una o dos cantidades para el round.<\/li>\n<li>Despu\u00e9s de que termine el tiempo de apuestas, el avi\u00f3n despega.<\/li>\n<li>Espera a que aparezca el multiplicador \u00f3ptimo.<\/li>\n<li>Det\u00e9n el round y reclama las ganancias.<\/li>\n<\/ul>\n<p>Puedes usar las funciones de autojuego y auto-retiro o colocar manualmente las apuestas y retirar el dinero. El autojuego se puede configurar para 10, 50 o 100 rounds. El modo de auto-retiro se puede configurar en ambos paneles de control simult\u00e1neamente. Luego, el juego se detendr\u00e1 de manera forzada cuando se alcance el coeficiente establecido por el jugador. Estas son opciones convenientes que te permiten ganar con m\u00e1s frecuencia en el simulador Aviator.<\/p>\n<h2>Estrategias populares del juego Aviator:<\/h2>\n<p>Hablemos de las estrategias que los jugadores eligen para jugar a Aviator en el casino Mostbet. Muchos jugadores aplican diversas t\u00e1cticas de juego para aumentar las posibilidades de ganar. En Aviator, generalmente se utilizan estrategias relacionadas con el tama\u00f1o de las apuestas y los coeficientes de pago. Las t\u00e1cticas de juego m\u00e1s efectivas incluyen:<\/p>\n<ol>\n<li>Jugar con apuestas m\u00ednimas y coeficientes bajos: la estrategia menos arriesgada que proporciona pagos estables pero peque\u00f1os. El jugador debe colocar cantidades peque\u00f1as y detener los rounds cuando aparezcan multiplicadores de hasta x3 apuestas. Aunque no ganar\u00e1s mucho dinero de esta manera, el riesgo de p\u00e9rdida es m\u00ednimo.<\/li>\n<li>Jugar con apuestas y coeficientes medios: similar a la estrategia anterior, pero el jugador debe realizar apuestas m\u00e1s grandes y retirar dinero cuando el multiplicador en la pantalla alcance valores de x4 a x10 apuestas. Los riesgos son mayores, pero tambi\u00e9n aumentan las posibilidades de ganar una gran suma de dinero.<\/li>\n<li>Jugar con apuestas altas y coeficientes m\u00e1ximos: la t\u00e1ctica m\u00e1s arriesgada y rentable. Si tienes suerte, el jugador puede ganar una cantidad bastante sustancial en Aviator. Se recomienda configurar el auto-retiro para multiplicadores de x100 en adelante.<\/li>\n<\/ol>\n<p>En el juego de crash Aviator, tambi\u00e9n se utilizan estrategias cl\u00e1sicas como el Martingale. Es importante recordar que diversas t\u00e1cticas no garantizan una victoria del cien por ciento en la tragamonedas, pero ayudan a reducir el riesgo de p\u00e9rdidas financieras y a obtener ganancias con m\u00e1s frecuencia. Al final, es mucho m\u00e1s sabio jugar seg\u00fan un sistema espec\u00edfico en lugar de simplemente presionar teclas, esperando la suerte aleatoria.<\/p>\n","protected":false},"excerpt":{"rendered":"<p>El popular juego en l\u00ednea Aviator se ha convertido en uno de los entretenimientos m\u00e1s buscados en los casinos en l\u00ednea. El juego fue lanzado por el estudio Spribe en 2019. El simulador atrajo la atenci\u00f3n de los jugadores con su implementaci\u00f3n inusual del juego, multiplicadores de apuestas altos y mec\u00e1nica \u00fanica. El objeto principal&#8230;<\/p>\n","protected":false},"author":1,"featured_media":0,"parent":0,"menu_order":0,"comment_status":"closed","ping_status":"closed","template":"","meta":{"footnotes":""},"class_list":["post-8","page","type-page","status-publish","hentry"],"yoast_head":"<!-- This site is optimized with the Yoast SEO plugin v27.2 - https:\/\/yoast.com\/product\/yoast-seo-wordpress\/ -->\n<title>\u041b\u0443\u0447\u0448\u0438\u0435 \u0441\u0442\u0440\u0430\u0442\u0435\u0433\u0438\u0438 \u0438 \u0442\u0430\u043a\u0442\u0438\u043a\u0438 \u0438\u0433\u0440\u044b \u0432 \u0410\u0432\u0438\u0430\u0442\u043e\u0440<\/title>\n<meta name=\"description\" content=\"C\u00f3mo jugar y ganar dinero real en el juego en l\u00ednea Aviator en el casino en l\u00ednea Mostbet. Las mejores estrategias y t\u00e1cticas para los jugadores de Aviator.\" \/>\n<meta name=\"robots\" content=\"index, follow, max-snippet:-1, max-image-preview:large, max-video-preview:-1\" \/>\n<link rel=\"canonical\" href=\"https:\/\/mostbet-aviator.info\/es\/index.php\/how-to-start-playing-the-aviator-crash-game\/\" \/>\n<meta property=\"og:locale\" content=\"es_ES\" \/>\n<meta property=\"og:locale:alternate\" content=\"ru_RU\" \/>\n<meta property=\"og:locale:alternate\" content=\"en_US\" \/>\n<meta property=\"og:locale:alternate\" content=\"pt_PT\" \/>\n<meta property=\"og:locale:alternate\" content=\"sr_RS\" \/>\n<meta property=\"og:locale:alternate\" content=\"bg_BG\" \/>\n<meta property=\"og:locale:alternate\" content=\"pl_PL\" \/>\n<meta property=\"og:locale:alternate\" content=\"it_IT\" \/>\n<meta property=\"og:locale:alternate\" content=\"fr_FR\" \/>\n<meta property=\"og:locale:alternate\" content=\"hu_HU\" \/>\n<meta property=\"og:locale:alternate\" content=\"tr_TR\" \/>\n<meta property=\"og:type\" content=\"article\" \/>\n<meta property=\"og:title\" content=\"\u041b\u0443\u0447\u0448\u0438\u0435 \u0441\u0442\u0440\u0430\u0442\u0435\u0433\u0438\u0438 \u0438 \u0442\u0430\u043a\u0442\u0438\u043a\u0438 \u0438\u0433\u0440\u044b \u0432 \u0410\u0432\u0438\u0430\u0442\u043e\u0440\" \/>\n<meta property=\"og:description\" content=\"\u041a\u0430\u043a \u0438\u0433\u0440\u0430\u0442\u044c \u0438 \u0432\u044b\u0438\u0433\u0440\u044b\u0432\u0430\u0442\u044c \u043d\u0430\u0441\u0442\u043e\u044f\u0449\u0438\u0435 \u0434\u0435\u043d\u044c\u0433\u0438 \u0432 \u043e\u043d\u043b\u0430\u0439\u043d \u0438\u0433\u0440\u0435 \u0432 \u0410\u0432\u0438\u0430\u0442\u043e\u0440 \u0432 \u043e\u043d\u043b\u0430\u0439\u043d \u043a\u0430\u0437\u0438\u043d\u043e \u041c\u043e\u0441\u0442\u0431\u0435\u0442. \u041b\u0443\u0447\u0448\u0438\u0435 \u0441\u0442\u0440\u0430\u0442\u0435\u0433\u0438\u0438 \u0438 \u0442\u0430\u043a\u0442\u0438\u043a\u0438 \u0434\u043b\u044f \u0438\u0433\u0440\u043e\u043a\u043e\u0432 \u0410\u0432\u0438\u0430\u0442\u043e\u0440\u0430\" \/>\n<meta property=\"og:url\" content=\"https:\/\/mostbet-aviator.info\/es\/index.php\/how-to-start-playing-the-aviator-crash-game\/\" \/>\n<meta property=\"og:site_name\" content=\"Aviator\" \/>\n<meta property=\"article:modified_time\" content=\"2024-03-11T10:50:59+00:00\" \/>\n<meta name=\"twitter:card\" content=\"summary_large_image\" \/>\n<meta name=\"twitter:label1\" content=\"Tiempo de lectura\" \/>\n\t<meta name=\"twitter:data1\" content=\"23 minutos\" \/>\n<script type=\"application\/ld+json\" class=\"yoast-schema-graph\">{\"@context\":\"https:\/\/schema.org\",\"@graph\":[{\"@type\":\"WebPage\",\"@id\":\"https:\/\/mostbet-aviator.info\/index.php\/how-to-start-playing-the-aviator-crash-game\/\",\"url\":\"https:\/\/mostbet-aviator.info\/index.php\/how-to-start-playing-the-aviator-crash-game\/\",\"name\":\"\u041b\u0443\u0447\u0448\u0438\u0435 \u0441\u0442\u0440\u0430\u0442\u0435\u0433\u0438\u0438 \u0438 \u0442\u0430\u043a\u0442\u0438\u043a\u0438 \u0438\u0433\u0440\u044b \u0432 \u0410\u0432\u0438\u0430\u0442\u043e\u0440\",\"isPartOf\":{\"@id\":\"https:\/\/mostbet-aviator.info\/#website\"},\"datePublished\":\"2024-01-05T14:07:03+00:00\",\"dateModified\":\"2024-03-11T10:50:59+00:00\",\"description\":\"\u041a\u0430\u043a \u0438\u0433\u0440\u0430\u0442\u044c \u0438 \u0432\u044b\u0438\u0433\u0440\u044b\u0432\u0430\u0442\u044c \u043d\u0430\u0441\u0442\u043e\u044f\u0449\u0438\u0435 \u0434\u0435\u043d\u044c\u0433\u0438 \u0432 \u043e\u043d\u043b\u0430\u0439\u043d \u0438\u0433\u0440\u0435 \u0432 \u0410\u0432\u0438\u0430\u0442\u043e\u0440 \u0432 \u043e\u043d\u043b\u0430\u0439\u043d \u043a\u0430\u0437\u0438\u043d\u043e \u041c\u043e\u0441\u0442\u0431\u0435\u0442. \u041b\u0443\u0447\u0448\u0438\u0435 \u0441\u0442\u0440\u0430\u0442\u0435\u0433\u0438\u0438 \u0438 \u0442\u0430\u043a\u0442\u0438\u043a\u0438 \u0434\u043b\u044f \u0438\u0433\u0440\u043e\u043a\u043e\u0432 \u0410\u0432\u0438\u0430\u0442\u043e\u0440\u0430\",\"breadcrumb\":{\"@id\":\"https:\/\/mostbet-aviator.info\/index.php\/how-to-start-playing-the-aviator-crash-game\/#breadcrumb\"},\"inLanguage\":\"es-ES\",\"potentialAction\":[{\"@type\":\"ReadAction\",\"target\":[\"https:\/\/mostbet-aviator.info\/index.php\/how-to-start-playing-the-aviator-crash-game\/\"]}]},{\"@type\":\"BreadcrumbList\",\"@id\":\"https:\/\/mostbet-aviator.info\/index.php\/how-to-start-playing-the-aviator-crash-game\/#breadcrumb\",\"itemListElement\":[{\"@type\":\"ListItem\",\"position\":1,\"name\":\"Home\",\"item\":\"https:\/\/mostbet-aviator.info\/\"},{\"@type\":\"ListItem\",\"position\":2,\"name\":\"\u041a\u0430\u043a \u043d\u0430\u0447\u0430\u0442\u044c \u0438\u0433\u0440\u0430\u0442\u044c \u0432 \u043a\u0440\u0430\u0448-\u0438\u0433\u0440\u0443 Aviator \u2013 \u0441\u043e\u0432\u0435\u0442\u044b \u0438 \u0441\u0442\u0440\u0430\u0442\u0435\u0433\u0438\u0438\"}]},{\"@type\":\"WebSite\",\"@id\":\"https:\/\/mostbet-aviator.info\/#website\",\"url\":\"https:\/\/mostbet-aviator.info\/\",\"name\":\"Aviator\",\"description\":\"\",\"publisher\":{\"@id\":\"https:\/\/mostbet-aviator.info\/#organization\"},\"potentialAction\":[{\"@type\":\"SearchAction\",\"target\":{\"@type\":\"EntryPoint\",\"urlTemplate\":\"https:\/\/mostbet-aviator.info\/?s={search_term_string}\"},\"query-input\":{\"@type\":\"PropertyValueSpecification\",\"valueRequired\":true,\"valueName\":\"search_term_string\"}}],\"inLanguage\":\"es-ES\"},{\"@type\":\"Organization\",\"@id\":\"https:\/\/mostbet-aviator.info\/#organization\",\"name\":\"Aviator\",\"url\":\"https:\/\/mostbet-aviator.info\/\",\"logo\":{\"@type\":\"ImageObject\",\"inLanguage\":\"es-ES\",\"@id\":\"https:\/\/mostbet-aviator.info\/#\/schema\/logo\/image\/\",\"url\":\"https:\/\/mostbet-aviator.info\/wp-content\/uploads\/2024\/01\/aviator-game-logo.gif\",\"contentUrl\":\"https:\/\/mostbet-aviator.info\/wp-content\/uploads\/2024\/01\/aviator-game-logo.gif\",\"width\":500,\"height\":189,\"caption\":\"Aviator\"},\"image\":{\"@id\":\"https:\/\/mostbet-aviator.info\/#\/schema\/logo\/image\/\"}}]}<\/script>\n<!-- \/ Yoast SEO plugin. -->","yoast_head_json":{"title":"\u041b\u0443\u0447\u0448\u0438\u0435 \u0441\u0442\u0440\u0430\u0442\u0435\u0433\u0438\u0438 \u0438 \u0442\u0430\u043a\u0442\u0438\u043a\u0438 \u0438\u0433\u0440\u044b \u0432 \u0410\u0432\u0438\u0430\u0442\u043e\u0440","description":"C\u00f3mo jugar y ganar dinero real en el juego en l\u00ednea Aviator en el casino en l\u00ednea Mostbet. Las mejores estrategias y t\u00e1cticas para los jugadores de Aviator.","robots":{"index":"index","follow":"follow","max-snippet":"max-snippet:-1","max-image-preview":"max-image-preview:large","max-video-preview":"max-video-preview:-1"},"canonical":"https:\/\/mostbet-aviator.info\/es\/index.php\/how-to-start-playing-the-aviator-crash-game\/","og_locale":"es_ES","og_type":"article","og_title":"\u041b\u0443\u0447\u0448\u0438\u0435 \u0441\u0442\u0440\u0430\u0442\u0435\u0433\u0438\u0438 \u0438 \u0442\u0430\u043a\u0442\u0438\u043a\u0438 \u0438\u0433\u0440\u044b \u0432 \u0410\u0432\u0438\u0430\u0442\u043e\u0440","og_description":"\u041a\u0430\u043a \u0438\u0433\u0440\u0430\u0442\u044c \u0438 \u0432\u044b\u0438\u0433\u0440\u044b\u0432\u0430\u0442\u044c \u043d\u0430\u0441\u0442\u043e\u044f\u0449\u0438\u0435 \u0434\u0435\u043d\u044c\u0433\u0438 \u0432 \u043e\u043d\u043b\u0430\u0439\u043d \u0438\u0433\u0440\u0435 \u0432 \u0410\u0432\u0438\u0430\u0442\u043e\u0440 \u0432 \u043e\u043d\u043b\u0430\u0439\u043d \u043a\u0430\u0437\u0438\u043d\u043e \u041c\u043e\u0441\u0442\u0431\u0435\u0442. \u041b\u0443\u0447\u0448\u0438\u0435 \u0441\u0442\u0440\u0430\u0442\u0435\u0433\u0438\u0438 \u0438 \u0442\u0430\u043a\u0442\u0438\u043a\u0438 \u0434\u043b\u044f \u0438\u0433\u0440\u043e\u043a\u043e\u0432 \u0410\u0432\u0438\u0430\u0442\u043e\u0440\u0430","og_url":"https:\/\/mostbet-aviator.info\/es\/index.php\/how-to-start-playing-the-aviator-crash-game\/","og_site_name":"Aviator","article_modified_time":"2024-03-11T10:50:59+00:00","twitter_card":"summary_large_image","twitter_misc":{"Tiempo de lectura":"23 minutos"},"schema":{"@context":"https:\/\/schema.org","@graph":[{"@type":"WebPage","@id":"https:\/\/mostbet-aviator.info\/index.php\/how-to-start-playing-the-aviator-crash-game\/","url":"https:\/\/mostbet-aviator.info\/index.php\/how-to-start-playing-the-aviator-crash-game\/","name":"\u041b\u0443\u0447\u0448\u0438\u0435 \u0441\u0442\u0440\u0430\u0442\u0435\u0433\u0438\u0438 \u0438 \u0442\u0430\u043a\u0442\u0438\u043a\u0438 \u0438\u0433\u0440\u044b \u0432 \u0410\u0432\u0438\u0430\u0442\u043e\u0440","isPartOf":{"@id":"https:\/\/mostbet-aviator.info\/#website"},"datePublished":"2024-01-05T14:07:03+00:00","dateModified":"2024-03-11T10:50:59+00:00","description":"\u041a\u0430\u043a \u0438\u0433\u0440\u0430\u0442\u044c \u0438 \u0432\u044b\u0438\u0433\u0440\u044b\u0432\u0430\u0442\u044c \u043d\u0430\u0441\u0442\u043e\u044f\u0449\u0438\u0435 \u0434\u0435\u043d\u044c\u0433\u0438 \u0432 \u043e\u043d\u043b\u0430\u0439\u043d \u0438\u0433\u0440\u0435 \u0432 \u0410\u0432\u0438\u0430\u0442\u043e\u0440 \u0432 \u043e\u043d\u043b\u0430\u0439\u043d \u043a\u0430\u0437\u0438\u043d\u043e \u041c\u043e\u0441\u0442\u0431\u0435\u0442. \u041b\u0443\u0447\u0448\u0438\u0435 \u0441\u0442\u0440\u0430\u0442\u0435\u0433\u0438\u0438 \u0438 \u0442\u0430\u043a\u0442\u0438\u043a\u0438 \u0434\u043b\u044f \u0438\u0433\u0440\u043e\u043a\u043e\u0432 \u0410\u0432\u0438\u0430\u0442\u043e\u0440\u0430","breadcrumb":{"@id":"https:\/\/mostbet-aviator.info\/index.php\/how-to-start-playing-the-aviator-crash-game\/#breadcrumb"},"inLanguage":"es-ES","potentialAction":[{"@type":"ReadAction","target":["https:\/\/mostbet-aviator.info\/index.php\/how-to-start-playing-the-aviator-crash-game\/"]}]},{"@type":"BreadcrumbList","@id":"https:\/\/mostbet-aviator.info\/index.php\/how-to-start-playing-the-aviator-crash-game\/#breadcrumb","itemListElement":[{"@type":"ListItem","position":1,"name":"Home","item":"https:\/\/mostbet-aviator.info\/"},{"@type":"ListItem","position":2,"name":"\u041a\u0430\u043a \u043d\u0430\u0447\u0430\u0442\u044c \u0438\u0433\u0440\u0430\u0442\u044c \u0432 \u043a\u0440\u0430\u0448-\u0438\u0433\u0440\u0443 Aviator \u2013 \u0441\u043e\u0432\u0435\u0442\u044b \u0438 \u0441\u0442\u0440\u0430\u0442\u0435\u0433\u0438\u0438"}]},{"@type":"WebSite","@id":"https:\/\/mostbet-aviator.info\/#website","url":"https:\/\/mostbet-aviator.info\/","name":"Aviator","description":"","publisher":{"@id":"https:\/\/mostbet-aviator.info\/#organization"},"potentialAction":[{"@type":"SearchAction","target":{"@type":"EntryPoint","urlTemplate":"https:\/\/mostbet-aviator.info\/?s={search_term_string}"},"query-input":{"@type":"PropertyValueSpecification","valueRequired":true,"valueName":"search_term_string"}}],"inLanguage":"es-ES"},{"@type":"Organization","@id":"https:\/\/mostbet-aviator.info\/#organization","name":"Aviator","url":"https:\/\/mostbet-aviator.info\/","logo":{"@type":"ImageObject","inLanguage":"es-ES","@id":"https:\/\/mostbet-aviator.info\/#\/schema\/logo\/image\/","url":"https:\/\/mostbet-aviator.info\/wp-content\/uploads\/2024\/01\/aviator-game-logo.gif","contentUrl":"https:\/\/mostbet-aviator.info\/wp-content\/uploads\/2024\/01\/aviator-game-logo.gif","width":500,"height":189,"caption":"Aviator"},"image":{"@id":"https:\/\/mostbet-aviator.info\/#\/schema\/logo\/image\/"}}]}},"_links":{"self":[{"href":"https:\/\/mostbet-aviator.info\/es\/index.php\/wp-json\/wp\/v2\/pages\/8","targetHints":{"allow":["GET"]}}],"collection":[{"href":"https:\/\/mostbet-aviator.info\/es\/index.php\/wp-json\/wp\/v2\/pages"}],"about":[{"href":"https:\/\/mostbet-aviator.info\/es\/index.php\/wp-json\/wp\/v2\/types\/page"}],"author":[{"embeddable":true,"href":"https:\/\/mostbet-aviator.info\/es\/index.php\/wp-json\/wp\/v2\/users\/1"}],"replies":[{"embeddable":true,"href":"https:\/\/mostbet-aviator.info\/es\/index.php\/wp-json\/wp\/v2\/comments?post=8"}],"version-history":[{"count":23,"href":"https:\/\/mostbet-aviator.info\/es\/index.php\/wp-json\/wp\/v2\/pages\/8\/revisions"}],"predecessor-version":[{"id":117,"href":"https:\/\/mostbet-aviator.info\/es\/index.php\/wp-json\/wp\/v2\/pages\/8\/revisions\/117"}],"wp:attachment":[{"href":"https:\/\/mostbet-aviator.info\/es\/index.php\/wp-json\/wp\/v2\/media?parent=8"}],"curies":[{"name":"wp","href":"https:\/\/api.w.org\/{rel}","templated":true}]}}