{"id":10,"date":"2024-01-05T14:07:54","date_gmt":"2024-01-05T14:07:54","guid":{"rendered":"https:\/\/mostbet-aviator.info\/?page_id=10"},"modified":"2024-03-11T10:48:59","modified_gmt":"2024-03-11T10:48:59","slug":"how-to-start-playing-aviator-at-mostbet-online-casino","status":"publish","type":"page","link":"https:\/\/mostbet-aviator.info\/fr\/index.php\/how-to-start-playing-aviator-at-mostbet-online-casino\/","title":{"rendered":"Comment commencer \u00e0 jouer \u00e0 Aviator au casino en ligne Mostbet"},"content":{"rendered":"<p>Le jeu de crash Aviator est disponible sur le site web du d\u00e9veloppeur, o\u00f9 vous pouvez jouer gratuitement et sur le casino en ligne Mostbet. Pour commencer le jeu avec de l&rsquo;argent r\u00e9el, vous devez vous inscrire sur le site web officiel du casino Mostbet et d\u00e9poser des fonds sur votre solde de jeu. Vous pouvez choisir n&rsquo;importe quel casino en ligne; cependant, il est conseill\u00e9 de privil\u00e9gier les casinos fiables et dignes de confiance avec une licence et une bonne r\u00e9putation. Parmi ceux-ci, le casino en ligne Mostbet est l&rsquo;un des plus connus.<\/p>\n<h2>Comment commencer \u00e0 jouer \u00e0 Aviator avec de l&rsquo;argent r\u00e9el :<\/h2>\n<ul>\n<li>Choisissez un casino avec le jeu de crash Aviator, par exemple, le casino Mostbet.<\/li>\n<li>Allez sur le site web officiel de Mostbet et inscrivez-vous.<\/li>\n<li>Entrez des informations pr\u00e9cises sur le joueur.<\/li>\n<li>Cr\u00e9ez un mot de passe pour votre compte.<\/li>\n<li>Choisissez la devise de votre solde de jeu.<\/li>\n<li>Confirmez votre \u00e2ge.<\/li>\n<li>Acceptez les r\u00e8gles et conditions du casino.<\/li>\n<li>Liez votre e-mail et votre num\u00e9ro de t\u00e9l\u00e9phone.<\/li>\n<li>Passez par la v\u00e9rification si n\u00e9cessaire.<\/li>\n<\/ul>\n<p>Apr\u00e8s vous \u00eatre inscrit au casino Mostbet, vous devez effectuer un d\u00e9p\u00f4t et, si vous le souhaitez, activer des bonus. Ensuite, rendez-vous dans le catalogue du casino et trouvez le jeu de crash Aviator. Attendez que le tour en cours se termine et rejoignez le jeu. Sur les panneaux de contr\u00f4le, s\u00e9lectionnez la taille d&rsquo;un ou deux paris. Facultativement, le joueur peut configurer les modes de lecture automatique et de retrait automatique.<\/p>\n<p>Avec le retrait automatique, le tour se termine lorsque le multiplicateur de mise choisi par le joueur appara\u00eet \u00e0 l&rsquo;\u00e9cran. Vous pouvez arr\u00eater manuellement les tours lorsque l&rsquo;avion virtuel atteint le coefficient d\u00e9sir\u00e9. La condition principale pour gagner est de ne pas manquer le moment et de retirer les gains \u00e0 temps. Sinon, le joueur perdra sa mise.<\/p>\n<p>Le jeu de crash Aviator est devenu un passe-temps favori pour des millions d&rsquo;utilisateurs de jeux de hasard. La nouveaut\u00e9 a rapidement gagn\u00e9 en popularit\u00e9 parmi les joueurs gr\u00e2ce \u00e0 son format de jeu non conventionnel, ses r\u00e8gles simples et ses perspectives de gain tr\u00e8s \u00e9lev\u00e9es. Pour augmenter les chances de gagner, vous pouvez utiliser des strat\u00e9gies de pari \u00e9prouv\u00e9es. Avant de jouer avec de l&rsquo;argent r\u00e9el, diverses m\u00e9thodes de jeu peuvent \u00eatre test\u00e9es gratuitement en mode d\u00e9mo.<\/p>\n","protected":false},"excerpt":{"rendered":"<p>Le jeu de crash Aviator est disponible sur le site web du d\u00e9veloppeur, o\u00f9 vous pouvez jouer gratuitement et sur le casino en ligne Mostbet. Pour commencer le jeu avec de l&rsquo;argent r\u00e9el, vous devez vous inscrire sur le site web officiel du casino Mostbet et d\u00e9poser des fonds sur votre solde de jeu. Vous&#8230;<\/p>\n","protected":false},"author":1,"featured_media":0,"parent":0,"menu_order":0,"comment_status":"closed","ping_status":"closed","template":"","meta":{"footnotes":""},"class_list":["post-10","page","type-page","status-publish","hentry"],"yoast_head":"<!-- This site is optimized with the Yoast SEO plugin v27.2 - https:\/\/yoast.com\/product\/yoast-seo-wordpress\/ -->\n<title>Registrazione presso il Casin\u00f2 Mostbet per giocare ad Aviator<\/title>\n<meta name=\"description\" content=\"Inscrivez-vous sur le site officiel du casino Mostbet et jouez \u00e0 Aviator. Inscription, connexion, d\u00e9p\u00f4t et retrait des gains au casino en ligne Mostbet.\" \/>\n<meta name=\"robots\" content=\"index, follow, max-snippet:-1, max-image-preview:large, max-video-preview:-1\" \/>\n<link rel=\"canonical\" href=\"https:\/\/mostbet-aviator.info\/fr\/index.php\/how-to-start-playing-aviator-at-mostbet-online-casino\/\" \/>\n<meta property=\"og:locale\" content=\"fr_FR\" \/>\n<meta property=\"og:locale:alternate\" content=\"ru_RU\" \/>\n<meta property=\"og:locale:alternate\" content=\"en_US\" \/>\n<meta property=\"og:locale:alternate\" content=\"pt_PT\" \/>\n<meta property=\"og:locale:alternate\" content=\"es_ES\" \/>\n<meta property=\"og:locale:alternate\" content=\"sr_RS\" \/>\n<meta property=\"og:locale:alternate\" content=\"bg_BG\" \/>\n<meta property=\"og:locale:alternate\" content=\"pl_PL\" \/>\n<meta property=\"og:locale:alternate\" content=\"it_IT\" \/>\n<meta property=\"og:locale:alternate\" content=\"hu_HU\" \/>\n<meta property=\"og:locale:alternate\" content=\"tr_TR\" \/>\n<meta property=\"og:type\" content=\"article\" \/>\n<meta property=\"og:title\" content=\"Registrazione presso il Casin\u00f2 Mostbet per giocare ad Aviator\" \/>\n<meta property=\"og:description\" content=\"Registrati sul sito ufficiale del casin\u00f2 Mostbet e gioca ad Aviator. Registrazione, accesso, deposito e prelievo delle vincite presso il casin\u00f2 online Mostbet.\" \/>\n<meta property=\"og:url\" content=\"https:\/\/mostbet-aviator.info\/fr\/index.php\/how-to-start-playing-aviator-at-mostbet-online-casino\/\" \/>\n<meta property=\"og:site_name\" content=\"Aviator\" \/>\n<meta property=\"article:modified_time\" content=\"2024-03-11T10:48:59+00:00\" \/>\n<meta name=\"twitter:card\" content=\"summary_large_image\" \/>\n<meta name=\"twitter:label1\" content=\"Dur\u00e9e de lecture estim\u00e9e\" \/>\n\t<meta name=\"twitter:data1\" content=\"15 minutes\" \/>\n<script type=\"application\/ld+json\" class=\"yoast-schema-graph\">{\"@context\":\"https:\/\/schema.org\",\"@graph\":[{\"@type\":\"WebPage\",\"@id\":\"https:\/\/mostbet-aviator.info\/it\/index.php\/how-to-start-playing-aviator-at-mostbet-online-casino\/\",\"url\":\"https:\/\/mostbet-aviator.info\/it\/index.php\/how-to-start-playing-aviator-at-mostbet-online-casino\/\",\"name\":\"Registrazione presso il Casin\u00f2 Mostbet per giocare ad Aviator\",\"isPartOf\":{\"@id\":\"https:\/\/mostbet-aviator.info\/#website\"},\"datePublished\":\"2024-01-05T14:07:54+00:00\",\"dateModified\":\"2024-03-11T10:48:59+00:00\",\"description\":\"Registrati sul sito ufficiale del casin\u00f2 Mostbet e gioca ad Aviator. Registrazione, accesso, deposito e prelievo delle vincite presso il casin\u00f2 online Mostbet.\",\"breadcrumb\":{\"@id\":\"https:\/\/mostbet-aviator.info\/it\/index.php\/how-to-start-playing-aviator-at-mostbet-online-casino\/#breadcrumb\"},\"inLanguage\":\"fr-FR\",\"potentialAction\":[{\"@type\":\"ReadAction\",\"target\":[\"https:\/\/mostbet-aviator.info\/it\/index.php\/how-to-start-playing-aviator-at-mostbet-online-casino\/\"]}]},{\"@type\":\"BreadcrumbList\",\"@id\":\"https:\/\/mostbet-aviator.info\/it\/index.php\/how-to-start-playing-aviator-at-mostbet-online-casino\/#breadcrumb\",\"itemListElement\":[{\"@type\":\"ListItem\",\"position\":1,\"name\":\"Home\",\"item\":\"https:\/\/mostbet-aviator.info\/\"},{\"@type\":\"ListItem\",\"position\":2,\"name\":\"Come iniziare a giocare ad Aviator presso il casin\u00f2 online Mostbet\"}]},{\"@type\":\"WebSite\",\"@id\":\"https:\/\/mostbet-aviator.info\/#website\",\"url\":\"https:\/\/mostbet-aviator.info\/\",\"name\":\"Aviator\",\"description\":\"\",\"publisher\":{\"@id\":\"https:\/\/mostbet-aviator.info\/#organization\"},\"potentialAction\":[{\"@type\":\"SearchAction\",\"target\":{\"@type\":\"EntryPoint\",\"urlTemplate\":\"https:\/\/mostbet-aviator.info\/?s={search_term_string}\"},\"query-input\":{\"@type\":\"PropertyValueSpecification\",\"valueRequired\":true,\"valueName\":\"search_term_string\"}}],\"inLanguage\":\"fr-FR\"},{\"@type\":\"Organization\",\"@id\":\"https:\/\/mostbet-aviator.info\/#organization\",\"name\":\"Aviator\",\"url\":\"https:\/\/mostbet-aviator.info\/\",\"logo\":{\"@type\":\"ImageObject\",\"inLanguage\":\"fr-FR\",\"@id\":\"https:\/\/mostbet-aviator.info\/#\/schema\/logo\/image\/\",\"url\":\"https:\/\/mostbet-aviator.info\/wp-content\/uploads\/2024\/01\/aviator-game-logo.gif\",\"contentUrl\":\"https:\/\/mostbet-aviator.info\/wp-content\/uploads\/2024\/01\/aviator-game-logo.gif\",\"width\":500,\"height\":189,\"caption\":\"Aviator\"},\"image\":{\"@id\":\"https:\/\/mostbet-aviator.info\/#\/schema\/logo\/image\/\"}}]}<\/script>\n<!-- \/ Yoast SEO plugin. -->","yoast_head_json":{"title":"Registrazione presso il Casin\u00f2 Mostbet per giocare ad Aviator","description":"Inscrivez-vous sur le site officiel du casino Mostbet et jouez \u00e0 Aviator. Inscription, connexion, d\u00e9p\u00f4t et retrait des gains au casino en ligne Mostbet.","robots":{"index":"index","follow":"follow","max-snippet":"max-snippet:-1","max-image-preview":"max-image-preview:large","max-video-preview":"max-video-preview:-1"},"canonical":"https:\/\/mostbet-aviator.info\/fr\/index.php\/how-to-start-playing-aviator-at-mostbet-online-casino\/","og_locale":"fr_FR","og_type":"article","og_title":"Registrazione presso il Casin\u00f2 Mostbet per giocare ad Aviator","og_description":"Registrati sul sito ufficiale del casin\u00f2 Mostbet e gioca ad Aviator. Registrazione, accesso, deposito e prelievo delle vincite presso il casin\u00f2 online Mostbet.","og_url":"https:\/\/mostbet-aviator.info\/fr\/index.php\/how-to-start-playing-aviator-at-mostbet-online-casino\/","og_site_name":"Aviator","article_modified_time":"2024-03-11T10:48:59+00:00","twitter_card":"summary_large_image","twitter_misc":{"Dur\u00e9e de lecture estim\u00e9e":"15 minutes"},"schema":{"@context":"https:\/\/schema.org","@graph":[{"@type":"WebPage","@id":"https:\/\/mostbet-aviator.info\/it\/index.php\/how-to-start-playing-aviator-at-mostbet-online-casino\/","url":"https:\/\/mostbet-aviator.info\/it\/index.php\/how-to-start-playing-aviator-at-mostbet-online-casino\/","name":"Registrazione presso il Casin\u00f2 Mostbet per giocare ad Aviator","isPartOf":{"@id":"https:\/\/mostbet-aviator.info\/#website"},"datePublished":"2024-01-05T14:07:54+00:00","dateModified":"2024-03-11T10:48:59+00:00","description":"Registrati sul sito ufficiale del casin\u00f2 Mostbet e gioca ad Aviator. Registrazione, accesso, deposito e prelievo delle vincite presso il casin\u00f2 online Mostbet.","breadcrumb":{"@id":"https:\/\/mostbet-aviator.info\/it\/index.php\/how-to-start-playing-aviator-at-mostbet-online-casino\/#breadcrumb"},"inLanguage":"fr-FR","potentialAction":[{"@type":"ReadAction","target":["https:\/\/mostbet-aviator.info\/it\/index.php\/how-to-start-playing-aviator-at-mostbet-online-casino\/"]}]},{"@type":"BreadcrumbList","@id":"https:\/\/mostbet-aviator.info\/it\/index.php\/how-to-start-playing-aviator-at-mostbet-online-casino\/#breadcrumb","itemListElement":[{"@type":"ListItem","position":1,"name":"Home","item":"https:\/\/mostbet-aviator.info\/"},{"@type":"ListItem","position":2,"name":"Come iniziare a giocare ad Aviator presso il casin\u00f2 online Mostbet"}]},{"@type":"WebSite","@id":"https:\/\/mostbet-aviator.info\/#website","url":"https:\/\/mostbet-aviator.info\/","name":"Aviator","description":"","publisher":{"@id":"https:\/\/mostbet-aviator.info\/#organization"},"potentialAction":[{"@type":"SearchAction","target":{"@type":"EntryPoint","urlTemplate":"https:\/\/mostbet-aviator.info\/?s={search_term_string}"},"query-input":{"@type":"PropertyValueSpecification","valueRequired":true,"valueName":"search_term_string"}}],"inLanguage":"fr-FR"},{"@type":"Organization","@id":"https:\/\/mostbet-aviator.info\/#organization","name":"Aviator","url":"https:\/\/mostbet-aviator.info\/","logo":{"@type":"ImageObject","inLanguage":"fr-FR","@id":"https:\/\/mostbet-aviator.info\/#\/schema\/logo\/image\/","url":"https:\/\/mostbet-aviator.info\/wp-content\/uploads\/2024\/01\/aviator-game-logo.gif","contentUrl":"https:\/\/mostbet-aviator.info\/wp-content\/uploads\/2024\/01\/aviator-game-logo.gif","width":500,"height":189,"caption":"Aviator"},"image":{"@id":"https:\/\/mostbet-aviator.info\/#\/schema\/logo\/image\/"}}]}},"_links":{"self":[{"href":"https:\/\/mostbet-aviator.info\/fr\/index.php\/wp-json\/wp\/v2\/pages\/10","targetHints":{"allow":["GET"]}}],"collection":[{"href":"https:\/\/mostbet-aviator.info\/fr\/index.php\/wp-json\/wp\/v2\/pages"}],"about":[{"href":"https:\/\/mostbet-aviator.info\/fr\/index.php\/wp-json\/wp\/v2\/types\/page"}],"author":[{"embeddable":true,"href":"https:\/\/mostbet-aviator.info\/fr\/index.php\/wp-json\/wp\/v2\/users\/1"}],"replies":[{"embeddable":true,"href":"https:\/\/mostbet-aviator.info\/fr\/index.php\/wp-json\/wp\/v2\/comments?post=10"}],"version-history":[{"count":24,"href":"https:\/\/mostbet-aviator.info\/fr\/index.php\/wp-json\/wp\/v2\/pages\/10\/revisions"}],"predecessor-version":[{"id":116,"href":"https:\/\/mostbet-aviator.info\/fr\/index.php\/wp-json\/wp\/v2\/pages\/10\/revisions\/116"}],"wp:attachment":[{"href":"https:\/\/mostbet-aviator.info\/fr\/index.php\/wp-json\/wp\/v2\/media?parent=10"}],"curies":[{"name":"wp","href":"https:\/\/api.w.org\/{rel}","templated":true}]}}