{"id":12,"date":"2024-01-05T14:09:44","date_gmt":"2024-01-05T14:09:44","guid":{"rendered":"https:\/\/mostbet-aviator.info\/?page_id=12"},"modified":"2024-03-11T10:55:01","modified_gmt":"2024-03-11T10:55:01","slug":"advantages-and-disadvantages-of-aviator-crash-game","status":"publish","type":"page","link":"https:\/\/mostbet-aviator.info\/fr\/index.php\/advantages-and-disadvantages-of-aviator-crash-game\/","title":{"rendered":"Avantages et Inconv\u00e9nients du Jeu de Crash Aviator"},"content":{"rendered":"<p>Parmi les visiteurs joueurs du casino Mostbet, le jeu Aviator b\u00e9n\u00e9ficie d&rsquo;une demande constante et fait partie de la cat\u00e9gorie des jeux en ligne tr\u00e8s populaires. Aviator est con\u00e7u dans un design attrayant et dynamique. Tous les boutons de contr\u00f4le n\u00e9cessaires sont judicieusement plac\u00e9s en bas de l&rsquo;\u00e9cran de jeu. Le jeu de crash pr\u00e9sente de nombreux avantages :<\/p>\n<ul>\n<li>La possibilit\u00e9 de choisir entre deux paris par tour ;<\/li>\n<li>Un RTP \u00e9lev\u00e9 et des multiplicateurs \u00e9lev\u00e9s ;<\/li>\n<li>Un format de gameplay unique ;<\/li>\n<li>Un design magnifique de style dessin anim\u00e9 ;<\/li>\n<li>La disponibilit\u00e9 d&rsquo;une version gratuite du simulateur ;<\/li>\n<li>Une communication avec d&rsquo;autres joueurs dans un chat en direct ;<\/li>\n<li>Un historique des paris et des r\u00e9alisations r\u00e9centes ;<\/li>\n<li>Une d\u00e9pendance des gains \u00e0 la RNG et aux d\u00e9cisions du joueur ;<\/li>\n<li>Le support de diff\u00e9rentes devises et appareils ;<\/li>\n<li>Une croissance illimit\u00e9e des coefficients de paris.<\/li>\n<\/ul>\n<p>Gr\u00e2ce \u00e0 la large gamme de paris, le jeu Aviator convient aux joueurs avec diff\u00e9rentes capacit\u00e9s financi\u00e8res. Le jeu en ligne fonctionne parfaitement aussi bien sur les appareils de bureau que sur les gadgets mobiles. Pour lancer la machine \u00e0 sous pour de l&rsquo;argent r\u00e9el, il suffit de s&rsquo;inscrire au casino en ligne et de cr\u00e9diter le solde du compte de jeu.<\/p>\n<p>En ce qui concerne les inconv\u00e9nients d&rsquo;Aviator, il convient de noter que, comme tout jeu de hasard, Aviator peut cr\u00e9er une d\u00e9pendance et les joueurs peuvent avoir du mal \u00e0 arr\u00eater le jeu. Nous vous conseillons de choisir un montant que vous \u00eates pr\u00eat \u00e0 d\u00e9penser pour le jeu, et si vous avez d\u00e9pens\u00e9 tout le montant, ne continuez jamais \u00e0 jouer.<\/p>\n<h2>Caract\u00e9ristiques de l&rsquo;inscription et du d\u00e9p\u00f4t dans Aviator :<\/h2>\n<p>Le jeu de crash Aviator est disponible \u00e0 la fois en modes payant et gratuit dans de nombreux casinos en ligne. Dans le catalogue, le jeu est g\u00e9n\u00e9ralement trouv\u00e9 dans la cat\u00e9gorie des jeux de crash. Pour placer des paris avec une monnaie r\u00e9elle, vous devez cr\u00e9er un compte. Voici comment s&rsquo;inscrire au casino :<\/p>\n<ul>\n<li>Choisissez un casino avec le jeu Aviator ;<\/li>\n<li>Allez sur le site officiel, par exemple, le casino Mostbet ;<\/li>\n<li>Trouvez et cliquez sur le bouton \u00ab\u00a0Inscription\u00a0\u00bb ;<\/li>\n<li>Remplissez correctement le formulaire fourni ;<\/li>\n<li>V\u00e9rifiez le compte et activez les bonus ;<\/li>\n<li>D\u00e9posez des fonds en utilisant une m\u00e9thode pratique ;<\/li>\n<li>Trouvez le jeu de crash Aviator dans le catalogue ;<\/li>\n<li>Attendez la fin du tour en cours ;<\/li>\n<li>Placez des paris et d\u00e9marrez le simulateur.<\/li>\n<\/ul>\n<p>Pour effectuer un d\u00e9p\u00f4t dans un casino en ligne, des m\u00e9thodes de paiement fiables, pratiques et s\u00e9curis\u00e9es sont fournies &#8211; cartes bancaires, banque en ligne, portefeuilles \u00e9lectroniques et portefeuilles de cryptomonnaie, etc. Le paiement est effectu\u00e9 dans le compte personnel via le menu \u00ab\u00a0Caisse\u00a0\u00bb. Les fonds sont cr\u00e9dit\u00e9s instantan\u00e9ment sur le compte du joueur, apr\u00e8s quoi vous pouvez profiter du jeu passionnant Aviator pour de l&rsquo;argent r\u00e9el et recevoir des gains substantiels.<\/p>\n","protected":false},"excerpt":{"rendered":"<p>Parmi les visiteurs joueurs du casino Mostbet, le jeu Aviator b\u00e9n\u00e9ficie d&rsquo;une demande constante et fait partie de la cat\u00e9gorie des jeux en ligne tr\u00e8s populaires. Aviator est con\u00e7u dans un design attrayant et dynamique. Tous les boutons de contr\u00f4le n\u00e9cessaires sont judicieusement plac\u00e9s en bas de l&rsquo;\u00e9cran de jeu. Le jeu de crash pr\u00e9sente&#8230;<\/p>\n","protected":false},"author":1,"featured_media":0,"parent":0,"menu_order":0,"comment_status":"closed","ping_status":"closed","template":"","meta":{"footnotes":""},"class_list":["post-12","page","type-page","status-publish","hentry"],"yoast_head":"<!-- This site is optimized with the Yoast SEO plugin v27.2 - https:\/\/yoast.com\/product\/yoast-seo-wordpress\/ -->\n<title>Advantages and Disadvantages of the Aviator Game<\/title>\n<meta name=\"description\" content=\"Comme tout jeu de crash dans un casino en ligne, le jeu Aviator a \u00e9galement ses avantages et ses inconv\u00e9nients. Parlons-en.\" \/>\n<meta name=\"robots\" content=\"index, follow, max-snippet:-1, max-image-preview:large, max-video-preview:-1\" \/>\n<link rel=\"canonical\" href=\"https:\/\/mostbet-aviator.info\/fr\/index.php\/advantages-and-disadvantages-of-aviator-crash-game\/\" \/>\n<meta property=\"og:locale\" content=\"fr_FR\" \/>\n<meta property=\"og:locale:alternate\" content=\"ru_RU\" \/>\n<meta property=\"og:locale:alternate\" content=\"en_US\" \/>\n<meta property=\"og:locale:alternate\" content=\"pt_PT\" \/>\n<meta property=\"og:locale:alternate\" content=\"es_ES\" \/>\n<meta property=\"og:locale:alternate\" content=\"sr_RS\" \/>\n<meta property=\"og:locale:alternate\" content=\"bg_BG\" \/>\n<meta property=\"og:locale:alternate\" content=\"pl_PL\" \/>\n<meta property=\"og:locale:alternate\" content=\"it_IT\" \/>\n<meta property=\"og:locale:alternate\" content=\"hu_HU\" \/>\n<meta property=\"og:locale:alternate\" content=\"tr_TR\" \/>\n<meta property=\"og:type\" content=\"article\" \/>\n<meta property=\"og:title\" content=\"Advantages and Disadvantages of the Aviator Game\" \/>\n<meta property=\"og:description\" content=\"Like any crash game in an online casino, the Aviator game also has its advantages and disadvantages. Let&#039;s talk about them.\" \/>\n<meta property=\"og:url\" content=\"https:\/\/mostbet-aviator.info\/fr\/index.php\/advantages-and-disadvantages-of-aviator-crash-game\/\" \/>\n<meta property=\"og:site_name\" content=\"Aviator\" \/>\n<meta property=\"article:modified_time\" content=\"2024-03-11T10:55:01+00:00\" \/>\n<meta name=\"twitter:card\" content=\"summary_large_image\" \/>\n<meta name=\"twitter:label1\" content=\"Dur\u00e9e de lecture estim\u00e9e\" \/>\n\t<meta name=\"twitter:data1\" content=\"18 minutes\" \/>\n<script type=\"application\/ld+json\" class=\"yoast-schema-graph\">{\"@context\":\"https:\/\/schema.org\",\"@graph\":[{\"@type\":\"WebPage\",\"@id\":\"https:\/\/mostbet-aviator.info\/en\/index.php\/advantages-and-disadvantages-of-aviator-crash-game\/\",\"url\":\"https:\/\/mostbet-aviator.info\/en\/index.php\/advantages-and-disadvantages-of-aviator-crash-game\/\",\"name\":\"Advantages and Disadvantages of the Aviator Game\",\"isPartOf\":{\"@id\":\"https:\/\/mostbet-aviator.info\/#website\"},\"datePublished\":\"2024-01-05T14:09:44+00:00\",\"dateModified\":\"2024-03-11T10:55:01+00:00\",\"description\":\"Like any crash game in an online casino, the Aviator game also has its advantages and disadvantages. Let's talk about them.\",\"breadcrumb\":{\"@id\":\"https:\/\/mostbet-aviator.info\/en\/index.php\/advantages-and-disadvantages-of-aviator-crash-game\/#breadcrumb\"},\"inLanguage\":\"fr-FR\",\"potentialAction\":[{\"@type\":\"ReadAction\",\"target\":[\"https:\/\/mostbet-aviator.info\/en\/index.php\/advantages-and-disadvantages-of-aviator-crash-game\/\"]}]},{\"@type\":\"BreadcrumbList\",\"@id\":\"https:\/\/mostbet-aviator.info\/en\/index.php\/advantages-and-disadvantages-of-aviator-crash-game\/#breadcrumb\",\"itemListElement\":[{\"@type\":\"ListItem\",\"position\":1,\"name\":\"Home\",\"item\":\"https:\/\/mostbet-aviator.info\/\"},{\"@type\":\"ListItem\",\"position\":2,\"name\":\"Advantages and Disadvantages of Aviator Crash Game\"}]},{\"@type\":\"WebSite\",\"@id\":\"https:\/\/mostbet-aviator.info\/#website\",\"url\":\"https:\/\/mostbet-aviator.info\/\",\"name\":\"Aviator\",\"description\":\"\",\"publisher\":{\"@id\":\"https:\/\/mostbet-aviator.info\/#organization\"},\"potentialAction\":[{\"@type\":\"SearchAction\",\"target\":{\"@type\":\"EntryPoint\",\"urlTemplate\":\"https:\/\/mostbet-aviator.info\/?s={search_term_string}\"},\"query-input\":{\"@type\":\"PropertyValueSpecification\",\"valueRequired\":true,\"valueName\":\"search_term_string\"}}],\"inLanguage\":\"fr-FR\"},{\"@type\":\"Organization\",\"@id\":\"https:\/\/mostbet-aviator.info\/#organization\",\"name\":\"Aviator\",\"url\":\"https:\/\/mostbet-aviator.info\/\",\"logo\":{\"@type\":\"ImageObject\",\"inLanguage\":\"fr-FR\",\"@id\":\"https:\/\/mostbet-aviator.info\/#\/schema\/logo\/image\/\",\"url\":\"https:\/\/mostbet-aviator.info\/wp-content\/uploads\/2024\/01\/aviator-game-logo.gif\",\"contentUrl\":\"https:\/\/mostbet-aviator.info\/wp-content\/uploads\/2024\/01\/aviator-game-logo.gif\",\"width\":500,\"height\":189,\"caption\":\"Aviator\"},\"image\":{\"@id\":\"https:\/\/mostbet-aviator.info\/#\/schema\/logo\/image\/\"}}]}<\/script>\n<!-- \/ Yoast SEO plugin. -->","yoast_head_json":{"title":"Advantages and Disadvantages of the Aviator Game","description":"Comme tout jeu de crash dans un casino en ligne, le jeu Aviator a \u00e9galement ses avantages et ses inconv\u00e9nients. Parlons-en.","robots":{"index":"index","follow":"follow","max-snippet":"max-snippet:-1","max-image-preview":"max-image-preview:large","max-video-preview":"max-video-preview:-1"},"canonical":"https:\/\/mostbet-aviator.info\/fr\/index.php\/advantages-and-disadvantages-of-aviator-crash-game\/","og_locale":"fr_FR","og_type":"article","og_title":"Advantages and Disadvantages of the Aviator Game","og_description":"Like any crash game in an online casino, the Aviator game also has its advantages and disadvantages. Let's talk about them.","og_url":"https:\/\/mostbet-aviator.info\/fr\/index.php\/advantages-and-disadvantages-of-aviator-crash-game\/","og_site_name":"Aviator","article_modified_time":"2024-03-11T10:55:01+00:00","twitter_card":"summary_large_image","twitter_misc":{"Dur\u00e9e de lecture estim\u00e9e":"18 minutes"},"schema":{"@context":"https:\/\/schema.org","@graph":[{"@type":"WebPage","@id":"https:\/\/mostbet-aviator.info\/en\/index.php\/advantages-and-disadvantages-of-aviator-crash-game\/","url":"https:\/\/mostbet-aviator.info\/en\/index.php\/advantages-and-disadvantages-of-aviator-crash-game\/","name":"Advantages and Disadvantages of the Aviator Game","isPartOf":{"@id":"https:\/\/mostbet-aviator.info\/#website"},"datePublished":"2024-01-05T14:09:44+00:00","dateModified":"2024-03-11T10:55:01+00:00","description":"Like any crash game in an online casino, the Aviator game also has its advantages and disadvantages. Let's talk about them.","breadcrumb":{"@id":"https:\/\/mostbet-aviator.info\/en\/index.php\/advantages-and-disadvantages-of-aviator-crash-game\/#breadcrumb"},"inLanguage":"fr-FR","potentialAction":[{"@type":"ReadAction","target":["https:\/\/mostbet-aviator.info\/en\/index.php\/advantages-and-disadvantages-of-aviator-crash-game\/"]}]},{"@type":"BreadcrumbList","@id":"https:\/\/mostbet-aviator.info\/en\/index.php\/advantages-and-disadvantages-of-aviator-crash-game\/#breadcrumb","itemListElement":[{"@type":"ListItem","position":1,"name":"Home","item":"https:\/\/mostbet-aviator.info\/"},{"@type":"ListItem","position":2,"name":"Advantages and Disadvantages of Aviator Crash Game"}]},{"@type":"WebSite","@id":"https:\/\/mostbet-aviator.info\/#website","url":"https:\/\/mostbet-aviator.info\/","name":"Aviator","description":"","publisher":{"@id":"https:\/\/mostbet-aviator.info\/#organization"},"potentialAction":[{"@type":"SearchAction","target":{"@type":"EntryPoint","urlTemplate":"https:\/\/mostbet-aviator.info\/?s={search_term_string}"},"query-input":{"@type":"PropertyValueSpecification","valueRequired":true,"valueName":"search_term_string"}}],"inLanguage":"fr-FR"},{"@type":"Organization","@id":"https:\/\/mostbet-aviator.info\/#organization","name":"Aviator","url":"https:\/\/mostbet-aviator.info\/","logo":{"@type":"ImageObject","inLanguage":"fr-FR","@id":"https:\/\/mostbet-aviator.info\/#\/schema\/logo\/image\/","url":"https:\/\/mostbet-aviator.info\/wp-content\/uploads\/2024\/01\/aviator-game-logo.gif","contentUrl":"https:\/\/mostbet-aviator.info\/wp-content\/uploads\/2024\/01\/aviator-game-logo.gif","width":500,"height":189,"caption":"Aviator"},"image":{"@id":"https:\/\/mostbet-aviator.info\/#\/schema\/logo\/image\/"}}]}},"_links":{"self":[{"href":"https:\/\/mostbet-aviator.info\/fr\/index.php\/wp-json\/wp\/v2\/pages\/12","targetHints":{"allow":["GET"]}}],"collection":[{"href":"https:\/\/mostbet-aviator.info\/fr\/index.php\/wp-json\/wp\/v2\/pages"}],"about":[{"href":"https:\/\/mostbet-aviator.info\/fr\/index.php\/wp-json\/wp\/v2\/types\/page"}],"author":[{"embeddable":true,"href":"https:\/\/mostbet-aviator.info\/fr\/index.php\/wp-json\/wp\/v2\/users\/1"}],"replies":[{"embeddable":true,"href":"https:\/\/mostbet-aviator.info\/fr\/index.php\/wp-json\/wp\/v2\/comments?post=12"}],"version-history":[{"count":23,"href":"https:\/\/mostbet-aviator.info\/fr\/index.php\/wp-json\/wp\/v2\/pages\/12\/revisions"}],"predecessor-version":[{"id":119,"href":"https:\/\/mostbet-aviator.info\/fr\/index.php\/wp-json\/wp\/v2\/pages\/12\/revisions\/119"}],"wp:attachment":[{"href":"https:\/\/mostbet-aviator.info\/fr\/index.php\/wp-json\/wp\/v2\/media?parent=12"}],"curies":[{"name":"wp","href":"https:\/\/api.w.org\/{rel}","templated":true}]}}