{"id":6,"date":"2024-01-05T14:06:14","date_gmt":"2024-01-05T14:06:14","guid":{"rendered":"https:\/\/mostbet-aviator.info\/?page_id=6"},"modified":"2024-03-11T10:52:54","modified_gmt":"2024-03-11T10:52:54","slug":"aviator","status":"publish","type":"page","link":"https:\/\/mostbet-aviator.info\/fr\/","title":{"rendered":"Jeu de crash Aviator"},"content":{"rendered":"<p>En 2019, la soci\u00e9t\u00e9 Spribe a lanc\u00e9 un nouveau jeu unique appel\u00e9 Aviator. Le simulateur de crash est devenu un succ\u00e8s dans les casinos en ligne et a rapidement connu le succ\u00e8s aupr\u00e8s des joueurs. Aviator combine parfaitement les caract\u00e9ristiques d&rsquo;un jeu d&rsquo;arcade et d&rsquo;une machine \u00e0 sous vid\u00e9o. Le simulateur appartient \u00e0 la cat\u00e9gorie des jeux rapides jou\u00e9s en mode multijoueur. Dans le jeu en ligne Aviator, il n&rsquo;y a pas de bobines de rotation standard, de symboles ou de lignes de paiement. Apr\u00e8s avoir lanc\u00e9 le mod\u00e8le de crash, une piste de d\u00e9collage avec un avion virtuel appara\u00eet devant le joueur. La t\u00e2che du joueur est d&rsquo;envoyer l&rsquo;avion en vol, d&rsquo;attendre un multiplicateur \u00e9lev\u00e9, d&rsquo;arr\u00eater le jeu et d&rsquo;encaisser les gains. Jouer \u00e0 Aviator au casino Mostbet peut entra\u00eener des gains significatifs.<\/p>\n<h2>Param\u00e8tres cl\u00e9s et caract\u00e9ristiques du jeu Aviator :<\/h2>\n<ul>\n<li>Taux de retour th\u00e9orique &#8211; 97 % ;<\/li>\n<li>Niveau de volatilit\u00e9 moyen-bas ;<\/li>\n<li>Formation al\u00e9atoire de multiplicateurs ;<\/li>\n<li>Pr\u00e9sence de deux panneaux de contr\u00f4le pour le jeu ;<\/li>\n<li>Possibilit\u00e9 de placer deux paris simultan\u00e9ment ;<\/li>\n<li>Consultation de l&rsquo;historique des tours et des statistiques ;<\/li>\n<li>Chat en direct pour communiquer avec d&rsquo;autres joueurs ;<\/li>\n<li>Prise en charge des versions mobiles et gratuites ;<\/li>\n<li>Technologie de garantie de l&rsquo;\u00e9quit\u00e9.<\/li>\n<\/ul>\n<p>Dans Aviator, vous pouvez jouer pour de l&rsquo;argent r\u00e9el ou des jetons virtuels, ce qui signifie que vous pouvez jouer gratuitement. Le jeu en ligne Aviator fonctionne parfaitement sur les ordinateurs de bureau et les appareils mobiles. Pour commencer \u00e0 jouer, vous devez vous inscrire au casino en ligne Mostbet, d\u00e9poser des fonds et rejoindre un nouveau tour. Comme le jeu est multijoueur, les joueurs peuvent consulter les statistiques des gains des autres joueurs, les coefficients gagnants des tours et les montants gagn\u00e9s. Cela aide consid\u00e9rablement et cr\u00e9e pratiquement une communaut\u00e9 de joueurs qui sont charg\u00e9s pour la victoire et gagnent de l&rsquo;argent r\u00e9el au casino Mostbet.<\/p>\n<h2>Caract\u00e9ristiques uniques du jeu de crash Aviator :<\/h2>\n<p>Les machines \u00e0 sous vid\u00e9o conventionnelles sont devenues famili\u00e8res \u00e0 de nombreux joueurs. Les joueurs recherchent de nouveaux divertissements dans les casinos. Le simulateur de crash Aviator est un mod\u00e8le de jeu unique avec une mise en \u0153uvre non standard du processus de mise et de gain. Le jeu utilise \u00e9galement un g\u00e9n\u00e9rateur de nombres al\u00e9atoires, gr\u00e2ce auquel les multiplicateurs \u00e0 l&rsquo;\u00e9cran apparaissent de mani\u00e8re al\u00e9atoire. Cependant, l&rsquo;utilisateur peut influencer le r\u00e9sultat du jeu en choisissant quand arr\u00eater l&rsquo;avion et r\u00e9clamer les gains. Caract\u00e9ristiques et avantages int\u00e9ressants du jeu de crash Aviator :<\/p>\n<ul>\n<li>R\u00e8gles et interface extr\u00eamement simples ;<\/li>\n<li>Croissance impr\u00e9vue des coefficients \u00e0 partir de x1 ;<\/li>\n<li>Algorithme cryptographique Provably Fair ;<\/li>\n<li>Rounds dynamiques &#8211; en moyenne, 30 \u00e0 40 secondes chacun ;<\/li>\n<li>Disponibilit\u00e9 des options de jeu automatique et de d\u00e9monstration ;<\/li>\n<li>Param\u00e8tres personnalisables pour le retrait automatique de l&rsquo;argent ;<\/li>\n<li>Prise en charge de l&rsquo;Aviator sur tous les types d&rsquo;appareils ;<\/li>\n<li>Possibilit\u00e9 de placer des paris dans diff\u00e9rentes devises.<\/li>\n<\/ul>\n<p>Les visiteurs des casinos en ligne sont attir\u00e9s par le format inhabituel du simulateur de crash. Pour devenir un gagnant et obtenir un gros gain, il suffit d&rsquo;attendre l&rsquo;apparition d&rsquo;un gros coefficient et de terminer le tour. Certains joueurs pr\u00e9f\u00e8rent ne pas prendre de risques et jouer avec de petits paris et multiplicateurs.<\/p>\n","protected":false},"excerpt":{"rendered":"<p>En 2019, la soci\u00e9t\u00e9 Spribe a lanc\u00e9 un nouveau jeu unique appel\u00e9 Aviator. Le simulateur de crash est devenu un succ\u00e8s dans les casinos en ligne et a rapidement connu le succ\u00e8s aupr\u00e8s des joueurs. Aviator combine parfaitement les caract\u00e9ristiques d&rsquo;un jeu d&rsquo;arcade et d&rsquo;une machine \u00e0 sous vid\u00e9o. Le simulateur appartient \u00e0 la cat\u00e9gorie&#8230;<\/p>\n","protected":false},"author":1,"featured_media":0,"parent":0,"menu_order":0,"comment_status":"closed","ping_status":"closed","template":"","meta":{"footnotes":""},"class_list":["post-6","page","type-page","status-publish","hentry"],"yoast_head":"<!-- This site is optimized with the Yoast SEO plugin v27.2 - https:\/\/yoast.com\/product\/yoast-seo-wordpress\/ -->\n<title>\u0418\u0433\u0440\u0430\u0442\u044c \u0432 \u0410\u0432\u0438\u0430\u0442\u043e\u0440 \u0432 \u043e\u043d\u043b\u0430\u0439\u043d \u043a\u0430\u0437\u0438\u043d\u043e \u041c\u043e\u0441\u0442\u0431\u0435\u0442<\/title>\n<meta name=\"description\" content=\"Jouez au jeu de crash Aviator pour de l&#039;argent r\u00e9el au casino en ligne Mostbet. Aviator Mostbet fournira des moments de jeu inoubliables.\" \/>\n<meta name=\"robots\" content=\"index, follow, max-snippet:-1, max-image-preview:large, max-video-preview:-1\" \/>\n<link rel=\"canonical\" href=\"https:\/\/mostbet-aviator.info\/fr\/\" \/>\n<meta property=\"og:locale\" content=\"fr_FR\" \/>\n<meta property=\"og:locale:alternate\" content=\"ru_RU\" \/>\n<meta property=\"og:locale:alternate\" content=\"en_US\" \/>\n<meta property=\"og:locale:alternate\" content=\"pt_PT\" \/>\n<meta property=\"og:locale:alternate\" content=\"es_ES\" \/>\n<meta property=\"og:locale:alternate\" content=\"sr_RS\" \/>\n<meta property=\"og:locale:alternate\" content=\"bg_BG\" \/>\n<meta property=\"og:locale:alternate\" content=\"pl_PL\" \/>\n<meta property=\"og:locale:alternate\" content=\"it_IT\" \/>\n<meta property=\"og:locale:alternate\" content=\"hu_HU\" \/>\n<meta property=\"og:locale:alternate\" content=\"tr_TR\" \/>\n<meta property=\"og:type\" content=\"article\" \/>\n<meta property=\"og:title\" content=\"\u0418\u0433\u0440\u0430\u0442\u044c \u0432 \u0410\u0432\u0438\u0430\u0442\u043e\u0440 \u0432 \u043e\u043d\u043b\u0430\u0439\u043d \u043a\u0430\u0437\u0438\u043d\u043e \u041c\u043e\u0441\u0442\u0431\u0435\u0442\" \/>\n<meta property=\"og:description\" content=\"\u0418\u0433\u0440\u0430\u0442\u044c \u0432 \u043a\u0440\u0430\u0448 \u0438\u0433\u0440\u0443 \u0410\u0432\u0438\u0430\u0442\u043e\u0440 \u043d\u0430 \u0440\u0435\u0430\u043b\u044c\u043d\u044b\u0435 \u0434\u0435\u043d\u044c\u0433\u0438 \u0432 \u043e\u043d\u043b\u0430\u0439\u043d \u043a\u0430\u0437\u0438\u043d\u043e Mostbet. Aviator Mostbet \u043f\u043e\u0434\u0430\u0440\u0438\u0442 \u043d\u0435\u0437\u0430\u0431\u044b\u0432\u0430\u0435\u043c\u044b\u0435 \u043c\u043e\u043c\u0435\u043d\u0442\u044b \u0438\u0433\u0440\u044b\" \/>\n<meta property=\"og:url\" content=\"https:\/\/mostbet-aviator.info\/fr\/\" \/>\n<meta property=\"og:site_name\" content=\"Aviator\" \/>\n<meta property=\"article:modified_time\" content=\"2024-03-11T10:52:54+00:00\" \/>\n<meta name=\"twitter:card\" content=\"summary_large_image\" \/>\n<meta name=\"twitter:label1\" content=\"Dur\u00e9e de lecture estim\u00e9e\" \/>\n\t<meta name=\"twitter:data1\" content=\"21 minutes\" \/>\n<script type=\"application\/ld+json\" class=\"yoast-schema-graph\">{\"@context\":\"https:\/\/schema.org\",\"@graph\":[{\"@type\":\"WebPage\",\"@id\":\"https:\/\/mostbet-aviator.info\/\",\"url\":\"https:\/\/mostbet-aviator.info\/\",\"name\":\"\u0418\u0433\u0440\u0430\u0442\u044c \u0432 \u0410\u0432\u0438\u0430\u0442\u043e\u0440 \u0432 \u043e\u043d\u043b\u0430\u0439\u043d \u043a\u0430\u0437\u0438\u043d\u043e \u041c\u043e\u0441\u0442\u0431\u0435\u0442\",\"isPartOf\":{\"@id\":\"https:\/\/mostbet-aviator.info\/#website\"},\"datePublished\":\"2024-01-05T14:06:14+00:00\",\"dateModified\":\"2024-03-11T10:52:54+00:00\",\"description\":\"\u0418\u0433\u0440\u0430\u0442\u044c \u0432 \u043a\u0440\u0430\u0448 \u0438\u0433\u0440\u0443 \u0410\u0432\u0438\u0430\u0442\u043e\u0440 \u043d\u0430 \u0440\u0435\u0430\u043b\u044c\u043d\u044b\u0435 \u0434\u0435\u043d\u044c\u0433\u0438 \u0432 \u043e\u043d\u043b\u0430\u0439\u043d \u043a\u0430\u0437\u0438\u043d\u043e Mostbet. Aviator Mostbet \u043f\u043e\u0434\u0430\u0440\u0438\u0442 \u043d\u0435\u0437\u0430\u0431\u044b\u0432\u0430\u0435\u043c\u044b\u0435 \u043c\u043e\u043c\u0435\u043d\u0442\u044b \u0438\u0433\u0440\u044b\",\"breadcrumb\":{\"@id\":\"https:\/\/mostbet-aviator.info\/#breadcrumb\"},\"inLanguage\":\"fr-FR\",\"potentialAction\":[{\"@type\":\"ReadAction\",\"target\":[\"https:\/\/mostbet-aviator.info\/\"]}]},{\"@type\":\"BreadcrumbList\",\"@id\":\"https:\/\/mostbet-aviator.info\/#breadcrumb\",\"itemListElement\":[{\"@type\":\"ListItem\",\"position\":1,\"name\":\"Home\",\"item\":\"https:\/\/mostbet-aviator.info\/\"},{\"@type\":\"ListItem\",\"position\":2,\"name\":\"\u041a\u0440\u0430\u0448 \u0438\u0433\u0440\u0430 Aviator\"}]},{\"@type\":\"WebSite\",\"@id\":\"https:\/\/mostbet-aviator.info\/#website\",\"url\":\"https:\/\/mostbet-aviator.info\/\",\"name\":\"Aviator\",\"description\":\"\",\"publisher\":{\"@id\":\"https:\/\/mostbet-aviator.info\/#organization\"},\"potentialAction\":[{\"@type\":\"SearchAction\",\"target\":{\"@type\":\"EntryPoint\",\"urlTemplate\":\"https:\/\/mostbet-aviator.info\/?s={search_term_string}\"},\"query-input\":{\"@type\":\"PropertyValueSpecification\",\"valueRequired\":true,\"valueName\":\"search_term_string\"}}],\"inLanguage\":\"fr-FR\"},{\"@type\":\"Organization\",\"@id\":\"https:\/\/mostbet-aviator.info\/#organization\",\"name\":\"Aviator\",\"url\":\"https:\/\/mostbet-aviator.info\/\",\"logo\":{\"@type\":\"ImageObject\",\"inLanguage\":\"fr-FR\",\"@id\":\"https:\/\/mostbet-aviator.info\/#\/schema\/logo\/image\/\",\"url\":\"https:\/\/mostbet-aviator.info\/wp-content\/uploads\/2024\/01\/aviator-game-logo.gif\",\"contentUrl\":\"https:\/\/mostbet-aviator.info\/wp-content\/uploads\/2024\/01\/aviator-game-logo.gif\",\"width\":500,\"height\":189,\"caption\":\"Aviator\"},\"image\":{\"@id\":\"https:\/\/mostbet-aviator.info\/#\/schema\/logo\/image\/\"}}]}<\/script>\n<!-- \/ Yoast SEO plugin. -->","yoast_head_json":{"title":"\u0418\u0433\u0440\u0430\u0442\u044c \u0432 \u0410\u0432\u0438\u0430\u0442\u043e\u0440 \u0432 \u043e\u043d\u043b\u0430\u0439\u043d \u043a\u0430\u0437\u0438\u043d\u043e \u041c\u043e\u0441\u0442\u0431\u0435\u0442","description":"Jouez au jeu de crash Aviator pour de l'argent r\u00e9el au casino en ligne Mostbet. Aviator Mostbet fournira des moments de jeu inoubliables.","robots":{"index":"index","follow":"follow","max-snippet":"max-snippet:-1","max-image-preview":"max-image-preview:large","max-video-preview":"max-video-preview:-1"},"canonical":"https:\/\/mostbet-aviator.info\/fr\/","og_locale":"fr_FR","og_type":"article","og_title":"\u0418\u0433\u0440\u0430\u0442\u044c \u0432 \u0410\u0432\u0438\u0430\u0442\u043e\u0440 \u0432 \u043e\u043d\u043b\u0430\u0439\u043d \u043a\u0430\u0437\u0438\u043d\u043e \u041c\u043e\u0441\u0442\u0431\u0435\u0442","og_description":"\u0418\u0433\u0440\u0430\u0442\u044c \u0432 \u043a\u0440\u0430\u0448 \u0438\u0433\u0440\u0443 \u0410\u0432\u0438\u0430\u0442\u043e\u0440 \u043d\u0430 \u0440\u0435\u0430\u043b\u044c\u043d\u044b\u0435 \u0434\u0435\u043d\u044c\u0433\u0438 \u0432 \u043e\u043d\u043b\u0430\u0439\u043d \u043a\u0430\u0437\u0438\u043d\u043e Mostbet. Aviator Mostbet \u043f\u043e\u0434\u0430\u0440\u0438\u0442 \u043d\u0435\u0437\u0430\u0431\u044b\u0432\u0430\u0435\u043c\u044b\u0435 \u043c\u043e\u043c\u0435\u043d\u0442\u044b \u0438\u0433\u0440\u044b","og_url":"https:\/\/mostbet-aviator.info\/fr\/","og_site_name":"Aviator","article_modified_time":"2024-03-11T10:52:54+00:00","twitter_card":"summary_large_image","twitter_misc":{"Dur\u00e9e de lecture estim\u00e9e":"21 minutes"},"schema":{"@context":"https:\/\/schema.org","@graph":[{"@type":"WebPage","@id":"https:\/\/mostbet-aviator.info\/","url":"https:\/\/mostbet-aviator.info\/","name":"\u0418\u0433\u0440\u0430\u0442\u044c \u0432 \u0410\u0432\u0438\u0430\u0442\u043e\u0440 \u0432 \u043e\u043d\u043b\u0430\u0439\u043d \u043a\u0430\u0437\u0438\u043d\u043e \u041c\u043e\u0441\u0442\u0431\u0435\u0442","isPartOf":{"@id":"https:\/\/mostbet-aviator.info\/#website"},"datePublished":"2024-01-05T14:06:14+00:00","dateModified":"2024-03-11T10:52:54+00:00","description":"\u0418\u0433\u0440\u0430\u0442\u044c \u0432 \u043a\u0440\u0430\u0448 \u0438\u0433\u0440\u0443 \u0410\u0432\u0438\u0430\u0442\u043e\u0440 \u043d\u0430 \u0440\u0435\u0430\u043b\u044c\u043d\u044b\u0435 \u0434\u0435\u043d\u044c\u0433\u0438 \u0432 \u043e\u043d\u043b\u0430\u0439\u043d \u043a\u0430\u0437\u0438\u043d\u043e Mostbet. Aviator Mostbet \u043f\u043e\u0434\u0430\u0440\u0438\u0442 \u043d\u0435\u0437\u0430\u0431\u044b\u0432\u0430\u0435\u043c\u044b\u0435 \u043c\u043e\u043c\u0435\u043d\u0442\u044b \u0438\u0433\u0440\u044b","breadcrumb":{"@id":"https:\/\/mostbet-aviator.info\/#breadcrumb"},"inLanguage":"fr-FR","potentialAction":[{"@type":"ReadAction","target":["https:\/\/mostbet-aviator.info\/"]}]},{"@type":"BreadcrumbList","@id":"https:\/\/mostbet-aviator.info\/#breadcrumb","itemListElement":[{"@type":"ListItem","position":1,"name":"Home","item":"https:\/\/mostbet-aviator.info\/"},{"@type":"ListItem","position":2,"name":"\u041a\u0440\u0430\u0448 \u0438\u0433\u0440\u0430 Aviator"}]},{"@type":"WebSite","@id":"https:\/\/mostbet-aviator.info\/#website","url":"https:\/\/mostbet-aviator.info\/","name":"Aviator","description":"","publisher":{"@id":"https:\/\/mostbet-aviator.info\/#organization"},"potentialAction":[{"@type":"SearchAction","target":{"@type":"EntryPoint","urlTemplate":"https:\/\/mostbet-aviator.info\/?s={search_term_string}"},"query-input":{"@type":"PropertyValueSpecification","valueRequired":true,"valueName":"search_term_string"}}],"inLanguage":"fr-FR"},{"@type":"Organization","@id":"https:\/\/mostbet-aviator.info\/#organization","name":"Aviator","url":"https:\/\/mostbet-aviator.info\/","logo":{"@type":"ImageObject","inLanguage":"fr-FR","@id":"https:\/\/mostbet-aviator.info\/#\/schema\/logo\/image\/","url":"https:\/\/mostbet-aviator.info\/wp-content\/uploads\/2024\/01\/aviator-game-logo.gif","contentUrl":"https:\/\/mostbet-aviator.info\/wp-content\/uploads\/2024\/01\/aviator-game-logo.gif","width":500,"height":189,"caption":"Aviator"},"image":{"@id":"https:\/\/mostbet-aviator.info\/#\/schema\/logo\/image\/"}}]}},"_links":{"self":[{"href":"https:\/\/mostbet-aviator.info\/fr\/index.php\/wp-json\/wp\/v2\/pages\/6","targetHints":{"allow":["GET"]}}],"collection":[{"href":"https:\/\/mostbet-aviator.info\/fr\/index.php\/wp-json\/wp\/v2\/pages"}],"about":[{"href":"https:\/\/mostbet-aviator.info\/fr\/index.php\/wp-json\/wp\/v2\/types\/page"}],"author":[{"embeddable":true,"href":"https:\/\/mostbet-aviator.info\/fr\/index.php\/wp-json\/wp\/v2\/users\/1"}],"replies":[{"embeddable":true,"href":"https:\/\/mostbet-aviator.info\/fr\/index.php\/wp-json\/wp\/v2\/comments?post=6"}],"version-history":[{"count":23,"href":"https:\/\/mostbet-aviator.info\/fr\/index.php\/wp-json\/wp\/v2\/pages\/6\/revisions"}],"predecessor-version":[{"id":118,"href":"https:\/\/mostbet-aviator.info\/fr\/index.php\/wp-json\/wp\/v2\/pages\/6\/revisions\/118"}],"wp:attachment":[{"href":"https:\/\/mostbet-aviator.info\/fr\/index.php\/wp-json\/wp\/v2\/media?parent=6"}],"curies":[{"name":"wp","href":"https:\/\/api.w.org\/{rel}","templated":true}]}}