{"id":8,"date":"2024-01-05T14:07:03","date_gmt":"2024-01-05T14:07:03","guid":{"rendered":"https:\/\/mostbet-aviator.info\/?page_id=8"},"modified":"2024-03-11T10:50:59","modified_gmt":"2024-03-11T10:50:59","slug":"how-to-start-playing-the-aviator-crash-game","status":"publish","type":"page","link":"https:\/\/mostbet-aviator.info\/fr\/index.php\/how-to-start-playing-the-aviator-crash-game\/","title":{"rendered":"Comment commencer \u00e0 jouer au jeu de crash Aviator &#8211; astuces et strat\u00e9gies"},"content":{"rendered":"<p>Le jeu en ligne populaire Aviator est devenu l&rsquo;une des divertissements les plus recherch\u00e9s dans les casinos en ligne. Le jeu a \u00e9t\u00e9 publi\u00e9 par le studio Spribe en 2019. Le simulateur a attir\u00e9 l&rsquo;attention des joueurs avec sa mise en \u0153uvre inhabituelle du gameplay, ses multiplicateurs de mise \u00e9lev\u00e9s et ses m\u00e9canismes uniques. L&rsquo;objet principal du jeu est un avion virtuel. L&rsquo;avion monte rapidement, et \u00e0 mesure qu&rsquo;il gagne en hauteur, les multiplicateurs de mise augmentent. Le jeu a un bon pourcentage de retour th\u00e9orique &#8211; le RTP est de 97 %. En raison de sa volatilit\u00e9 moyenne \u00e0 basse, les gains surviennent fr\u00e9quemment. Vous devez choisir le moment o\u00f9 un multiplicateur \u00e9lev\u00e9 appara\u00eet \u00e0 l&rsquo;\u00e9cran et r\u00e9clamer rapidement la r\u00e9compense mon\u00e9taire.<\/p>\n<h2>Caract\u00e9ristiques de jeu d&rsquo;Aviator :<\/h2>\n<p>Dans la machine \u00e0 sous Aviator, le champ de jeu repr\u00e9sente une piste de d\u00e9collage. Deux panneaux de contr\u00f4le pour s\u00e9lectionner les paris et encaisser les gains sont situ\u00e9s en bas de l&rsquo;\u00e9cran. Avant de commencer, attendez la fin du tour en cours, car le jeu est multijoueur. L&rsquo;essence du gameplay est la suivante :<\/p>\n<ul>\n<li>Le parieur place un ou deux montants pour le tour.<\/li>\n<li>Apr\u00e8s la fin du temps de mise, l&rsquo;avion d\u00e9colle.<\/li>\n<li>Attendez que le multiplicateur optimal apparaisse.<\/li>\n<li>Arr\u00eatez le tour et r\u00e9clamez les gains.<\/li>\n<\/ul>\n<p>Vous pouvez utiliser les fonctions de lecture automatique et de retrait automatique ou placer manuellement des paris et retirer de l&rsquo;argent. La lecture automatique peut \u00eatre r\u00e9gl\u00e9e pour 10, 50 ou 100 tours. Le mode de retrait automatique peut \u00eatre r\u00e9gl\u00e9 sur les deux panneaux de contr\u00f4le simultan\u00e9ment. Ensuite, le jeu s&rsquo;arr\u00eatera de force lorsque le coefficient d\u00e9fini par le joueur sera atteint. Ce sont des options pratiques qui vous permettent de gagner plus souvent dans le simulateur Aviator.<\/p>\n<h2>Strat\u00e9gies populaires du jeu Aviator :<\/h2>\n<p>Parlons des strat\u00e9gies que les joueurs choisissent pour jouer \u00e0 Aviator au casino Mostbet. De nombreux joueurs appliquent diverses tactiques de jeu pour augmenter les chances de gagner. Dans Aviator, les strat\u00e9gies li\u00e9es aux tailles de paris et aux coefficients de paiement sont g\u00e9n\u00e9ralement utilis\u00e9es. Les tactiques de jeu les plus efficaces incluent :<\/p>\n<ol>\n<li>Jouer avec des paris minimums et des coefficients bas : La strat\u00e9gie la moins risqu\u00e9e, offrant de petits gains stables. Le joueur doit placer de petits montants et arr\u00eater les tours lorsque des multiplicateurs allant jusqu&rsquo;\u00e0 x3 apparaissent. Bien que vous ne gagniez pas beaucoup d&rsquo;argent de cette mani\u00e8re, le risque de perte est minimal.<\/li>\n<li>Jouer avec des paris moyens et des coefficients : Similaire \u00e0 la strat\u00e9gie pr\u00e9c\u00e9dente, mais le parieur doit faire des paris plus importants et encaisser lorsque le multiplicateur \u00e0 l&rsquo;\u00e9cran atteint des valeurs de x4 \u00e0 x10. Les risques sont plus \u00e9lev\u00e9s, mais les chances de gagner une grosse somme d&rsquo;argent augmentent \u00e9galement.<\/li>\n<li>Jouer avec des paris \u00e9lev\u00e9s et des coefficients maximums : La tactique la plus risqu\u00e9e et la plus rentable. Si vous avez de la chance, le joueur peut gagner une somme assez substantielle dans Aviator. Il est recommand\u00e9 de d\u00e9finir un retrait automatique pour les multiplicateurs \u00e0 partir de x100 et plus.<\/li>\n<\/ol>\n<p>Dans le jeu de crash Aviator, des strat\u00e9gies classiques comme le Martingale sont \u00e9galement utilis\u00e9es. Il est essentiel de se souvenir que diff\u00e9rentes tactiques ne garantissent pas une victoire \u00e0 cent pour cent dans la machine \u00e0 sous mais aident \u00e0 r\u00e9duire le risque de pertes financi\u00e8res et \u00e0 obtenir des gains plus souvent. En fin de compte, il est beaucoup plus sage de jouer selon un syst\u00e8me sp\u00e9cifique plut\u00f4t que de simplement appuyer sur les touches, en esp\u00e9rant une chance al\u00e9atoire.<\/p>\n","protected":false},"excerpt":{"rendered":"<p>Le jeu en ligne populaire Aviator est devenu l&rsquo;une des divertissements les plus recherch\u00e9s dans les casinos en ligne. Le jeu a \u00e9t\u00e9 publi\u00e9 par le studio Spribe en 2019. Le simulateur a attir\u00e9 l&rsquo;attention des joueurs avec sa mise en \u0153uvre inhabituelle du gameplay, ses multiplicateurs de mise \u00e9lev\u00e9s et ses m\u00e9canismes uniques. L&rsquo;objet&#8230;<\/p>\n","protected":false},"author":1,"featured_media":0,"parent":0,"menu_order":0,"comment_status":"closed","ping_status":"closed","template":"","meta":{"footnotes":""},"class_list":["post-8","page","type-page","status-publish","hentry"],"yoast_head":"<!-- This site is optimized with the Yoast SEO plugin v27.2 - https:\/\/yoast.com\/product\/yoast-seo-wordpress\/ -->\n<title>\u041b\u0443\u0447\u0448\u0438\u0435 \u0441\u0442\u0440\u0430\u0442\u0435\u0433\u0438\u0438 \u0438 \u0442\u0430\u043a\u0442\u0438\u043a\u0438 \u0438\u0433\u0440\u044b \u0432 \u0410\u0432\u0438\u0430\u0442\u043e\u0440<\/title>\n<meta name=\"description\" content=\"Comment jouer et gagner de l&#039;argent r\u00e9el dans le jeu en ligne Aviator au casino en ligne Mostbet. Les meilleures strat\u00e9gies et tactiques pour les joueurs d&#039;Aviator.\" \/>\n<meta name=\"robots\" content=\"index, follow, max-snippet:-1, max-image-preview:large, max-video-preview:-1\" \/>\n<link rel=\"canonical\" href=\"https:\/\/mostbet-aviator.info\/fr\/index.php\/how-to-start-playing-the-aviator-crash-game\/\" \/>\n<meta property=\"og:locale\" content=\"fr_FR\" \/>\n<meta property=\"og:locale:alternate\" content=\"ru_RU\" \/>\n<meta property=\"og:locale:alternate\" content=\"en_US\" \/>\n<meta property=\"og:locale:alternate\" content=\"pt_PT\" \/>\n<meta property=\"og:locale:alternate\" content=\"es_ES\" \/>\n<meta property=\"og:locale:alternate\" content=\"sr_RS\" \/>\n<meta property=\"og:locale:alternate\" content=\"bg_BG\" \/>\n<meta property=\"og:locale:alternate\" content=\"pl_PL\" \/>\n<meta property=\"og:locale:alternate\" content=\"it_IT\" \/>\n<meta property=\"og:locale:alternate\" content=\"hu_HU\" \/>\n<meta property=\"og:locale:alternate\" content=\"tr_TR\" \/>\n<meta property=\"og:type\" content=\"article\" \/>\n<meta property=\"og:title\" content=\"\u041b\u0443\u0447\u0448\u0438\u0435 \u0441\u0442\u0440\u0430\u0442\u0435\u0433\u0438\u0438 \u0438 \u0442\u0430\u043a\u0442\u0438\u043a\u0438 \u0438\u0433\u0440\u044b \u0432 \u0410\u0432\u0438\u0430\u0442\u043e\u0440\" \/>\n<meta property=\"og:description\" content=\"\u041a\u0430\u043a \u0438\u0433\u0440\u0430\u0442\u044c \u0438 \u0432\u044b\u0438\u0433\u0440\u044b\u0432\u0430\u0442\u044c \u043d\u0430\u0441\u0442\u043e\u044f\u0449\u0438\u0435 \u0434\u0435\u043d\u044c\u0433\u0438 \u0432 \u043e\u043d\u043b\u0430\u0439\u043d \u0438\u0433\u0440\u0435 \u0432 \u0410\u0432\u0438\u0430\u0442\u043e\u0440 \u0432 \u043e\u043d\u043b\u0430\u0439\u043d \u043a\u0430\u0437\u0438\u043d\u043e \u041c\u043e\u0441\u0442\u0431\u0435\u0442. \u041b\u0443\u0447\u0448\u0438\u0435 \u0441\u0442\u0440\u0430\u0442\u0435\u0433\u0438\u0438 \u0438 \u0442\u0430\u043a\u0442\u0438\u043a\u0438 \u0434\u043b\u044f \u0438\u0433\u0440\u043e\u043a\u043e\u0432 \u0410\u0432\u0438\u0430\u0442\u043e\u0440\u0430\" \/>\n<meta property=\"og:url\" content=\"https:\/\/mostbet-aviator.info\/fr\/index.php\/how-to-start-playing-the-aviator-crash-game\/\" \/>\n<meta property=\"og:site_name\" content=\"Aviator\" \/>\n<meta property=\"article:modified_time\" content=\"2024-03-11T10:50:59+00:00\" \/>\n<meta name=\"twitter:card\" content=\"summary_large_image\" \/>\n<meta name=\"twitter:label1\" content=\"Dur\u00e9e de lecture estim\u00e9e\" \/>\n\t<meta name=\"twitter:data1\" content=\"23 minutes\" \/>\n<script type=\"application\/ld+json\" class=\"yoast-schema-graph\">{\"@context\":\"https:\/\/schema.org\",\"@graph\":[{\"@type\":\"WebPage\",\"@id\":\"https:\/\/mostbet-aviator.info\/index.php\/how-to-start-playing-the-aviator-crash-game\/\",\"url\":\"https:\/\/mostbet-aviator.info\/index.php\/how-to-start-playing-the-aviator-crash-game\/\",\"name\":\"\u041b\u0443\u0447\u0448\u0438\u0435 \u0441\u0442\u0440\u0430\u0442\u0435\u0433\u0438\u0438 \u0438 \u0442\u0430\u043a\u0442\u0438\u043a\u0438 \u0438\u0433\u0440\u044b \u0432 \u0410\u0432\u0438\u0430\u0442\u043e\u0440\",\"isPartOf\":{\"@id\":\"https:\/\/mostbet-aviator.info\/#website\"},\"datePublished\":\"2024-01-05T14:07:03+00:00\",\"dateModified\":\"2024-03-11T10:50:59+00:00\",\"description\":\"\u041a\u0430\u043a \u0438\u0433\u0440\u0430\u0442\u044c \u0438 \u0432\u044b\u0438\u0433\u0440\u044b\u0432\u0430\u0442\u044c \u043d\u0430\u0441\u0442\u043e\u044f\u0449\u0438\u0435 \u0434\u0435\u043d\u044c\u0433\u0438 \u0432 \u043e\u043d\u043b\u0430\u0439\u043d \u0438\u0433\u0440\u0435 \u0432 \u0410\u0432\u0438\u0430\u0442\u043e\u0440 \u0432 \u043e\u043d\u043b\u0430\u0439\u043d \u043a\u0430\u0437\u0438\u043d\u043e \u041c\u043e\u0441\u0442\u0431\u0435\u0442. \u041b\u0443\u0447\u0448\u0438\u0435 \u0441\u0442\u0440\u0430\u0442\u0435\u0433\u0438\u0438 \u0438 \u0442\u0430\u043a\u0442\u0438\u043a\u0438 \u0434\u043b\u044f \u0438\u0433\u0440\u043e\u043a\u043e\u0432 \u0410\u0432\u0438\u0430\u0442\u043e\u0440\u0430\",\"breadcrumb\":{\"@id\":\"https:\/\/mostbet-aviator.info\/index.php\/how-to-start-playing-the-aviator-crash-game\/#breadcrumb\"},\"inLanguage\":\"fr-FR\",\"potentialAction\":[{\"@type\":\"ReadAction\",\"target\":[\"https:\/\/mostbet-aviator.info\/index.php\/how-to-start-playing-the-aviator-crash-game\/\"]}]},{\"@type\":\"BreadcrumbList\",\"@id\":\"https:\/\/mostbet-aviator.info\/index.php\/how-to-start-playing-the-aviator-crash-game\/#breadcrumb\",\"itemListElement\":[{\"@type\":\"ListItem\",\"position\":1,\"name\":\"Home\",\"item\":\"https:\/\/mostbet-aviator.info\/\"},{\"@type\":\"ListItem\",\"position\":2,\"name\":\"\u041a\u0430\u043a \u043d\u0430\u0447\u0430\u0442\u044c \u0438\u0433\u0440\u0430\u0442\u044c \u0432 \u043a\u0440\u0430\u0448-\u0438\u0433\u0440\u0443 Aviator \u2013 \u0441\u043e\u0432\u0435\u0442\u044b \u0438 \u0441\u0442\u0440\u0430\u0442\u0435\u0433\u0438\u0438\"}]},{\"@type\":\"WebSite\",\"@id\":\"https:\/\/mostbet-aviator.info\/#website\",\"url\":\"https:\/\/mostbet-aviator.info\/\",\"name\":\"Aviator\",\"description\":\"\",\"publisher\":{\"@id\":\"https:\/\/mostbet-aviator.info\/#organization\"},\"potentialAction\":[{\"@type\":\"SearchAction\",\"target\":{\"@type\":\"EntryPoint\",\"urlTemplate\":\"https:\/\/mostbet-aviator.info\/?s={search_term_string}\"},\"query-input\":{\"@type\":\"PropertyValueSpecification\",\"valueRequired\":true,\"valueName\":\"search_term_string\"}}],\"inLanguage\":\"fr-FR\"},{\"@type\":\"Organization\",\"@id\":\"https:\/\/mostbet-aviator.info\/#organization\",\"name\":\"Aviator\",\"url\":\"https:\/\/mostbet-aviator.info\/\",\"logo\":{\"@type\":\"ImageObject\",\"inLanguage\":\"fr-FR\",\"@id\":\"https:\/\/mostbet-aviator.info\/#\/schema\/logo\/image\/\",\"url\":\"https:\/\/mostbet-aviator.info\/wp-content\/uploads\/2024\/01\/aviator-game-logo.gif\",\"contentUrl\":\"https:\/\/mostbet-aviator.info\/wp-content\/uploads\/2024\/01\/aviator-game-logo.gif\",\"width\":500,\"height\":189,\"caption\":\"Aviator\"},\"image\":{\"@id\":\"https:\/\/mostbet-aviator.info\/#\/schema\/logo\/image\/\"}}]}<\/script>\n<!-- \/ Yoast SEO plugin. -->","yoast_head_json":{"title":"\u041b\u0443\u0447\u0448\u0438\u0435 \u0441\u0442\u0440\u0430\u0442\u0435\u0433\u0438\u0438 \u0438 \u0442\u0430\u043a\u0442\u0438\u043a\u0438 \u0438\u0433\u0440\u044b \u0432 \u0410\u0432\u0438\u0430\u0442\u043e\u0440","description":"Comment jouer et gagner de l'argent r\u00e9el dans le jeu en ligne Aviator au casino en ligne Mostbet. Les meilleures strat\u00e9gies et tactiques pour les joueurs d'Aviator.","robots":{"index":"index","follow":"follow","max-snippet":"max-snippet:-1","max-image-preview":"max-image-preview:large","max-video-preview":"max-video-preview:-1"},"canonical":"https:\/\/mostbet-aviator.info\/fr\/index.php\/how-to-start-playing-the-aviator-crash-game\/","og_locale":"fr_FR","og_type":"article","og_title":"\u041b\u0443\u0447\u0448\u0438\u0435 \u0441\u0442\u0440\u0430\u0442\u0435\u0433\u0438\u0438 \u0438 \u0442\u0430\u043a\u0442\u0438\u043a\u0438 \u0438\u0433\u0440\u044b \u0432 \u0410\u0432\u0438\u0430\u0442\u043e\u0440","og_description":"\u041a\u0430\u043a \u0438\u0433\u0440\u0430\u0442\u044c \u0438 \u0432\u044b\u0438\u0433\u0440\u044b\u0432\u0430\u0442\u044c \u043d\u0430\u0441\u0442\u043e\u044f\u0449\u0438\u0435 \u0434\u0435\u043d\u044c\u0433\u0438 \u0432 \u043e\u043d\u043b\u0430\u0439\u043d \u0438\u0433\u0440\u0435 \u0432 \u0410\u0432\u0438\u0430\u0442\u043e\u0440 \u0432 \u043e\u043d\u043b\u0430\u0439\u043d \u043a\u0430\u0437\u0438\u043d\u043e \u041c\u043e\u0441\u0442\u0431\u0435\u0442. \u041b\u0443\u0447\u0448\u0438\u0435 \u0441\u0442\u0440\u0430\u0442\u0435\u0433\u0438\u0438 \u0438 \u0442\u0430\u043a\u0442\u0438\u043a\u0438 \u0434\u043b\u044f \u0438\u0433\u0440\u043e\u043a\u043e\u0432 \u0410\u0432\u0438\u0430\u0442\u043e\u0440\u0430","og_url":"https:\/\/mostbet-aviator.info\/fr\/index.php\/how-to-start-playing-the-aviator-crash-game\/","og_site_name":"Aviator","article_modified_time":"2024-03-11T10:50:59+00:00","twitter_card":"summary_large_image","twitter_misc":{"Dur\u00e9e de lecture estim\u00e9e":"23 minutes"},"schema":{"@context":"https:\/\/schema.org","@graph":[{"@type":"WebPage","@id":"https:\/\/mostbet-aviator.info\/index.php\/how-to-start-playing-the-aviator-crash-game\/","url":"https:\/\/mostbet-aviator.info\/index.php\/how-to-start-playing-the-aviator-crash-game\/","name":"\u041b\u0443\u0447\u0448\u0438\u0435 \u0441\u0442\u0440\u0430\u0442\u0435\u0433\u0438\u0438 \u0438 \u0442\u0430\u043a\u0442\u0438\u043a\u0438 \u0438\u0433\u0440\u044b \u0432 \u0410\u0432\u0438\u0430\u0442\u043e\u0440","isPartOf":{"@id":"https:\/\/mostbet-aviator.info\/#website"},"datePublished":"2024-01-05T14:07:03+00:00","dateModified":"2024-03-11T10:50:59+00:00","description":"\u041a\u0430\u043a \u0438\u0433\u0440\u0430\u0442\u044c \u0438 \u0432\u044b\u0438\u0433\u0440\u044b\u0432\u0430\u0442\u044c \u043d\u0430\u0441\u0442\u043e\u044f\u0449\u0438\u0435 \u0434\u0435\u043d\u044c\u0433\u0438 \u0432 \u043e\u043d\u043b\u0430\u0439\u043d \u0438\u0433\u0440\u0435 \u0432 \u0410\u0432\u0438\u0430\u0442\u043e\u0440 \u0432 \u043e\u043d\u043b\u0430\u0439\u043d \u043a\u0430\u0437\u0438\u043d\u043e \u041c\u043e\u0441\u0442\u0431\u0435\u0442. \u041b\u0443\u0447\u0448\u0438\u0435 \u0441\u0442\u0440\u0430\u0442\u0435\u0433\u0438\u0438 \u0438 \u0442\u0430\u043a\u0442\u0438\u043a\u0438 \u0434\u043b\u044f \u0438\u0433\u0440\u043e\u043a\u043e\u0432 \u0410\u0432\u0438\u0430\u0442\u043e\u0440\u0430","breadcrumb":{"@id":"https:\/\/mostbet-aviator.info\/index.php\/how-to-start-playing-the-aviator-crash-game\/#breadcrumb"},"inLanguage":"fr-FR","potentialAction":[{"@type":"ReadAction","target":["https:\/\/mostbet-aviator.info\/index.php\/how-to-start-playing-the-aviator-crash-game\/"]}]},{"@type":"BreadcrumbList","@id":"https:\/\/mostbet-aviator.info\/index.php\/how-to-start-playing-the-aviator-crash-game\/#breadcrumb","itemListElement":[{"@type":"ListItem","position":1,"name":"Home","item":"https:\/\/mostbet-aviator.info\/"},{"@type":"ListItem","position":2,"name":"\u041a\u0430\u043a \u043d\u0430\u0447\u0430\u0442\u044c \u0438\u0433\u0440\u0430\u0442\u044c \u0432 \u043a\u0440\u0430\u0448-\u0438\u0433\u0440\u0443 Aviator \u2013 \u0441\u043e\u0432\u0435\u0442\u044b \u0438 \u0441\u0442\u0440\u0430\u0442\u0435\u0433\u0438\u0438"}]},{"@type":"WebSite","@id":"https:\/\/mostbet-aviator.info\/#website","url":"https:\/\/mostbet-aviator.info\/","name":"Aviator","description":"","publisher":{"@id":"https:\/\/mostbet-aviator.info\/#organization"},"potentialAction":[{"@type":"SearchAction","target":{"@type":"EntryPoint","urlTemplate":"https:\/\/mostbet-aviator.info\/?s={search_term_string}"},"query-input":{"@type":"PropertyValueSpecification","valueRequired":true,"valueName":"search_term_string"}}],"inLanguage":"fr-FR"},{"@type":"Organization","@id":"https:\/\/mostbet-aviator.info\/#organization","name":"Aviator","url":"https:\/\/mostbet-aviator.info\/","logo":{"@type":"ImageObject","inLanguage":"fr-FR","@id":"https:\/\/mostbet-aviator.info\/#\/schema\/logo\/image\/","url":"https:\/\/mostbet-aviator.info\/wp-content\/uploads\/2024\/01\/aviator-game-logo.gif","contentUrl":"https:\/\/mostbet-aviator.info\/wp-content\/uploads\/2024\/01\/aviator-game-logo.gif","width":500,"height":189,"caption":"Aviator"},"image":{"@id":"https:\/\/mostbet-aviator.info\/#\/schema\/logo\/image\/"}}]}},"_links":{"self":[{"href":"https:\/\/mostbet-aviator.info\/fr\/index.php\/wp-json\/wp\/v2\/pages\/8","targetHints":{"allow":["GET"]}}],"collection":[{"href":"https:\/\/mostbet-aviator.info\/fr\/index.php\/wp-json\/wp\/v2\/pages"}],"about":[{"href":"https:\/\/mostbet-aviator.info\/fr\/index.php\/wp-json\/wp\/v2\/types\/page"}],"author":[{"embeddable":true,"href":"https:\/\/mostbet-aviator.info\/fr\/index.php\/wp-json\/wp\/v2\/users\/1"}],"replies":[{"embeddable":true,"href":"https:\/\/mostbet-aviator.info\/fr\/index.php\/wp-json\/wp\/v2\/comments?post=8"}],"version-history":[{"count":23,"href":"https:\/\/mostbet-aviator.info\/fr\/index.php\/wp-json\/wp\/v2\/pages\/8\/revisions"}],"predecessor-version":[{"id":117,"href":"https:\/\/mostbet-aviator.info\/fr\/index.php\/wp-json\/wp\/v2\/pages\/8\/revisions\/117"}],"wp:attachment":[{"href":"https:\/\/mostbet-aviator.info\/fr\/index.php\/wp-json\/wp\/v2\/media?parent=8"}],"curies":[{"name":"wp","href":"https:\/\/api.w.org\/{rel}","templated":true}]}}