{"id":12,"date":"2024-01-05T14:09:44","date_gmt":"2024-01-05T14:09:44","guid":{"rendered":"https:\/\/mostbet-aviator.info\/?page_id=12"},"modified":"2024-03-11T10:55:01","modified_gmt":"2024-03-11T10:55:01","slug":"advantages-and-disadvantages-of-aviator-crash-game","status":"publish","type":"page","link":"https:\/\/mostbet-aviator.info\/hu\/index.php\/advantages-and-disadvantages-of-aviator-crash-game\/","title":{"rendered":"Az Aviator crash j\u00e1t\u00e9k el\u0151nyei \u00e9s h\u00e1tr\u00e1nyai"},"content":{"rendered":"<p>A Mostbet kaszin\u00f3 szerencsej\u00e1t\u00e9k l\u00e1togat\u00f3i k\u00f6r\u00e9ben az Aviator j\u00e1t\u00e9k \u00e1lland\u00f3 keresletnek \u00f6rvend, \u00e9s a nagyon n\u00e9pszer\u0171 online j\u00e1t\u00e9kok kateg\u00f3ri\u00e1j\u00e1ba tartozik. Az Aviator vonz\u00f3 \u00e9s vibr\u00e1l\u00f3 designban k\u00e9sz\u00fclt. Az \u00f6sszes sz\u00fcks\u00e9ges vez\u00e9rl\u0151gomb k\u00e9nyelmesen elhelyezkedik a j\u00e1t\u00e9k k\u00e9perny\u0151j\u00e9nek alj\u00e1n. A crash j\u00e1t\u00e9knak sz\u00e1mos el\u0151nye van:<\/p>\n<ul>\n<li>Lehet\u0151s\u00e9g k\u00e9t fogad\u00e1s k\u00f6z\u00fcl v\u00e1lasztani k\u00f6r\u00f6nk\u00e9nt;<\/li>\n<li>Magas RTP \u00e9s magas szorz\u00f3k;<\/li>\n<li>Egyedi j\u00e1t\u00e9kmenet form\u00e1tum;<\/li>\n<li>Gy\u00f6ny\u00f6r\u0171 rajzfilmst\u00edlus\u00fa design;<\/li>\n<li>Ingyenes verzi\u00f3 el\u00e9rhet\u0151s\u00e9ge a szimul\u00e1torhoz;<\/li>\n<li>Kommunik\u00e1ci\u00f3 m\u00e1s j\u00e1t\u00e9kosokkal a live chaten;<\/li>\n<li>T\u00e9tel el\u0151zm\u00e9nyek \u00e9s friss eredm\u00e9nyek;<\/li>\n<li>A nyerem\u00e9ny f\u00fcgg\u00e9se az RNG-t\u0151l \u00e9s a j\u00e1t\u00e9kos d\u00f6nt\u00e9seit\u0151l;<\/li>\n<li>T\u00e1mogat\u00e1s k\u00fcl\u00f6nb\u00f6z\u0151 valut\u00e1khoz \u00e9s eszk\u00f6z\u00f6kh\u00f6z;<\/li>\n<li>A fogad\u00e1si t\u00e9nyez\u0151k korl\u00e1tlan n\u00f6veked\u00e9se.<\/li>\n<\/ul>\n<p>Az Aviator j\u00e1t\u00e9k nagy t\u00e9tv\u00e1laszt\u00e9ka r\u00e9v\u00e9n alkalmas k\u00fcl\u00f6nb\u00f6z\u0151 p\u00e9nz\u00fcgyi lehet\u0151s\u00e9gekkel rendelkez\u0151 j\u00e1t\u00e9kosok sz\u00e1m\u00e1ra. Az online j\u00e1t\u00e9k hib\u00e1tlanul m\u0171k\u00f6dik mind az asztali eszk\u00f6z\u00f6k\u00f6n, mind a mobil k\u00e9sz\u00fcl\u00e9keken. A slotot val\u00f3di p\u00e9nz\u00e9rt ind\u00edtani elegend\u0151 az online kaszin\u00f3ban regisztr\u00e1lni, \u00e9s felt\u00f6lteni a j\u00e1t\u00e9ksz\u00e1mla egyenleg\u00e9t.<\/p>\n<p>Az Aviator h\u00e1tr\u00e1nyair\u00f3l besz\u00e9lve \u00e9rdemes megjegyezni, hogy, mint minden szerencsej\u00e1t\u00e9k j\u00e1t\u00e9k, az Aviator is f\u00fcgg\u0151s\u00e9get okozhat, \u00e9s a j\u00e1t\u00e9kosoknak neh\u00e9zs\u00e9geik lehetnek a j\u00e1t\u00e9k le\u00e1ll\u00edt\u00e1s\u00e1val. Arra tan\u00e1csoljuk, hogy v\u00e1lasszon egy \u00f6sszeget, amit hajland\u00f3 vagy elk\u00f6lteni a j\u00e1t\u00e9kra, \u00e9s ha az eg\u00e9sz \u00f6sszeget elk\u00f6lthette, soha ne folytassa a j\u00e1t\u00e9kot.<\/p>\n<h2>Az Aviator regisztr\u00e1ci\u00f3s \u00e9s befizet\u00e9si jellemz\u0151i:<\/h2>\n<p>Az Aviator crash j\u00e1t\u00e9k el\u00e9rhet\u0151 fizetett \u00e9s ingyenes m\u00f3dban is sok online kaszin\u00f3ban. A katal\u00f3gusban a j\u00e1t\u00e9k \u00e1ltal\u00e1ban a crash j\u00e1t\u00e9kok kateg\u00f3ri\u00e1j\u00e1ban tal\u00e1lhat\u00f3. Val\u00f3di valut\u00e1val t\u00f6rt\u00e9n\u0151 fogad\u00e1sok elhelyez\u00e9s\u00e9hez fi\u00f3kot kell l\u00e9trehozni. \u00cdme, hogyan lehet regisztr\u00e1lni a kaszin\u00f3ban:<\/p>\n<ul>\n<li>V\u00e1lasszon egy kaszin\u00f3t az Aviator j\u00e1t\u00e9kkal;<\/li>\n<li>Menjen az hivatalos weboldalra, p\u00e9ld\u00e1ul a Mostbet kaszin\u00f3ra;<\/li>\n<li>Keresse meg \u00e9s kattintson a &#8222;Regisztr\u00e1ci\u00f3&#8221; gombra;<\/li>\n<li>T\u00f6lts\u00f6n ki megfelel\u0151en a ny\u00fajtott \u0171rlapot;<\/li>\n<li>Ellen\u0151rizze a fi\u00f3kot \u00e9s aktiv\u00e1lja a b\u00f3nuszokat;<\/li>\n<li>Fizessen be p\u00e9nzt k\u00e9nyelmes m\u00f3don;<\/li>\n<li>Keresse meg az Aviator crash j\u00e1t\u00e9kot a katal\u00f3gusban;<\/li>\n<li>V\u00e1rja meg a jelenlegi k\u00f6r befejez\u00e9s\u00e9t;<\/li>\n<li>Helyezzen fogad\u00e1sokat \u00e9s ind\u00edtsa el a szimul\u00e1tort.<\/li>\n<\/ul>\n<p>Az online kaszin\u00f3ban t\u00f6rt\u00e9n\u0151 befizet\u00e9shez megb\u00edzhat\u00f3, k\u00e9nyelmes \u00e9s biztons\u00e1gos fizet\u00e9si m\u00f3dszereket biztos\u00edtanak &#8211; bankk\u00e1rty\u00e1k, internetes bankol\u00e1s, elektronikus p\u00e9nzt\u00e1rc\u00e1k \u00e9s kriptovalutat\u00e1rc\u00e1k stb. A fizet\u00e9st a szem\u00e9lyes fi\u00f3kon kereszt\u00fcl a &#8222;P\u00e9nzt\u00e1r&#8221; men\u00fcponton kereszt\u00fcl v\u00e9gezheti. A p\u00e9n<\/p>\n<p>z azonnal j\u00f3v\u00e1\u00edr\u00f3dik a j\u00e1t\u00e9kos sz\u00e1ml\u00e1j\u00e1n, ezut\u00e1n \u00e9lvezheti a izgalmas Aviator j\u00e1t\u00e9kot val\u00f3di p\u00e9nz\u00e9rt, \u00e9s jelent\u0151s kifizet\u00e9seket kaphat.<\/p>\n","protected":false},"excerpt":{"rendered":"<p>A Mostbet kaszin\u00f3 szerencsej\u00e1t\u00e9k l\u00e1togat\u00f3i k\u00f6r\u00e9ben az Aviator j\u00e1t\u00e9k \u00e1lland\u00f3 keresletnek \u00f6rvend, \u00e9s a nagyon n\u00e9pszer\u0171 online j\u00e1t\u00e9kok kateg\u00f3ri\u00e1j\u00e1ba tartozik. Az Aviator vonz\u00f3 \u00e9s vibr\u00e1l\u00f3 designban k\u00e9sz\u00fclt. Az \u00f6sszes sz\u00fcks\u00e9ges vez\u00e9rl\u0151gomb k\u00e9nyelmesen elhelyezkedik a j\u00e1t\u00e9k k\u00e9perny\u0151j\u00e9nek alj\u00e1n. A crash j\u00e1t\u00e9knak sz\u00e1mos el\u0151nye van: Lehet\u0151s\u00e9g k\u00e9t fogad\u00e1s k\u00f6z\u00fcl v\u00e1lasztani k\u00f6r\u00f6nk\u00e9nt; Magas RTP \u00e9s magas szorz\u00f3k; Egyedi&#8230;<\/p>\n","protected":false},"author":1,"featured_media":0,"parent":0,"menu_order":0,"comment_status":"closed","ping_status":"closed","template":"","meta":{"footnotes":""},"class_list":["post-12","page","type-page","status-publish","hentry"],"yoast_head":"<!-- This site is optimized with the Yoast SEO plugin v27.2 - https:\/\/yoast.com\/product\/yoast-seo-wordpress\/ -->\n<title>Advantages and Disadvantages of the Aviator Game<\/title>\n<meta name=\"description\" content=\"Mint b\u00e1rmely m\u00e1s csap\u00f3d\u00e1s j\u00e1t\u00e9k egy online kaszin\u00f3ban, az Aviator j\u00e1t\u00e9knak is vannak el\u0151nyei \u00e9s h\u00e1tr\u00e1nyai. Besz\u00e9lj\u00fcnk r\u00f3luk.\" \/>\n<meta name=\"robots\" content=\"index, follow, max-snippet:-1, max-image-preview:large, max-video-preview:-1\" \/>\n<link rel=\"canonical\" href=\"https:\/\/mostbet-aviator.info\/hu\/index.php\/advantages-and-disadvantages-of-aviator-crash-game\/\" \/>\n<meta property=\"og:locale\" content=\"hu_HU\" \/>\n<meta property=\"og:locale:alternate\" content=\"ru_RU\" \/>\n<meta property=\"og:locale:alternate\" content=\"en_US\" \/>\n<meta property=\"og:locale:alternate\" content=\"pt_PT\" \/>\n<meta property=\"og:locale:alternate\" content=\"es_ES\" \/>\n<meta property=\"og:locale:alternate\" content=\"sr_RS\" \/>\n<meta property=\"og:locale:alternate\" content=\"bg_BG\" \/>\n<meta property=\"og:locale:alternate\" content=\"pl_PL\" \/>\n<meta property=\"og:locale:alternate\" content=\"it_IT\" \/>\n<meta property=\"og:locale:alternate\" content=\"fr_FR\" \/>\n<meta property=\"og:locale:alternate\" content=\"tr_TR\" \/>\n<meta property=\"og:type\" content=\"article\" \/>\n<meta property=\"og:title\" content=\"Advantages and Disadvantages of the Aviator Game\" \/>\n<meta property=\"og:description\" content=\"Like any crash game in an online casino, the Aviator game also has its advantages and disadvantages. Let&#039;s talk about them.\" \/>\n<meta property=\"og:url\" content=\"https:\/\/mostbet-aviator.info\/hu\/index.php\/advantages-and-disadvantages-of-aviator-crash-game\/\" \/>\n<meta property=\"og:site_name\" content=\"Aviator\" \/>\n<meta property=\"article:modified_time\" content=\"2024-03-11T10:55:01+00:00\" \/>\n<meta name=\"twitter:card\" content=\"summary_large_image\" \/>\n<meta name=\"twitter:label1\" content=\"Becs\u00fclt olvas\u00e1si id\u0151\" \/>\n\t<meta name=\"twitter:data1\" content=\"18 perc\" \/>\n<script type=\"application\/ld+json\" class=\"yoast-schema-graph\">{\"@context\":\"https:\/\/schema.org\",\"@graph\":[{\"@type\":\"WebPage\",\"@id\":\"https:\/\/mostbet-aviator.info\/en\/index.php\/advantages-and-disadvantages-of-aviator-crash-game\/\",\"url\":\"https:\/\/mostbet-aviator.info\/en\/index.php\/advantages-and-disadvantages-of-aviator-crash-game\/\",\"name\":\"Advantages and Disadvantages of the Aviator Game\",\"isPartOf\":{\"@id\":\"https:\/\/mostbet-aviator.info\/#website\"},\"datePublished\":\"2024-01-05T14:09:44+00:00\",\"dateModified\":\"2024-03-11T10:55:01+00:00\",\"description\":\"Like any crash game in an online casino, the Aviator game also has its advantages and disadvantages. Let's talk about them.\",\"breadcrumb\":{\"@id\":\"https:\/\/mostbet-aviator.info\/en\/index.php\/advantages-and-disadvantages-of-aviator-crash-game\/#breadcrumb\"},\"inLanguage\":\"hu-HU\",\"potentialAction\":[{\"@type\":\"ReadAction\",\"target\":[\"https:\/\/mostbet-aviator.info\/en\/index.php\/advantages-and-disadvantages-of-aviator-crash-game\/\"]}]},{\"@type\":\"BreadcrumbList\",\"@id\":\"https:\/\/mostbet-aviator.info\/en\/index.php\/advantages-and-disadvantages-of-aviator-crash-game\/#breadcrumb\",\"itemListElement\":[{\"@type\":\"ListItem\",\"position\":1,\"name\":\"Home\",\"item\":\"https:\/\/mostbet-aviator.info\/\"},{\"@type\":\"ListItem\",\"position\":2,\"name\":\"Advantages and Disadvantages of Aviator Crash Game\"}]},{\"@type\":\"WebSite\",\"@id\":\"https:\/\/mostbet-aviator.info\/#website\",\"url\":\"https:\/\/mostbet-aviator.info\/\",\"name\":\"Aviator\",\"description\":\"\",\"publisher\":{\"@id\":\"https:\/\/mostbet-aviator.info\/#organization\"},\"potentialAction\":[{\"@type\":\"SearchAction\",\"target\":{\"@type\":\"EntryPoint\",\"urlTemplate\":\"https:\/\/mostbet-aviator.info\/?s={search_term_string}\"},\"query-input\":{\"@type\":\"PropertyValueSpecification\",\"valueRequired\":true,\"valueName\":\"search_term_string\"}}],\"inLanguage\":\"hu-HU\"},{\"@type\":\"Organization\",\"@id\":\"https:\/\/mostbet-aviator.info\/#organization\",\"name\":\"Aviator\",\"url\":\"https:\/\/mostbet-aviator.info\/\",\"logo\":{\"@type\":\"ImageObject\",\"inLanguage\":\"hu-HU\",\"@id\":\"https:\/\/mostbet-aviator.info\/#\/schema\/logo\/image\/\",\"url\":\"https:\/\/mostbet-aviator.info\/wp-content\/uploads\/2024\/01\/aviator-game-logo.gif\",\"contentUrl\":\"https:\/\/mostbet-aviator.info\/wp-content\/uploads\/2024\/01\/aviator-game-logo.gif\",\"width\":500,\"height\":189,\"caption\":\"Aviator\"},\"image\":{\"@id\":\"https:\/\/mostbet-aviator.info\/#\/schema\/logo\/image\/\"}}]}<\/script>\n<!-- \/ Yoast SEO plugin. -->","yoast_head_json":{"title":"Advantages and Disadvantages of the Aviator Game","description":"Mint b\u00e1rmely m\u00e1s csap\u00f3d\u00e1s j\u00e1t\u00e9k egy online kaszin\u00f3ban, az Aviator j\u00e1t\u00e9knak is vannak el\u0151nyei \u00e9s h\u00e1tr\u00e1nyai. Besz\u00e9lj\u00fcnk r\u00f3luk.","robots":{"index":"index","follow":"follow","max-snippet":"max-snippet:-1","max-image-preview":"max-image-preview:large","max-video-preview":"max-video-preview:-1"},"canonical":"https:\/\/mostbet-aviator.info\/hu\/index.php\/advantages-and-disadvantages-of-aviator-crash-game\/","og_locale":"hu_HU","og_type":"article","og_title":"Advantages and Disadvantages of the Aviator Game","og_description":"Like any crash game in an online casino, the Aviator game also has its advantages and disadvantages. Let's talk about them.","og_url":"https:\/\/mostbet-aviator.info\/hu\/index.php\/advantages-and-disadvantages-of-aviator-crash-game\/","og_site_name":"Aviator","article_modified_time":"2024-03-11T10:55:01+00:00","twitter_card":"summary_large_image","twitter_misc":{"Becs\u00fclt olvas\u00e1si id\u0151":"18 perc"},"schema":{"@context":"https:\/\/schema.org","@graph":[{"@type":"WebPage","@id":"https:\/\/mostbet-aviator.info\/en\/index.php\/advantages-and-disadvantages-of-aviator-crash-game\/","url":"https:\/\/mostbet-aviator.info\/en\/index.php\/advantages-and-disadvantages-of-aviator-crash-game\/","name":"Advantages and Disadvantages of the Aviator Game","isPartOf":{"@id":"https:\/\/mostbet-aviator.info\/#website"},"datePublished":"2024-01-05T14:09:44+00:00","dateModified":"2024-03-11T10:55:01+00:00","description":"Like any crash game in an online casino, the Aviator game also has its advantages and disadvantages. Let's talk about them.","breadcrumb":{"@id":"https:\/\/mostbet-aviator.info\/en\/index.php\/advantages-and-disadvantages-of-aviator-crash-game\/#breadcrumb"},"inLanguage":"hu-HU","potentialAction":[{"@type":"ReadAction","target":["https:\/\/mostbet-aviator.info\/en\/index.php\/advantages-and-disadvantages-of-aviator-crash-game\/"]}]},{"@type":"BreadcrumbList","@id":"https:\/\/mostbet-aviator.info\/en\/index.php\/advantages-and-disadvantages-of-aviator-crash-game\/#breadcrumb","itemListElement":[{"@type":"ListItem","position":1,"name":"Home","item":"https:\/\/mostbet-aviator.info\/"},{"@type":"ListItem","position":2,"name":"Advantages and Disadvantages of Aviator Crash Game"}]},{"@type":"WebSite","@id":"https:\/\/mostbet-aviator.info\/#website","url":"https:\/\/mostbet-aviator.info\/","name":"Aviator","description":"","publisher":{"@id":"https:\/\/mostbet-aviator.info\/#organization"},"potentialAction":[{"@type":"SearchAction","target":{"@type":"EntryPoint","urlTemplate":"https:\/\/mostbet-aviator.info\/?s={search_term_string}"},"query-input":{"@type":"PropertyValueSpecification","valueRequired":true,"valueName":"search_term_string"}}],"inLanguage":"hu-HU"},{"@type":"Organization","@id":"https:\/\/mostbet-aviator.info\/#organization","name":"Aviator","url":"https:\/\/mostbet-aviator.info\/","logo":{"@type":"ImageObject","inLanguage":"hu-HU","@id":"https:\/\/mostbet-aviator.info\/#\/schema\/logo\/image\/","url":"https:\/\/mostbet-aviator.info\/wp-content\/uploads\/2024\/01\/aviator-game-logo.gif","contentUrl":"https:\/\/mostbet-aviator.info\/wp-content\/uploads\/2024\/01\/aviator-game-logo.gif","width":500,"height":189,"caption":"Aviator"},"image":{"@id":"https:\/\/mostbet-aviator.info\/#\/schema\/logo\/image\/"}}]}},"_links":{"self":[{"href":"https:\/\/mostbet-aviator.info\/hu\/index.php\/wp-json\/wp\/v2\/pages\/12","targetHints":{"allow":["GET"]}}],"collection":[{"href":"https:\/\/mostbet-aviator.info\/hu\/index.php\/wp-json\/wp\/v2\/pages"}],"about":[{"href":"https:\/\/mostbet-aviator.info\/hu\/index.php\/wp-json\/wp\/v2\/types\/page"}],"author":[{"embeddable":true,"href":"https:\/\/mostbet-aviator.info\/hu\/index.php\/wp-json\/wp\/v2\/users\/1"}],"replies":[{"embeddable":true,"href":"https:\/\/mostbet-aviator.info\/hu\/index.php\/wp-json\/wp\/v2\/comments?post=12"}],"version-history":[{"count":23,"href":"https:\/\/mostbet-aviator.info\/hu\/index.php\/wp-json\/wp\/v2\/pages\/12\/revisions"}],"predecessor-version":[{"id":119,"href":"https:\/\/mostbet-aviator.info\/hu\/index.php\/wp-json\/wp\/v2\/pages\/12\/revisions\/119"}],"wp:attachment":[{"href":"https:\/\/mostbet-aviator.info\/hu\/index.php\/wp-json\/wp\/v2\/media?parent=12"}],"curies":[{"name":"wp","href":"https:\/\/api.w.org\/{rel}","templated":true}]}}