{"id":6,"date":"2024-01-05T14:06:14","date_gmt":"2024-01-05T14:06:14","guid":{"rendered":"https:\/\/mostbet-aviator.info\/?page_id=6"},"modified":"2024-03-11T10:52:54","modified_gmt":"2024-03-11T10:52:54","slug":"aviator","status":"publish","type":"page","link":"https:\/\/mostbet-aviator.info\/hu\/","title":{"rendered":"Aviator crash j\u00e1t\u00e9k"},"content":{"rendered":"<p>A Spribe c\u00e9g 2019-ben kiadott egy \u00faj egyedi j\u00e1t\u00e9kot, amit Aviatornak neveztek el. A balesetszimul\u00e1tor hatalmas sikert aratott az online kaszin\u00f3kban, \u00e9s gyorsan n\u00e9pszer\u0171v\u00e9 v\u00e1lt a szerencsej\u00e1t\u00e9kosok k\u00f6r\u00e9ben. Az Aviator t\u00f6k\u00e9letesen \u00f6tv\u00f6zi az arcade j\u00e1t\u00e9k \u00e9s a video slot jellemz\u0151it. A szimul\u00e1tor a multiplayer m\u00f3dban j\u00e1tszott gyors j\u00e1t\u00e9kok kateg\u00f3ri\u00e1j\u00e1ba tartozik. Az online Aviator j\u00e1t\u00e9kban nincsenek hagyom\u00e1nyos p\u00f6rget\u0151 t\u00e1rcs\u00e1k, szimb\u00f3lumok vagy kifizet\u00e9si vonalak. Miut\u00e1n elind\u00edtott\u00e1k a balesetmodellt, egy felsz\u00e1ll\u00f3p\u00e1lya jelenik meg a virtu\u00e1lis rep\u00fcl\u0151 el\u0151tt a j\u00e1t\u00e9kos sz\u00e1m\u00e1ra. A szerencsej\u00e1t\u00e9kos feladata, hogy elind\u00edtsa a rep\u00fcl\u0151g\u00e9pet, megv\u00e1rja a magas szorz\u00f3t, le\u00e1ll\u00edtsa a j\u00e1t\u00e9kot, \u00e9s kivegye a nyerem\u00e9nyt. Az Aviator j\u00e1t\u00e9k a Mostbet kaszin\u00f3ban t\u00f6rt\u00e9n\u0151 j\u00e1t\u00e9k jelent\u0151s nyerem\u00e9nyekhez vezethet.<\/p>\n<h2>Az Aviator j\u00e1t\u00e9k f\u0151 param\u00e9terei \u00e9s jellemz\u0151i:<\/h2>\n<ul>\n<li>Elm\u00e9leti visszat\u00e9r\u00e9si ar\u00e1ny &#8211; 97%;<\/li>\n<li>K\u00f6zepes-alacsony volatilit\u00e1si szint;<\/li>\n<li>V\u00e9letlenszer\u0171 szorz\u00f3k kialakul\u00e1sa;<\/li>\n<li>K\u00e9t ir\u00e1ny\u00edt\u00f3panel a j\u00e1t\u00e9khoz;<\/li>\n<li>K\u00e9t t\u00e9t egyszerre t\u00f6rt\u00e9n\u0151 elhelyez\u00e9s\u00e9nek lehet\u0151s\u00e9ge;<\/li>\n<li>K\u00f6r\u00f6k t\u00f6rt\u00e9net\u00e9nek \u00e9s statisztik\u00e1j\u00e1nak megtekint\u00e9se;<\/li>\n<li>\u00c9l\u0151 chat a m\u00e1sik szerencsej\u00e1t\u00e9kosokkal val\u00f3 kommunik\u00e1ci\u00f3hoz;<\/li>\n<li>Mobil- \u00e9s ingyenes verzi\u00f3k t\u00e1mogat\u00e1sa;<\/li>\n<li>Garant\u00e1lt tisztess\u00e9ges technol\u00f3gia.<\/li>\n<\/ul>\n<p>Az Aviator j\u00e1t\u00e9kban j\u00e1tszhatsz val\u00f3di p\u00e9nz\u00e9rt vagy virtu\u00e1lis \u00e9rm\u00e9k\u00e9rt, ami azt jelenti, hogy ingyen is j\u00e1tszhatsz. Az online Aviator j\u00e1t\u00e9k hib\u00e1tlanul m\u0171k\u00f6dik mind asztali, mind mobil eszk\u00f6z\u00f6k\u00f6n. A j\u00e1t\u00e9khoz val\u00f3 csatlakoz\u00e1shoz regisztr\u00e1lnod kell a Mostbet online kaszin\u00f3ban, befizetned p\u00e9nzt \u00e9s csatlakoznod egy \u00faj k\u00f6rh\u00f6z. Mivel a j\u00e1t\u00e9k multiplayer, a j\u00e1t\u00e9kosok megtekinthetik m\u00e1s szerencsej\u00e1t\u00e9kosok nyerem\u00e9nyeinek statisztik\u00e1j\u00e1t, a k\u00f6r\u00f6k nyer\u00e9si egy\u00fctthat\u00f3it \u00e9s az \u00f6sszegeket. Ez jelent\u0151sen seg\u00edt \u00e9s gyakorlatilag k\u00f6z\u00f6ss\u00e9get hoz l\u00e9tre a j\u00e1t\u00e9kosok k\u00f6z\u00f6tt, akik gy\u0151zelmi \u00e9rz\u00e9ssel \u00e9s val\u00f3di p\u00e9nz nyer\u00e9s\u00e9vel j\u00e1tszanak a Mostbet kaszin\u00f3ban.<\/p>\n<h2>Az Aviator balesetj\u00e1t\u00e9k egyedi jellemz\u0151i:<\/h2>\n<p>A hagyom\u00e1nyos video slotok m\u00e1r ismer\u0151sek sok szerencsej\u00e1t\u00e9kos sz\u00e1m\u00e1ra. A j\u00e1t\u00e9kosok \u00faj sz\u00f3rakoz\u00e1st keresnek a kaszin\u00f3kban. Az Aviator balesetszimul\u00e1tor egy egyedi j\u00e1t\u00e9kmodell, nem hagyom\u00e1nyos t\u00e9tel- \u00e9s nyer\u00e9si folyamattal. A j\u00e1t\u00e9k a v\u00e9letlenszer\u0171 sz\u00e1mgener\u00e1torra is t\u00e1maszkodik, aminek k\u00f6sz\u00f6nhet\u0151en a szorz\u00f3k v\u00e9letlenszer\u0171en jelennek meg a k\u00e9perny\u0151n. Azonban a felhaszn\u00e1l\u00f3 befoly\u00e1solhatja a j\u00e1t\u00e9k kimenetel\u00e9t azzal, hogy eld\u00f6nti, mikor \u00e1ll le a rep\u00fcl\u0151g\u00e9p, \u00e9s kivegye a nyerem\u00e9nyt. Az Aviator balesetj\u00e1t\u00e9k \u00e9rdekes jellemz\u0151kkel \u00e9s el\u0151ny\u00f6kkel rendelkezik:<\/p>\n<ul>\n<li>Rendk\u00edv\u00fcl egyszer\u0171 szab\u00e1lyok \u00e9s fel\u00fclet;<\/li>\n<li>V\u00e1ratlan szorzatn\u00f6veked\u00e9s, kezdve az x1-t\u0151l;<\/li>\n<li>Provably Fair kriptogr\u00e1fiai algoritmus;<\/li>\n<li>Dinamikus k\u00f6r\u00f6k &#8211; \u00e1tlagosan 30-40 m\u00e1sodperc mindegyike;<\/li>\n<li>Automatikus \u00e9s dem\u00f3j\u00e1t\u00e9k lehet\u0151s\u00e9gek el\u00e9rhet\u0151s\u00e9ge;<\/li>\n<li>Testreszabhat\u00f3 param\u00e9terek a p\u00e9nz automatikus kiv\u00e9tel\u00e9hez;<\/li>\n<li>Az Aviator t\u00e1mogat\u00e1sa mindenf\u00e9le eszk\u00f6z\u00f6n;<\/li>\n<li>Lehet\u0151s\u00e9g k\u00fcl\u00f6nb\u00f6z\u0151 valut\u00e1kban t\u00e9tet elhelyezni.<\/li>\n<\/ul>\n<p>Az online kaszin\u00f3k l\u00e1togat\u00f3it vonzza a balesetszimul\u00e1tor szokatlan form\u00e1tuma. Ahhoz, hogy gy\u0151ztes legy\u00e9l \u00e9s nagy nyerem\u00e9nyt szerezz, csak meg kell v\u00e1rnod egy nagy szorz\u00f3t, \u00e9s be kell fejezned a k\u00f6rt. N\u00e9h\u00e1ny j\u00e1t\u00e9kos ink\u00e1bb kock\u00e1zatot v\u00e1llal \u00e9s alacsony t\u00e9tekkel \u00e9s szorz\u00f3kkal j\u00e1tszik.<\/p>\n","protected":false},"excerpt":{"rendered":"<p>A Spribe c\u00e9g 2019-ben kiadott egy \u00faj egyedi j\u00e1t\u00e9kot, amit Aviatornak neveztek el. A balesetszimul\u00e1tor hatalmas sikert aratott az online kaszin\u00f3kban, \u00e9s gyorsan n\u00e9pszer\u0171v\u00e9 v\u00e1lt a szerencsej\u00e1t\u00e9kosok k\u00f6r\u00e9ben. Az Aviator t\u00f6k\u00e9letesen \u00f6tv\u00f6zi az arcade j\u00e1t\u00e9k \u00e9s a video slot jellemz\u0151it. A szimul\u00e1tor a multiplayer m\u00f3dban j\u00e1tszott gyors j\u00e1t\u00e9kok kateg\u00f3ri\u00e1j\u00e1ba tartozik. Az online Aviator j\u00e1t\u00e9kban nincsenek&#8230;<\/p>\n","protected":false},"author":1,"featured_media":0,"parent":0,"menu_order":0,"comment_status":"closed","ping_status":"closed","template":"","meta":{"footnotes":""},"class_list":["post-6","page","type-page","status-publish","hentry"],"yoast_head":"<!-- This site is optimized with the Yoast SEO plugin v27.2 - https:\/\/yoast.com\/product\/yoast-seo-wordpress\/ -->\n<title>\u0418\u0433\u0440\u0430\u0442\u044c \u0432 \u0410\u0432\u0438\u0430\u0442\u043e\u0440 \u0432 \u043e\u043d\u043b\u0430\u0439\u043d \u043a\u0430\u0437\u0438\u043d\u043e \u041c\u043e\u0441\u0442\u0431\u0435\u0442<\/title>\n<meta name=\"description\" content=\"J\u00e1tssza az Aviator csap\u00f3d\u00e1s j\u00e1t\u00e9kot val\u00f3di p\u00e9nz\u00e9rt a Mostbet online kaszin\u00f3j\u00e1ban. Az Aviator Mostbet felejthetetlen j\u00e1t\u00e9kmomentumokat fog ny\u00fajtani.\" \/>\n<meta name=\"robots\" content=\"index, follow, max-snippet:-1, max-image-preview:large, max-video-preview:-1\" \/>\n<link rel=\"canonical\" href=\"https:\/\/mostbet-aviator.info\/hu\/\" \/>\n<meta property=\"og:locale\" content=\"hu_HU\" \/>\n<meta property=\"og:locale:alternate\" content=\"ru_RU\" \/>\n<meta property=\"og:locale:alternate\" content=\"en_US\" \/>\n<meta property=\"og:locale:alternate\" content=\"pt_PT\" \/>\n<meta property=\"og:locale:alternate\" content=\"es_ES\" \/>\n<meta property=\"og:locale:alternate\" content=\"sr_RS\" \/>\n<meta property=\"og:locale:alternate\" content=\"bg_BG\" \/>\n<meta property=\"og:locale:alternate\" content=\"pl_PL\" \/>\n<meta property=\"og:locale:alternate\" content=\"it_IT\" \/>\n<meta property=\"og:locale:alternate\" content=\"fr_FR\" \/>\n<meta property=\"og:locale:alternate\" content=\"tr_TR\" \/>\n<meta property=\"og:type\" content=\"article\" \/>\n<meta property=\"og:title\" content=\"\u0418\u0433\u0440\u0430\u0442\u044c \u0432 \u0410\u0432\u0438\u0430\u0442\u043e\u0440 \u0432 \u043e\u043d\u043b\u0430\u0439\u043d \u043a\u0430\u0437\u0438\u043d\u043e \u041c\u043e\u0441\u0442\u0431\u0435\u0442\" \/>\n<meta property=\"og:description\" content=\"\u0418\u0433\u0440\u0430\u0442\u044c \u0432 \u043a\u0440\u0430\u0448 \u0438\u0433\u0440\u0443 \u0410\u0432\u0438\u0430\u0442\u043e\u0440 \u043d\u0430 \u0440\u0435\u0430\u043b\u044c\u043d\u044b\u0435 \u0434\u0435\u043d\u044c\u0433\u0438 \u0432 \u043e\u043d\u043b\u0430\u0439\u043d \u043a\u0430\u0437\u0438\u043d\u043e Mostbet. Aviator Mostbet \u043f\u043e\u0434\u0430\u0440\u0438\u0442 \u043d\u0435\u0437\u0430\u0431\u044b\u0432\u0430\u0435\u043c\u044b\u0435 \u043c\u043e\u043c\u0435\u043d\u0442\u044b \u0438\u0433\u0440\u044b\" \/>\n<meta property=\"og:url\" content=\"https:\/\/mostbet-aviator.info\/hu\/\" \/>\n<meta property=\"og:site_name\" content=\"Aviator\" \/>\n<meta property=\"article:modified_time\" content=\"2024-03-11T10:52:54+00:00\" \/>\n<meta name=\"twitter:card\" content=\"summary_large_image\" \/>\n<meta name=\"twitter:label1\" content=\"Becs\u00fclt olvas\u00e1si id\u0151\" \/>\n\t<meta name=\"twitter:data1\" content=\"21 perc\" \/>\n<script type=\"application\/ld+json\" class=\"yoast-schema-graph\">{\"@context\":\"https:\/\/schema.org\",\"@graph\":[{\"@type\":\"WebPage\",\"@id\":\"https:\/\/mostbet-aviator.info\/\",\"url\":\"https:\/\/mostbet-aviator.info\/\",\"name\":\"\u0418\u0433\u0440\u0430\u0442\u044c \u0432 \u0410\u0432\u0438\u0430\u0442\u043e\u0440 \u0432 \u043e\u043d\u043b\u0430\u0439\u043d \u043a\u0430\u0437\u0438\u043d\u043e \u041c\u043e\u0441\u0442\u0431\u0435\u0442\",\"isPartOf\":{\"@id\":\"https:\/\/mostbet-aviator.info\/#website\"},\"datePublished\":\"2024-01-05T14:06:14+00:00\",\"dateModified\":\"2024-03-11T10:52:54+00:00\",\"description\":\"\u0418\u0433\u0440\u0430\u0442\u044c \u0432 \u043a\u0440\u0430\u0448 \u0438\u0433\u0440\u0443 \u0410\u0432\u0438\u0430\u0442\u043e\u0440 \u043d\u0430 \u0440\u0435\u0430\u043b\u044c\u043d\u044b\u0435 \u0434\u0435\u043d\u044c\u0433\u0438 \u0432 \u043e\u043d\u043b\u0430\u0439\u043d \u043a\u0430\u0437\u0438\u043d\u043e Mostbet. Aviator Mostbet \u043f\u043e\u0434\u0430\u0440\u0438\u0442 \u043d\u0435\u0437\u0430\u0431\u044b\u0432\u0430\u0435\u043c\u044b\u0435 \u043c\u043e\u043c\u0435\u043d\u0442\u044b \u0438\u0433\u0440\u044b\",\"breadcrumb\":{\"@id\":\"https:\/\/mostbet-aviator.info\/#breadcrumb\"},\"inLanguage\":\"hu-HU\",\"potentialAction\":[{\"@type\":\"ReadAction\",\"target\":[\"https:\/\/mostbet-aviator.info\/\"]}]},{\"@type\":\"BreadcrumbList\",\"@id\":\"https:\/\/mostbet-aviator.info\/#breadcrumb\",\"itemListElement\":[{\"@type\":\"ListItem\",\"position\":1,\"name\":\"Home\",\"item\":\"https:\/\/mostbet-aviator.info\/\"},{\"@type\":\"ListItem\",\"position\":2,\"name\":\"\u041a\u0440\u0430\u0448 \u0438\u0433\u0440\u0430 Aviator\"}]},{\"@type\":\"WebSite\",\"@id\":\"https:\/\/mostbet-aviator.info\/#website\",\"url\":\"https:\/\/mostbet-aviator.info\/\",\"name\":\"Aviator\",\"description\":\"\",\"publisher\":{\"@id\":\"https:\/\/mostbet-aviator.info\/#organization\"},\"potentialAction\":[{\"@type\":\"SearchAction\",\"target\":{\"@type\":\"EntryPoint\",\"urlTemplate\":\"https:\/\/mostbet-aviator.info\/?s={search_term_string}\"},\"query-input\":{\"@type\":\"PropertyValueSpecification\",\"valueRequired\":true,\"valueName\":\"search_term_string\"}}],\"inLanguage\":\"hu-HU\"},{\"@type\":\"Organization\",\"@id\":\"https:\/\/mostbet-aviator.info\/#organization\",\"name\":\"Aviator\",\"url\":\"https:\/\/mostbet-aviator.info\/\",\"logo\":{\"@type\":\"ImageObject\",\"inLanguage\":\"hu-HU\",\"@id\":\"https:\/\/mostbet-aviator.info\/#\/schema\/logo\/image\/\",\"url\":\"https:\/\/mostbet-aviator.info\/wp-content\/uploads\/2024\/01\/aviator-game-logo.gif\",\"contentUrl\":\"https:\/\/mostbet-aviator.info\/wp-content\/uploads\/2024\/01\/aviator-game-logo.gif\",\"width\":500,\"height\":189,\"caption\":\"Aviator\"},\"image\":{\"@id\":\"https:\/\/mostbet-aviator.info\/#\/schema\/logo\/image\/\"}}]}<\/script>\n<!-- \/ Yoast SEO plugin. -->","yoast_head_json":{"title":"\u0418\u0433\u0440\u0430\u0442\u044c \u0432 \u0410\u0432\u0438\u0430\u0442\u043e\u0440 \u0432 \u043e\u043d\u043b\u0430\u0439\u043d \u043a\u0430\u0437\u0438\u043d\u043e \u041c\u043e\u0441\u0442\u0431\u0435\u0442","description":"J\u00e1tssza az Aviator csap\u00f3d\u00e1s j\u00e1t\u00e9kot val\u00f3di p\u00e9nz\u00e9rt a Mostbet online kaszin\u00f3j\u00e1ban. Az Aviator Mostbet felejthetetlen j\u00e1t\u00e9kmomentumokat fog ny\u00fajtani.","robots":{"index":"index","follow":"follow","max-snippet":"max-snippet:-1","max-image-preview":"max-image-preview:large","max-video-preview":"max-video-preview:-1"},"canonical":"https:\/\/mostbet-aviator.info\/hu\/","og_locale":"hu_HU","og_type":"article","og_title":"\u0418\u0433\u0440\u0430\u0442\u044c \u0432 \u0410\u0432\u0438\u0430\u0442\u043e\u0440 \u0432 \u043e\u043d\u043b\u0430\u0439\u043d \u043a\u0430\u0437\u0438\u043d\u043e \u041c\u043e\u0441\u0442\u0431\u0435\u0442","og_description":"\u0418\u0433\u0440\u0430\u0442\u044c \u0432 \u043a\u0440\u0430\u0448 \u0438\u0433\u0440\u0443 \u0410\u0432\u0438\u0430\u0442\u043e\u0440 \u043d\u0430 \u0440\u0435\u0430\u043b\u044c\u043d\u044b\u0435 \u0434\u0435\u043d\u044c\u0433\u0438 \u0432 \u043e\u043d\u043b\u0430\u0439\u043d \u043a\u0430\u0437\u0438\u043d\u043e Mostbet. Aviator Mostbet \u043f\u043e\u0434\u0430\u0440\u0438\u0442 \u043d\u0435\u0437\u0430\u0431\u044b\u0432\u0430\u0435\u043c\u044b\u0435 \u043c\u043e\u043c\u0435\u043d\u0442\u044b \u0438\u0433\u0440\u044b","og_url":"https:\/\/mostbet-aviator.info\/hu\/","og_site_name":"Aviator","article_modified_time":"2024-03-11T10:52:54+00:00","twitter_card":"summary_large_image","twitter_misc":{"Becs\u00fclt olvas\u00e1si id\u0151":"21 perc"},"schema":{"@context":"https:\/\/schema.org","@graph":[{"@type":"WebPage","@id":"https:\/\/mostbet-aviator.info\/","url":"https:\/\/mostbet-aviator.info\/","name":"\u0418\u0433\u0440\u0430\u0442\u044c \u0432 \u0410\u0432\u0438\u0430\u0442\u043e\u0440 \u0432 \u043e\u043d\u043b\u0430\u0439\u043d \u043a\u0430\u0437\u0438\u043d\u043e \u041c\u043e\u0441\u0442\u0431\u0435\u0442","isPartOf":{"@id":"https:\/\/mostbet-aviator.info\/#website"},"datePublished":"2024-01-05T14:06:14+00:00","dateModified":"2024-03-11T10:52:54+00:00","description":"\u0418\u0433\u0440\u0430\u0442\u044c \u0432 \u043a\u0440\u0430\u0448 \u0438\u0433\u0440\u0443 \u0410\u0432\u0438\u0430\u0442\u043e\u0440 \u043d\u0430 \u0440\u0435\u0430\u043b\u044c\u043d\u044b\u0435 \u0434\u0435\u043d\u044c\u0433\u0438 \u0432 \u043e\u043d\u043b\u0430\u0439\u043d \u043a\u0430\u0437\u0438\u043d\u043e Mostbet. Aviator Mostbet \u043f\u043e\u0434\u0430\u0440\u0438\u0442 \u043d\u0435\u0437\u0430\u0431\u044b\u0432\u0430\u0435\u043c\u044b\u0435 \u043c\u043e\u043c\u0435\u043d\u0442\u044b \u0438\u0433\u0440\u044b","breadcrumb":{"@id":"https:\/\/mostbet-aviator.info\/#breadcrumb"},"inLanguage":"hu-HU","potentialAction":[{"@type":"ReadAction","target":["https:\/\/mostbet-aviator.info\/"]}]},{"@type":"BreadcrumbList","@id":"https:\/\/mostbet-aviator.info\/#breadcrumb","itemListElement":[{"@type":"ListItem","position":1,"name":"Home","item":"https:\/\/mostbet-aviator.info\/"},{"@type":"ListItem","position":2,"name":"\u041a\u0440\u0430\u0448 \u0438\u0433\u0440\u0430 Aviator"}]},{"@type":"WebSite","@id":"https:\/\/mostbet-aviator.info\/#website","url":"https:\/\/mostbet-aviator.info\/","name":"Aviator","description":"","publisher":{"@id":"https:\/\/mostbet-aviator.info\/#organization"},"potentialAction":[{"@type":"SearchAction","target":{"@type":"EntryPoint","urlTemplate":"https:\/\/mostbet-aviator.info\/?s={search_term_string}"},"query-input":{"@type":"PropertyValueSpecification","valueRequired":true,"valueName":"search_term_string"}}],"inLanguage":"hu-HU"},{"@type":"Organization","@id":"https:\/\/mostbet-aviator.info\/#organization","name":"Aviator","url":"https:\/\/mostbet-aviator.info\/","logo":{"@type":"ImageObject","inLanguage":"hu-HU","@id":"https:\/\/mostbet-aviator.info\/#\/schema\/logo\/image\/","url":"https:\/\/mostbet-aviator.info\/wp-content\/uploads\/2024\/01\/aviator-game-logo.gif","contentUrl":"https:\/\/mostbet-aviator.info\/wp-content\/uploads\/2024\/01\/aviator-game-logo.gif","width":500,"height":189,"caption":"Aviator"},"image":{"@id":"https:\/\/mostbet-aviator.info\/#\/schema\/logo\/image\/"}}]}},"_links":{"self":[{"href":"https:\/\/mostbet-aviator.info\/hu\/index.php\/wp-json\/wp\/v2\/pages\/6","targetHints":{"allow":["GET"]}}],"collection":[{"href":"https:\/\/mostbet-aviator.info\/hu\/index.php\/wp-json\/wp\/v2\/pages"}],"about":[{"href":"https:\/\/mostbet-aviator.info\/hu\/index.php\/wp-json\/wp\/v2\/types\/page"}],"author":[{"embeddable":true,"href":"https:\/\/mostbet-aviator.info\/hu\/index.php\/wp-json\/wp\/v2\/users\/1"}],"replies":[{"embeddable":true,"href":"https:\/\/mostbet-aviator.info\/hu\/index.php\/wp-json\/wp\/v2\/comments?post=6"}],"version-history":[{"count":23,"href":"https:\/\/mostbet-aviator.info\/hu\/index.php\/wp-json\/wp\/v2\/pages\/6\/revisions"}],"predecessor-version":[{"id":118,"href":"https:\/\/mostbet-aviator.info\/hu\/index.php\/wp-json\/wp\/v2\/pages\/6\/revisions\/118"}],"wp:attachment":[{"href":"https:\/\/mostbet-aviator.info\/hu\/index.php\/wp-json\/wp\/v2\/media?parent=6"}],"curies":[{"name":"wp","href":"https:\/\/api.w.org\/{rel}","templated":true}]}}