{"id":8,"date":"2024-01-05T14:07:03","date_gmt":"2024-01-05T14:07:03","guid":{"rendered":"https:\/\/mostbet-aviator.info\/?page_id=8"},"modified":"2024-03-11T10:50:59","modified_gmt":"2024-03-11T10:50:59","slug":"how-to-start-playing-the-aviator-crash-game","status":"publish","type":"page","link":"https:\/\/mostbet-aviator.info\/hu\/index.php\/how-to-start-playing-the-aviator-crash-game\/","title":{"rendered":"Hogyan kezdj\u00fck el j\u00e1tszani az Aviator crash j\u00e1t\u00e9kot &#8211; tippek \u00e9s strat\u00e9gi\u00e1k"},"content":{"rendered":"<p>A n\u00e9pszer\u0171 online j\u00e1t\u00e9k, az Aviator, az egyik legkeresettebb sz\u00f3rakoz\u00e1s lett az online kaszin\u00f3kban. A j\u00e1t\u00e9kot a Spribe st\u00fadi\u00f3 jelentette meg 2019-ben. A szimul\u00e1tor az\u00e9rt vonzotta mag\u00e1ra a szerencsej\u00e1t\u00e9kosok figyelm\u00e9t, mert szokatlan m\u00f3don val\u00f3s\u00edtotta meg a j\u00e1t\u00e9kmenetet, magas fogad\u00e1si szorz\u00f3kat \u00e9s egyedi mechanik\u00e1t k\u00edn\u00e1lt. A f\u0151 j\u00e1t\u00e9kt\u00e1rgy egy virtu\u00e1lis rep\u00fcl\u0151g\u00e9p. A rep\u00fcl\u0151g\u00e9p gyorsan emelkedik, \u00e9s ahogy magasabbra jut, \u00fagy n\u00f6vekszenek a fogad\u00e1si szorz\u00f3k. A j\u00e1t\u00e9k j\u00f3 elm\u00e9leti visszat\u00e9r\u00e9si ar\u00e1nnyal rendelkezik &#8211; az RTP 97%. K\u00f6zepesen alacsony volatilit\u00e1sa miatt a nyerem\u00e9nyek gyakran el\u0151fordulnak. Meg kell v\u00e1lasztani azt a pillanatot, amikor a k\u00e9perny\u0151n megjelenik egy magas szorz\u00f3, \u00e9s gyorsan be kell szerezni a p\u00e9nzjutalmat.<\/p>\n<h2>Az Aviator j\u00e1t\u00e9k jellemz\u0151i:<\/h2>\n<p>Az Aviator nyer\u0151g\u00e9pben a j\u00e1t\u00e9kt\u00e9r egy felsz\u00e1ll\u00f3p\u00e1ly\u00e1t \u00e1br\u00e1zol. A fogad\u00e1sok kiv\u00e1laszt\u00e1s\u00e1hoz \u00e9s a nyerem\u00e9nyek kifizet\u00e9s\u00e9hez k\u00e9t vez\u00e9rl\u0151panel tal\u00e1lhat\u00f3 a k\u00e9perny\u0151 alj\u00e1n. A j\u00e1t\u00e9k megkezd\u00e9se el\u0151tt v\u00e1rjon a jelenlegi k\u00f6r befejez\u00e9s\u00e9re, mivel a j\u00e1t\u00e9k t\u00f6bbj\u00e1t\u00e9kos. A j\u00e1t\u00e9kmenet l\u00e9nyege a k\u00f6vetkez\u0151:<\/p>\n<ul>\n<li>A szerencsej\u00e1t\u00e9kos egy vagy k\u00e9t \u00f6sszeget helyez el a k\u00f6rre.<\/li>\n<li>Miut\u00e1n lej\u00e1rt a fogad\u00e1si id\u0151, a rep\u00fcl\u0151g\u00e9p felsz\u00e1ll.<\/li>\n<li>V\u00e1rja meg az optim\u00e1lis szorz\u00f3t.<\/li>\n<li>\u00c1ll\u00edtsa le a k\u00f6rt, \u00e9s szerezze be a nyerem\u00e9nyeket.<\/li>\n<\/ul>\n<p>Haszn\u00e1lhatja az automatikus lej\u00e1tsz\u00e1s \u00e9s automatikus kifizet\u00e9s funkci\u00f3kat, vagy manu\u00e1lisan helyezhet fogad\u00e1sokat \u00e9s k\u00e9szp\u00e9nzt vehet ki. Az automatikus lej\u00e1tsz\u00e1st 10, 50 vagy 100 k\u00f6rre \u00e1ll\u00edthatja be. Az automatikus kifizet\u00e9si m\u00f3dot mindk\u00e9t vez\u00e9rl\u0151panelen egyszerre lehet be\u00e1ll\u00edtani. Ezek k\u00e9nyelmes lehet\u0151s\u00e9gek, amelyek lehet\u0151v\u00e9 teszik, hogy gyakrabban nyerjen az Aviator szimul\u00e1torban.<\/p>\n<h2>N\u00e9pszer\u0171 Aviator j\u00e1t\u00e9kstrat\u00e9gi\u00e1k:<\/h2>\n<p>Besz\u00e9lj\u00fcnk arr\u00f3l a strat\u00e9gi\u00e1r\u00f3l, amelyet a j\u00e1t\u00e9kosok az Aviator j\u00e1t\u00e9khoz alkalmaznak a Mostbet kaszin\u00f3ban. Sok szerencsej\u00e1t\u00e9kos k\u00fcl\u00f6nf\u00e9le j\u00e1t\u00e9k taktik\u00e1kat alkalmaz annak \u00e9rdek\u00e9ben, hogy n\u00f6velje a nyer\u00e9s es\u00e9lyeit. Az Aviator j\u00e1t\u00e9kban \u00e1ltal\u00e1ban a fogad\u00e1si m\u00e9retek \u00e9s a kifizet\u00e9si szorz\u00f3kkal kapcsolatos strat\u00e9gi\u00e1kat haszn\u00e1lj\u00e1k. A legink\u00e1bb hat\u00e9kony j\u00e1t\u00e9k taktik\u00e1k k\u00f6z\u00e9 tartoznak:<\/p>\n<ol>\n<li>J\u00e1t\u00e9k minim\u00e1lis fogad\u00e1sokkal \u00e9s alacsony szorz\u00f3kkal: A legkev\u00e9sb\u00e9 kock\u00e1zatos strat\u00e9gia, amely kis, \u00e1lland\u00f3 kifizet\u00e9seket biztos\u00edt. A j\u00e1t\u00e9kosnak kis \u00f6sszegeket kell helyeznie, \u00e9s meg kell \u00e1ll\u00edtania a k\u00f6rt, amikor a k\u00e9perny\u0151n megjelennek ak\u00e1r x3-as szorz\u00f3k is. B\u00e1r ezzel a m\u00f3dszerrel nem nyerhet sok p\u00e9nzt, a vesztes\u00e9g kock\u00e1zata minim\u00e1lis.<\/li>\n<li>J\u00e1t\u00e9k k\u00f6zepes fogad\u00e1sokkal \u00e9s szorz\u00f3kkal: Hasonl\u00f3an az el\u0151z\u0151 strat\u00e9gi\u00e1hoz, de a szerencsej\u00e1t\u00e9kosnak nagyobb t\u00e9tekkel kell fogadnia, \u00e9s akkor kell k\u00e9szp\u00e9nzt vennie, amikor a k\u00e9perny\u0151n megjelennek a x4-t\u0151l x10-es szorz\u00f3kig terjed\u0151 \u00e9rt\u00e9kek. A kock\u00e1zatok magasabbak, de a nagy \u00f6sszeg\u0171 p\u00e9nznyerem\u00e9ny es\u00e9lye is n\u0151.<\/li>\n<li>J\u00e1t\u00e9k magas fogad\u00e1sokkal \u00e9s maxim\u00e1lis szorz\u00f3kkal: A legkock\u00e1zatosabb \u00e9s legj\u00f6vedelmez\u0151bb taktika. Ha szerencs\u00e9s, a j\u00e1t\u00e9kos jelent\u0151s \u00f6sszeget nyerhet az Aviator j\u00e1t\u00e9kban. Aj\u00e1nlott automatikus kifizet\u00e9st be\u00e1ll\u00edtani a x100 \u00e9s ann\u00e1l magasabb szorz\u00f3kra.<\/li>\n<\/ol>\n<p>Az Aviator crash j\u00e1t\u00e9kban olyan klasszikus strat\u00e9gi\u00e1kat is alkalmaznak, mint a Marting<\/p>\n<p>ale. Fontos megjegyezni, hogy a k\u00fcl\u00f6nf\u00e9le taktik\u00e1k nem garant\u00e1lj\u00e1k a sz\u00e1z sz\u00e1zal\u00e9kos gy\u0151zelmet a nyer\u0151g\u00e9pen, de seg\u00edtenek cs\u00f6kkenteni a p\u00e9nz\u00fcgyi vesztes\u00e9gek kock\u00e1zat\u00e1t \u00e9s gyakrabban nyerni. V\u00e9g\u00fcl sokkal b\u00f6lcsesebb egy adott rendszer szerint j\u00e1tszani, mint egyszer\u0171en v\u00e9letlen szerencs\u00e9re rem\u00e9lni, \u00e9s nyomkodni a gombokat.<\/p>\n","protected":false},"excerpt":{"rendered":"<p>A n\u00e9pszer\u0171 online j\u00e1t\u00e9k, az Aviator, az egyik legkeresettebb sz\u00f3rakoz\u00e1s lett az online kaszin\u00f3kban. A j\u00e1t\u00e9kot a Spribe st\u00fadi\u00f3 jelentette meg 2019-ben. A szimul\u00e1tor az\u00e9rt vonzotta mag\u00e1ra a szerencsej\u00e1t\u00e9kosok figyelm\u00e9t, mert szokatlan m\u00f3don val\u00f3s\u00edtotta meg a j\u00e1t\u00e9kmenetet, magas fogad\u00e1si szorz\u00f3kat \u00e9s egyedi mechanik\u00e1t k\u00edn\u00e1lt. A f\u0151 j\u00e1t\u00e9kt\u00e1rgy egy virtu\u00e1lis rep\u00fcl\u0151g\u00e9p. A rep\u00fcl\u0151g\u00e9p gyorsan emelkedik, \u00e9s&#8230;<\/p>\n","protected":false},"author":1,"featured_media":0,"parent":0,"menu_order":0,"comment_status":"closed","ping_status":"closed","template":"","meta":{"footnotes":""},"class_list":["post-8","page","type-page","status-publish","hentry"],"yoast_head":"<!-- This site is optimized with the Yoast SEO plugin v27.2 - https:\/\/yoast.com\/product\/yoast-seo-wordpress\/ -->\n<title>\u041b\u0443\u0447\u0448\u0438\u0435 \u0441\u0442\u0440\u0430\u0442\u0435\u0433\u0438\u0438 \u0438 \u0442\u0430\u043a\u0442\u0438\u043a\u0438 \u0438\u0433\u0440\u044b \u0432 \u0410\u0432\u0438\u0430\u0442\u043e\u0440<\/title>\n<meta name=\"description\" content=\"Hogyan j\u00e1tszhat \u00e9s nyerhet val\u00f3di p\u00e9nzt az Aviator online j\u00e1t\u00e9kban a Mostbet online kaszin\u00f3j\u00e1ban. Az Aviator j\u00e1t\u00e9kosok sz\u00e1m\u00e1ra legjobb strat\u00e9gi\u00e1k \u00e9s taktik\u00e1k.\" \/>\n<meta name=\"robots\" content=\"index, follow, max-snippet:-1, max-image-preview:large, max-video-preview:-1\" \/>\n<link rel=\"canonical\" href=\"https:\/\/mostbet-aviator.info\/hu\/index.php\/how-to-start-playing-the-aviator-crash-game\/\" \/>\n<meta property=\"og:locale\" content=\"hu_HU\" \/>\n<meta property=\"og:locale:alternate\" content=\"ru_RU\" \/>\n<meta property=\"og:locale:alternate\" content=\"en_US\" \/>\n<meta property=\"og:locale:alternate\" content=\"pt_PT\" \/>\n<meta property=\"og:locale:alternate\" content=\"es_ES\" \/>\n<meta property=\"og:locale:alternate\" content=\"sr_RS\" \/>\n<meta property=\"og:locale:alternate\" content=\"bg_BG\" \/>\n<meta property=\"og:locale:alternate\" content=\"pl_PL\" \/>\n<meta property=\"og:locale:alternate\" content=\"it_IT\" \/>\n<meta property=\"og:locale:alternate\" content=\"fr_FR\" \/>\n<meta property=\"og:locale:alternate\" content=\"tr_TR\" \/>\n<meta property=\"og:type\" content=\"article\" \/>\n<meta property=\"og:title\" content=\"\u041b\u0443\u0447\u0448\u0438\u0435 \u0441\u0442\u0440\u0430\u0442\u0435\u0433\u0438\u0438 \u0438 \u0442\u0430\u043a\u0442\u0438\u043a\u0438 \u0438\u0433\u0440\u044b \u0432 \u0410\u0432\u0438\u0430\u0442\u043e\u0440\" \/>\n<meta property=\"og:description\" content=\"\u041a\u0430\u043a \u0438\u0433\u0440\u0430\u0442\u044c \u0438 \u0432\u044b\u0438\u0433\u0440\u044b\u0432\u0430\u0442\u044c \u043d\u0430\u0441\u0442\u043e\u044f\u0449\u0438\u0435 \u0434\u0435\u043d\u044c\u0433\u0438 \u0432 \u043e\u043d\u043b\u0430\u0439\u043d \u0438\u0433\u0440\u0435 \u0432 \u0410\u0432\u0438\u0430\u0442\u043e\u0440 \u0432 \u043e\u043d\u043b\u0430\u0439\u043d \u043a\u0430\u0437\u0438\u043d\u043e \u041c\u043e\u0441\u0442\u0431\u0435\u0442. \u041b\u0443\u0447\u0448\u0438\u0435 \u0441\u0442\u0440\u0430\u0442\u0435\u0433\u0438\u0438 \u0438 \u0442\u0430\u043a\u0442\u0438\u043a\u0438 \u0434\u043b\u044f \u0438\u0433\u0440\u043e\u043a\u043e\u0432 \u0410\u0432\u0438\u0430\u0442\u043e\u0440\u0430\" \/>\n<meta property=\"og:url\" content=\"https:\/\/mostbet-aviator.info\/hu\/index.php\/how-to-start-playing-the-aviator-crash-game\/\" \/>\n<meta property=\"og:site_name\" content=\"Aviator\" \/>\n<meta property=\"article:modified_time\" content=\"2024-03-11T10:50:59+00:00\" \/>\n<meta name=\"twitter:card\" content=\"summary_large_image\" \/>\n<meta name=\"twitter:label1\" content=\"Becs\u00fclt olvas\u00e1si id\u0151\" \/>\n\t<meta name=\"twitter:data1\" content=\"23 perc\" \/>\n<script type=\"application\/ld+json\" class=\"yoast-schema-graph\">{\"@context\":\"https:\/\/schema.org\",\"@graph\":[{\"@type\":\"WebPage\",\"@id\":\"https:\/\/mostbet-aviator.info\/index.php\/how-to-start-playing-the-aviator-crash-game\/\",\"url\":\"https:\/\/mostbet-aviator.info\/index.php\/how-to-start-playing-the-aviator-crash-game\/\",\"name\":\"\u041b\u0443\u0447\u0448\u0438\u0435 \u0441\u0442\u0440\u0430\u0442\u0435\u0433\u0438\u0438 \u0438 \u0442\u0430\u043a\u0442\u0438\u043a\u0438 \u0438\u0433\u0440\u044b \u0432 \u0410\u0432\u0438\u0430\u0442\u043e\u0440\",\"isPartOf\":{\"@id\":\"https:\/\/mostbet-aviator.info\/#website\"},\"datePublished\":\"2024-01-05T14:07:03+00:00\",\"dateModified\":\"2024-03-11T10:50:59+00:00\",\"description\":\"\u041a\u0430\u043a \u0438\u0433\u0440\u0430\u0442\u044c \u0438 \u0432\u044b\u0438\u0433\u0440\u044b\u0432\u0430\u0442\u044c \u043d\u0430\u0441\u0442\u043e\u044f\u0449\u0438\u0435 \u0434\u0435\u043d\u044c\u0433\u0438 \u0432 \u043e\u043d\u043b\u0430\u0439\u043d \u0438\u0433\u0440\u0435 \u0432 \u0410\u0432\u0438\u0430\u0442\u043e\u0440 \u0432 \u043e\u043d\u043b\u0430\u0439\u043d \u043a\u0430\u0437\u0438\u043d\u043e \u041c\u043e\u0441\u0442\u0431\u0435\u0442. \u041b\u0443\u0447\u0448\u0438\u0435 \u0441\u0442\u0440\u0430\u0442\u0435\u0433\u0438\u0438 \u0438 \u0442\u0430\u043a\u0442\u0438\u043a\u0438 \u0434\u043b\u044f \u0438\u0433\u0440\u043e\u043a\u043e\u0432 \u0410\u0432\u0438\u0430\u0442\u043e\u0440\u0430\",\"breadcrumb\":{\"@id\":\"https:\/\/mostbet-aviator.info\/index.php\/how-to-start-playing-the-aviator-crash-game\/#breadcrumb\"},\"inLanguage\":\"hu-HU\",\"potentialAction\":[{\"@type\":\"ReadAction\",\"target\":[\"https:\/\/mostbet-aviator.info\/index.php\/how-to-start-playing-the-aviator-crash-game\/\"]}]},{\"@type\":\"BreadcrumbList\",\"@id\":\"https:\/\/mostbet-aviator.info\/index.php\/how-to-start-playing-the-aviator-crash-game\/#breadcrumb\",\"itemListElement\":[{\"@type\":\"ListItem\",\"position\":1,\"name\":\"Home\",\"item\":\"https:\/\/mostbet-aviator.info\/\"},{\"@type\":\"ListItem\",\"position\":2,\"name\":\"\u041a\u0430\u043a \u043d\u0430\u0447\u0430\u0442\u044c \u0438\u0433\u0440\u0430\u0442\u044c \u0432 \u043a\u0440\u0430\u0448-\u0438\u0433\u0440\u0443 Aviator \u2013 \u0441\u043e\u0432\u0435\u0442\u044b \u0438 \u0441\u0442\u0440\u0430\u0442\u0435\u0433\u0438\u0438\"}]},{\"@type\":\"WebSite\",\"@id\":\"https:\/\/mostbet-aviator.info\/#website\",\"url\":\"https:\/\/mostbet-aviator.info\/\",\"name\":\"Aviator\",\"description\":\"\",\"publisher\":{\"@id\":\"https:\/\/mostbet-aviator.info\/#organization\"},\"potentialAction\":[{\"@type\":\"SearchAction\",\"target\":{\"@type\":\"EntryPoint\",\"urlTemplate\":\"https:\/\/mostbet-aviator.info\/?s={search_term_string}\"},\"query-input\":{\"@type\":\"PropertyValueSpecification\",\"valueRequired\":true,\"valueName\":\"search_term_string\"}}],\"inLanguage\":\"hu-HU\"},{\"@type\":\"Organization\",\"@id\":\"https:\/\/mostbet-aviator.info\/#organization\",\"name\":\"Aviator\",\"url\":\"https:\/\/mostbet-aviator.info\/\",\"logo\":{\"@type\":\"ImageObject\",\"inLanguage\":\"hu-HU\",\"@id\":\"https:\/\/mostbet-aviator.info\/#\/schema\/logo\/image\/\",\"url\":\"https:\/\/mostbet-aviator.info\/wp-content\/uploads\/2024\/01\/aviator-game-logo.gif\",\"contentUrl\":\"https:\/\/mostbet-aviator.info\/wp-content\/uploads\/2024\/01\/aviator-game-logo.gif\",\"width\":500,\"height\":189,\"caption\":\"Aviator\"},\"image\":{\"@id\":\"https:\/\/mostbet-aviator.info\/#\/schema\/logo\/image\/\"}}]}<\/script>\n<!-- \/ Yoast SEO plugin. -->","yoast_head_json":{"title":"\u041b\u0443\u0447\u0448\u0438\u0435 \u0441\u0442\u0440\u0430\u0442\u0435\u0433\u0438\u0438 \u0438 \u0442\u0430\u043a\u0442\u0438\u043a\u0438 \u0438\u0433\u0440\u044b \u0432 \u0410\u0432\u0438\u0430\u0442\u043e\u0440","description":"Hogyan j\u00e1tszhat \u00e9s nyerhet val\u00f3di p\u00e9nzt az Aviator online j\u00e1t\u00e9kban a Mostbet online kaszin\u00f3j\u00e1ban. Az Aviator j\u00e1t\u00e9kosok sz\u00e1m\u00e1ra legjobb strat\u00e9gi\u00e1k \u00e9s taktik\u00e1k.","robots":{"index":"index","follow":"follow","max-snippet":"max-snippet:-1","max-image-preview":"max-image-preview:large","max-video-preview":"max-video-preview:-1"},"canonical":"https:\/\/mostbet-aviator.info\/hu\/index.php\/how-to-start-playing-the-aviator-crash-game\/","og_locale":"hu_HU","og_type":"article","og_title":"\u041b\u0443\u0447\u0448\u0438\u0435 \u0441\u0442\u0440\u0430\u0442\u0435\u0433\u0438\u0438 \u0438 \u0442\u0430\u043a\u0442\u0438\u043a\u0438 \u0438\u0433\u0440\u044b \u0432 \u0410\u0432\u0438\u0430\u0442\u043e\u0440","og_description":"\u041a\u0430\u043a \u0438\u0433\u0440\u0430\u0442\u044c \u0438 \u0432\u044b\u0438\u0433\u0440\u044b\u0432\u0430\u0442\u044c \u043d\u0430\u0441\u0442\u043e\u044f\u0449\u0438\u0435 \u0434\u0435\u043d\u044c\u0433\u0438 \u0432 \u043e\u043d\u043b\u0430\u0439\u043d \u0438\u0433\u0440\u0435 \u0432 \u0410\u0432\u0438\u0430\u0442\u043e\u0440 \u0432 \u043e\u043d\u043b\u0430\u0439\u043d \u043a\u0430\u0437\u0438\u043d\u043e \u041c\u043e\u0441\u0442\u0431\u0435\u0442. \u041b\u0443\u0447\u0448\u0438\u0435 \u0441\u0442\u0440\u0430\u0442\u0435\u0433\u0438\u0438 \u0438 \u0442\u0430\u043a\u0442\u0438\u043a\u0438 \u0434\u043b\u044f \u0438\u0433\u0440\u043e\u043a\u043e\u0432 \u0410\u0432\u0438\u0430\u0442\u043e\u0440\u0430","og_url":"https:\/\/mostbet-aviator.info\/hu\/index.php\/how-to-start-playing-the-aviator-crash-game\/","og_site_name":"Aviator","article_modified_time":"2024-03-11T10:50:59+00:00","twitter_card":"summary_large_image","twitter_misc":{"Becs\u00fclt olvas\u00e1si id\u0151":"23 perc"},"schema":{"@context":"https:\/\/schema.org","@graph":[{"@type":"WebPage","@id":"https:\/\/mostbet-aviator.info\/index.php\/how-to-start-playing-the-aviator-crash-game\/","url":"https:\/\/mostbet-aviator.info\/index.php\/how-to-start-playing-the-aviator-crash-game\/","name":"\u041b\u0443\u0447\u0448\u0438\u0435 \u0441\u0442\u0440\u0430\u0442\u0435\u0433\u0438\u0438 \u0438 \u0442\u0430\u043a\u0442\u0438\u043a\u0438 \u0438\u0433\u0440\u044b \u0432 \u0410\u0432\u0438\u0430\u0442\u043e\u0440","isPartOf":{"@id":"https:\/\/mostbet-aviator.info\/#website"},"datePublished":"2024-01-05T14:07:03+00:00","dateModified":"2024-03-11T10:50:59+00:00","description":"\u041a\u0430\u043a \u0438\u0433\u0440\u0430\u0442\u044c \u0438 \u0432\u044b\u0438\u0433\u0440\u044b\u0432\u0430\u0442\u044c \u043d\u0430\u0441\u0442\u043e\u044f\u0449\u0438\u0435 \u0434\u0435\u043d\u044c\u0433\u0438 \u0432 \u043e\u043d\u043b\u0430\u0439\u043d \u0438\u0433\u0440\u0435 \u0432 \u0410\u0432\u0438\u0430\u0442\u043e\u0440 \u0432 \u043e\u043d\u043b\u0430\u0439\u043d \u043a\u0430\u0437\u0438\u043d\u043e \u041c\u043e\u0441\u0442\u0431\u0435\u0442. \u041b\u0443\u0447\u0448\u0438\u0435 \u0441\u0442\u0440\u0430\u0442\u0435\u0433\u0438\u0438 \u0438 \u0442\u0430\u043a\u0442\u0438\u043a\u0438 \u0434\u043b\u044f \u0438\u0433\u0440\u043e\u043a\u043e\u0432 \u0410\u0432\u0438\u0430\u0442\u043e\u0440\u0430","breadcrumb":{"@id":"https:\/\/mostbet-aviator.info\/index.php\/how-to-start-playing-the-aviator-crash-game\/#breadcrumb"},"inLanguage":"hu-HU","potentialAction":[{"@type":"ReadAction","target":["https:\/\/mostbet-aviator.info\/index.php\/how-to-start-playing-the-aviator-crash-game\/"]}]},{"@type":"BreadcrumbList","@id":"https:\/\/mostbet-aviator.info\/index.php\/how-to-start-playing-the-aviator-crash-game\/#breadcrumb","itemListElement":[{"@type":"ListItem","position":1,"name":"Home","item":"https:\/\/mostbet-aviator.info\/"},{"@type":"ListItem","position":2,"name":"\u041a\u0430\u043a \u043d\u0430\u0447\u0430\u0442\u044c \u0438\u0433\u0440\u0430\u0442\u044c \u0432 \u043a\u0440\u0430\u0448-\u0438\u0433\u0440\u0443 Aviator \u2013 \u0441\u043e\u0432\u0435\u0442\u044b \u0438 \u0441\u0442\u0440\u0430\u0442\u0435\u0433\u0438\u0438"}]},{"@type":"WebSite","@id":"https:\/\/mostbet-aviator.info\/#website","url":"https:\/\/mostbet-aviator.info\/","name":"Aviator","description":"","publisher":{"@id":"https:\/\/mostbet-aviator.info\/#organization"},"potentialAction":[{"@type":"SearchAction","target":{"@type":"EntryPoint","urlTemplate":"https:\/\/mostbet-aviator.info\/?s={search_term_string}"},"query-input":{"@type":"PropertyValueSpecification","valueRequired":true,"valueName":"search_term_string"}}],"inLanguage":"hu-HU"},{"@type":"Organization","@id":"https:\/\/mostbet-aviator.info\/#organization","name":"Aviator","url":"https:\/\/mostbet-aviator.info\/","logo":{"@type":"ImageObject","inLanguage":"hu-HU","@id":"https:\/\/mostbet-aviator.info\/#\/schema\/logo\/image\/","url":"https:\/\/mostbet-aviator.info\/wp-content\/uploads\/2024\/01\/aviator-game-logo.gif","contentUrl":"https:\/\/mostbet-aviator.info\/wp-content\/uploads\/2024\/01\/aviator-game-logo.gif","width":500,"height":189,"caption":"Aviator"},"image":{"@id":"https:\/\/mostbet-aviator.info\/#\/schema\/logo\/image\/"}}]}},"_links":{"self":[{"href":"https:\/\/mostbet-aviator.info\/hu\/index.php\/wp-json\/wp\/v2\/pages\/8","targetHints":{"allow":["GET"]}}],"collection":[{"href":"https:\/\/mostbet-aviator.info\/hu\/index.php\/wp-json\/wp\/v2\/pages"}],"about":[{"href":"https:\/\/mostbet-aviator.info\/hu\/index.php\/wp-json\/wp\/v2\/types\/page"}],"author":[{"embeddable":true,"href":"https:\/\/mostbet-aviator.info\/hu\/index.php\/wp-json\/wp\/v2\/users\/1"}],"replies":[{"embeddable":true,"href":"https:\/\/mostbet-aviator.info\/hu\/index.php\/wp-json\/wp\/v2\/comments?post=8"}],"version-history":[{"count":23,"href":"https:\/\/mostbet-aviator.info\/hu\/index.php\/wp-json\/wp\/v2\/pages\/8\/revisions"}],"predecessor-version":[{"id":117,"href":"https:\/\/mostbet-aviator.info\/hu\/index.php\/wp-json\/wp\/v2\/pages\/8\/revisions\/117"}],"wp:attachment":[{"href":"https:\/\/mostbet-aviator.info\/hu\/index.php\/wp-json\/wp\/v2\/media?parent=8"}],"curies":[{"name":"wp","href":"https:\/\/api.w.org\/{rel}","templated":true}]}}