{"id":10,"date":"2024-01-05T14:07:54","date_gmt":"2024-01-05T14:07:54","guid":{"rendered":"https:\/\/mostbet-aviator.info\/?page_id=10"},"modified":"2024-03-11T10:48:59","modified_gmt":"2024-03-11T10:48:59","slug":"how-to-start-playing-aviator-at-mostbet-online-casino","status":"publish","type":"page","link":"https:\/\/mostbet-aviator.info\/index.php\/how-to-start-playing-aviator-at-mostbet-online-casino\/","title":{"rendered":"\u041a\u0430\u043a \u043d\u0430\u0447\u0430\u0442\u044c \u0438\u0433\u0440\u0430\u0442\u044c \u0432 \u0410\u0432\u0438\u0430\u0442\u043e\u0440 \u0432 \u043e\u043d\u043b\u0430\u0439\u043d-\u043a\u0430\u0437\u0438\u043d\u043e \u041c\u043e\u0441\u0442\u0431\u0435\u0442"},"content":{"rendered":"<p><span style=\"font-weight: 400;\">\u041a\u0440\u0430\u0448-\u0438\u0433\u0440\u0430 \u0410\u0432\u0438\u0430\u0442\u043e\u0440 \u0434\u043e\u0441\u0442\u0443\u043f\u043d\u0430 \u043d\u0430 \u0441\u0430\u0439\u0442\u0435 \u043a\u043e\u043c\u043f\u0430\u043d\u0438\u0438-\u0440\u0430\u0437\u0440\u0430\u0431\u043e\u0442\u0447\u0438\u043a\u0430, \u0433\u0434\u0435 \u0432\u044b \u043c\u043e\u0436\u0435\u0442\u0435 \u0438\u0433\u0440\u0430\u0442\u044c \u0431\u0435\u0441\u043f\u043b\u0430\u0442\u043d\u043e \u0438 \u0432 \u043e\u043d\u043b\u0430\u0439\u043d-\u043a\u0430\u0437\u0438\u043d\u043e \u041c\u043e\u0441\u0442\u0431\u0435\u0442. \u0414\u043b\u044f \u0437\u0430\u043f\u0443\u0441\u043a\u0430 \u0438\u0433\u0440\u044b \u043d\u0430 \u0440\u0435\u0430\u043b\u044c\u043d\u0443\u044e \u0432\u0430\u043b\u044e\u0442\u0443 \u043d\u0435\u043e\u0431\u0445\u043e\u0434\u0438\u043c\u043e \u043f\u0440\u043e\u0439\u0442\u0438 \u0440\u0435\u0433\u0438\u0441\u0442\u0440\u0430\u0446\u0438\u044e \u043d\u0430 \u043e\u0444\u0438\u0446\u0438\u0430\u043b\u044c\u043d\u043e\u043c \u0441\u0430\u0439\u0442\u0435 \u043a\u0430\u0437\u0438\u043d\u043e \u041c\u043e\u0441\u0442\u0431\u0435\u0442 \u0438 \u0432\u043d\u0435\u0441\u0442\u0438 \u0441\u0440\u0435\u0434\u0441\u0442\u0432\u0430 \u043d\u0430 \u0438\u0433\u0440\u043e\u0432\u043e\u0439 \u0431\u0430\u043b\u0430\u043d\u0441. \u0412\u044b \u043c\u043e\u0436\u0435\u0442\u0435 \u0432\u044b\u0431\u0440\u0430\u0442\u044c \u043b\u044e\u0431\u043e\u0435 \u043a\u0430\u0437\u0438\u043d\u043e \u0432 \u0418\u043d\u0442\u0435\u0440\u043d\u0435\u0442\u0435, \u043e\u0434\u043d\u0430\u043a\u043e, \u0441\u043b\u0435\u0434\u0443\u0435\u0442 \u043e\u0442\u0434\u0430\u0432\u0430\u0442\u044c \u043f\u0440\u0435\u0434\u043f\u043e\u0447\u0442\u0435\u043d\u0438\u0435 \u043f\u0440\u043e\u0432\u0435\u0440\u0435\u043d\u043d\u044b\u043c \u043d\u0430\u0434\u0435\u0436\u043d\u044b\u043c \u043a\u0430\u0437\u0438\u043d\u043e \u0441 \u043b\u0438\u0446\u0435\u043d\u0437\u0438\u0435\u0439 \u0438 \u0445\u043e\u0440\u043e\u0448\u0435\u0439 \u0440\u0435\u043f\u0443\u0442\u0430\u0446\u0438\u0435\u0439. \u0421\u0440\u0435\u0434\u0438 \u0442\u0430\u043a\u0438\u0445 \u043d\u0430\u0438\u0431\u043e\u043b\u0435\u0435 \u0438\u0437\u0432\u0435\u0441\u0442\u043d\u043e \u043e\u043d\u043b\u0430\u0439\u043d \u043a\u0430\u0437\u0438\u043d\u043e \u041c\u043e\u0441\u0442\u0431\u0435\u0442.\u00a0<\/span><\/p>\n<h2><b>\u041a\u0430\u043a \u043d\u0430\u0447\u0430\u0442\u044c \u0438\u0433\u0440\u0430\u0442\u044c \u0432 \u0410\u0432\u0438\u0430\u0442\u043e\u0440 \u043d\u0430 \u043d\u0430\u0441\u0442\u043e\u044f\u0449\u0438\u0435 \u0434\u0435\u043d\u044c\u0433\u0438:<\/b><\/h2>\n<ul>\n<li style=\"font-weight: 400;\" aria-level=\"1\"><span style=\"font-weight: 400;\">\u0432\u044b\u0431\u0440\u0430\u0442\u044c \u043a\u0430\u0437\u0438\u043d\u043e \u0441 \u043a\u0440\u0430\u0448-\u0438\u0433\u0440\u043e\u0439 \u0410\u0432\u0438\u0430\u0442\u043e\u0440, \u043d\u0430\u043f\u0440\u0438\u043c\u0435\u0440, \u043a\u0430\u0437\u0438\u043d\u043e \u041c\u043e\u0441\u0442\u0431\u0435\u0442;<\/span><\/li>\n<li style=\"font-weight: 400;\" aria-level=\"1\"><span style=\"font-weight: 400;\">\u043f\u0435\u0440\u0435\u0439\u0442\u0438 \u043d\u0430 \u043e\u0444\u0438\u0446\u0438\u0430\u043b\u044c\u043d\u044b\u0439 \u0441\u0430\u0439\u0442 \u041c\u043e\u0441\u0442\u0431\u0435\u0442 \u0438 \u0437\u0430\u0440\u0435\u0433\u0438\u0441\u0442\u0440\u0438\u0440\u043e\u0432\u0430\u0442\u044c\u0441\u044f;<\/span><\/li>\n<li style=\"font-weight: 400;\" aria-level=\"1\"><span style=\"font-weight: 400;\">\u0432\u043d\u0435\u0441\u0442\u0438 \u043a\u043e\u0440\u0440\u0435\u043a\u0442\u043d\u044b\u0435 \u0434\u0430\u043d\u043d\u044b\u0435 \u0438\u0433\u0440\u043e\u043a\u0430;<\/span><\/li>\n<li style=\"font-weight: 400;\" aria-level=\"1\"><span style=\"font-weight: 400;\">\u043f\u0440\u0438\u0434\u0443\u043c\u0430\u0442\u044c \u043f\u0430\u0440\u043e\u043b\u044c \u0432\u0445\u043e\u0434\u0430 \u0432 \u0430\u043a\u043a\u0430\u0443\u043d\u0442;<\/span><\/li>\n<li style=\"font-weight: 400;\" aria-level=\"1\"><span style=\"font-weight: 400;\">\u0432\u044b\u0431\u0440\u0430\u0442\u044c \u0432\u0430\u043b\u044e\u0442\u0443 \u0438\u0433\u0440\u043e\u0432\u043e\u0433\u043e \u0431\u0430\u043b\u0430\u043d\u0441\u0430;<\/span><\/li>\n<li style=\"font-weight: 400;\" aria-level=\"1\"><span style=\"font-weight: 400;\">\u043f\u043e\u0434\u0442\u0432\u0435\u0440\u0434\u0438\u0442\u044c \u0441\u0432\u043e\u0435 \u0441\u043e\u0432\u0435\u0440\u0448\u0435\u043d\u043d\u043e\u043b\u0435\u0442\u0438\u0435;<\/span><\/li>\n<li style=\"font-weight: 400;\" aria-level=\"1\"><span style=\"font-weight: 400;\">\u043f\u0440\u0438\u043d\u044f\u0442\u044c \u041f\u0440\u0430\u0432\u0438\u043b\u0430 \u0438 \u0443\u0441\u043b\u043e\u0432\u0438\u044f \u043a\u0430\u0437\u0438\u043d\u043e;<\/span><\/li>\n<li style=\"font-weight: 400;\" aria-level=\"1\"><span style=\"font-weight: 400;\">\u00ab\u043f\u0440\u0438\u0432\u044f\u0437\u0430\u0442\u044c\u00bb \u0435-\u043c\u0435\u0439\u043b \u0438 \u043d\u043e\u043c\u0435\u0440 \u0442\u0435\u043b\u0435\u0444\u043e\u043d\u0430;<\/span><\/li>\n<li style=\"font-weight: 400;\" aria-level=\"1\"><span style=\"font-weight: 400;\">\u043f\u0440\u0438 \u043d\u0435\u043e\u0431\u0445\u043e\u0434\u0438\u043c\u043e\u0441\u0442\u0438 \u043f\u0440\u043e\u0439\u0442\u0438 \u0432\u0435\u0440\u0438\u0444\u0438\u043a\u0430\u0446\u0438\u044e.<\/span><\/li>\n<\/ul>\n<p><span style=\"font-weight: 400;\">\u041f\u043e\u0441\u043b\u0435 \u0440\u0435\u0433\u0438\u0441\u0442\u0440\u0430\u0446\u0438\u0438 \u0432 \u043a\u0430\u0437\u0438\u043d\u043e \u041c\u043e\u0441\u0442\u0431\u0435\u0442 \u043d\u0443\u0436\u043d\u043e \u0432\u043d\u0435\u0441\u0442\u0438 \u0434\u0435\u043f\u043e\u0437\u0438\u0442 \u0438 \u043f\u043e \u0436\u0435\u043b\u0430\u043d\u0438\u044e \u0430\u043a\u0442\u0438\u0432\u0438\u0440\u043e\u0432\u0430\u0442\u044c \u0431\u043e\u043d\u0443\u0441\u044b. \u0417\u0430\u0442\u0435\u043c \u043f\u0435\u0440\u0435\u0439\u0442\u0438 \u0432 \u043a\u0430\u0442\u0430\u043b\u043e\u0433 \u043a\u0430\u0437\u0438\u043d\u043e \u0438 \u043d\u0430\u0439\u0442\u0438 \u043a\u0440\u0430\u0448 \u0438\u0433\u0440\u0443 Aviator. \u041d\u0435\u043e\u0431\u0445\u043e\u0434\u0438\u043c\u043e \u0434\u043e\u0436\u0434\u0430\u0442\u044c\u0441\u044f \u0437\u0430\u0432\u0435\u0440\u0448\u0435\u043d\u0438\u044f \u0442\u0435\u043a\u0443\u0449\u0435\u0433\u043e \u0440\u0430\u0443\u043d\u0434\u0430 \u0438 \u043f\u0440\u0438\u0441\u043e\u0435\u0434\u0438\u043d\u0438\u0442\u044c\u0441\u044f \u043a \u0438\u0433\u0440\u0435. \u041a\u043d\u043e\u043f\u043a\u0430 \u043d\u0430 \u043f\u0430\u043d\u0435\u043b\u044f\u0445 \u0443\u043f\u0440\u0430\u0432\u043b\u0435\u043d\u0438\u044f \u0441\u043b\u0435\u0434\u0443\u0435\u0442 \u0432\u044b\u0431\u0440\u0430\u0442\u044c \u0440\u0430\u0437\u043c\u0435\u0440 \u043e\u0434\u043d\u043e\u0439 \u0438\u043b\u0438 \u0434\u0432\u0443\u0445 \u0441\u0442\u0430\u0432\u043e\u043a. \u041f\u043e \u0436\u0435\u043b\u0430\u043d\u0438\u044e \u0438\u0433\u0440\u043e\u043a \u043c\u043e\u0436\u0435\u0442 \u043d\u0430\u0441\u0442\u0440\u043e\u0438\u0442\u044c \u0440\u0435\u0436\u0438\u043c\u044b \u0430\u0432\u0442\u043e-\u0438\u0433\u0440\u044b \u0438 \u0430\u0432\u0442\u043e-\u0432\u044b\u0432\u043e\u0434\u0430.<\/span><\/p>\n<p><span style=\"font-weight: 400;\">\u041f\u0440\u0438 \u0430\u0432\u0442\u043e\u043c\u0430\u0442\u0438\u0447\u0435\u0441\u043a\u043e\u043c \u0432\u044b\u0432\u043e\u0434\u0435 \u0440\u0430\u0443\u043d\u0434 \u0437\u0430\u0432\u0435\u0440\u0448\u0430\u0435\u0442\u0441\u044f, \u043a\u043e\u0433\u0434\u0430 \u043d\u0430 \u044d\u043a\u0440\u0430\u043d\u0435 \u0432\u044b\u043f\u0430\u0434\u0435\u0442 \u0437\u0430\u0434\u0430\u043d\u043d\u044b\u0439 \u0438\u0433\u0440\u043e\u043a\u043e\u043c \u043c\u043d\u043e\u0436\u0438\u0442\u0435\u043b\u044c \u0441\u0442\u0430\u0432\u043a\u0438. \u041c\u043e\u0436\u043d\u043e \u043e\u0441\u0442\u0430\u043d\u0430\u0432\u043b\u0438\u0432\u0430\u0442\u044c \u0440\u0430\u0443\u043d\u0434\u044b \u0432\u0440\u0443\u0447\u043d\u0443\u044e \u043f\u0440\u0438 \u0434\u043e\u0441\u0442\u0438\u0436\u0435\u043d\u0438\u0438 \u0432\u0438\u0440\u0442\u0443\u0430\u043b\u044c\u043d\u044b\u043c \u0441\u0430\u043c\u043e\u043b\u0435\u0442\u043e\u043c \u0436\u0435\u043b\u0430\u0435\u043c\u043e\u0433\u043e \u043a\u043e\u044d\u0444\u0444\u0438\u0446\u0438\u0435\u043d\u0442\u0430. \u0413\u043b\u0430\u0432\u043d\u043e\u0435 \u0443\u0441\u043b\u043e\u0432\u0438\u0435 \u043f\u043e\u0431\u0435\u0434\u044b \u2013 \u043d\u0435 \u0443\u043f\u0443\u0441\u0442\u0438\u0442\u044c \u043c\u043e\u043c\u0435\u043d\u0442 \u0438 \u0432\u043e\u0432\u0440\u0435\u043c\u044f \u043e\u0431\u043d\u0430\u043b\u0438\u0447\u0438\u0442\u044c \u0432\u044b\u0438\u0433\u0440\u044b\u0448. \u0412 \u043f\u0440\u043e\u0442\u0438\u0432\u043d\u043e\u043c \u0441\u043b\u0443\u0447\u0430\u0435 \u0438\u0433\u0440\u043e\u043a \u043f\u043e\u0442\u0435\u0440\u044f\u0435\u0442 \u0441\u0442\u0430\u0432\u043a\u0443.<\/span><\/p>\n<p><span style=\"font-weight: 400;\">\u041a\u0440\u0430\u0448-\u0438\u0433\u0440\u0430 \u0410\u0432\u0438\u0430\u0442\u043e\u0440 \u0441\u0442\u0430\u043b\u0430 \u043b\u044e\u0431\u0438\u043c\u044b\u043c \u0440\u0430\u0437\u0432\u043b\u0435\u0447\u0435\u043d\u0438\u0435\u043c \u043c\u0438\u043b\u043b\u0438\u043e\u043d\u043e\u0432 \u0430\u0437\u0430\u0440\u0442\u043d\u044b\u0445 \u043f\u043e\u043b\u044c\u0437\u043e\u0432\u0430\u0442\u0435\u043b\u0435\u0439. \u041d\u043e\u0432\u0438\u043d\u043a\u0430 \u0441\u0442\u0440\u0435\u043c\u0438\u0442\u0435\u043b\u044c\u043d\u043e \u043f\u0440\u0438\u043e\u0431\u0440\u0435\u043b\u0430 \u043f\u043e\u043f\u0443\u043b\u044f\u0440\u043d\u043e\u0441\u0442\u044c \u0443 \u0433\u0435\u043c\u0431\u043b\u0435\u0440\u043e\u0432 \u0431\u043b\u0430\u0433\u043e\u0434\u0430\u0440\u044f \u043d\u0435\u0441\u0442\u0430\u043d\u0434\u0430\u0440\u0442\u043d\u043e\u043c\u0443 \u0444\u043e\u0440\u043c\u0430\u0442\u0443 \u0438\u0433\u0440\u044b, \u043f\u0440\u043e\u0441\u0442\u044b\u043c \u043f\u0440\u0430\u0432\u0438\u043b\u0430\u043c \u0438 \u043e\u0447\u0435\u043d\u044c \u0432\u044b\u0441\u043e\u043a\u0438\u043c \u0432\u044b\u0438\u0433\u0440\u044b\u0448\u043d\u044b\u043c \u043f\u0435\u0440\u0441\u043f\u0435\u043a\u0442\u0438\u0432\u0430\u043c. \u0427\u0442\u043e\u0431\u044b \u043f\u043e\u0432\u044b\u0441\u0438\u0442\u044c \u0448\u0430\u043d\u0441\u044b \u043d\u0430 \u043f\u043e\u0431\u0435\u0434\u0443, \u043c\u043e\u0436\u043d\u043e \u043f\u043e\u043b\u044c\u0437\u043e\u0432\u0430\u0442\u044c\u0441\u044f \u043f\u0440\u043e\u0432\u0435\u0440\u0435\u043d\u043d\u044b\u043c\u0438 \u0441\u0442\u0440\u0430\u0442\u0435\u0433\u0438\u044f\u043c\u0438 \u0441\u0442\u0430\u0432\u043e\u043a. \u041f\u0435\u0440\u0435\u0434 \u0438\u0433\u0440\u043e\u0439 \u043d\u0430 \u0434\u0435\u043d\u044c\u0433\u0438 \u0440\u0430\u0437\u043d\u044b\u0435 \u043c\u0435\u0442\u043e\u0434\u0438\u043a\u0438 \u0438\u0433\u0440\u044b \u043c\u043e\u0436\u043d\u043e \u043f\u0440\u043e\u0442\u0435\u0441\u0442\u0438\u0440\u043e\u0432\u0430\u0442\u044c \u0431\u0435\u0441\u043f\u043b\u0430\u0442\u043d\u043e \u0432 \u0434\u0435\u043c\u043e\u043d\u0441\u0442\u0440\u0430\u0446\u0438\u043e\u043d\u043d\u043e\u043c \u0440\u0435\u0436\u0438\u043c\u0435.<\/span><\/p>\n<p>&nbsp;<\/p>\n","protected":false},"excerpt":{"rendered":"<p>\u041a\u0440\u0430\u0448-\u0438\u0433\u0440\u0430 \u0410\u0432\u0438\u0430\u0442\u043e\u0440 \u0434\u043e\u0441\u0442\u0443\u043f\u043d\u0430 \u043d\u0430 \u0441\u0430\u0439\u0442\u0435 \u043a\u043e\u043c\u043f\u0430\u043d\u0438\u0438-\u0440\u0430\u0437\u0440\u0430\u0431\u043e\u0442\u0447\u0438\u043a\u0430, \u0433\u0434\u0435 \u0432\u044b \u043c\u043e\u0436\u0435\u0442\u0435 \u0438\u0433\u0440\u0430\u0442\u044c \u0431\u0435\u0441\u043f\u043b\u0430\u0442\u043d\u043e \u0438 \u0432 \u043e\u043d\u043b\u0430\u0439\u043d-\u043a\u0430\u0437\u0438\u043d\u043e \u041c\u043e\u0441\u0442\u0431\u0435\u0442. \u0414\u043b\u044f \u0437\u0430\u043f\u0443\u0441\u043a\u0430 \u0438\u0433\u0440\u044b \u043d\u0430 \u0440\u0435\u0430\u043b\u044c\u043d\u0443\u044e \u0432\u0430\u043b\u044e\u0442\u0443 \u043d\u0435\u043e\u0431\u0445\u043e\u0434\u0438\u043c\u043e \u043f\u0440\u043e\u0439\u0442\u0438 \u0440\u0435\u0433\u0438\u0441\u0442\u0440\u0430\u0446\u0438\u044e \u043d\u0430 \u043e\u0444\u0438\u0446\u0438\u0430\u043b\u044c\u043d\u043e\u043c \u0441\u0430\u0439\u0442\u0435 \u043a\u0430\u0437\u0438\u043d\u043e \u041c\u043e\u0441\u0442\u0431\u0435\u0442 \u0438 \u0432\u043d\u0435\u0441\u0442\u0438 \u0441\u0440\u0435\u0434\u0441\u0442\u0432\u0430 \u043d\u0430 \u0438\u0433\u0440\u043e\u0432\u043e\u0439 \u0431\u0430\u043b\u0430\u043d\u0441. \u0412\u044b \u043c\u043e\u0436\u0435\u0442\u0435 \u0432\u044b\u0431\u0440\u0430\u0442\u044c \u043b\u044e\u0431\u043e\u0435 \u043a\u0430\u0437\u0438\u043d\u043e \u0432 \u0418\u043d\u0442\u0435\u0440\u043d\u0435\u0442\u0435, \u043e\u0434\u043d\u0430\u043a\u043e, \u0441\u043b\u0435\u0434\u0443\u0435\u0442 \u043e\u0442\u0434\u0430\u0432\u0430\u0442\u044c \u043f\u0440\u0435\u0434\u043f\u043e\u0447\u0442\u0435\u043d\u0438\u0435 \u043f\u0440\u043e\u0432\u0435\u0440\u0435\u043d\u043d\u044b\u043c \u043d\u0430\u0434\u0435\u0436\u043d\u044b\u043c \u043a\u0430\u0437\u0438\u043d\u043e \u0441 \u043b\u0438\u0446\u0435\u043d\u0437\u0438\u0435\u0439 \u0438 \u0445\u043e\u0440\u043e\u0448\u0435\u0439 \u0440\u0435\u043f\u0443\u0442\u0430\u0446\u0438\u0435\u0439. \u0421\u0440\u0435\u0434\u0438&#8230;<\/p>\n","protected":false},"author":1,"featured_media":0,"parent":0,"menu_order":0,"comment_status":"closed","ping_status":"closed","template":"","meta":{"footnotes":""},"class_list":["post-10","page","type-page","status-publish","hentry"],"yoast_head":"<!-- This site is optimized with the Yoast SEO plugin v27.2 - https:\/\/yoast.com\/product\/yoast-seo-wordpress\/ -->\n<title>Registrazione presso il Casin\u00f2 Mostbet per giocare ad Aviator<\/title>\n<meta name=\"description\" content=\"\u0417\u0430\u0440\u0435\u0433\u0438\u0441\u0442\u0440\u0438\u0440\u043e\u0432\u0430\u0442\u044c\u0441\u044f \u043d\u0430 \u043e\u0444\u0438\u0446\u0438\u0430\u043b\u044c\u043d\u043e\u043c \u0441\u0430\u0439\u0442\u0435 \u043a\u0430\u0437\u0438\u043d\u043e Mostbet \u0438 \u0438\u0433\u0440\u0430\u0442\u044c \u0432 \u0410\u0432\u0438\u0430\u0442\u043e\u0440. \u0420\u0435\u0433\u0438\u0441\u0442\u0440\u0430\u0446\u0438\u044f, \u043b\u043e\u0433\u0438\u043d, \u0432\u043d\u0435\u0441\u0435\u043d\u0438\u0435 \u0434\u0435\u043f\u043e\u0437\u0438\u0442\u0430, \u0432\u044b\u0432\u043e\u0434 \u0432\u044b\u0438\u0433\u0440\u044b\u0448\u0430 \u0432 \u043e\u043d\u043b\u0430\u0439\u043d \u043a\u0430\u0437\u0438\u043d\u043e \u041c\u043e\u0441\u0442\u0431\u0435\u0442\" \/>\n<meta name=\"robots\" content=\"index, follow, max-snippet:-1, max-image-preview:large, max-video-preview:-1\" \/>\n<link rel=\"canonical\" href=\"https:\/\/mostbet-aviator.info\/index.php\/how-to-start-playing-aviator-at-mostbet-online-casino\/\" \/>\n<meta property=\"og:locale\" content=\"ru_RU\" \/>\n<meta property=\"og:locale:alternate\" content=\"en_US\" \/>\n<meta property=\"og:locale:alternate\" content=\"pt_PT\" \/>\n<meta property=\"og:locale:alternate\" content=\"es_ES\" \/>\n<meta property=\"og:locale:alternate\" content=\"sr_RS\" \/>\n<meta property=\"og:locale:alternate\" content=\"bg_BG\" \/>\n<meta property=\"og:locale:alternate\" content=\"pl_PL\" \/>\n<meta property=\"og:locale:alternate\" content=\"it_IT\" \/>\n<meta property=\"og:locale:alternate\" content=\"fr_FR\" \/>\n<meta property=\"og:locale:alternate\" content=\"hu_HU\" \/>\n<meta property=\"og:locale:alternate\" content=\"tr_TR\" \/>\n<meta property=\"og:type\" content=\"article\" \/>\n<meta property=\"og:title\" content=\"Registrazione presso il Casin\u00f2 Mostbet per giocare ad Aviator\" \/>\n<meta property=\"og:description\" content=\"Registrati sul sito ufficiale del casin\u00f2 Mostbet e gioca ad Aviator. Registrazione, accesso, deposito e prelievo delle vincite presso il casin\u00f2 online Mostbet.\" \/>\n<meta property=\"og:url\" content=\"https:\/\/mostbet-aviator.info\/index.php\/how-to-start-playing-aviator-at-mostbet-online-casino\/\" \/>\n<meta property=\"og:site_name\" content=\"Aviator\" \/>\n<meta property=\"article:modified_time\" content=\"2024-03-11T10:48:59+00:00\" \/>\n<meta name=\"twitter:card\" content=\"summary_large_image\" \/>\n<meta name=\"twitter:label1\" content=\"\u041f\u0440\u0438\u043c\u0435\u0440\u043d\u043e\u0435 \u0432\u0440\u0435\u043c\u044f \u0434\u043b\u044f \u0447\u0442\u0435\u043d\u0438\u044f\" \/>\n\t<meta name=\"twitter:data1\" content=\"15 \u043c\u0438\u043d\u0443\u0442\" \/>\n<script type=\"application\/ld+json\" class=\"yoast-schema-graph\">{\"@context\":\"https:\/\/schema.org\",\"@graph\":[{\"@type\":\"WebPage\",\"@id\":\"https:\/\/mostbet-aviator.info\/it\/index.php\/how-to-start-playing-aviator-at-mostbet-online-casino\/\",\"url\":\"https:\/\/mostbet-aviator.info\/it\/index.php\/how-to-start-playing-aviator-at-mostbet-online-casino\/\",\"name\":\"Registrazione presso il Casin\u00f2 Mostbet per giocare ad Aviator\",\"isPartOf\":{\"@id\":\"https:\/\/mostbet-aviator.info\/#website\"},\"datePublished\":\"2024-01-05T14:07:54+00:00\",\"dateModified\":\"2024-03-11T10:48:59+00:00\",\"description\":\"Registrati sul sito ufficiale del casin\u00f2 Mostbet e gioca ad Aviator. Registrazione, accesso, deposito e prelievo delle vincite presso il casin\u00f2 online Mostbet.\",\"breadcrumb\":{\"@id\":\"https:\/\/mostbet-aviator.info\/it\/index.php\/how-to-start-playing-aviator-at-mostbet-online-casino\/#breadcrumb\"},\"inLanguage\":\"ru-RU\",\"potentialAction\":[{\"@type\":\"ReadAction\",\"target\":[\"https:\/\/mostbet-aviator.info\/it\/index.php\/how-to-start-playing-aviator-at-mostbet-online-casino\/\"]}]},{\"@type\":\"BreadcrumbList\",\"@id\":\"https:\/\/mostbet-aviator.info\/it\/index.php\/how-to-start-playing-aviator-at-mostbet-online-casino\/#breadcrumb\",\"itemListElement\":[{\"@type\":\"ListItem\",\"position\":1,\"name\":\"Home\",\"item\":\"https:\/\/mostbet-aviator.info\/\"},{\"@type\":\"ListItem\",\"position\":2,\"name\":\"Come iniziare a giocare ad Aviator presso il casin\u00f2 online Mostbet\"}]},{\"@type\":\"WebSite\",\"@id\":\"https:\/\/mostbet-aviator.info\/#website\",\"url\":\"https:\/\/mostbet-aviator.info\/\",\"name\":\"Aviator\",\"description\":\"\",\"publisher\":{\"@id\":\"https:\/\/mostbet-aviator.info\/#organization\"},\"potentialAction\":[{\"@type\":\"SearchAction\",\"target\":{\"@type\":\"EntryPoint\",\"urlTemplate\":\"https:\/\/mostbet-aviator.info\/?s={search_term_string}\"},\"query-input\":{\"@type\":\"PropertyValueSpecification\",\"valueRequired\":true,\"valueName\":\"search_term_string\"}}],\"inLanguage\":\"ru-RU\"},{\"@type\":\"Organization\",\"@id\":\"https:\/\/mostbet-aviator.info\/#organization\",\"name\":\"Aviator\",\"url\":\"https:\/\/mostbet-aviator.info\/\",\"logo\":{\"@type\":\"ImageObject\",\"inLanguage\":\"ru-RU\",\"@id\":\"https:\/\/mostbet-aviator.info\/#\/schema\/logo\/image\/\",\"url\":\"https:\/\/mostbet-aviator.info\/wp-content\/uploads\/2024\/01\/aviator-game-logo.gif\",\"contentUrl\":\"https:\/\/mostbet-aviator.info\/wp-content\/uploads\/2024\/01\/aviator-game-logo.gif\",\"width\":500,\"height\":189,\"caption\":\"Aviator\"},\"image\":{\"@id\":\"https:\/\/mostbet-aviator.info\/#\/schema\/logo\/image\/\"}}]}<\/script>\n<!-- \/ Yoast SEO plugin. -->","yoast_head_json":{"title":"Registrazione presso il Casin\u00f2 Mostbet per giocare ad Aviator","description":"\u0417\u0430\u0440\u0435\u0433\u0438\u0441\u0442\u0440\u0438\u0440\u043e\u0432\u0430\u0442\u044c\u0441\u044f \u043d\u0430 \u043e\u0444\u0438\u0446\u0438\u0430\u043b\u044c\u043d\u043e\u043c \u0441\u0430\u0439\u0442\u0435 \u043a\u0430\u0437\u0438\u043d\u043e Mostbet \u0438 \u0438\u0433\u0440\u0430\u0442\u044c \u0432 \u0410\u0432\u0438\u0430\u0442\u043e\u0440. \u0420\u0435\u0433\u0438\u0441\u0442\u0440\u0430\u0446\u0438\u044f, \u043b\u043e\u0433\u0438\u043d, \u0432\u043d\u0435\u0441\u0435\u043d\u0438\u0435 \u0434\u0435\u043f\u043e\u0437\u0438\u0442\u0430, \u0432\u044b\u0432\u043e\u0434 \u0432\u044b\u0438\u0433\u0440\u044b\u0448\u0430 \u0432 \u043e\u043d\u043b\u0430\u0439\u043d \u043a\u0430\u0437\u0438\u043d\u043e \u041c\u043e\u0441\u0442\u0431\u0435\u0442","robots":{"index":"index","follow":"follow","max-snippet":"max-snippet:-1","max-image-preview":"max-image-preview:large","max-video-preview":"max-video-preview:-1"},"canonical":"https:\/\/mostbet-aviator.info\/index.php\/how-to-start-playing-aviator-at-mostbet-online-casino\/","og_locale":"ru_RU","og_type":"article","og_title":"Registrazione presso il Casin\u00f2 Mostbet per giocare ad Aviator","og_description":"Registrati sul sito ufficiale del casin\u00f2 Mostbet e gioca ad Aviator. Registrazione, accesso, deposito e prelievo delle vincite presso il casin\u00f2 online Mostbet.","og_url":"https:\/\/mostbet-aviator.info\/index.php\/how-to-start-playing-aviator-at-mostbet-online-casino\/","og_site_name":"Aviator","article_modified_time":"2024-03-11T10:48:59+00:00","twitter_card":"summary_large_image","twitter_misc":{"\u041f\u0440\u0438\u043c\u0435\u0440\u043d\u043e\u0435 \u0432\u0440\u0435\u043c\u044f \u0434\u043b\u044f \u0447\u0442\u0435\u043d\u0438\u044f":"15 \u043c\u0438\u043d\u0443\u0442"},"schema":{"@context":"https:\/\/schema.org","@graph":[{"@type":"WebPage","@id":"https:\/\/mostbet-aviator.info\/it\/index.php\/how-to-start-playing-aviator-at-mostbet-online-casino\/","url":"https:\/\/mostbet-aviator.info\/it\/index.php\/how-to-start-playing-aviator-at-mostbet-online-casino\/","name":"Registrazione presso il Casin\u00f2 Mostbet per giocare ad Aviator","isPartOf":{"@id":"https:\/\/mostbet-aviator.info\/#website"},"datePublished":"2024-01-05T14:07:54+00:00","dateModified":"2024-03-11T10:48:59+00:00","description":"Registrati sul sito ufficiale del casin\u00f2 Mostbet e gioca ad Aviator. Registrazione, accesso, deposito e prelievo delle vincite presso il casin\u00f2 online Mostbet.","breadcrumb":{"@id":"https:\/\/mostbet-aviator.info\/it\/index.php\/how-to-start-playing-aviator-at-mostbet-online-casino\/#breadcrumb"},"inLanguage":"ru-RU","potentialAction":[{"@type":"ReadAction","target":["https:\/\/mostbet-aviator.info\/it\/index.php\/how-to-start-playing-aviator-at-mostbet-online-casino\/"]}]},{"@type":"BreadcrumbList","@id":"https:\/\/mostbet-aviator.info\/it\/index.php\/how-to-start-playing-aviator-at-mostbet-online-casino\/#breadcrumb","itemListElement":[{"@type":"ListItem","position":1,"name":"Home","item":"https:\/\/mostbet-aviator.info\/"},{"@type":"ListItem","position":2,"name":"Come iniziare a giocare ad Aviator presso il casin\u00f2 online Mostbet"}]},{"@type":"WebSite","@id":"https:\/\/mostbet-aviator.info\/#website","url":"https:\/\/mostbet-aviator.info\/","name":"Aviator","description":"","publisher":{"@id":"https:\/\/mostbet-aviator.info\/#organization"},"potentialAction":[{"@type":"SearchAction","target":{"@type":"EntryPoint","urlTemplate":"https:\/\/mostbet-aviator.info\/?s={search_term_string}"},"query-input":{"@type":"PropertyValueSpecification","valueRequired":true,"valueName":"search_term_string"}}],"inLanguage":"ru-RU"},{"@type":"Organization","@id":"https:\/\/mostbet-aviator.info\/#organization","name":"Aviator","url":"https:\/\/mostbet-aviator.info\/","logo":{"@type":"ImageObject","inLanguage":"ru-RU","@id":"https:\/\/mostbet-aviator.info\/#\/schema\/logo\/image\/","url":"https:\/\/mostbet-aviator.info\/wp-content\/uploads\/2024\/01\/aviator-game-logo.gif","contentUrl":"https:\/\/mostbet-aviator.info\/wp-content\/uploads\/2024\/01\/aviator-game-logo.gif","width":500,"height":189,"caption":"Aviator"},"image":{"@id":"https:\/\/mostbet-aviator.info\/#\/schema\/logo\/image\/"}}]}},"_links":{"self":[{"href":"https:\/\/mostbet-aviator.info\/index.php\/wp-json\/wp\/v2\/pages\/10","targetHints":{"allow":["GET"]}}],"collection":[{"href":"https:\/\/mostbet-aviator.info\/index.php\/wp-json\/wp\/v2\/pages"}],"about":[{"href":"https:\/\/mostbet-aviator.info\/index.php\/wp-json\/wp\/v2\/types\/page"}],"author":[{"embeddable":true,"href":"https:\/\/mostbet-aviator.info\/index.php\/wp-json\/wp\/v2\/users\/1"}],"replies":[{"embeddable":true,"href":"https:\/\/mostbet-aviator.info\/index.php\/wp-json\/wp\/v2\/comments?post=10"}],"version-history":[{"count":24,"href":"https:\/\/mostbet-aviator.info\/index.php\/wp-json\/wp\/v2\/pages\/10\/revisions"}],"predecessor-version":[{"id":116,"href":"https:\/\/mostbet-aviator.info\/index.php\/wp-json\/wp\/v2\/pages\/10\/revisions\/116"}],"wp:attachment":[{"href":"https:\/\/mostbet-aviator.info\/index.php\/wp-json\/wp\/v2\/media?parent=10"}],"curies":[{"name":"wp","href":"https:\/\/api.w.org\/{rel}","templated":true}]}}