{"id":10,"date":"2024-01-05T14:07:54","date_gmt":"2024-01-05T14:07:54","guid":{"rendered":"https:\/\/mostbet-aviator.info\/?page_id=10"},"modified":"2024-03-11T10:48:59","modified_gmt":"2024-03-11T10:48:59","slug":"how-to-start-playing-aviator-at-mostbet-online-casino","status":"publish","type":"page","link":"https:\/\/mostbet-aviator.info\/it\/index.php\/how-to-start-playing-aviator-at-mostbet-online-casino\/","title":{"rendered":"Come iniziare a giocare ad Aviator presso il casin\u00f2 online Mostbet"},"content":{"rendered":"<p>Il gioco di collisione Aviator \u00e8 disponibile sul sito web dello sviluppatore, dove \u00e8 possibile giocare gratuitamente e presso il casin\u00f2 online Mostbet. Per iniziare il gioco con denaro reale, \u00e8 necessario registrarsi sul sito ufficiale del casin\u00f2 Mostbet e depositare fondi sul proprio saldo di gioco. \u00c8 possibile scegliere qualsiasi casin\u00f2 online; tuttavia, \u00e8 consigliabile preferire casin\u00f2 affidabili e rinomati con licenza e buona reputazione. Tra questi, il casin\u00f2 online Mostbet \u00e8 uno dei pi\u00f9 conosciuti.<\/p>\n<h2>Come iniziare a giocare ad Aviator con denaro reale:<\/h2>\n<ul>\n<li>Scegli un casin\u00f2 con il gioco di collisione Aviator, ad esempio il casin\u00f2 Mostbet.<\/li>\n<li>Vai al sito web ufficiale di Mostbet e registrati.<\/li>\n<li>Inserisci informazioni accurate sul giocatore.<\/li>\n<li>Crea una password per il tuo account.<\/li>\n<li>Scegli la valuta per il tuo saldo di gioco.<\/li>\n<li>Conferma la tua et\u00e0.<\/li>\n<li>Accetta le regole e le condizioni del casin\u00f2.<\/li>\n<li>Collega la tua email e il tuo numero di telefono.<\/li>\n<li>Sottoponiti a verifica se necessario.<\/li>\n<\/ul>\n<p>Dopo esserti registrato presso il casin\u00f2 Mostbet, \u00e8 necessario effettuare un deposito e, se desiderato, attivare i bonus. Quindi, vai al catalogo del casin\u00f2 e trova il gioco di collisione Aviator. Aspetta che il round corrente finisca e unisciti al gioco. Sulle tavole di controllo, seleziona la dimensione di uno o due puntate. Facoltativamente, il giocatore pu\u00f2 configurare le modalit\u00e0 di gioco automatico e di prelievo automatico.<\/p>\n<p>Con il prelievo automatico, il round termina quando compare sullo schermo il moltiplicatore di scommessa scelto dal giocatore. \u00c8 possibile fermare manualmente i round quando l&#8217;aereo virtuale raggiunge il coefficiente desiderato. La condizione principale per vincere \u00e8 non perdere il momento e incassare le vincite in tempo. Altrimenti, il giocatore perder\u00e0 la scommessa.<\/p>\n<p>Il gioco di collisione Aviator \u00e8 diventato il passatempo preferito per milioni di utenti del gioco d&#8217;azzardo. La novit\u00e0 ha rapidamente guadagnato popolarit\u00e0 tra i giocatori grazie al suo formato di gioco non convenzionale, alle regole semplici e alle prospettive di vincita molto alte. Per aumentare le possibilit\u00e0 di vincita, \u00e8 possibile utilizzare strategie di scommessa provate. Prima di giocare con denaro reale, vari metodi di gioco possono essere testati gratuitamente in modalit\u00e0 demo.<\/p>\n","protected":false},"excerpt":{"rendered":"<p>Il gioco di collisione Aviator \u00e8 disponibile sul sito web dello sviluppatore, dove \u00e8 possibile giocare gratuitamente e presso il casin\u00f2 online Mostbet. Per iniziare il gioco con denaro reale, \u00e8 necessario registrarsi sul sito ufficiale del casin\u00f2 Mostbet e depositare fondi sul proprio saldo di gioco. \u00c8 possibile scegliere qualsiasi casin\u00f2 online; tuttavia, \u00e8&#8230;<\/p>\n","protected":false},"author":1,"featured_media":0,"parent":0,"menu_order":0,"comment_status":"closed","ping_status":"closed","template":"","meta":{"footnotes":""},"class_list":["post-10","page","type-page","status-publish","hentry"],"yoast_head":"<!-- This site is optimized with the Yoast SEO plugin v27.2 - https:\/\/yoast.com\/product\/yoast-seo-wordpress\/ -->\n<title>Registrazione presso il Casin\u00f2 Mostbet per giocare ad Aviator<\/title>\n<meta name=\"description\" content=\"Registrati sul sito ufficiale del casin\u00f2 Mostbet e gioca ad Aviator. Registrazione, accesso, deposito e prelievo delle vincite presso il casin\u00f2 online Mostbet.\" \/>\n<meta name=\"robots\" content=\"index, follow, max-snippet:-1, max-image-preview:large, max-video-preview:-1\" \/>\n<link rel=\"canonical\" href=\"https:\/\/mostbet-aviator.info\/it\/index.php\/how-to-start-playing-aviator-at-mostbet-online-casino\/\" \/>\n<meta property=\"og:locale\" content=\"it_IT\" \/>\n<meta property=\"og:locale:alternate\" content=\"ru_RU\" \/>\n<meta property=\"og:locale:alternate\" content=\"en_US\" \/>\n<meta property=\"og:locale:alternate\" content=\"pt_PT\" \/>\n<meta property=\"og:locale:alternate\" content=\"es_ES\" \/>\n<meta property=\"og:locale:alternate\" content=\"sr_RS\" \/>\n<meta property=\"og:locale:alternate\" content=\"bg_BG\" \/>\n<meta property=\"og:locale:alternate\" content=\"pl_PL\" \/>\n<meta property=\"og:locale:alternate\" content=\"fr_FR\" \/>\n<meta property=\"og:locale:alternate\" content=\"hu_HU\" \/>\n<meta property=\"og:locale:alternate\" content=\"tr_TR\" \/>\n<meta property=\"og:type\" content=\"article\" \/>\n<meta property=\"og:title\" content=\"Registrazione presso il Casin\u00f2 Mostbet per giocare ad Aviator\" \/>\n<meta property=\"og:description\" content=\"Registrati sul sito ufficiale del casin\u00f2 Mostbet e gioca ad Aviator. Registrazione, accesso, deposito e prelievo delle vincite presso il casin\u00f2 online Mostbet.\" \/>\n<meta property=\"og:url\" content=\"https:\/\/mostbet-aviator.info\/it\/index.php\/how-to-start-playing-aviator-at-mostbet-online-casino\/\" \/>\n<meta property=\"og:site_name\" content=\"Aviator\" \/>\n<meta property=\"article:modified_time\" content=\"2024-03-11T10:48:59+00:00\" \/>\n<meta name=\"twitter:card\" content=\"summary_large_image\" \/>\n<meta name=\"twitter:label1\" content=\"Tempo di lettura stimato\" \/>\n\t<meta name=\"twitter:data1\" content=\"15 minuti\" \/>\n<script type=\"application\/ld+json\" class=\"yoast-schema-graph\">{\"@context\":\"https:\/\/schema.org\",\"@graph\":[{\"@type\":\"WebPage\",\"@id\":\"https:\/\/mostbet-aviator.info\/it\/index.php\/how-to-start-playing-aviator-at-mostbet-online-casino\/\",\"url\":\"https:\/\/mostbet-aviator.info\/it\/index.php\/how-to-start-playing-aviator-at-mostbet-online-casino\/\",\"name\":\"Registrazione presso il Casin\u00f2 Mostbet per giocare ad Aviator\",\"isPartOf\":{\"@id\":\"https:\/\/mostbet-aviator.info\/#website\"},\"datePublished\":\"2024-01-05T14:07:54+00:00\",\"dateModified\":\"2024-03-11T10:48:59+00:00\",\"description\":\"Registrati sul sito ufficiale del casin\u00f2 Mostbet e gioca ad Aviator. Registrazione, accesso, deposito e prelievo delle vincite presso il casin\u00f2 online Mostbet.\",\"breadcrumb\":{\"@id\":\"https:\/\/mostbet-aviator.info\/it\/index.php\/how-to-start-playing-aviator-at-mostbet-online-casino\/#breadcrumb\"},\"inLanguage\":\"it-IT\",\"potentialAction\":[{\"@type\":\"ReadAction\",\"target\":[\"https:\/\/mostbet-aviator.info\/it\/index.php\/how-to-start-playing-aviator-at-mostbet-online-casino\/\"]}]},{\"@type\":\"BreadcrumbList\",\"@id\":\"https:\/\/mostbet-aviator.info\/it\/index.php\/how-to-start-playing-aviator-at-mostbet-online-casino\/#breadcrumb\",\"itemListElement\":[{\"@type\":\"ListItem\",\"position\":1,\"name\":\"Home\",\"item\":\"https:\/\/mostbet-aviator.info\/\"},{\"@type\":\"ListItem\",\"position\":2,\"name\":\"Come iniziare a giocare ad Aviator presso il casin\u00f2 online Mostbet\"}]},{\"@type\":\"WebSite\",\"@id\":\"https:\/\/mostbet-aviator.info\/#website\",\"url\":\"https:\/\/mostbet-aviator.info\/\",\"name\":\"Aviator\",\"description\":\"\",\"publisher\":{\"@id\":\"https:\/\/mostbet-aviator.info\/#organization\"},\"potentialAction\":[{\"@type\":\"SearchAction\",\"target\":{\"@type\":\"EntryPoint\",\"urlTemplate\":\"https:\/\/mostbet-aviator.info\/?s={search_term_string}\"},\"query-input\":{\"@type\":\"PropertyValueSpecification\",\"valueRequired\":true,\"valueName\":\"search_term_string\"}}],\"inLanguage\":\"it-IT\"},{\"@type\":\"Organization\",\"@id\":\"https:\/\/mostbet-aviator.info\/#organization\",\"name\":\"Aviator\",\"url\":\"https:\/\/mostbet-aviator.info\/\",\"logo\":{\"@type\":\"ImageObject\",\"inLanguage\":\"it-IT\",\"@id\":\"https:\/\/mostbet-aviator.info\/#\/schema\/logo\/image\/\",\"url\":\"https:\/\/mostbet-aviator.info\/wp-content\/uploads\/2024\/01\/aviator-game-logo.gif\",\"contentUrl\":\"https:\/\/mostbet-aviator.info\/wp-content\/uploads\/2024\/01\/aviator-game-logo.gif\",\"width\":500,\"height\":189,\"caption\":\"Aviator\"},\"image\":{\"@id\":\"https:\/\/mostbet-aviator.info\/#\/schema\/logo\/image\/\"}}]}<\/script>\n<!-- \/ Yoast SEO plugin. -->","yoast_head_json":{"title":"Registrazione presso il Casin\u00f2 Mostbet per giocare ad Aviator","description":"Registrati sul sito ufficiale del casin\u00f2 Mostbet e gioca ad Aviator. Registrazione, accesso, deposito e prelievo delle vincite presso il casin\u00f2 online Mostbet.","robots":{"index":"index","follow":"follow","max-snippet":"max-snippet:-1","max-image-preview":"max-image-preview:large","max-video-preview":"max-video-preview:-1"},"canonical":"https:\/\/mostbet-aviator.info\/it\/index.php\/how-to-start-playing-aviator-at-mostbet-online-casino\/","og_locale":"it_IT","og_type":"article","og_title":"Registrazione presso il Casin\u00f2 Mostbet per giocare ad Aviator","og_description":"Registrati sul sito ufficiale del casin\u00f2 Mostbet e gioca ad Aviator. Registrazione, accesso, deposito e prelievo delle vincite presso il casin\u00f2 online Mostbet.","og_url":"https:\/\/mostbet-aviator.info\/it\/index.php\/how-to-start-playing-aviator-at-mostbet-online-casino\/","og_site_name":"Aviator","article_modified_time":"2024-03-11T10:48:59+00:00","twitter_card":"summary_large_image","twitter_misc":{"Tempo di lettura stimato":"15 minuti"},"schema":{"@context":"https:\/\/schema.org","@graph":[{"@type":"WebPage","@id":"https:\/\/mostbet-aviator.info\/it\/index.php\/how-to-start-playing-aviator-at-mostbet-online-casino\/","url":"https:\/\/mostbet-aviator.info\/it\/index.php\/how-to-start-playing-aviator-at-mostbet-online-casino\/","name":"Registrazione presso il Casin\u00f2 Mostbet per giocare ad Aviator","isPartOf":{"@id":"https:\/\/mostbet-aviator.info\/#website"},"datePublished":"2024-01-05T14:07:54+00:00","dateModified":"2024-03-11T10:48:59+00:00","description":"Registrati sul sito ufficiale del casin\u00f2 Mostbet e gioca ad Aviator. Registrazione, accesso, deposito e prelievo delle vincite presso il casin\u00f2 online Mostbet.","breadcrumb":{"@id":"https:\/\/mostbet-aviator.info\/it\/index.php\/how-to-start-playing-aviator-at-mostbet-online-casino\/#breadcrumb"},"inLanguage":"it-IT","potentialAction":[{"@type":"ReadAction","target":["https:\/\/mostbet-aviator.info\/it\/index.php\/how-to-start-playing-aviator-at-mostbet-online-casino\/"]}]},{"@type":"BreadcrumbList","@id":"https:\/\/mostbet-aviator.info\/it\/index.php\/how-to-start-playing-aviator-at-mostbet-online-casino\/#breadcrumb","itemListElement":[{"@type":"ListItem","position":1,"name":"Home","item":"https:\/\/mostbet-aviator.info\/"},{"@type":"ListItem","position":2,"name":"Come iniziare a giocare ad Aviator presso il casin\u00f2 online Mostbet"}]},{"@type":"WebSite","@id":"https:\/\/mostbet-aviator.info\/#website","url":"https:\/\/mostbet-aviator.info\/","name":"Aviator","description":"","publisher":{"@id":"https:\/\/mostbet-aviator.info\/#organization"},"potentialAction":[{"@type":"SearchAction","target":{"@type":"EntryPoint","urlTemplate":"https:\/\/mostbet-aviator.info\/?s={search_term_string}"},"query-input":{"@type":"PropertyValueSpecification","valueRequired":true,"valueName":"search_term_string"}}],"inLanguage":"it-IT"},{"@type":"Organization","@id":"https:\/\/mostbet-aviator.info\/#organization","name":"Aviator","url":"https:\/\/mostbet-aviator.info\/","logo":{"@type":"ImageObject","inLanguage":"it-IT","@id":"https:\/\/mostbet-aviator.info\/#\/schema\/logo\/image\/","url":"https:\/\/mostbet-aviator.info\/wp-content\/uploads\/2024\/01\/aviator-game-logo.gif","contentUrl":"https:\/\/mostbet-aviator.info\/wp-content\/uploads\/2024\/01\/aviator-game-logo.gif","width":500,"height":189,"caption":"Aviator"},"image":{"@id":"https:\/\/mostbet-aviator.info\/#\/schema\/logo\/image\/"}}]}},"_links":{"self":[{"href":"https:\/\/mostbet-aviator.info\/it\/index.php\/wp-json\/wp\/v2\/pages\/10","targetHints":{"allow":["GET"]}}],"collection":[{"href":"https:\/\/mostbet-aviator.info\/it\/index.php\/wp-json\/wp\/v2\/pages"}],"about":[{"href":"https:\/\/mostbet-aviator.info\/it\/index.php\/wp-json\/wp\/v2\/types\/page"}],"author":[{"embeddable":true,"href":"https:\/\/mostbet-aviator.info\/it\/index.php\/wp-json\/wp\/v2\/users\/1"}],"replies":[{"embeddable":true,"href":"https:\/\/mostbet-aviator.info\/it\/index.php\/wp-json\/wp\/v2\/comments?post=10"}],"version-history":[{"count":24,"href":"https:\/\/mostbet-aviator.info\/it\/index.php\/wp-json\/wp\/v2\/pages\/10\/revisions"}],"predecessor-version":[{"id":116,"href":"https:\/\/mostbet-aviator.info\/it\/index.php\/wp-json\/wp\/v2\/pages\/10\/revisions\/116"}],"wp:attachment":[{"href":"https:\/\/mostbet-aviator.info\/it\/index.php\/wp-json\/wp\/v2\/media?parent=10"}],"curies":[{"name":"wp","href":"https:\/\/api.w.org\/{rel}","templated":true}]}}