{"id":12,"date":"2024-01-05T14:09:44","date_gmt":"2024-01-05T14:09:44","guid":{"rendered":"https:\/\/mostbet-aviator.info\/?page_id=12"},"modified":"2024-03-11T10:55:01","modified_gmt":"2024-03-11T10:55:01","slug":"advantages-and-disadvantages-of-aviator-crash-game","status":"publish","type":"page","link":"https:\/\/mostbet-aviator.info\/it\/index.php\/advantages-and-disadvantages-of-aviator-crash-game\/","title":{"rendered":"Vantaggi e Svantaggi del Gioco di Collisione Aviator"},"content":{"rendered":"<p>Tra i visitatori del casin\u00f2 Mostbet, il gioco Aviator gode di una domanda costante e rientra nella categoria dei giochi online molto popolari. Aviator \u00e8 progettato in un design attraente e vivace. Tutti i pulsanti di controllo necessari sono comodamente posizionati nella parte inferiore dello schermo di gioco. Il gioco di crash ha numerosi vantaggi:<\/p>\n<ul>\n<li>La possibilit\u00e0 di scegliere tra due scommesse per turno;<\/li>\n<li>Alto RTP e alti moltiplicatori;<\/li>\n<li>Formato di gioco unico;<\/li>\n<li>Bellissimo design in stile cartone animato;<\/li>\n<li>Disponibilit\u00e0 di una versione gratuita del simulatore;<\/li>\n<li>Comunicazione con altri giocatori in una chat dal vivo;<\/li>\n<li>Cronologia delle scommesse e risultati recenti;<\/li>\n<li>Dipendenza dalla vittoria sull&#8217;RNG e dalle decisioni del giocatore;<\/li>\n<li>Supporto per diverse valute e dispositivi;<\/li>\n<li>Crescita illimitata dei coefficienti di scommessa.<\/li>\n<\/ul>\n<p>Grazie alla vasta gamma di scommesse, il gioco Aviator \u00e8 adatto per i giocatori con varie capacit\u00e0 finanziarie. Il gioco online funziona perfettamente sia su dispositivi desktop che su dispositivi mobili. Per avviare lo slot con soldi veri, \u00e8 sufficiente registrarsi presso il casin\u00f2 online e ricaricare il saldo del conto di gioco.<\/p>\n<p>Parlando degli svantaggi di Aviator, vale la pena notare che, come qualsiasi gioco d&#8217;azzardo, Aviator pu\u00f2 creare dipendenza e i giocatori possono avere difficolt\u00e0 a fermare il gioco. Consigliamo di scegliere una quantit\u00e0 che sei disposto a spendere per il gioco e, se hai speso l&#8217;intero importo, non continuare mai a giocare.<\/p>\n<h2>Caratteristiche della registrazione e del deposito in Aviator:<\/h2>\n<p>Il gioco di crash Aviator \u00e8 disponibile sia in modalit\u00e0 a pagamento che gratuita presso molti casin\u00f2 online. Nel catalogo, il gioco di solito si trova nella categoria dei giochi di crash. Per effettuare scommesse con valuta reale, \u00e8 necessario creare un account. Ecco come registrarsi presso il casin\u00f2:<\/p>\n<ul>\n<li>Scegli un casin\u00f2 con il gioco Aviator;<\/li>\n<li>Vai al sito web ufficiale, ad esempio, il casin\u00f2 Mostbet;<\/li>\n<li>Trova e clicca sul pulsante &#8220;Registrazione&#8221;;<\/li>\n<li>Compila correttamente il modulo fornito;<\/li>\n<li>Verifica l&#8217;account e attiva i bonus;<\/li>\n<li>Deposita fondi utilizzando un metodo comodo;<\/li>\n<li>Trova il gioco di crash Aviator nel catalogo;<\/li>\n<li>Attendi il completamento del turno corrente;<\/li>\n<li>Fai scommesse e avvia il simulatore.<\/li>\n<\/ul>\n<p>Per il deposito presso un casin\u00f2 online, sono previsti metodi di pagamento affidabili, comodi e sicuri &#8211; carte bancarie, banche online, portafogli elettronici e portafogli di criptovalute, ecc. Il pagamento avviene nel proprio account attraverso il menu &#8220;Cassa&#8221;. I fondi vengono accreditati istantaneamente sul conto del giocatore, dopodich\u00e9 \u00e8 possibile godersi il coinvolgente gioco Aviator con soldi veri e ricevere pagamenti consistenti.<\/p>\n","protected":false},"excerpt":{"rendered":"<p>Tra i visitatori del casin\u00f2 Mostbet, il gioco Aviator gode di una domanda costante e rientra nella categoria dei giochi online molto popolari. Aviator \u00e8 progettato in un design attraente e vivace. Tutti i pulsanti di controllo necessari sono comodamente posizionati nella parte inferiore dello schermo di gioco. Il gioco di crash ha numerosi vantaggi:&#8230;<\/p>\n","protected":false},"author":1,"featured_media":0,"parent":0,"menu_order":0,"comment_status":"closed","ping_status":"closed","template":"","meta":{"footnotes":""},"class_list":["post-12","page","type-page","status-publish","hentry"],"yoast_head":"<!-- This site is optimized with the Yoast SEO plugin v27.2 - https:\/\/yoast.com\/product\/yoast-seo-wordpress\/ -->\n<title>Advantages and Disadvantages of the Aviator Game<\/title>\n<meta name=\"description\" content=\"Come qualsiasi gioco di collisione in un casin\u00f2 online, anche il gioco Aviator ha i suoi vantaggi e svantaggi. Parliamone.\" \/>\n<meta name=\"robots\" content=\"index, follow, max-snippet:-1, max-image-preview:large, max-video-preview:-1\" \/>\n<link rel=\"canonical\" href=\"https:\/\/mostbet-aviator.info\/it\/index.php\/advantages-and-disadvantages-of-aviator-crash-game\/\" \/>\n<meta property=\"og:locale\" content=\"it_IT\" \/>\n<meta property=\"og:locale:alternate\" content=\"ru_RU\" \/>\n<meta property=\"og:locale:alternate\" content=\"en_US\" \/>\n<meta property=\"og:locale:alternate\" content=\"pt_PT\" \/>\n<meta property=\"og:locale:alternate\" content=\"es_ES\" \/>\n<meta property=\"og:locale:alternate\" content=\"sr_RS\" \/>\n<meta property=\"og:locale:alternate\" content=\"bg_BG\" \/>\n<meta property=\"og:locale:alternate\" content=\"pl_PL\" \/>\n<meta property=\"og:locale:alternate\" content=\"fr_FR\" \/>\n<meta property=\"og:locale:alternate\" content=\"hu_HU\" \/>\n<meta property=\"og:locale:alternate\" content=\"tr_TR\" \/>\n<meta property=\"og:type\" content=\"article\" \/>\n<meta property=\"og:title\" content=\"Advantages and Disadvantages of the Aviator Game\" \/>\n<meta property=\"og:description\" content=\"Like any crash game in an online casino, the Aviator game also has its advantages and disadvantages. Let&#039;s talk about them.\" \/>\n<meta property=\"og:url\" content=\"https:\/\/mostbet-aviator.info\/it\/index.php\/advantages-and-disadvantages-of-aviator-crash-game\/\" \/>\n<meta property=\"og:site_name\" content=\"Aviator\" \/>\n<meta property=\"article:modified_time\" content=\"2024-03-11T10:55:01+00:00\" \/>\n<meta name=\"twitter:card\" content=\"summary_large_image\" \/>\n<meta name=\"twitter:label1\" content=\"Tempo di lettura stimato\" \/>\n\t<meta name=\"twitter:data1\" content=\"18 minuti\" \/>\n<script type=\"application\/ld+json\" class=\"yoast-schema-graph\">{\"@context\":\"https:\/\/schema.org\",\"@graph\":[{\"@type\":\"WebPage\",\"@id\":\"https:\/\/mostbet-aviator.info\/en\/index.php\/advantages-and-disadvantages-of-aviator-crash-game\/\",\"url\":\"https:\/\/mostbet-aviator.info\/en\/index.php\/advantages-and-disadvantages-of-aviator-crash-game\/\",\"name\":\"Advantages and Disadvantages of the Aviator Game\",\"isPartOf\":{\"@id\":\"https:\/\/mostbet-aviator.info\/#website\"},\"datePublished\":\"2024-01-05T14:09:44+00:00\",\"dateModified\":\"2024-03-11T10:55:01+00:00\",\"description\":\"Like any crash game in an online casino, the Aviator game also has its advantages and disadvantages. Let's talk about them.\",\"breadcrumb\":{\"@id\":\"https:\/\/mostbet-aviator.info\/en\/index.php\/advantages-and-disadvantages-of-aviator-crash-game\/#breadcrumb\"},\"inLanguage\":\"it-IT\",\"potentialAction\":[{\"@type\":\"ReadAction\",\"target\":[\"https:\/\/mostbet-aviator.info\/en\/index.php\/advantages-and-disadvantages-of-aviator-crash-game\/\"]}]},{\"@type\":\"BreadcrumbList\",\"@id\":\"https:\/\/mostbet-aviator.info\/en\/index.php\/advantages-and-disadvantages-of-aviator-crash-game\/#breadcrumb\",\"itemListElement\":[{\"@type\":\"ListItem\",\"position\":1,\"name\":\"Home\",\"item\":\"https:\/\/mostbet-aviator.info\/\"},{\"@type\":\"ListItem\",\"position\":2,\"name\":\"Advantages and Disadvantages of Aviator Crash Game\"}]},{\"@type\":\"WebSite\",\"@id\":\"https:\/\/mostbet-aviator.info\/#website\",\"url\":\"https:\/\/mostbet-aviator.info\/\",\"name\":\"Aviator\",\"description\":\"\",\"publisher\":{\"@id\":\"https:\/\/mostbet-aviator.info\/#organization\"},\"potentialAction\":[{\"@type\":\"SearchAction\",\"target\":{\"@type\":\"EntryPoint\",\"urlTemplate\":\"https:\/\/mostbet-aviator.info\/?s={search_term_string}\"},\"query-input\":{\"@type\":\"PropertyValueSpecification\",\"valueRequired\":true,\"valueName\":\"search_term_string\"}}],\"inLanguage\":\"it-IT\"},{\"@type\":\"Organization\",\"@id\":\"https:\/\/mostbet-aviator.info\/#organization\",\"name\":\"Aviator\",\"url\":\"https:\/\/mostbet-aviator.info\/\",\"logo\":{\"@type\":\"ImageObject\",\"inLanguage\":\"it-IT\",\"@id\":\"https:\/\/mostbet-aviator.info\/#\/schema\/logo\/image\/\",\"url\":\"https:\/\/mostbet-aviator.info\/wp-content\/uploads\/2024\/01\/aviator-game-logo.gif\",\"contentUrl\":\"https:\/\/mostbet-aviator.info\/wp-content\/uploads\/2024\/01\/aviator-game-logo.gif\",\"width\":500,\"height\":189,\"caption\":\"Aviator\"},\"image\":{\"@id\":\"https:\/\/mostbet-aviator.info\/#\/schema\/logo\/image\/\"}}]}<\/script>\n<!-- \/ Yoast SEO plugin. -->","yoast_head_json":{"title":"Advantages and Disadvantages of the Aviator Game","description":"Come qualsiasi gioco di collisione in un casin\u00f2 online, anche il gioco Aviator ha i suoi vantaggi e svantaggi. Parliamone.","robots":{"index":"index","follow":"follow","max-snippet":"max-snippet:-1","max-image-preview":"max-image-preview:large","max-video-preview":"max-video-preview:-1"},"canonical":"https:\/\/mostbet-aviator.info\/it\/index.php\/advantages-and-disadvantages-of-aviator-crash-game\/","og_locale":"it_IT","og_type":"article","og_title":"Advantages and Disadvantages of the Aviator Game","og_description":"Like any crash game in an online casino, the Aviator game also has its advantages and disadvantages. Let's talk about them.","og_url":"https:\/\/mostbet-aviator.info\/it\/index.php\/advantages-and-disadvantages-of-aviator-crash-game\/","og_site_name":"Aviator","article_modified_time":"2024-03-11T10:55:01+00:00","twitter_card":"summary_large_image","twitter_misc":{"Tempo di lettura stimato":"18 minuti"},"schema":{"@context":"https:\/\/schema.org","@graph":[{"@type":"WebPage","@id":"https:\/\/mostbet-aviator.info\/en\/index.php\/advantages-and-disadvantages-of-aviator-crash-game\/","url":"https:\/\/mostbet-aviator.info\/en\/index.php\/advantages-and-disadvantages-of-aviator-crash-game\/","name":"Advantages and Disadvantages of the Aviator Game","isPartOf":{"@id":"https:\/\/mostbet-aviator.info\/#website"},"datePublished":"2024-01-05T14:09:44+00:00","dateModified":"2024-03-11T10:55:01+00:00","description":"Like any crash game in an online casino, the Aviator game also has its advantages and disadvantages. Let's talk about them.","breadcrumb":{"@id":"https:\/\/mostbet-aviator.info\/en\/index.php\/advantages-and-disadvantages-of-aviator-crash-game\/#breadcrumb"},"inLanguage":"it-IT","potentialAction":[{"@type":"ReadAction","target":["https:\/\/mostbet-aviator.info\/en\/index.php\/advantages-and-disadvantages-of-aviator-crash-game\/"]}]},{"@type":"BreadcrumbList","@id":"https:\/\/mostbet-aviator.info\/en\/index.php\/advantages-and-disadvantages-of-aviator-crash-game\/#breadcrumb","itemListElement":[{"@type":"ListItem","position":1,"name":"Home","item":"https:\/\/mostbet-aviator.info\/"},{"@type":"ListItem","position":2,"name":"Advantages and Disadvantages of Aviator Crash Game"}]},{"@type":"WebSite","@id":"https:\/\/mostbet-aviator.info\/#website","url":"https:\/\/mostbet-aviator.info\/","name":"Aviator","description":"","publisher":{"@id":"https:\/\/mostbet-aviator.info\/#organization"},"potentialAction":[{"@type":"SearchAction","target":{"@type":"EntryPoint","urlTemplate":"https:\/\/mostbet-aviator.info\/?s={search_term_string}"},"query-input":{"@type":"PropertyValueSpecification","valueRequired":true,"valueName":"search_term_string"}}],"inLanguage":"it-IT"},{"@type":"Organization","@id":"https:\/\/mostbet-aviator.info\/#organization","name":"Aviator","url":"https:\/\/mostbet-aviator.info\/","logo":{"@type":"ImageObject","inLanguage":"it-IT","@id":"https:\/\/mostbet-aviator.info\/#\/schema\/logo\/image\/","url":"https:\/\/mostbet-aviator.info\/wp-content\/uploads\/2024\/01\/aviator-game-logo.gif","contentUrl":"https:\/\/mostbet-aviator.info\/wp-content\/uploads\/2024\/01\/aviator-game-logo.gif","width":500,"height":189,"caption":"Aviator"},"image":{"@id":"https:\/\/mostbet-aviator.info\/#\/schema\/logo\/image\/"}}]}},"_links":{"self":[{"href":"https:\/\/mostbet-aviator.info\/it\/index.php\/wp-json\/wp\/v2\/pages\/12","targetHints":{"allow":["GET"]}}],"collection":[{"href":"https:\/\/mostbet-aviator.info\/it\/index.php\/wp-json\/wp\/v2\/pages"}],"about":[{"href":"https:\/\/mostbet-aviator.info\/it\/index.php\/wp-json\/wp\/v2\/types\/page"}],"author":[{"embeddable":true,"href":"https:\/\/mostbet-aviator.info\/it\/index.php\/wp-json\/wp\/v2\/users\/1"}],"replies":[{"embeddable":true,"href":"https:\/\/mostbet-aviator.info\/it\/index.php\/wp-json\/wp\/v2\/comments?post=12"}],"version-history":[{"count":23,"href":"https:\/\/mostbet-aviator.info\/it\/index.php\/wp-json\/wp\/v2\/pages\/12\/revisions"}],"predecessor-version":[{"id":119,"href":"https:\/\/mostbet-aviator.info\/it\/index.php\/wp-json\/wp\/v2\/pages\/12\/revisions\/119"}],"wp:attachment":[{"href":"https:\/\/mostbet-aviator.info\/it\/index.php\/wp-json\/wp\/v2\/media?parent=12"}],"curies":[{"name":"wp","href":"https:\/\/api.w.org\/{rel}","templated":true}]}}