{"id":8,"date":"2024-01-05T14:07:03","date_gmt":"2024-01-05T14:07:03","guid":{"rendered":"https:\/\/mostbet-aviator.info\/?page_id=8"},"modified":"2024-03-11T10:50:59","modified_gmt":"2024-03-11T10:50:59","slug":"how-to-start-playing-the-aviator-crash-game","status":"publish","type":"page","link":"https:\/\/mostbet-aviator.info\/it\/index.php\/how-to-start-playing-the-aviator-crash-game\/","title":{"rendered":"Come iniziare a giocare al gioco di collisione Aviator &#8211; consigli e strategie"},"content":{"rendered":"<p>Il popolare gioco online Aviator \u00e8 diventato uno degli intrattenimenti pi\u00f9 ricercati nei casin\u00f2 online. Il gioco \u00e8 stato pubblicato dallo studio Spribe nel 2019. Il simulatore ha attratto l&#8217;attenzione dei giocatori con la sua implementazione insolita del gameplay, gli alti moltiplicatori delle scommesse e la meccanica unica. L&#8217;oggetto principale del gioco \u00e8 un aereo virtuale. L&#8217;aereo si alza rapidamente e, man mano che guadagna altezza, i moltiplicatori delle scommesse aumentano. Il gioco ha un buon ritorno teorico &#8211; l&#8217;RTP \u00e8 del 97%. Grazie alla sua volatilit\u00e0 media-bassa, le vincite si verificano frequentemente. \u00c8 necessario scegliere il momento in cui compare un moltiplicatore elevato sullo schermo e richiedere rapidamente il premio in denaro.<\/p>\n<h2>Caratteristiche del gioco Aviator:<\/h2>\n<p>Nella slot machine Aviator, il campo di gioco rappresenta una pista di decollo. Due pannelli di controllo per la selezione delle scommesse e l&#8217;incasso delle vincite si trovano nella parte inferiore dello schermo. Prima di iniziare, attendi il completamento del round corrente, poich\u00e9 il gioco \u00e8 multiplayer. L&#8217;essenza del gameplay \u00e8 la seguente:<\/p>\n<ul>\n<li>Il giocatore piazza una o due somme per il round.<\/li>\n<li>Dopo che il tempo delle scommesse \u00e8 scaduto, l&#8217;aereo decolla.<\/li>\n<li>Attendere l&#8217;apparizione del moltiplicatore ottimale.<\/li>\n<li>Interrompere il round e richiedere le vincite.<\/li>\n<\/ul>\n<p>Puoi utilizzare le funzioni di gioco automatico e prelievo automatico o piazzare manualmente le scommesse e incassare i soldi. Il gioco automatico pu\u00f2 essere impostato per 10, 50 o 100 round. La modalit\u00e0 di prelievo automatico pu\u00f2 essere impostata contemporaneamente su entrambi i pannelli di controllo. Quindi, il gioco si interromper\u00e0 forzatamente quando il coefficiente impostato dal giocatore verr\u00e0 raggiunto. Queste sono opzioni comode che ti consentono di vincere pi\u00f9 spesso nel simulatore Aviator.<\/p>\n<h2>Strategie popolari del gioco Aviator:<\/h2>\n<p>Parliamo delle strategie che i giocatori scelgono per giocare ad Aviator presso il casin\u00f2 Mostbet. Molti giocatori applicano varie tattiche di gioco per aumentare le probabilit\u00e0 di vincita. In Aviator, di solito vengono utilizzate strategie legate alle dimensioni delle scommesse e ai coefficienti di pagamento. Le tattiche di gioco pi\u00f9 efficaci includono:<\/p>\n<ol>\n<li>Giocare con scommesse minime e bassi coefficienti: la strategia meno rischiosa, che fornisce piccole vincite stabili. Il giocatore deve piazzare piccole somme e fermare i round quando compaiono moltiplicatori fino a x3 delle scommesse. Anche se non vincerai molti soldi in questo modo, il rischio di perdita \u00e8 minimo.<\/li>\n<li>Giocare con scommesse medie e coefficienti: simile alla strategia precedente, ma il giocatore deve fare scommesse pi\u00f9 grandi e incassare quando il moltiplicatore sullo schermo raggiunge valori da x4 a x10 delle scommesse. I rischi sono pi\u00f9 alti, ma aumentano anche le possibilit\u00e0 di vincere una grande somma di denaro.<\/li>\n<li>Giocare con scommesse alte e coefficienti massimi: la tattica pi\u00f9 rischiosa e redditizia. Se hai fortuna, il giocatore pu\u00f2 vincere una somma piuttosto sostanziale in Aviator. \u00c8 consigliabile impostare il prelievo automatico per i moltiplicatori da x100 in su.<\/li>\n<\/ol>\n<p>Nel gioco di crash Aviator, vengono utilizzate anche strategie classiche come il Martingala. \u00c8 importante ricordare che varie tattiche non garantiscono una vittoria al cento per cento nella slot, ma aiutano a ridurre il rischio di perdite finanziarie e a ottenere vincite pi\u00f9 spesso. Alla fine, \u00e8 molto pi\u00f9 saggio giocare secondo un sistema specifico anzich\u00e9 semplicemente premere i tasti, sperando nella fortuna casuale.<\/p>\n","protected":false},"excerpt":{"rendered":"<p>Il popolare gioco online Aviator \u00e8 diventato uno degli intrattenimenti pi\u00f9 ricercati nei casin\u00f2 online. Il gioco \u00e8 stato pubblicato dallo studio Spribe nel 2019. Il simulatore ha attratto l&#8217;attenzione dei giocatori con la sua implementazione insolita del gameplay, gli alti moltiplicatori delle scommesse e la meccanica unica. L&#8217;oggetto principale del gioco \u00e8 un aereo&#8230;<\/p>\n","protected":false},"author":1,"featured_media":0,"parent":0,"menu_order":0,"comment_status":"closed","ping_status":"closed","template":"","meta":{"footnotes":""},"class_list":["post-8","page","type-page","status-publish","hentry"],"yoast_head":"<!-- This site is optimized with the Yoast SEO plugin v27.2 - https:\/\/yoast.com\/product\/yoast-seo-wordpress\/ -->\n<title>\u041b\u0443\u0447\u0448\u0438\u0435 \u0441\u0442\u0440\u0430\u0442\u0435\u0433\u0438\u0438 \u0438 \u0442\u0430\u043a\u0442\u0438\u043a\u0438 \u0438\u0433\u0440\u044b \u0432 \u0410\u0432\u0438\u0430\u0442\u043e\u0440<\/title>\n<meta name=\"description\" content=\"Come giocare e vincere soldi veri nel gioco online Aviator presso il casin\u00f2 online Mostbet. Le migliori strategie e tattiche per i giocatori di Aviator.\" \/>\n<meta name=\"robots\" content=\"index, follow, max-snippet:-1, max-image-preview:large, max-video-preview:-1\" \/>\n<link rel=\"canonical\" href=\"https:\/\/mostbet-aviator.info\/it\/index.php\/how-to-start-playing-the-aviator-crash-game\/\" \/>\n<meta property=\"og:locale\" content=\"it_IT\" \/>\n<meta property=\"og:locale:alternate\" content=\"ru_RU\" \/>\n<meta property=\"og:locale:alternate\" content=\"en_US\" \/>\n<meta property=\"og:locale:alternate\" content=\"pt_PT\" \/>\n<meta property=\"og:locale:alternate\" content=\"es_ES\" \/>\n<meta property=\"og:locale:alternate\" content=\"sr_RS\" \/>\n<meta property=\"og:locale:alternate\" content=\"bg_BG\" \/>\n<meta property=\"og:locale:alternate\" content=\"pl_PL\" \/>\n<meta property=\"og:locale:alternate\" content=\"fr_FR\" \/>\n<meta property=\"og:locale:alternate\" content=\"hu_HU\" \/>\n<meta property=\"og:locale:alternate\" content=\"tr_TR\" \/>\n<meta property=\"og:type\" content=\"article\" \/>\n<meta property=\"og:title\" content=\"\u041b\u0443\u0447\u0448\u0438\u0435 \u0441\u0442\u0440\u0430\u0442\u0435\u0433\u0438\u0438 \u0438 \u0442\u0430\u043a\u0442\u0438\u043a\u0438 \u0438\u0433\u0440\u044b \u0432 \u0410\u0432\u0438\u0430\u0442\u043e\u0440\" \/>\n<meta property=\"og:description\" content=\"\u041a\u0430\u043a \u0438\u0433\u0440\u0430\u0442\u044c \u0438 \u0432\u044b\u0438\u0433\u0440\u044b\u0432\u0430\u0442\u044c \u043d\u0430\u0441\u0442\u043e\u044f\u0449\u0438\u0435 \u0434\u0435\u043d\u044c\u0433\u0438 \u0432 \u043e\u043d\u043b\u0430\u0439\u043d \u0438\u0433\u0440\u0435 \u0432 \u0410\u0432\u0438\u0430\u0442\u043e\u0440 \u0432 \u043e\u043d\u043b\u0430\u0439\u043d \u043a\u0430\u0437\u0438\u043d\u043e \u041c\u043e\u0441\u0442\u0431\u0435\u0442. \u041b\u0443\u0447\u0448\u0438\u0435 \u0441\u0442\u0440\u0430\u0442\u0435\u0433\u0438\u0438 \u0438 \u0442\u0430\u043a\u0442\u0438\u043a\u0438 \u0434\u043b\u044f \u0438\u0433\u0440\u043e\u043a\u043e\u0432 \u0410\u0432\u0438\u0430\u0442\u043e\u0440\u0430\" \/>\n<meta property=\"og:url\" content=\"https:\/\/mostbet-aviator.info\/it\/index.php\/how-to-start-playing-the-aviator-crash-game\/\" \/>\n<meta property=\"og:site_name\" content=\"Aviator\" \/>\n<meta property=\"article:modified_time\" content=\"2024-03-11T10:50:59+00:00\" \/>\n<meta name=\"twitter:card\" content=\"summary_large_image\" \/>\n<meta name=\"twitter:label1\" content=\"Tempo di lettura stimato\" \/>\n\t<meta name=\"twitter:data1\" content=\"23 minuti\" \/>\n<script type=\"application\/ld+json\" class=\"yoast-schema-graph\">{\"@context\":\"https:\/\/schema.org\",\"@graph\":[{\"@type\":\"WebPage\",\"@id\":\"https:\/\/mostbet-aviator.info\/index.php\/how-to-start-playing-the-aviator-crash-game\/\",\"url\":\"https:\/\/mostbet-aviator.info\/index.php\/how-to-start-playing-the-aviator-crash-game\/\",\"name\":\"\u041b\u0443\u0447\u0448\u0438\u0435 \u0441\u0442\u0440\u0430\u0442\u0435\u0433\u0438\u0438 \u0438 \u0442\u0430\u043a\u0442\u0438\u043a\u0438 \u0438\u0433\u0440\u044b \u0432 \u0410\u0432\u0438\u0430\u0442\u043e\u0440\",\"isPartOf\":{\"@id\":\"https:\/\/mostbet-aviator.info\/#website\"},\"datePublished\":\"2024-01-05T14:07:03+00:00\",\"dateModified\":\"2024-03-11T10:50:59+00:00\",\"description\":\"\u041a\u0430\u043a \u0438\u0433\u0440\u0430\u0442\u044c \u0438 \u0432\u044b\u0438\u0433\u0440\u044b\u0432\u0430\u0442\u044c \u043d\u0430\u0441\u0442\u043e\u044f\u0449\u0438\u0435 \u0434\u0435\u043d\u044c\u0433\u0438 \u0432 \u043e\u043d\u043b\u0430\u0439\u043d \u0438\u0433\u0440\u0435 \u0432 \u0410\u0432\u0438\u0430\u0442\u043e\u0440 \u0432 \u043e\u043d\u043b\u0430\u0439\u043d \u043a\u0430\u0437\u0438\u043d\u043e \u041c\u043e\u0441\u0442\u0431\u0435\u0442. \u041b\u0443\u0447\u0448\u0438\u0435 \u0441\u0442\u0440\u0430\u0442\u0435\u0433\u0438\u0438 \u0438 \u0442\u0430\u043a\u0442\u0438\u043a\u0438 \u0434\u043b\u044f \u0438\u0433\u0440\u043e\u043a\u043e\u0432 \u0410\u0432\u0438\u0430\u0442\u043e\u0440\u0430\",\"breadcrumb\":{\"@id\":\"https:\/\/mostbet-aviator.info\/index.php\/how-to-start-playing-the-aviator-crash-game\/#breadcrumb\"},\"inLanguage\":\"it-IT\",\"potentialAction\":[{\"@type\":\"ReadAction\",\"target\":[\"https:\/\/mostbet-aviator.info\/index.php\/how-to-start-playing-the-aviator-crash-game\/\"]}]},{\"@type\":\"BreadcrumbList\",\"@id\":\"https:\/\/mostbet-aviator.info\/index.php\/how-to-start-playing-the-aviator-crash-game\/#breadcrumb\",\"itemListElement\":[{\"@type\":\"ListItem\",\"position\":1,\"name\":\"Home\",\"item\":\"https:\/\/mostbet-aviator.info\/\"},{\"@type\":\"ListItem\",\"position\":2,\"name\":\"\u041a\u0430\u043a \u043d\u0430\u0447\u0430\u0442\u044c \u0438\u0433\u0440\u0430\u0442\u044c \u0432 \u043a\u0440\u0430\u0448-\u0438\u0433\u0440\u0443 Aviator \u2013 \u0441\u043e\u0432\u0435\u0442\u044b \u0438 \u0441\u0442\u0440\u0430\u0442\u0435\u0433\u0438\u0438\"}]},{\"@type\":\"WebSite\",\"@id\":\"https:\/\/mostbet-aviator.info\/#website\",\"url\":\"https:\/\/mostbet-aviator.info\/\",\"name\":\"Aviator\",\"description\":\"\",\"publisher\":{\"@id\":\"https:\/\/mostbet-aviator.info\/#organization\"},\"potentialAction\":[{\"@type\":\"SearchAction\",\"target\":{\"@type\":\"EntryPoint\",\"urlTemplate\":\"https:\/\/mostbet-aviator.info\/?s={search_term_string}\"},\"query-input\":{\"@type\":\"PropertyValueSpecification\",\"valueRequired\":true,\"valueName\":\"search_term_string\"}}],\"inLanguage\":\"it-IT\"},{\"@type\":\"Organization\",\"@id\":\"https:\/\/mostbet-aviator.info\/#organization\",\"name\":\"Aviator\",\"url\":\"https:\/\/mostbet-aviator.info\/\",\"logo\":{\"@type\":\"ImageObject\",\"inLanguage\":\"it-IT\",\"@id\":\"https:\/\/mostbet-aviator.info\/#\/schema\/logo\/image\/\",\"url\":\"https:\/\/mostbet-aviator.info\/wp-content\/uploads\/2024\/01\/aviator-game-logo.gif\",\"contentUrl\":\"https:\/\/mostbet-aviator.info\/wp-content\/uploads\/2024\/01\/aviator-game-logo.gif\",\"width\":500,\"height\":189,\"caption\":\"Aviator\"},\"image\":{\"@id\":\"https:\/\/mostbet-aviator.info\/#\/schema\/logo\/image\/\"}}]}<\/script>\n<!-- \/ Yoast SEO plugin. -->","yoast_head_json":{"title":"\u041b\u0443\u0447\u0448\u0438\u0435 \u0441\u0442\u0440\u0430\u0442\u0435\u0433\u0438\u0438 \u0438 \u0442\u0430\u043a\u0442\u0438\u043a\u0438 \u0438\u0433\u0440\u044b \u0432 \u0410\u0432\u0438\u0430\u0442\u043e\u0440","description":"Come giocare e vincere soldi veri nel gioco online Aviator presso il casin\u00f2 online Mostbet. Le migliori strategie e tattiche per i giocatori di Aviator.","robots":{"index":"index","follow":"follow","max-snippet":"max-snippet:-1","max-image-preview":"max-image-preview:large","max-video-preview":"max-video-preview:-1"},"canonical":"https:\/\/mostbet-aviator.info\/it\/index.php\/how-to-start-playing-the-aviator-crash-game\/","og_locale":"it_IT","og_type":"article","og_title":"\u041b\u0443\u0447\u0448\u0438\u0435 \u0441\u0442\u0440\u0430\u0442\u0435\u0433\u0438\u0438 \u0438 \u0442\u0430\u043a\u0442\u0438\u043a\u0438 \u0438\u0433\u0440\u044b \u0432 \u0410\u0432\u0438\u0430\u0442\u043e\u0440","og_description":"\u041a\u0430\u043a \u0438\u0433\u0440\u0430\u0442\u044c \u0438 \u0432\u044b\u0438\u0433\u0440\u044b\u0432\u0430\u0442\u044c \u043d\u0430\u0441\u0442\u043e\u044f\u0449\u0438\u0435 \u0434\u0435\u043d\u044c\u0433\u0438 \u0432 \u043e\u043d\u043b\u0430\u0439\u043d \u0438\u0433\u0440\u0435 \u0432 \u0410\u0432\u0438\u0430\u0442\u043e\u0440 \u0432 \u043e\u043d\u043b\u0430\u0439\u043d \u043a\u0430\u0437\u0438\u043d\u043e \u041c\u043e\u0441\u0442\u0431\u0435\u0442. \u041b\u0443\u0447\u0448\u0438\u0435 \u0441\u0442\u0440\u0430\u0442\u0435\u0433\u0438\u0438 \u0438 \u0442\u0430\u043a\u0442\u0438\u043a\u0438 \u0434\u043b\u044f \u0438\u0433\u0440\u043e\u043a\u043e\u0432 \u0410\u0432\u0438\u0430\u0442\u043e\u0440\u0430","og_url":"https:\/\/mostbet-aviator.info\/it\/index.php\/how-to-start-playing-the-aviator-crash-game\/","og_site_name":"Aviator","article_modified_time":"2024-03-11T10:50:59+00:00","twitter_card":"summary_large_image","twitter_misc":{"Tempo di lettura stimato":"23 minuti"},"schema":{"@context":"https:\/\/schema.org","@graph":[{"@type":"WebPage","@id":"https:\/\/mostbet-aviator.info\/index.php\/how-to-start-playing-the-aviator-crash-game\/","url":"https:\/\/mostbet-aviator.info\/index.php\/how-to-start-playing-the-aviator-crash-game\/","name":"\u041b\u0443\u0447\u0448\u0438\u0435 \u0441\u0442\u0440\u0430\u0442\u0435\u0433\u0438\u0438 \u0438 \u0442\u0430\u043a\u0442\u0438\u043a\u0438 \u0438\u0433\u0440\u044b \u0432 \u0410\u0432\u0438\u0430\u0442\u043e\u0440","isPartOf":{"@id":"https:\/\/mostbet-aviator.info\/#website"},"datePublished":"2024-01-05T14:07:03+00:00","dateModified":"2024-03-11T10:50:59+00:00","description":"\u041a\u0430\u043a \u0438\u0433\u0440\u0430\u0442\u044c \u0438 \u0432\u044b\u0438\u0433\u0440\u044b\u0432\u0430\u0442\u044c \u043d\u0430\u0441\u0442\u043e\u044f\u0449\u0438\u0435 \u0434\u0435\u043d\u044c\u0433\u0438 \u0432 \u043e\u043d\u043b\u0430\u0439\u043d \u0438\u0433\u0440\u0435 \u0432 \u0410\u0432\u0438\u0430\u0442\u043e\u0440 \u0432 \u043e\u043d\u043b\u0430\u0439\u043d \u043a\u0430\u0437\u0438\u043d\u043e \u041c\u043e\u0441\u0442\u0431\u0435\u0442. \u041b\u0443\u0447\u0448\u0438\u0435 \u0441\u0442\u0440\u0430\u0442\u0435\u0433\u0438\u0438 \u0438 \u0442\u0430\u043a\u0442\u0438\u043a\u0438 \u0434\u043b\u044f \u0438\u0433\u0440\u043e\u043a\u043e\u0432 \u0410\u0432\u0438\u0430\u0442\u043e\u0440\u0430","breadcrumb":{"@id":"https:\/\/mostbet-aviator.info\/index.php\/how-to-start-playing-the-aviator-crash-game\/#breadcrumb"},"inLanguage":"it-IT","potentialAction":[{"@type":"ReadAction","target":["https:\/\/mostbet-aviator.info\/index.php\/how-to-start-playing-the-aviator-crash-game\/"]}]},{"@type":"BreadcrumbList","@id":"https:\/\/mostbet-aviator.info\/index.php\/how-to-start-playing-the-aviator-crash-game\/#breadcrumb","itemListElement":[{"@type":"ListItem","position":1,"name":"Home","item":"https:\/\/mostbet-aviator.info\/"},{"@type":"ListItem","position":2,"name":"\u041a\u0430\u043a \u043d\u0430\u0447\u0430\u0442\u044c \u0438\u0433\u0440\u0430\u0442\u044c \u0432 \u043a\u0440\u0430\u0448-\u0438\u0433\u0440\u0443 Aviator \u2013 \u0441\u043e\u0432\u0435\u0442\u044b \u0438 \u0441\u0442\u0440\u0430\u0442\u0435\u0433\u0438\u0438"}]},{"@type":"WebSite","@id":"https:\/\/mostbet-aviator.info\/#website","url":"https:\/\/mostbet-aviator.info\/","name":"Aviator","description":"","publisher":{"@id":"https:\/\/mostbet-aviator.info\/#organization"},"potentialAction":[{"@type":"SearchAction","target":{"@type":"EntryPoint","urlTemplate":"https:\/\/mostbet-aviator.info\/?s={search_term_string}"},"query-input":{"@type":"PropertyValueSpecification","valueRequired":true,"valueName":"search_term_string"}}],"inLanguage":"it-IT"},{"@type":"Organization","@id":"https:\/\/mostbet-aviator.info\/#organization","name":"Aviator","url":"https:\/\/mostbet-aviator.info\/","logo":{"@type":"ImageObject","inLanguage":"it-IT","@id":"https:\/\/mostbet-aviator.info\/#\/schema\/logo\/image\/","url":"https:\/\/mostbet-aviator.info\/wp-content\/uploads\/2024\/01\/aviator-game-logo.gif","contentUrl":"https:\/\/mostbet-aviator.info\/wp-content\/uploads\/2024\/01\/aviator-game-logo.gif","width":500,"height":189,"caption":"Aviator"},"image":{"@id":"https:\/\/mostbet-aviator.info\/#\/schema\/logo\/image\/"}}]}},"_links":{"self":[{"href":"https:\/\/mostbet-aviator.info\/it\/index.php\/wp-json\/wp\/v2\/pages\/8","targetHints":{"allow":["GET"]}}],"collection":[{"href":"https:\/\/mostbet-aviator.info\/it\/index.php\/wp-json\/wp\/v2\/pages"}],"about":[{"href":"https:\/\/mostbet-aviator.info\/it\/index.php\/wp-json\/wp\/v2\/types\/page"}],"author":[{"embeddable":true,"href":"https:\/\/mostbet-aviator.info\/it\/index.php\/wp-json\/wp\/v2\/users\/1"}],"replies":[{"embeddable":true,"href":"https:\/\/mostbet-aviator.info\/it\/index.php\/wp-json\/wp\/v2\/comments?post=8"}],"version-history":[{"count":23,"href":"https:\/\/mostbet-aviator.info\/it\/index.php\/wp-json\/wp\/v2\/pages\/8\/revisions"}],"predecessor-version":[{"id":117,"href":"https:\/\/mostbet-aviator.info\/it\/index.php\/wp-json\/wp\/v2\/pages\/8\/revisions\/117"}],"wp:attachment":[{"href":"https:\/\/mostbet-aviator.info\/it\/index.php\/wp-json\/wp\/v2\/media?parent=8"}],"curies":[{"name":"wp","href":"https:\/\/api.w.org\/{rel}","templated":true}]}}