{"id":10,"date":"2024-01-05T14:07:54","date_gmt":"2024-01-05T14:07:54","guid":{"rendered":"https:\/\/mostbet-aviator.info\/?page_id=10"},"modified":"2024-03-11T10:48:59","modified_gmt":"2024-03-11T10:48:59","slug":"how-to-start-playing-aviator-at-mostbet-online-casino","status":"publish","type":"page","link":"https:\/\/mostbet-aviator.info\/pl\/index.php\/how-to-start-playing-aviator-at-mostbet-online-casino\/","title":{"rendered":"Jak zacz\u0105\u0107 gra\u0107 w Aviator w kasynie online Mostbet?"},"content":{"rendered":"<p>Gra Crash Aviator jest dost\u0119pna na stronie dewelopera, gdzie mo\u017cesz gra\u0107 za darmo oraz w kasynie online Mostbet. Aby zacz\u0105\u0107 gr\u0119 na prawdziwe pieni\u0105dze, musisz zarejestrowa\u0107 si\u0119 na oficjalnej stronie kasyna Mostbet i do\u0142adowa\u0107 \u015brodki na konto gracza. Mo\u017cesz wybra\u0107 dowolne kasyno online, ale zalecamy korzystanie z sprawdzonych, licencjonowanych kasyn o dobrej reputacji. Jednym z takich kasyn jest Mostbet.<\/p>\n<h2>Jak zacz\u0105\u0107 gra\u0107 w Aviator na prawdziwe pieni\u0105dze:<\/h2>\n<ol>\n<li>Wybierz kasyno z gr\u0105 Crash Aviator, na przyk\u0142ad, kasyno Mostbet.<\/li>\n<li>Przejd\u017a na oficjaln\u0105 stron\u0119 Mostbet i zarejestruj si\u0119.<\/li>\n<li>Wprowad\u017a poprawne dane gracza.<\/li>\n<li>Wybierz has\u0142o do logowania.<\/li>\n<li>Wybierz walut\u0119 konta gracza.<\/li>\n<li>Potwierd\u017a swoj\u0105 pe\u0142noletno\u015b\u0107.<\/li>\n<li>Zaakceptuj Regulamin kasyna.<\/li>\n<li>Podaj adres e-mail i numer telefonu.<\/li>\n<li>W razie potrzeby przejd\u017a weryfikacj\u0119.<\/li>\n<\/ol>\n<p>Po zarejestrowaniu si\u0119 w kasynie Mostbet, dokonaj depozytu i opcjonalnie aktywuj bonusy. Nast\u0119pnie przejd\u017a do katalogu kasyna i znajd\u017a gr\u0119 Crash Aviator. Poczekaj na zako\u0144czenie bie\u017c\u0105cej rundy i do\u0142\u0105cz do gry. Na panelach sterowania wybierz rozmiar jednej lub dw\u00f3ch stawek. Gracz mo\u017ce dostosowa\u0107 ustawienia tryb\u00f3w auto-gry i auto-wyp\u0142aty wed\u0142ug swojego uznania.<\/p>\n<p>W przypadku automatycznej wyp\u0142aty runda ko\u0144czy si\u0119, gdy na ekranie pojawi si\u0119 wcze\u015bniej przez gracza ustalony mno\u017cnik stawki. Gracz mo\u017ce r\u00f3wnie\u017c r\u0119cznie zatrzyma\u0107 rundy, osi\u0105gaj\u0105c po\u017c\u0105dany wsp\u00f3\u0142czynnik za pomoc\u0105 wirtualnego samolotu. G\u0142\u00f3wnym warunkiem zwyci\u0119stwa jest nie przegapi\u0107 odpowiedniego momentu i w por\u0119 wyp\u0142aci\u0107 wygran\u0105. W przeciwnym razie gracz straci stawk\u0119.<\/p>\n<p>Gra Crash Aviator sta\u0142a si\u0119 ulubion\u0105 rozrywk\u0105 milion\u00f3w hazardzist\u00f3w. Ta nowo\u015b\u0107 szybko zdoby\u0142a popularno\u015b\u0107 w\u015br\u00f3d graczy dzi\u0119ki nietypowemu formatowi gry, prostym zasadom i bardzo wysokim perspektywom wygranych. Aby zwi\u0119kszy\u0107 szanse na wygran\u0105, mo\u017cna korzysta\u0107 z sprawdzonych strategii zak\u0142ad\u00f3w. Przed gr\u0105 na prawdziwe pieni\u0105dze r\u00f3\u017cne metody gry mo\u017cna przetestowa\u0107 bezp\u0142atnie w trybie demonstracyjnym.<\/p>\n","protected":false},"excerpt":{"rendered":"<p>Gra Crash Aviator jest dost\u0119pna na stronie dewelopera, gdzie mo\u017cesz gra\u0107 za darmo oraz w kasynie online Mostbet. Aby zacz\u0105\u0107 gr\u0119 na prawdziwe pieni\u0105dze, musisz zarejestrowa\u0107 si\u0119 na oficjalnej stronie kasyna Mostbet i do\u0142adowa\u0107 \u015brodki na konto gracza. Mo\u017cesz wybra\u0107 dowolne kasyno online, ale zalecamy korzystanie z sprawdzonych, licencjonowanych kasyn o dobrej reputacji. Jednym z&#8230;<\/p>\n","protected":false},"author":1,"featured_media":0,"parent":0,"menu_order":0,"comment_status":"closed","ping_status":"closed","template":"","meta":{"footnotes":""},"class_list":["post-10","page","type-page","status-publish","hentry"],"yoast_head":"<!-- This site is optimized with the Yoast SEO plugin v27.2 - https:\/\/yoast.com\/product\/yoast-seo-wordpress\/ -->\n<title>Registrazione presso il Casin\u00f2 Mostbet per giocare ad Aviator<\/title>\n<meta name=\"description\" content=\"Zarejestruj si\u0119 na oficjalnej stronie kasyna Mostbet i zagraj w Aviator. Rejestracja, logowanie, wp\u0142acanie i wyp\u0142acanie wygranych w kasynie internetowym Mostbet\" \/>\n<meta name=\"robots\" content=\"index, follow, max-snippet:-1, max-image-preview:large, max-video-preview:-1\" \/>\n<link rel=\"canonical\" href=\"https:\/\/mostbet-aviator.info\/pl\/index.php\/how-to-start-playing-aviator-at-mostbet-online-casino\/\" \/>\n<meta property=\"og:locale\" content=\"pl_PL\" \/>\n<meta property=\"og:locale:alternate\" content=\"ru_RU\" \/>\n<meta property=\"og:locale:alternate\" content=\"en_US\" \/>\n<meta property=\"og:locale:alternate\" content=\"pt_PT\" \/>\n<meta property=\"og:locale:alternate\" content=\"es_ES\" \/>\n<meta property=\"og:locale:alternate\" content=\"sr_RS\" \/>\n<meta property=\"og:locale:alternate\" content=\"bg_BG\" \/>\n<meta property=\"og:locale:alternate\" content=\"it_IT\" \/>\n<meta property=\"og:locale:alternate\" content=\"fr_FR\" \/>\n<meta property=\"og:locale:alternate\" content=\"hu_HU\" \/>\n<meta property=\"og:locale:alternate\" content=\"tr_TR\" \/>\n<meta property=\"og:type\" content=\"article\" \/>\n<meta property=\"og:title\" content=\"Registrazione presso il Casin\u00f2 Mostbet per giocare ad Aviator\" \/>\n<meta property=\"og:description\" content=\"Registrati sul sito ufficiale del casin\u00f2 Mostbet e gioca ad Aviator. Registrazione, accesso, deposito e prelievo delle vincite presso il casin\u00f2 online Mostbet.\" \/>\n<meta property=\"og:url\" content=\"https:\/\/mostbet-aviator.info\/pl\/index.php\/how-to-start-playing-aviator-at-mostbet-online-casino\/\" \/>\n<meta property=\"og:site_name\" content=\"Aviator\" \/>\n<meta property=\"article:modified_time\" content=\"2024-03-11T10:48:59+00:00\" \/>\n<meta name=\"twitter:card\" content=\"summary_large_image\" \/>\n<meta name=\"twitter:label1\" content=\"Szacowany czas czytania\" \/>\n\t<meta name=\"twitter:data1\" content=\"15 minut\" \/>\n<script type=\"application\/ld+json\" class=\"yoast-schema-graph\">{\"@context\":\"https:\/\/schema.org\",\"@graph\":[{\"@type\":\"WebPage\",\"@id\":\"https:\/\/mostbet-aviator.info\/it\/index.php\/how-to-start-playing-aviator-at-mostbet-online-casino\/\",\"url\":\"https:\/\/mostbet-aviator.info\/it\/index.php\/how-to-start-playing-aviator-at-mostbet-online-casino\/\",\"name\":\"Registrazione presso il Casin\u00f2 Mostbet per giocare ad Aviator\",\"isPartOf\":{\"@id\":\"https:\/\/mostbet-aviator.info\/#website\"},\"datePublished\":\"2024-01-05T14:07:54+00:00\",\"dateModified\":\"2024-03-11T10:48:59+00:00\",\"description\":\"Registrati sul sito ufficiale del casin\u00f2 Mostbet e gioca ad Aviator. Registrazione, accesso, deposito e prelievo delle vincite presso il casin\u00f2 online Mostbet.\",\"breadcrumb\":{\"@id\":\"https:\/\/mostbet-aviator.info\/it\/index.php\/how-to-start-playing-aviator-at-mostbet-online-casino\/#breadcrumb\"},\"inLanguage\":\"pl-PL\",\"potentialAction\":[{\"@type\":\"ReadAction\",\"target\":[\"https:\/\/mostbet-aviator.info\/it\/index.php\/how-to-start-playing-aviator-at-mostbet-online-casino\/\"]}]},{\"@type\":\"BreadcrumbList\",\"@id\":\"https:\/\/mostbet-aviator.info\/it\/index.php\/how-to-start-playing-aviator-at-mostbet-online-casino\/#breadcrumb\",\"itemListElement\":[{\"@type\":\"ListItem\",\"position\":1,\"name\":\"Home\",\"item\":\"https:\/\/mostbet-aviator.info\/\"},{\"@type\":\"ListItem\",\"position\":2,\"name\":\"Come iniziare a giocare ad Aviator presso il casin\u00f2 online Mostbet\"}]},{\"@type\":\"WebSite\",\"@id\":\"https:\/\/mostbet-aviator.info\/#website\",\"url\":\"https:\/\/mostbet-aviator.info\/\",\"name\":\"Aviator\",\"description\":\"\",\"publisher\":{\"@id\":\"https:\/\/mostbet-aviator.info\/#organization\"},\"potentialAction\":[{\"@type\":\"SearchAction\",\"target\":{\"@type\":\"EntryPoint\",\"urlTemplate\":\"https:\/\/mostbet-aviator.info\/?s={search_term_string}\"},\"query-input\":{\"@type\":\"PropertyValueSpecification\",\"valueRequired\":true,\"valueName\":\"search_term_string\"}}],\"inLanguage\":\"pl-PL\"},{\"@type\":\"Organization\",\"@id\":\"https:\/\/mostbet-aviator.info\/#organization\",\"name\":\"Aviator\",\"url\":\"https:\/\/mostbet-aviator.info\/\",\"logo\":{\"@type\":\"ImageObject\",\"inLanguage\":\"pl-PL\",\"@id\":\"https:\/\/mostbet-aviator.info\/#\/schema\/logo\/image\/\",\"url\":\"https:\/\/mostbet-aviator.info\/wp-content\/uploads\/2024\/01\/aviator-game-logo.gif\",\"contentUrl\":\"https:\/\/mostbet-aviator.info\/wp-content\/uploads\/2024\/01\/aviator-game-logo.gif\",\"width\":500,\"height\":189,\"caption\":\"Aviator\"},\"image\":{\"@id\":\"https:\/\/mostbet-aviator.info\/#\/schema\/logo\/image\/\"}}]}<\/script>\n<!-- \/ Yoast SEO plugin. -->","yoast_head_json":{"title":"Registrazione presso il Casin\u00f2 Mostbet per giocare ad Aviator","description":"Zarejestruj si\u0119 na oficjalnej stronie kasyna Mostbet i zagraj w Aviator. Rejestracja, logowanie, wp\u0142acanie i wyp\u0142acanie wygranych w kasynie internetowym Mostbet","robots":{"index":"index","follow":"follow","max-snippet":"max-snippet:-1","max-image-preview":"max-image-preview:large","max-video-preview":"max-video-preview:-1"},"canonical":"https:\/\/mostbet-aviator.info\/pl\/index.php\/how-to-start-playing-aviator-at-mostbet-online-casino\/","og_locale":"pl_PL","og_type":"article","og_title":"Registrazione presso il Casin\u00f2 Mostbet per giocare ad Aviator","og_description":"Registrati sul sito ufficiale del casin\u00f2 Mostbet e gioca ad Aviator. Registrazione, accesso, deposito e prelievo delle vincite presso il casin\u00f2 online Mostbet.","og_url":"https:\/\/mostbet-aviator.info\/pl\/index.php\/how-to-start-playing-aviator-at-mostbet-online-casino\/","og_site_name":"Aviator","article_modified_time":"2024-03-11T10:48:59+00:00","twitter_card":"summary_large_image","twitter_misc":{"Szacowany czas czytania":"15 minut"},"schema":{"@context":"https:\/\/schema.org","@graph":[{"@type":"WebPage","@id":"https:\/\/mostbet-aviator.info\/it\/index.php\/how-to-start-playing-aviator-at-mostbet-online-casino\/","url":"https:\/\/mostbet-aviator.info\/it\/index.php\/how-to-start-playing-aviator-at-mostbet-online-casino\/","name":"Registrazione presso il Casin\u00f2 Mostbet per giocare ad Aviator","isPartOf":{"@id":"https:\/\/mostbet-aviator.info\/#website"},"datePublished":"2024-01-05T14:07:54+00:00","dateModified":"2024-03-11T10:48:59+00:00","description":"Registrati sul sito ufficiale del casin\u00f2 Mostbet e gioca ad Aviator. Registrazione, accesso, deposito e prelievo delle vincite presso il casin\u00f2 online Mostbet.","breadcrumb":{"@id":"https:\/\/mostbet-aviator.info\/it\/index.php\/how-to-start-playing-aviator-at-mostbet-online-casino\/#breadcrumb"},"inLanguage":"pl-PL","potentialAction":[{"@type":"ReadAction","target":["https:\/\/mostbet-aviator.info\/it\/index.php\/how-to-start-playing-aviator-at-mostbet-online-casino\/"]}]},{"@type":"BreadcrumbList","@id":"https:\/\/mostbet-aviator.info\/it\/index.php\/how-to-start-playing-aviator-at-mostbet-online-casino\/#breadcrumb","itemListElement":[{"@type":"ListItem","position":1,"name":"Home","item":"https:\/\/mostbet-aviator.info\/"},{"@type":"ListItem","position":2,"name":"Come iniziare a giocare ad Aviator presso il casin\u00f2 online Mostbet"}]},{"@type":"WebSite","@id":"https:\/\/mostbet-aviator.info\/#website","url":"https:\/\/mostbet-aviator.info\/","name":"Aviator","description":"","publisher":{"@id":"https:\/\/mostbet-aviator.info\/#organization"},"potentialAction":[{"@type":"SearchAction","target":{"@type":"EntryPoint","urlTemplate":"https:\/\/mostbet-aviator.info\/?s={search_term_string}"},"query-input":{"@type":"PropertyValueSpecification","valueRequired":true,"valueName":"search_term_string"}}],"inLanguage":"pl-PL"},{"@type":"Organization","@id":"https:\/\/mostbet-aviator.info\/#organization","name":"Aviator","url":"https:\/\/mostbet-aviator.info\/","logo":{"@type":"ImageObject","inLanguage":"pl-PL","@id":"https:\/\/mostbet-aviator.info\/#\/schema\/logo\/image\/","url":"https:\/\/mostbet-aviator.info\/wp-content\/uploads\/2024\/01\/aviator-game-logo.gif","contentUrl":"https:\/\/mostbet-aviator.info\/wp-content\/uploads\/2024\/01\/aviator-game-logo.gif","width":500,"height":189,"caption":"Aviator"},"image":{"@id":"https:\/\/mostbet-aviator.info\/#\/schema\/logo\/image\/"}}]}},"_links":{"self":[{"href":"https:\/\/mostbet-aviator.info\/pl\/index.php\/wp-json\/wp\/v2\/pages\/10","targetHints":{"allow":["GET"]}}],"collection":[{"href":"https:\/\/mostbet-aviator.info\/pl\/index.php\/wp-json\/wp\/v2\/pages"}],"about":[{"href":"https:\/\/mostbet-aviator.info\/pl\/index.php\/wp-json\/wp\/v2\/types\/page"}],"author":[{"embeddable":true,"href":"https:\/\/mostbet-aviator.info\/pl\/index.php\/wp-json\/wp\/v2\/users\/1"}],"replies":[{"embeddable":true,"href":"https:\/\/mostbet-aviator.info\/pl\/index.php\/wp-json\/wp\/v2\/comments?post=10"}],"version-history":[{"count":24,"href":"https:\/\/mostbet-aviator.info\/pl\/index.php\/wp-json\/wp\/v2\/pages\/10\/revisions"}],"predecessor-version":[{"id":116,"href":"https:\/\/mostbet-aviator.info\/pl\/index.php\/wp-json\/wp\/v2\/pages\/10\/revisions\/116"}],"wp:attachment":[{"href":"https:\/\/mostbet-aviator.info\/pl\/index.php\/wp-json\/wp\/v2\/media?parent=10"}],"curies":[{"name":"wp","href":"https:\/\/api.w.org\/{rel}","templated":true}]}}