{"id":12,"date":"2024-01-05T14:09:44","date_gmt":"2024-01-05T14:09:44","guid":{"rendered":"https:\/\/mostbet-aviator.info\/?page_id=12"},"modified":"2024-03-11T10:55:01","modified_gmt":"2024-03-11T10:55:01","slug":"advantages-and-disadvantages-of-aviator-crash-game","status":"publish","type":"page","link":"https:\/\/mostbet-aviator.info\/pl\/index.php\/advantages-and-disadvantages-of-aviator-crash-game\/","title":{"rendered":"Zalety i wady gry Aviator Crash"},"content":{"rendered":"<p>W\u015br\u00f3d odwiedzaj\u0105cych kasyno Mostbet gra Aviator cieszy si\u0119 sta\u0142ym zainteresowaniem i zalicza si\u0119 do kategorii bardzo popularnych gier online. Aviator zosta\u0142 zaprojektowany w atrakcyjnym i \u017cywym stylu. Wszystkie niezb\u0119dne przyciski sterowania s\u0105 wygodnie umieszczone na dole ekranu gry. Gra w crash posiada liczne zalety:<\/p>\n<ul>\n<li>Mo\u017cliwo\u015b\u0107 wyboru mi\u0119dzy dwoma zak\u0142adami na rund\u0119;<\/li>\n<li>Wysoki RTP i du\u017ce mno\u017cniki;<\/li>\n<li>Unikalny format rozgrywki;<\/li>\n<li>Pi\u0119kny projekt w stylu kresk\u00f3wki;<\/li>\n<li>Dost\u0119pno\u015b\u0107 bezp\u0142atnej wersji symulatora;<\/li>\n<li>Komunikacja z innymi graczami w czacie na \u017cywo;<\/li>\n<li>Historia zak\u0142ad\u00f3w i ostatnich osi\u0105gni\u0119\u0107;<\/li>\n<li>Zale\u017cno\u015b\u0107 wygranej od RNG i decyzji gracza;<\/li>\n<li>Obs\u0142uga r\u00f3\u017cnych walut i urz\u0105dze\u0144;<\/li>\n<li>Nieograniczony wzrost wsp\u00f3\u0142czynnik\u00f3w zak\u0142ad\u00f3w.<\/li>\n<\/ul>\n<p>Dzi\u0119ki szerokiej gamie zak\u0142ad\u00f3w gra Aviator jest odpowiednia dla graczy o r\u00f3\u017cnych mo\u017cliwo\u015bciach finansowych. Gra online dzia\u0142a bez zarzut\u00f3w zar\u00f3wno na komputerach stacjonarnych, jak i przeno\u015bnych urz\u0105dzeniach. Aby uruchomi\u0107 automat na prawdziwe pieni\u0105dze, wystarczy zarejestrowa\u0107 si\u0119 w kasynie online i do\u0142adowa\u0107 konto gry.<\/p>\n<p>M\u00f3wi\u0105c o wadach Aviatora, warto zauwa\u017cy\u0107, \u017ce, podobnie jak w przypadku ka\u017cdej gry hazardowej, Aviator mo\u017ce uzale\u017cnia\u0107, a gracze mog\u0105 mie\u0107 trudno\u015bci z zako\u0144czeniem gry. Radzimy wybra\u0107 kwot\u0119, kt\u00f3r\u0105 jeste\u015b got\u00f3w przeznaczy\u0107 na gr\u0119, i je\u015bli wykorzysta\u0142e\u015b ca\u0142\u0105 sum\u0119, nigdy nie kontynuuj gry.<\/p>\n<h2>Funkcje rejestracji i wp\u0142acania w Aviatorze:<\/h2>\n<p>Gra w crash Aviator jest dost\u0119pna zar\u00f3wno w trybie p\u0142atnym, jak i darmowym w wielu kasynach online. W katalogu gra zazwyczaj znajduje si\u0119 w kategorii gier crash. Aby obstawia\u0107 prawdziwe pieni\u0105dze, musisz utworzy\u0107 konto. Oto jak zarejestrowa\u0107 si\u0119 w kasynie:<\/p>\n<ul>\n<li>Wybierz kasyno z gr\u0105 Aviator;<\/li>\n<li>Przejd\u017a na oficjaln\u0105 stron\u0119, na przyk\u0142ad kasyna Mostbet;<\/li>\n<li>Znajd\u017a i kliknij przycisk &#8222;Rejestracja&#8221;;<\/li>\n<li>Wype\u0142nij dostarczony formularz poprawnie;<\/li>\n<li>Zweryfikuj konto i aktywuj bonusy;<\/li>\n<li>Wp\u0142a\u0107 \u015brodki za pomoc\u0105 dogodnej metody;<\/li>\n<li>Znajd\u017a gr\u0119 w crash Aviator w katalogu;<\/li>\n<li>Poczekaj na zako\u0144czenie bie\u017c\u0105cej rundy;<\/li>\n<li>Postaw zak\u0142ady i uruchom symulator.<\/li>\n<\/ul>\n<p>Do wp\u0142acania w kasynie online dost\u0119pne s\u0105 niezawodne, wygodne i bezpieczne metody p\u0142atno\u015bci &#8211; karty bankowe, bankowo\u015b\u0107 internetowa, portfele elektroniczne i portfele kryptowalut, itp. P\u0142atno\u015b\u0107 dokonuje si\u0119 w panelu osobistym przez menu &#8222;Kasa&#8221;. \u015arodki natychmiast trafiaj\u0105 na konto gracza, po czym mo\u017cna cieszy\u0107 si\u0119 ekscytuj\u0105c\u0105 gr\u0105 w Aviator na prawdziwe pieni\u0105dze i otrzymywa\u0107 znaczne wyp\u0142aty.<\/p>\n","protected":false},"excerpt":{"rendered":"<p>W\u015br\u00f3d odwiedzaj\u0105cych kasyno Mostbet gra Aviator cieszy si\u0119 sta\u0142ym zainteresowaniem i zalicza si\u0119 do kategorii bardzo popularnych gier online. Aviator zosta\u0142 zaprojektowany w atrakcyjnym i \u017cywym stylu. Wszystkie niezb\u0119dne przyciski sterowania s\u0105 wygodnie umieszczone na dole ekranu gry. Gra w crash posiada liczne zalety: Mo\u017cliwo\u015b\u0107 wyboru mi\u0119dzy dwoma zak\u0142adami na rund\u0119; Wysoki RTP i du\u017ce&#8230;<\/p>\n","protected":false},"author":1,"featured_media":0,"parent":0,"menu_order":0,"comment_status":"closed","ping_status":"closed","template":"","meta":{"footnotes":""},"class_list":["post-12","page","type-page","status-publish","hentry"],"yoast_head":"<!-- This site is optimized with the Yoast SEO plugin v27.2 - https:\/\/yoast.com\/product\/yoast-seo-wordpress\/ -->\n<title>Advantages and Disadvantages of the Aviator Game<\/title>\n<meta name=\"description\" content=\"Tak jak ka\u017cda gra crash w kasynie online, gra Aviator ma swoje zalety i wady. Porozmawiajmy o nich.\" \/>\n<meta name=\"robots\" content=\"index, follow, max-snippet:-1, max-image-preview:large, max-video-preview:-1\" \/>\n<link rel=\"canonical\" href=\"https:\/\/mostbet-aviator.info\/pl\/index.php\/advantages-and-disadvantages-of-aviator-crash-game\/\" \/>\n<meta property=\"og:locale\" content=\"pl_PL\" \/>\n<meta property=\"og:locale:alternate\" content=\"ru_RU\" \/>\n<meta property=\"og:locale:alternate\" content=\"en_US\" \/>\n<meta property=\"og:locale:alternate\" content=\"pt_PT\" \/>\n<meta property=\"og:locale:alternate\" content=\"es_ES\" \/>\n<meta property=\"og:locale:alternate\" content=\"sr_RS\" \/>\n<meta property=\"og:locale:alternate\" content=\"bg_BG\" \/>\n<meta property=\"og:locale:alternate\" content=\"it_IT\" \/>\n<meta property=\"og:locale:alternate\" content=\"fr_FR\" \/>\n<meta property=\"og:locale:alternate\" content=\"hu_HU\" \/>\n<meta property=\"og:locale:alternate\" content=\"tr_TR\" \/>\n<meta property=\"og:type\" content=\"article\" \/>\n<meta property=\"og:title\" content=\"Advantages and Disadvantages of the Aviator Game\" \/>\n<meta property=\"og:description\" content=\"Like any crash game in an online casino, the Aviator game also has its advantages and disadvantages. Let&#039;s talk about them.\" \/>\n<meta property=\"og:url\" content=\"https:\/\/mostbet-aviator.info\/pl\/index.php\/advantages-and-disadvantages-of-aviator-crash-game\/\" \/>\n<meta property=\"og:site_name\" content=\"Aviator\" \/>\n<meta property=\"article:modified_time\" content=\"2024-03-11T10:55:01+00:00\" \/>\n<meta name=\"twitter:card\" content=\"summary_large_image\" \/>\n<meta name=\"twitter:label1\" content=\"Szacowany czas czytania\" \/>\n\t<meta name=\"twitter:data1\" content=\"18 minut\" \/>\n<script type=\"application\/ld+json\" class=\"yoast-schema-graph\">{\"@context\":\"https:\/\/schema.org\",\"@graph\":[{\"@type\":\"WebPage\",\"@id\":\"https:\/\/mostbet-aviator.info\/en\/index.php\/advantages-and-disadvantages-of-aviator-crash-game\/\",\"url\":\"https:\/\/mostbet-aviator.info\/en\/index.php\/advantages-and-disadvantages-of-aviator-crash-game\/\",\"name\":\"Advantages and Disadvantages of the Aviator Game\",\"isPartOf\":{\"@id\":\"https:\/\/mostbet-aviator.info\/#website\"},\"datePublished\":\"2024-01-05T14:09:44+00:00\",\"dateModified\":\"2024-03-11T10:55:01+00:00\",\"description\":\"Like any crash game in an online casino, the Aviator game also has its advantages and disadvantages. Let's talk about them.\",\"breadcrumb\":{\"@id\":\"https:\/\/mostbet-aviator.info\/en\/index.php\/advantages-and-disadvantages-of-aviator-crash-game\/#breadcrumb\"},\"inLanguage\":\"pl-PL\",\"potentialAction\":[{\"@type\":\"ReadAction\",\"target\":[\"https:\/\/mostbet-aviator.info\/en\/index.php\/advantages-and-disadvantages-of-aviator-crash-game\/\"]}]},{\"@type\":\"BreadcrumbList\",\"@id\":\"https:\/\/mostbet-aviator.info\/en\/index.php\/advantages-and-disadvantages-of-aviator-crash-game\/#breadcrumb\",\"itemListElement\":[{\"@type\":\"ListItem\",\"position\":1,\"name\":\"Home\",\"item\":\"https:\/\/mostbet-aviator.info\/\"},{\"@type\":\"ListItem\",\"position\":2,\"name\":\"Advantages and Disadvantages of Aviator Crash Game\"}]},{\"@type\":\"WebSite\",\"@id\":\"https:\/\/mostbet-aviator.info\/#website\",\"url\":\"https:\/\/mostbet-aviator.info\/\",\"name\":\"Aviator\",\"description\":\"\",\"publisher\":{\"@id\":\"https:\/\/mostbet-aviator.info\/#organization\"},\"potentialAction\":[{\"@type\":\"SearchAction\",\"target\":{\"@type\":\"EntryPoint\",\"urlTemplate\":\"https:\/\/mostbet-aviator.info\/?s={search_term_string}\"},\"query-input\":{\"@type\":\"PropertyValueSpecification\",\"valueRequired\":true,\"valueName\":\"search_term_string\"}}],\"inLanguage\":\"pl-PL\"},{\"@type\":\"Organization\",\"@id\":\"https:\/\/mostbet-aviator.info\/#organization\",\"name\":\"Aviator\",\"url\":\"https:\/\/mostbet-aviator.info\/\",\"logo\":{\"@type\":\"ImageObject\",\"inLanguage\":\"pl-PL\",\"@id\":\"https:\/\/mostbet-aviator.info\/#\/schema\/logo\/image\/\",\"url\":\"https:\/\/mostbet-aviator.info\/wp-content\/uploads\/2024\/01\/aviator-game-logo.gif\",\"contentUrl\":\"https:\/\/mostbet-aviator.info\/wp-content\/uploads\/2024\/01\/aviator-game-logo.gif\",\"width\":500,\"height\":189,\"caption\":\"Aviator\"},\"image\":{\"@id\":\"https:\/\/mostbet-aviator.info\/#\/schema\/logo\/image\/\"}}]}<\/script>\n<!-- \/ Yoast SEO plugin. -->","yoast_head_json":{"title":"Advantages and Disadvantages of the Aviator Game","description":"Tak jak ka\u017cda gra crash w kasynie online, gra Aviator ma swoje zalety i wady. Porozmawiajmy o nich.","robots":{"index":"index","follow":"follow","max-snippet":"max-snippet:-1","max-image-preview":"max-image-preview:large","max-video-preview":"max-video-preview:-1"},"canonical":"https:\/\/mostbet-aviator.info\/pl\/index.php\/advantages-and-disadvantages-of-aviator-crash-game\/","og_locale":"pl_PL","og_type":"article","og_title":"Advantages and Disadvantages of the Aviator Game","og_description":"Like any crash game in an online casino, the Aviator game also has its advantages and disadvantages. Let's talk about them.","og_url":"https:\/\/mostbet-aviator.info\/pl\/index.php\/advantages-and-disadvantages-of-aviator-crash-game\/","og_site_name":"Aviator","article_modified_time":"2024-03-11T10:55:01+00:00","twitter_card":"summary_large_image","twitter_misc":{"Szacowany czas czytania":"18 minut"},"schema":{"@context":"https:\/\/schema.org","@graph":[{"@type":"WebPage","@id":"https:\/\/mostbet-aviator.info\/en\/index.php\/advantages-and-disadvantages-of-aviator-crash-game\/","url":"https:\/\/mostbet-aviator.info\/en\/index.php\/advantages-and-disadvantages-of-aviator-crash-game\/","name":"Advantages and Disadvantages of the Aviator Game","isPartOf":{"@id":"https:\/\/mostbet-aviator.info\/#website"},"datePublished":"2024-01-05T14:09:44+00:00","dateModified":"2024-03-11T10:55:01+00:00","description":"Like any crash game in an online casino, the Aviator game also has its advantages and disadvantages. Let's talk about them.","breadcrumb":{"@id":"https:\/\/mostbet-aviator.info\/en\/index.php\/advantages-and-disadvantages-of-aviator-crash-game\/#breadcrumb"},"inLanguage":"pl-PL","potentialAction":[{"@type":"ReadAction","target":["https:\/\/mostbet-aviator.info\/en\/index.php\/advantages-and-disadvantages-of-aviator-crash-game\/"]}]},{"@type":"BreadcrumbList","@id":"https:\/\/mostbet-aviator.info\/en\/index.php\/advantages-and-disadvantages-of-aviator-crash-game\/#breadcrumb","itemListElement":[{"@type":"ListItem","position":1,"name":"Home","item":"https:\/\/mostbet-aviator.info\/"},{"@type":"ListItem","position":2,"name":"Advantages and Disadvantages of Aviator Crash Game"}]},{"@type":"WebSite","@id":"https:\/\/mostbet-aviator.info\/#website","url":"https:\/\/mostbet-aviator.info\/","name":"Aviator","description":"","publisher":{"@id":"https:\/\/mostbet-aviator.info\/#organization"},"potentialAction":[{"@type":"SearchAction","target":{"@type":"EntryPoint","urlTemplate":"https:\/\/mostbet-aviator.info\/?s={search_term_string}"},"query-input":{"@type":"PropertyValueSpecification","valueRequired":true,"valueName":"search_term_string"}}],"inLanguage":"pl-PL"},{"@type":"Organization","@id":"https:\/\/mostbet-aviator.info\/#organization","name":"Aviator","url":"https:\/\/mostbet-aviator.info\/","logo":{"@type":"ImageObject","inLanguage":"pl-PL","@id":"https:\/\/mostbet-aviator.info\/#\/schema\/logo\/image\/","url":"https:\/\/mostbet-aviator.info\/wp-content\/uploads\/2024\/01\/aviator-game-logo.gif","contentUrl":"https:\/\/mostbet-aviator.info\/wp-content\/uploads\/2024\/01\/aviator-game-logo.gif","width":500,"height":189,"caption":"Aviator"},"image":{"@id":"https:\/\/mostbet-aviator.info\/#\/schema\/logo\/image\/"}}]}},"_links":{"self":[{"href":"https:\/\/mostbet-aviator.info\/pl\/index.php\/wp-json\/wp\/v2\/pages\/12","targetHints":{"allow":["GET"]}}],"collection":[{"href":"https:\/\/mostbet-aviator.info\/pl\/index.php\/wp-json\/wp\/v2\/pages"}],"about":[{"href":"https:\/\/mostbet-aviator.info\/pl\/index.php\/wp-json\/wp\/v2\/types\/page"}],"author":[{"embeddable":true,"href":"https:\/\/mostbet-aviator.info\/pl\/index.php\/wp-json\/wp\/v2\/users\/1"}],"replies":[{"embeddable":true,"href":"https:\/\/mostbet-aviator.info\/pl\/index.php\/wp-json\/wp\/v2\/comments?post=12"}],"version-history":[{"count":23,"href":"https:\/\/mostbet-aviator.info\/pl\/index.php\/wp-json\/wp\/v2\/pages\/12\/revisions"}],"predecessor-version":[{"id":119,"href":"https:\/\/mostbet-aviator.info\/pl\/index.php\/wp-json\/wp\/v2\/pages\/12\/revisions\/119"}],"wp:attachment":[{"href":"https:\/\/mostbet-aviator.info\/pl\/index.php\/wp-json\/wp\/v2\/media?parent=12"}],"curies":[{"name":"wp","href":"https:\/\/api.w.org\/{rel}","templated":true}]}}