{"id":6,"date":"2024-01-05T14:06:14","date_gmt":"2024-01-05T14:06:14","guid":{"rendered":"https:\/\/mostbet-aviator.info\/?page_id=6"},"modified":"2024-03-11T10:52:54","modified_gmt":"2024-03-11T10:52:54","slug":"aviator","status":"publish","type":"page","link":"https:\/\/mostbet-aviator.info\/pl\/","title":{"rendered":"Gra Aviator Crash"},"content":{"rendered":"<p><span style=\"font-weight: 400;\">W 2019 roku firma Spribe wyda\u0142a now\u0105 unikaln\u0105 gr\u0119 o nazwie Aviator. Symulator crash sta\u0142 si\u0119 hitem w kasynach online i szybko zdoby\u0142 uznanie w\u015br\u00f3d hazardzist\u00f3w. Aviator doskonale \u0142\u0105czy cechy gry zr\u0119czno\u015bciowej i automatu wideo. Symulator nale\u017cy do kategorii szybkich gier wieloosobowych. W grze online Aviator nie ma standardowych obracaj\u0105cych si\u0119 b\u0119bn\u00f3w, symboli ani linii wyp\u0142at. Po uruchomieniu modelu crash przed graczem pojawia si\u0119 pas startowy z wirtualnym samolotem. Zadaniem gracza jest wys\u0142anie samolotu w lot, oczekiwanie na wysoki mno\u017cnik, zatrzymanie gry i wyp\u0142acenie wygranej. Granie w Aviator w kasynie Mostbet mo\u017ce skutkowa\u0107 znacznymi wygranymi.<\/span><\/p>\n<h2>Kluczowe parametry i cechy gry Aviator:<\/h2>\n<ul>\n<li>Teoretyczny procent zwrotu &#8211; 97%;<\/li>\n<li>\u015arednio-niski poziom zmienno\u015bci;<\/li>\n<li>Losowe tworzenie mno\u017cnik\u00f3w;<\/li>\n<li>Obecno\u015b\u0107 dw\u00f3ch paneli sterowania gr\u0105;<\/li>\n<li>Mo\u017cliwo\u015b\u0107 jednoczesnego sk\u0142adania dw\u00f3ch zak\u0142ad\u00f3w;<\/li>\n<li>Przegl\u0105danie historii rund i statystyk;<\/li>\n<li>Czat na \u017cywo do komunikacji z innymi hazardzistami;<\/li>\n<li>Wsparcie dla wersji mobilnej i darmowej;<\/li>\n<li>Technologia gwarantuj\u0105ca uczciwo\u015b\u0107.<\/li>\n<\/ul>\n<p>W Aviatorze mo\u017cna gra\u0107 o prawdziwe pieni\u0105dze lub wirtualne monety, co oznacza, \u017ce mo\u017cna gra\u0107 za darmo. Gra online Aviator dzia\u0142a doskonale zar\u00f3wno na komputerach stacjonarnych, jak i urz\u0105dzeniach mobilnych. Aby zacz\u0105\u0107 gra\u0107, trzeba si\u0119 zarejestrowa\u0107 w kasynie internetowym Mostbet, wp\u0142aci\u0107 \u015brodki i do\u0142\u0105czy\u0107 do nowej rundy. Poniewa\u017c gra jest wieloosobowa, gracze mog\u0105 przegl\u0105da\u0107 statystyki zwyci\u0119stw innych hazardzist\u00f3w, wsp\u00f3\u0142czynniki wygranych rund i ilo\u015bci wygranych. To znacznie pomaga i praktycznie tworzy spo\u0142eczno\u015b\u0107 graczy, kt\u00f3rzy s\u0105 gotowi do zwyci\u0119stwa i zdobywania prawdziwych pieni\u0119dzy w kasynie Mostbet.<\/p>\n<h2>Unikalne cechy gry w Aviator crash:<\/h2>\n<p>Konwencjonalne automaty wideo sta\u0142y si\u0119 znajome dla wielu hazardzist\u00f3w. Gracze szukaj\u0105 nowych form rozrywki w kasynach. Symulator crash Aviator to unikalny model gry z nietypow\u0105 implementacj\u0105 procesu zak\u0142ad\u00f3w i wygranych. Gra korzysta r\u00f3wnie\u017c z generatora liczb losowych, dzi\u0119ki kt\u00f3remu mno\u017cniki na ekranie pojawiaj\u0105 si\u0119 losowo. Jednak u\u017cytkownik mo\u017ce wp\u0142ywa\u0107 na wynik gry, decyduj\u0105c, kiedy zatrzyma\u0107 samolot i odebra\u0107 wygran\u0105. Interesuj\u0105ce cechy i zalety gry w Aviator crash:<\/p>\n<ul>\n<li>Wyj\u0105tkowo proste zasady i interfejs;<\/li>\n<li>Niespodziewany wzrost wsp\u00f3\u0142czynnik\u00f3w pocz\u0105wszy od x1;<\/li>\n<li>Algorytm kryptograficzny Provably Fair;<\/li>\n<li>Dynamiczne rundy &#8211; \u015brednio 30-40 sekund ka\u017cda;<\/li>\n<li>Dost\u0119pno\u015b\u0107 opcji automatycznej i demonstracyjnej gry;<\/li>\n<li>Dostosowywalne parametry automatycznego wyp\u0142acania pieni\u0119dzy;<\/li>\n<li>Wsparcie dla Aviatora na wszystkich typach urz\u0105dze\u0144;<\/li>\n<li>Mo\u017cliwo\u015b\u0107 sk\u0142adania zak\u0142ad\u00f3w w r\u00f3\u017cnych walutach.<\/li>\n<\/ul>\n<p>Odwiedzaj\u0105cy kasyna online s\u0105 zafascynowani nietypowym formatem symulatora crash. Aby sta\u0107 si\u0119 zwyci\u0119zc\u0105 i zdoby\u0107 du\u017c\u0105 wygran\u0105, wystarczy poczeka\u0107, a\u017c pojawi si\u0119 du\u017cy wsp\u00f3\u0142czynnik i zako\u0144czy\u0107 rund\u0119. Niekt\u00f3rzy gracze wol\u0105 nie podejmowa\u0107 ryzyka i graj\u0105 z niskimi zak\u0142adami i mno\u017cnikami.<\/p>\n","protected":false},"excerpt":{"rendered":"<p>W 2019 roku firma Spribe wyda\u0142a now\u0105 unikaln\u0105 gr\u0119 o nazwie Aviator. Symulator crash sta\u0142 si\u0119 hitem w kasynach online i szybko zdoby\u0142 uznanie w\u015br\u00f3d hazardzist\u00f3w. Aviator doskonale \u0142\u0105czy cechy gry zr\u0119czno\u015bciowej i automatu wideo. Symulator nale\u017cy do kategorii szybkich gier wieloosobowych. W grze online Aviator nie ma standardowych obracaj\u0105cych si\u0119 b\u0119bn\u00f3w, symboli ani linii&#8230;<\/p>\n","protected":false},"author":1,"featured_media":0,"parent":0,"menu_order":0,"comment_status":"closed","ping_status":"closed","template":"","meta":{"footnotes":""},"class_list":["post-6","page","type-page","status-publish","hentry"],"yoast_head":"<!-- This site is optimized with the Yoast SEO plugin v27.2 - https:\/\/yoast.com\/product\/yoast-seo-wordpress\/ -->\n<title>\u0418\u0433\u0440\u0430\u0442\u044c \u0432 \u0410\u0432\u0438\u0430\u0442\u043e\u0440 \u0432 \u043e\u043d\u043b\u0430\u0439\u043d \u043a\u0430\u0437\u0438\u043d\u043e \u041c\u043e\u0441\u0442\u0431\u0435\u0442<\/title>\n<meta name=\"description\" content=\"Graj w gr\u0119 crash Aviator o prawdziwe pieni\u0105dze w kasynie online Mostbet. Aviator Mostbet dostarczy niezapomnianych chwil rozrywki.\" \/>\n<meta name=\"robots\" content=\"index, follow, max-snippet:-1, max-image-preview:large, max-video-preview:-1\" \/>\n<link rel=\"canonical\" href=\"https:\/\/mostbet-aviator.info\/pl\/\" \/>\n<meta property=\"og:locale\" content=\"pl_PL\" \/>\n<meta property=\"og:locale:alternate\" content=\"ru_RU\" \/>\n<meta property=\"og:locale:alternate\" content=\"en_US\" \/>\n<meta property=\"og:locale:alternate\" content=\"pt_PT\" \/>\n<meta property=\"og:locale:alternate\" content=\"es_ES\" \/>\n<meta property=\"og:locale:alternate\" content=\"sr_RS\" \/>\n<meta property=\"og:locale:alternate\" content=\"bg_BG\" \/>\n<meta property=\"og:locale:alternate\" content=\"it_IT\" \/>\n<meta property=\"og:locale:alternate\" content=\"fr_FR\" \/>\n<meta property=\"og:locale:alternate\" content=\"hu_HU\" \/>\n<meta property=\"og:locale:alternate\" content=\"tr_TR\" \/>\n<meta property=\"og:type\" content=\"article\" \/>\n<meta property=\"og:title\" content=\"\u0418\u0433\u0440\u0430\u0442\u044c \u0432 \u0410\u0432\u0438\u0430\u0442\u043e\u0440 \u0432 \u043e\u043d\u043b\u0430\u0439\u043d \u043a\u0430\u0437\u0438\u043d\u043e \u041c\u043e\u0441\u0442\u0431\u0435\u0442\" \/>\n<meta property=\"og:description\" content=\"\u0418\u0433\u0440\u0430\u0442\u044c \u0432 \u043a\u0440\u0430\u0448 \u0438\u0433\u0440\u0443 \u0410\u0432\u0438\u0430\u0442\u043e\u0440 \u043d\u0430 \u0440\u0435\u0430\u043b\u044c\u043d\u044b\u0435 \u0434\u0435\u043d\u044c\u0433\u0438 \u0432 \u043e\u043d\u043b\u0430\u0439\u043d \u043a\u0430\u0437\u0438\u043d\u043e Mostbet. Aviator Mostbet \u043f\u043e\u0434\u0430\u0440\u0438\u0442 \u043d\u0435\u0437\u0430\u0431\u044b\u0432\u0430\u0435\u043c\u044b\u0435 \u043c\u043e\u043c\u0435\u043d\u0442\u044b \u0438\u0433\u0440\u044b\" \/>\n<meta property=\"og:url\" content=\"https:\/\/mostbet-aviator.info\/pl\/\" \/>\n<meta property=\"og:site_name\" content=\"Aviator\" \/>\n<meta property=\"article:modified_time\" content=\"2024-03-11T10:52:54+00:00\" \/>\n<meta name=\"twitter:card\" content=\"summary_large_image\" \/>\n<meta name=\"twitter:label1\" content=\"Szacowany czas czytania\" \/>\n\t<meta name=\"twitter:data1\" content=\"21 minut\" \/>\n<script type=\"application\/ld+json\" class=\"yoast-schema-graph\">{\"@context\":\"https:\/\/schema.org\",\"@graph\":[{\"@type\":\"WebPage\",\"@id\":\"https:\/\/mostbet-aviator.info\/\",\"url\":\"https:\/\/mostbet-aviator.info\/\",\"name\":\"\u0418\u0433\u0440\u0430\u0442\u044c \u0432 \u0410\u0432\u0438\u0430\u0442\u043e\u0440 \u0432 \u043e\u043d\u043b\u0430\u0439\u043d \u043a\u0430\u0437\u0438\u043d\u043e \u041c\u043e\u0441\u0442\u0431\u0435\u0442\",\"isPartOf\":{\"@id\":\"https:\/\/mostbet-aviator.info\/#website\"},\"datePublished\":\"2024-01-05T14:06:14+00:00\",\"dateModified\":\"2024-03-11T10:52:54+00:00\",\"description\":\"\u0418\u0433\u0440\u0430\u0442\u044c \u0432 \u043a\u0440\u0430\u0448 \u0438\u0433\u0440\u0443 \u0410\u0432\u0438\u0430\u0442\u043e\u0440 \u043d\u0430 \u0440\u0435\u0430\u043b\u044c\u043d\u044b\u0435 \u0434\u0435\u043d\u044c\u0433\u0438 \u0432 \u043e\u043d\u043b\u0430\u0439\u043d \u043a\u0430\u0437\u0438\u043d\u043e Mostbet. Aviator Mostbet \u043f\u043e\u0434\u0430\u0440\u0438\u0442 \u043d\u0435\u0437\u0430\u0431\u044b\u0432\u0430\u0435\u043c\u044b\u0435 \u043c\u043e\u043c\u0435\u043d\u0442\u044b \u0438\u0433\u0440\u044b\",\"breadcrumb\":{\"@id\":\"https:\/\/mostbet-aviator.info\/#breadcrumb\"},\"inLanguage\":\"pl-PL\",\"potentialAction\":[{\"@type\":\"ReadAction\",\"target\":[\"https:\/\/mostbet-aviator.info\/\"]}]},{\"@type\":\"BreadcrumbList\",\"@id\":\"https:\/\/mostbet-aviator.info\/#breadcrumb\",\"itemListElement\":[{\"@type\":\"ListItem\",\"position\":1,\"name\":\"Home\",\"item\":\"https:\/\/mostbet-aviator.info\/\"},{\"@type\":\"ListItem\",\"position\":2,\"name\":\"\u041a\u0440\u0430\u0448 \u0438\u0433\u0440\u0430 Aviator\"}]},{\"@type\":\"WebSite\",\"@id\":\"https:\/\/mostbet-aviator.info\/#website\",\"url\":\"https:\/\/mostbet-aviator.info\/\",\"name\":\"Aviator\",\"description\":\"\",\"publisher\":{\"@id\":\"https:\/\/mostbet-aviator.info\/#organization\"},\"potentialAction\":[{\"@type\":\"SearchAction\",\"target\":{\"@type\":\"EntryPoint\",\"urlTemplate\":\"https:\/\/mostbet-aviator.info\/?s={search_term_string}\"},\"query-input\":{\"@type\":\"PropertyValueSpecification\",\"valueRequired\":true,\"valueName\":\"search_term_string\"}}],\"inLanguage\":\"pl-PL\"},{\"@type\":\"Organization\",\"@id\":\"https:\/\/mostbet-aviator.info\/#organization\",\"name\":\"Aviator\",\"url\":\"https:\/\/mostbet-aviator.info\/\",\"logo\":{\"@type\":\"ImageObject\",\"inLanguage\":\"pl-PL\",\"@id\":\"https:\/\/mostbet-aviator.info\/#\/schema\/logo\/image\/\",\"url\":\"https:\/\/mostbet-aviator.info\/wp-content\/uploads\/2024\/01\/aviator-game-logo.gif\",\"contentUrl\":\"https:\/\/mostbet-aviator.info\/wp-content\/uploads\/2024\/01\/aviator-game-logo.gif\",\"width\":500,\"height\":189,\"caption\":\"Aviator\"},\"image\":{\"@id\":\"https:\/\/mostbet-aviator.info\/#\/schema\/logo\/image\/\"}}]}<\/script>\n<!-- \/ Yoast SEO plugin. -->","yoast_head_json":{"title":"\u0418\u0433\u0440\u0430\u0442\u044c \u0432 \u0410\u0432\u0438\u0430\u0442\u043e\u0440 \u0432 \u043e\u043d\u043b\u0430\u0439\u043d \u043a\u0430\u0437\u0438\u043d\u043e \u041c\u043e\u0441\u0442\u0431\u0435\u0442","description":"Graj w gr\u0119 crash Aviator o prawdziwe pieni\u0105dze w kasynie online Mostbet. Aviator Mostbet dostarczy niezapomnianych chwil rozrywki.","robots":{"index":"index","follow":"follow","max-snippet":"max-snippet:-1","max-image-preview":"max-image-preview:large","max-video-preview":"max-video-preview:-1"},"canonical":"https:\/\/mostbet-aviator.info\/pl\/","og_locale":"pl_PL","og_type":"article","og_title":"\u0418\u0433\u0440\u0430\u0442\u044c \u0432 \u0410\u0432\u0438\u0430\u0442\u043e\u0440 \u0432 \u043e\u043d\u043b\u0430\u0439\u043d \u043a\u0430\u0437\u0438\u043d\u043e \u041c\u043e\u0441\u0442\u0431\u0435\u0442","og_description":"\u0418\u0433\u0440\u0430\u0442\u044c \u0432 \u043a\u0440\u0430\u0448 \u0438\u0433\u0440\u0443 \u0410\u0432\u0438\u0430\u0442\u043e\u0440 \u043d\u0430 \u0440\u0435\u0430\u043b\u044c\u043d\u044b\u0435 \u0434\u0435\u043d\u044c\u0433\u0438 \u0432 \u043e\u043d\u043b\u0430\u0439\u043d \u043a\u0430\u0437\u0438\u043d\u043e Mostbet. Aviator Mostbet \u043f\u043e\u0434\u0430\u0440\u0438\u0442 \u043d\u0435\u0437\u0430\u0431\u044b\u0432\u0430\u0435\u043c\u044b\u0435 \u043c\u043e\u043c\u0435\u043d\u0442\u044b \u0438\u0433\u0440\u044b","og_url":"https:\/\/mostbet-aviator.info\/pl\/","og_site_name":"Aviator","article_modified_time":"2024-03-11T10:52:54+00:00","twitter_card":"summary_large_image","twitter_misc":{"Szacowany czas czytania":"21 minut"},"schema":{"@context":"https:\/\/schema.org","@graph":[{"@type":"WebPage","@id":"https:\/\/mostbet-aviator.info\/","url":"https:\/\/mostbet-aviator.info\/","name":"\u0418\u0433\u0440\u0430\u0442\u044c \u0432 \u0410\u0432\u0438\u0430\u0442\u043e\u0440 \u0432 \u043e\u043d\u043b\u0430\u0439\u043d \u043a\u0430\u0437\u0438\u043d\u043e \u041c\u043e\u0441\u0442\u0431\u0435\u0442","isPartOf":{"@id":"https:\/\/mostbet-aviator.info\/#website"},"datePublished":"2024-01-05T14:06:14+00:00","dateModified":"2024-03-11T10:52:54+00:00","description":"\u0418\u0433\u0440\u0430\u0442\u044c \u0432 \u043a\u0440\u0430\u0448 \u0438\u0433\u0440\u0443 \u0410\u0432\u0438\u0430\u0442\u043e\u0440 \u043d\u0430 \u0440\u0435\u0430\u043b\u044c\u043d\u044b\u0435 \u0434\u0435\u043d\u044c\u0433\u0438 \u0432 \u043e\u043d\u043b\u0430\u0439\u043d \u043a\u0430\u0437\u0438\u043d\u043e Mostbet. Aviator Mostbet \u043f\u043e\u0434\u0430\u0440\u0438\u0442 \u043d\u0435\u0437\u0430\u0431\u044b\u0432\u0430\u0435\u043c\u044b\u0435 \u043c\u043e\u043c\u0435\u043d\u0442\u044b \u0438\u0433\u0440\u044b","breadcrumb":{"@id":"https:\/\/mostbet-aviator.info\/#breadcrumb"},"inLanguage":"pl-PL","potentialAction":[{"@type":"ReadAction","target":["https:\/\/mostbet-aviator.info\/"]}]},{"@type":"BreadcrumbList","@id":"https:\/\/mostbet-aviator.info\/#breadcrumb","itemListElement":[{"@type":"ListItem","position":1,"name":"Home","item":"https:\/\/mostbet-aviator.info\/"},{"@type":"ListItem","position":2,"name":"\u041a\u0440\u0430\u0448 \u0438\u0433\u0440\u0430 Aviator"}]},{"@type":"WebSite","@id":"https:\/\/mostbet-aviator.info\/#website","url":"https:\/\/mostbet-aviator.info\/","name":"Aviator","description":"","publisher":{"@id":"https:\/\/mostbet-aviator.info\/#organization"},"potentialAction":[{"@type":"SearchAction","target":{"@type":"EntryPoint","urlTemplate":"https:\/\/mostbet-aviator.info\/?s={search_term_string}"},"query-input":{"@type":"PropertyValueSpecification","valueRequired":true,"valueName":"search_term_string"}}],"inLanguage":"pl-PL"},{"@type":"Organization","@id":"https:\/\/mostbet-aviator.info\/#organization","name":"Aviator","url":"https:\/\/mostbet-aviator.info\/","logo":{"@type":"ImageObject","inLanguage":"pl-PL","@id":"https:\/\/mostbet-aviator.info\/#\/schema\/logo\/image\/","url":"https:\/\/mostbet-aviator.info\/wp-content\/uploads\/2024\/01\/aviator-game-logo.gif","contentUrl":"https:\/\/mostbet-aviator.info\/wp-content\/uploads\/2024\/01\/aviator-game-logo.gif","width":500,"height":189,"caption":"Aviator"},"image":{"@id":"https:\/\/mostbet-aviator.info\/#\/schema\/logo\/image\/"}}]}},"_links":{"self":[{"href":"https:\/\/mostbet-aviator.info\/pl\/index.php\/wp-json\/wp\/v2\/pages\/6","targetHints":{"allow":["GET"]}}],"collection":[{"href":"https:\/\/mostbet-aviator.info\/pl\/index.php\/wp-json\/wp\/v2\/pages"}],"about":[{"href":"https:\/\/mostbet-aviator.info\/pl\/index.php\/wp-json\/wp\/v2\/types\/page"}],"author":[{"embeddable":true,"href":"https:\/\/mostbet-aviator.info\/pl\/index.php\/wp-json\/wp\/v2\/users\/1"}],"replies":[{"embeddable":true,"href":"https:\/\/mostbet-aviator.info\/pl\/index.php\/wp-json\/wp\/v2\/comments?post=6"}],"version-history":[{"count":23,"href":"https:\/\/mostbet-aviator.info\/pl\/index.php\/wp-json\/wp\/v2\/pages\/6\/revisions"}],"predecessor-version":[{"id":118,"href":"https:\/\/mostbet-aviator.info\/pl\/index.php\/wp-json\/wp\/v2\/pages\/6\/revisions\/118"}],"wp:attachment":[{"href":"https:\/\/mostbet-aviator.info\/pl\/index.php\/wp-json\/wp\/v2\/media?parent=6"}],"curies":[{"name":"wp","href":"https:\/\/api.w.org\/{rel}","templated":true}]}}