{"id":6,"date":"2024-01-05T14:06:14","date_gmt":"2024-01-05T14:06:14","guid":{"rendered":"https:\/\/mostbet-aviator.info\/?page_id=6"},"modified":"2024-03-11T10:52:54","modified_gmt":"2024-03-11T10:52:54","slug":"aviator","status":"publish","type":"page","link":"https:\/\/mostbet-aviator.info\/pt\/","title":{"rendered":"Jogo de Crash Aviator"},"content":{"rendered":"<p>Em 2019, a empresa Spribe lan\u00e7ou um novo e \u00fanico jogo chamado Aviator. O simulador de colis\u00f5es tornou-se um sucesso nos cassinos online e rapidamente obteve sucesso entre os jogadores. Aviator combina as caracter\u00edsticas de um jogo de arcade e uma m\u00e1quina de v\u00eddeo de maneira ideal. O simulador pertence \u00e0 categoria de jogos acelerados jogados em modo multijogador. No jogo online Aviator, n\u00e3o h\u00e1 bobinas girat\u00f3rias padr\u00e3o, s\u00edmbolos ou linhas de pagamento. Ap\u00f3s o lan\u00e7amento do modelo de colis\u00e3o, uma pista de decolagem com um avi\u00e3o virtual aparece diante do jogador. A tarefa do jogador \u00e9 enviar a aeronave em voo, aguardar um multiplicador alto, interromper o jogo e sacar os ganhos. Jogar Aviator no cassino Mostbet pode resultar em ganhos significativos.<\/p>\n<h2>Principais par\u00e2metros e caracter\u00edsticas do jogo Aviator:<\/h2>\n<ul>\n<li>Percentual de retorno te\u00f3rico &#8211; 97%;<\/li>\n<li>N\u00edvel de volatilidade m\u00e9dio-baixo;<\/li>\n<li>Forma\u00e7\u00e3o aleat\u00f3ria de multiplicadores;<\/li>\n<li>Presen\u00e7a de duas telas de controle para o jogo;<\/li>\n<li>Capacidade de fazer duas apostas simultaneamente;<\/li>\n<li>Visualiza\u00e7\u00e3o do hist\u00f3rico e estat\u00edsticas das rodadas;<\/li>\n<li>Chat ao vivo para comunica\u00e7\u00e3o com outros jogadores;<\/li>\n<li>Suporte para vers\u00f5es m\u00f3veis e gratuitas;<\/li>\n<li>Tecnologia de justi\u00e7a garantida.<\/li>\n<\/ul>\n<p>Em Aviator, voc\u00ea pode jogar com dinheiro real ou moedas virtuais, ou seja, voc\u00ea pode jogar de gra\u00e7a. O jogo online Aviator funciona perfeitamente em dispositivos desktop e m\u00f3veis. Para come\u00e7ar a jogar, \u00e9 necess\u00e1rio se registrar no cassino online Mostbet, depositar fundos e participar de uma nova rodada. Como o jogo \u00e9 multijogador, os jogadores podem visualizar as estat\u00edsticas das vit\u00f3rias de outros jogadores, os coeficientes vencedores das rodadas e os valores ganhos. Isso ajuda significativamente e praticamente cria uma comunidade de jogadores animados para a vit\u00f3ria e ganhar dinheiro real no cassino Mostbet.<\/p>\n<h2>Caracter\u00edsticas \u00fanicas do jogo de colis\u00e3o Aviator:<\/h2>\n<p>As m\u00e1quinas de v\u00eddeo convencionais se tornaram familiares para muitos jogadores. Os jogadores est\u00e3o procurando novos entretenimentos nos cassinos. O simulador de colis\u00f5es Aviator \u00e9 um modelo de jogo \u00fanico com uma implementa\u00e7\u00e3o n\u00e3o convencional do processo de apostas e ganhos. O jogo tamb\u00e9m utiliza um gerador de n\u00fameros aleat\u00f3rios, gra\u00e7as ao qual os multiplicadores na tela aparecem aleatoriamente. No entanto, o usu\u00e1rio pode influenciar o resultado do jogo escolhendo quando parar o avi\u00e3o e reivindicar os ganhos. Caracter\u00edsticas interessantes e vantagens do jogo de colis\u00e3o Aviator:<\/p>\n<ul>\n<li>Regras e interface extremamente simples;<\/li>\n<li>Crescimento imprevis\u00edvel de coeficientes a partir de x1;<\/li>\n<li>Algoritmo criptogr\u00e1fico Provably Fair;<\/li>\n<li>Rodadas din\u00e2micas &#8211; em m\u00e9dia, 30-40 segundos cada;<\/li>\n<li>Disponibilidade de op\u00e7\u00f5es de jogo autom\u00e1tico e demonstra\u00e7\u00e3o;<\/li>\n<li>Par\u00e2metros personaliz\u00e1veis para retirada autom\u00e1tica de dinheiro;<\/li>\n<li>Suporte para Aviator em todos os tipos de dispositivos;<\/li>\n<li>Capacidade de fazer apostas em diferentes moedas.<\/li>\n<\/ul>\n<p>Os visitantes de cassinos online s\u00e3o atra\u00eddos pelo formato incomum do simulador de colis\u00f5es. Para se tornar um vencedor e obter um grande pr\u00eamio, basta esperar que um grande coeficiente apare\u00e7a e encerrar a rodada. Alguns jogadores preferem n\u00e3o correr riscos e jogam com apostas e multiplicadores baixos.<\/p>\n","protected":false},"excerpt":{"rendered":"<p>Em 2019, a empresa Spribe lan\u00e7ou um novo e \u00fanico jogo chamado Aviator. O simulador de colis\u00f5es tornou-se um sucesso nos cassinos online e rapidamente obteve sucesso entre os jogadores. Aviator combina as caracter\u00edsticas de um jogo de arcade e uma m\u00e1quina de v\u00eddeo de maneira ideal. O simulador pertence \u00e0 categoria de jogos acelerados&#8230;<\/p>\n","protected":false},"author":1,"featured_media":0,"parent":0,"menu_order":0,"comment_status":"closed","ping_status":"closed","template":"","meta":{"footnotes":""},"class_list":["post-6","page","type-page","status-publish","hentry"],"yoast_head":"<!-- This site is optimized with the Yoast SEO plugin v27.2 - https:\/\/yoast.com\/product\/yoast-seo-wordpress\/ -->\n<title>\u0418\u0433\u0440\u0430\u0442\u044c \u0432 \u0410\u0432\u0438\u0430\u0442\u043e\u0440 \u0432 \u043e\u043d\u043b\u0430\u0439\u043d \u043a\u0430\u0437\u0438\u043d\u043e \u041c\u043e\u0441\u0442\u0431\u0435\u0442<\/title>\n<meta name=\"description\" content=\"Jogue o jogo de crash Aviator com dinheiro real no cassino online Mostbet. Aviator Mostbet proporcionar\u00e1 momentos de jogo inesquec\u00edveis.\" \/>\n<meta name=\"robots\" content=\"index, follow, max-snippet:-1, max-image-preview:large, max-video-preview:-1\" \/>\n<link rel=\"canonical\" href=\"https:\/\/mostbet-aviator.info\/pt\/\" \/>\n<meta property=\"og:locale\" content=\"pt_PT\" \/>\n<meta property=\"og:locale:alternate\" content=\"ru_RU\" \/>\n<meta property=\"og:locale:alternate\" content=\"en_US\" \/>\n<meta property=\"og:locale:alternate\" content=\"es_ES\" \/>\n<meta property=\"og:locale:alternate\" content=\"sr_RS\" \/>\n<meta property=\"og:locale:alternate\" content=\"bg_BG\" \/>\n<meta property=\"og:locale:alternate\" content=\"pl_PL\" \/>\n<meta property=\"og:locale:alternate\" content=\"it_IT\" \/>\n<meta property=\"og:locale:alternate\" content=\"fr_FR\" \/>\n<meta property=\"og:locale:alternate\" content=\"hu_HU\" \/>\n<meta property=\"og:locale:alternate\" content=\"tr_TR\" \/>\n<meta property=\"og:type\" content=\"article\" \/>\n<meta property=\"og:title\" content=\"\u0418\u0433\u0440\u0430\u0442\u044c \u0432 \u0410\u0432\u0438\u0430\u0442\u043e\u0440 \u0432 \u043e\u043d\u043b\u0430\u0439\u043d \u043a\u0430\u0437\u0438\u043d\u043e \u041c\u043e\u0441\u0442\u0431\u0435\u0442\" \/>\n<meta property=\"og:description\" content=\"\u0418\u0433\u0440\u0430\u0442\u044c \u0432 \u043a\u0440\u0430\u0448 \u0438\u0433\u0440\u0443 \u0410\u0432\u0438\u0430\u0442\u043e\u0440 \u043d\u0430 \u0440\u0435\u0430\u043b\u044c\u043d\u044b\u0435 \u0434\u0435\u043d\u044c\u0433\u0438 \u0432 \u043e\u043d\u043b\u0430\u0439\u043d \u043a\u0430\u0437\u0438\u043d\u043e Mostbet. Aviator Mostbet \u043f\u043e\u0434\u0430\u0440\u0438\u0442 \u043d\u0435\u0437\u0430\u0431\u044b\u0432\u0430\u0435\u043c\u044b\u0435 \u043c\u043e\u043c\u0435\u043d\u0442\u044b \u0438\u0433\u0440\u044b\" \/>\n<meta property=\"og:url\" content=\"https:\/\/mostbet-aviator.info\/pt\/\" \/>\n<meta property=\"og:site_name\" content=\"Aviator\" \/>\n<meta property=\"article:modified_time\" content=\"2024-03-11T10:52:54+00:00\" \/>\n<meta name=\"twitter:card\" content=\"summary_large_image\" \/>\n<meta name=\"twitter:label1\" content=\"Tempo estimado de leitura\" \/>\n\t<meta name=\"twitter:data1\" content=\"21 minutos\" \/>\n<script type=\"application\/ld+json\" class=\"yoast-schema-graph\">{\"@context\":\"https:\/\/schema.org\",\"@graph\":[{\"@type\":\"WebPage\",\"@id\":\"https:\/\/mostbet-aviator.info\/\",\"url\":\"https:\/\/mostbet-aviator.info\/\",\"name\":\"\u0418\u0433\u0440\u0430\u0442\u044c \u0432 \u0410\u0432\u0438\u0430\u0442\u043e\u0440 \u0432 \u043e\u043d\u043b\u0430\u0439\u043d \u043a\u0430\u0437\u0438\u043d\u043e \u041c\u043e\u0441\u0442\u0431\u0435\u0442\",\"isPartOf\":{\"@id\":\"https:\/\/mostbet-aviator.info\/#website\"},\"datePublished\":\"2024-01-05T14:06:14+00:00\",\"dateModified\":\"2024-03-11T10:52:54+00:00\",\"description\":\"\u0418\u0433\u0440\u0430\u0442\u044c \u0432 \u043a\u0440\u0430\u0448 \u0438\u0433\u0440\u0443 \u0410\u0432\u0438\u0430\u0442\u043e\u0440 \u043d\u0430 \u0440\u0435\u0430\u043b\u044c\u043d\u044b\u0435 \u0434\u0435\u043d\u044c\u0433\u0438 \u0432 \u043e\u043d\u043b\u0430\u0439\u043d \u043a\u0430\u0437\u0438\u043d\u043e Mostbet. Aviator Mostbet \u043f\u043e\u0434\u0430\u0440\u0438\u0442 \u043d\u0435\u0437\u0430\u0431\u044b\u0432\u0430\u0435\u043c\u044b\u0435 \u043c\u043e\u043c\u0435\u043d\u0442\u044b \u0438\u0433\u0440\u044b\",\"breadcrumb\":{\"@id\":\"https:\/\/mostbet-aviator.info\/#breadcrumb\"},\"inLanguage\":\"pt-PT\",\"potentialAction\":[{\"@type\":\"ReadAction\",\"target\":[\"https:\/\/mostbet-aviator.info\/\"]}]},{\"@type\":\"BreadcrumbList\",\"@id\":\"https:\/\/mostbet-aviator.info\/#breadcrumb\",\"itemListElement\":[{\"@type\":\"ListItem\",\"position\":1,\"name\":\"Home\",\"item\":\"https:\/\/mostbet-aviator.info\/\"},{\"@type\":\"ListItem\",\"position\":2,\"name\":\"\u041a\u0440\u0430\u0448 \u0438\u0433\u0440\u0430 Aviator\"}]},{\"@type\":\"WebSite\",\"@id\":\"https:\/\/mostbet-aviator.info\/#website\",\"url\":\"https:\/\/mostbet-aviator.info\/\",\"name\":\"Aviator\",\"description\":\"\",\"publisher\":{\"@id\":\"https:\/\/mostbet-aviator.info\/#organization\"},\"potentialAction\":[{\"@type\":\"SearchAction\",\"target\":{\"@type\":\"EntryPoint\",\"urlTemplate\":\"https:\/\/mostbet-aviator.info\/?s={search_term_string}\"},\"query-input\":{\"@type\":\"PropertyValueSpecification\",\"valueRequired\":true,\"valueName\":\"search_term_string\"}}],\"inLanguage\":\"pt-PT\"},{\"@type\":\"Organization\",\"@id\":\"https:\/\/mostbet-aviator.info\/#organization\",\"name\":\"Aviator\",\"url\":\"https:\/\/mostbet-aviator.info\/\",\"logo\":{\"@type\":\"ImageObject\",\"inLanguage\":\"pt-PT\",\"@id\":\"https:\/\/mostbet-aviator.info\/#\/schema\/logo\/image\/\",\"url\":\"https:\/\/mostbet-aviator.info\/wp-content\/uploads\/2024\/01\/aviator-game-logo.gif\",\"contentUrl\":\"https:\/\/mostbet-aviator.info\/wp-content\/uploads\/2024\/01\/aviator-game-logo.gif\",\"width\":500,\"height\":189,\"caption\":\"Aviator\"},\"image\":{\"@id\":\"https:\/\/mostbet-aviator.info\/#\/schema\/logo\/image\/\"}}]}<\/script>\n<!-- \/ Yoast SEO plugin. -->","yoast_head_json":{"title":"\u0418\u0433\u0440\u0430\u0442\u044c \u0432 \u0410\u0432\u0438\u0430\u0442\u043e\u0440 \u0432 \u043e\u043d\u043b\u0430\u0439\u043d \u043a\u0430\u0437\u0438\u043d\u043e \u041c\u043e\u0441\u0442\u0431\u0435\u0442","description":"Jogue o jogo de crash Aviator com dinheiro real no cassino online Mostbet. Aviator Mostbet proporcionar\u00e1 momentos de jogo inesquec\u00edveis.","robots":{"index":"index","follow":"follow","max-snippet":"max-snippet:-1","max-image-preview":"max-image-preview:large","max-video-preview":"max-video-preview:-1"},"canonical":"https:\/\/mostbet-aviator.info\/pt\/","og_locale":"pt_PT","og_type":"article","og_title":"\u0418\u0433\u0440\u0430\u0442\u044c \u0432 \u0410\u0432\u0438\u0430\u0442\u043e\u0440 \u0432 \u043e\u043d\u043b\u0430\u0439\u043d \u043a\u0430\u0437\u0438\u043d\u043e \u041c\u043e\u0441\u0442\u0431\u0435\u0442","og_description":"\u0418\u0433\u0440\u0430\u0442\u044c \u0432 \u043a\u0440\u0430\u0448 \u0438\u0433\u0440\u0443 \u0410\u0432\u0438\u0430\u0442\u043e\u0440 \u043d\u0430 \u0440\u0435\u0430\u043b\u044c\u043d\u044b\u0435 \u0434\u0435\u043d\u044c\u0433\u0438 \u0432 \u043e\u043d\u043b\u0430\u0439\u043d \u043a\u0430\u0437\u0438\u043d\u043e Mostbet. Aviator Mostbet \u043f\u043e\u0434\u0430\u0440\u0438\u0442 \u043d\u0435\u0437\u0430\u0431\u044b\u0432\u0430\u0435\u043c\u044b\u0435 \u043c\u043e\u043c\u0435\u043d\u0442\u044b \u0438\u0433\u0440\u044b","og_url":"https:\/\/mostbet-aviator.info\/pt\/","og_site_name":"Aviator","article_modified_time":"2024-03-11T10:52:54+00:00","twitter_card":"summary_large_image","twitter_misc":{"Tempo estimado de leitura":"21 minutos"},"schema":{"@context":"https:\/\/schema.org","@graph":[{"@type":"WebPage","@id":"https:\/\/mostbet-aviator.info\/","url":"https:\/\/mostbet-aviator.info\/","name":"\u0418\u0433\u0440\u0430\u0442\u044c \u0432 \u0410\u0432\u0438\u0430\u0442\u043e\u0440 \u0432 \u043e\u043d\u043b\u0430\u0439\u043d \u043a\u0430\u0437\u0438\u043d\u043e \u041c\u043e\u0441\u0442\u0431\u0435\u0442","isPartOf":{"@id":"https:\/\/mostbet-aviator.info\/#website"},"datePublished":"2024-01-05T14:06:14+00:00","dateModified":"2024-03-11T10:52:54+00:00","description":"\u0418\u0433\u0440\u0430\u0442\u044c \u0432 \u043a\u0440\u0430\u0448 \u0438\u0433\u0440\u0443 \u0410\u0432\u0438\u0430\u0442\u043e\u0440 \u043d\u0430 \u0440\u0435\u0430\u043b\u044c\u043d\u044b\u0435 \u0434\u0435\u043d\u044c\u0433\u0438 \u0432 \u043e\u043d\u043b\u0430\u0439\u043d \u043a\u0430\u0437\u0438\u043d\u043e Mostbet. Aviator Mostbet \u043f\u043e\u0434\u0430\u0440\u0438\u0442 \u043d\u0435\u0437\u0430\u0431\u044b\u0432\u0430\u0435\u043c\u044b\u0435 \u043c\u043e\u043c\u0435\u043d\u0442\u044b \u0438\u0433\u0440\u044b","breadcrumb":{"@id":"https:\/\/mostbet-aviator.info\/#breadcrumb"},"inLanguage":"pt-PT","potentialAction":[{"@type":"ReadAction","target":["https:\/\/mostbet-aviator.info\/"]}]},{"@type":"BreadcrumbList","@id":"https:\/\/mostbet-aviator.info\/#breadcrumb","itemListElement":[{"@type":"ListItem","position":1,"name":"Home","item":"https:\/\/mostbet-aviator.info\/"},{"@type":"ListItem","position":2,"name":"\u041a\u0440\u0430\u0448 \u0438\u0433\u0440\u0430 Aviator"}]},{"@type":"WebSite","@id":"https:\/\/mostbet-aviator.info\/#website","url":"https:\/\/mostbet-aviator.info\/","name":"Aviator","description":"","publisher":{"@id":"https:\/\/mostbet-aviator.info\/#organization"},"potentialAction":[{"@type":"SearchAction","target":{"@type":"EntryPoint","urlTemplate":"https:\/\/mostbet-aviator.info\/?s={search_term_string}"},"query-input":{"@type":"PropertyValueSpecification","valueRequired":true,"valueName":"search_term_string"}}],"inLanguage":"pt-PT"},{"@type":"Organization","@id":"https:\/\/mostbet-aviator.info\/#organization","name":"Aviator","url":"https:\/\/mostbet-aviator.info\/","logo":{"@type":"ImageObject","inLanguage":"pt-PT","@id":"https:\/\/mostbet-aviator.info\/#\/schema\/logo\/image\/","url":"https:\/\/mostbet-aviator.info\/wp-content\/uploads\/2024\/01\/aviator-game-logo.gif","contentUrl":"https:\/\/mostbet-aviator.info\/wp-content\/uploads\/2024\/01\/aviator-game-logo.gif","width":500,"height":189,"caption":"Aviator"},"image":{"@id":"https:\/\/mostbet-aviator.info\/#\/schema\/logo\/image\/"}}]}},"_links":{"self":[{"href":"https:\/\/mostbet-aviator.info\/pt\/index.php\/wp-json\/wp\/v2\/pages\/6","targetHints":{"allow":["GET"]}}],"collection":[{"href":"https:\/\/mostbet-aviator.info\/pt\/index.php\/wp-json\/wp\/v2\/pages"}],"about":[{"href":"https:\/\/mostbet-aviator.info\/pt\/index.php\/wp-json\/wp\/v2\/types\/page"}],"author":[{"embeddable":true,"href":"https:\/\/mostbet-aviator.info\/pt\/index.php\/wp-json\/wp\/v2\/users\/1"}],"replies":[{"embeddable":true,"href":"https:\/\/mostbet-aviator.info\/pt\/index.php\/wp-json\/wp\/v2\/comments?post=6"}],"version-history":[{"count":23,"href":"https:\/\/mostbet-aviator.info\/pt\/index.php\/wp-json\/wp\/v2\/pages\/6\/revisions"}],"predecessor-version":[{"id":118,"href":"https:\/\/mostbet-aviator.info\/pt\/index.php\/wp-json\/wp\/v2\/pages\/6\/revisions\/118"}],"wp:attachment":[{"href":"https:\/\/mostbet-aviator.info\/pt\/index.php\/wp-json\/wp\/v2\/media?parent=6"}],"curies":[{"name":"wp","href":"https:\/\/api.w.org\/{rel}","templated":true}]}}