{"id":8,"date":"2024-01-05T14:07:03","date_gmt":"2024-01-05T14:07:03","guid":{"rendered":"https:\/\/mostbet-aviator.info\/?page_id=8"},"modified":"2024-03-11T10:50:59","modified_gmt":"2024-03-11T10:50:59","slug":"how-to-start-playing-the-aviator-crash-game","status":"publish","type":"page","link":"https:\/\/mostbet-aviator.info\/pt\/index.php\/how-to-start-playing-the-aviator-crash-game\/","title":{"rendered":"Como come\u00e7ar a jogar o jogo de crash Aviator &#8211; dicas e estrat\u00e9gias"},"content":{"rendered":"<p>O popular jogo online Aviator tornou-se uma das formas de entretenimento mais procuradas nos casinos online. Lan\u00e7ado pela Spribe studio em 2019, o simulador chamou a aten\u00e7\u00e3o dos jogadores com sua implementa\u00e7\u00e3o \u00fanica de jogabilidade, multiplicadores de aposta elevados e mec\u00e2nica \u00fanica. O principal objeto do jogo \u00e9 um avi\u00e3o virtual. O avi\u00e3o sobe rapidamente, e \u00e0 medida que ganha altitude, os multiplicadores de aposta aumentam. O jogo tem uma boa taxa te\u00f3rica de retorno &#8211; RTP \u00e9 de 97%. Devido \u00e0 sua volatilidade m\u00e9dia-baixa, as vit\u00f3rias ocorrem com frequ\u00eancia. Voc\u00ea precisa escolher o momento em que um multiplicador alto aparece na tela e reivindicar rapidamente a recompensa em dinheiro.<\/p>\n<h2>Recursos de jogar Aviator:<\/h2>\n<p>Na m\u00e1quina de ca\u00e7a-n\u00edqueis Aviator, o campo de jogo representa uma pista de decolagem. Duas telas de controle para selecionar apostas e sacar ganhos est\u00e3o localizadas na parte inferior da tela. Antes de come\u00e7ar, aguarde a conclus\u00e3o do round atual, pois o jogo \u00e9 multiplayer. A ess\u00eancia da jogabilidade \u00e9 a seguinte:<\/p>\n<ul>\n<li>O jogador coloca uma ou duas quantias para o round.<\/li>\n<li>Ap\u00f3s o t\u00e9rmino do tempo de aposta, o avi\u00e3o decola.<\/li>\n<li>Aguarde o multiplicador \u00f3timo aparecer.<\/li>\n<li>Pare o round e reivindique os ganhos.<\/li>\n<\/ul>\n<p>Voc\u00ea pode usar as fun\u00e7\u00f5es de auto-play e auto-saque ou colocar apostas e sacar dinheiro manualmente. O auto-play pode ser definido para 10, 50 ou 100 rounds. O modo de auto-saque pode ser configurado em ambas as telas de controle simultaneamente. Em seguida, o jogo ser\u00e1 interrompido compulsoriamente quando o coeficiente definido pelo jogador for atingido. Essas s\u00e3o op\u00e7\u00f5es convenientes que permitem ganhar com mais frequ\u00eancia no simulador Aviator.<\/p>\n<h2>Estrat\u00e9gias populares do jogo Aviator:<\/h2>\n<p>Vamos falar sobre as estrat\u00e9gias que os jogadores escolhem ao jogar Aviator no cassino Mostbet. Muitos jogadores aplicam v\u00e1rias t\u00e1ticas de jogabilidade para aumentar as chances de ganhar. Em Aviator, geralmente s\u00e3o usadas estrat\u00e9gias relacionadas aos tamanhos de aposta e coeficientes de pagamento. As t\u00e1ticas de jogabilidade mais eficazes incluem:<\/p>\n<ol>\n<li>Jogar com apostas m\u00ednimas e baixos coeficientes: A estrat\u00e9gia menos arriscada, proporcionando pagamentos pequenos e est\u00e1veis. O jogador precisa fazer apostas pequenas e interromper os rounds quando multiplicadores de at\u00e9 x3 aparecerem. Embora voc\u00ea n\u00e3o ganhe muito dinheiro desta forma, o risco de perda \u00e9 m\u00ednimo.<\/li>\n<li>Jogar com apostas m\u00e9dias e coeficientes: Semelhante \u00e0 estrat\u00e9gia anterior, mas o jogador precisa fazer apostas maiores e sacar dinheiro quando o multiplicador na tela atinge valores de x4 a x10 apostas. Os riscos s\u00e3o maiores, mas as chances de ganhar uma grande quantia de dinheiro tamb\u00e9m aumentam.<\/li>\n<li>Jogar com apostas altas e coeficientes m\u00e1ximos: A t\u00e1tica mais arriscada e lucrativa. Se tiver sorte, o jogador pode ganhar uma quantia bastante substancial no Aviator. \u00c9 recomend\u00e1vel configurar o auto-saque para multiplicadores de x100 e acima.<\/li>\n<\/ol>\n<p>No jogo de crash Aviator, tamb\u00e9m s\u00e3o utilizadas estrat\u00e9gias cl\u00e1ssicas como a Martingale. \u00c9 essencial lembrar que v\u00e1rias t\u00e1ticas n\u00e3o garantem uma vit\u00f3ria de cem por cento na m\u00e1quina, mas ajudam a reduzir o risco de perdas financeiras e a alcan\u00e7ar ganhos com mais frequ\u00eancia. No final, \u00e9 muito mais s\u00e1bio jogar de acordo com um sistema espec\u00edfico, em vez de simplesmente pressionar teclas, esperando pela sorte aleat\u00f3ria.<\/p>\n","protected":false},"excerpt":{"rendered":"<p>O popular jogo online Aviator tornou-se uma das formas de entretenimento mais procuradas nos casinos online. Lan\u00e7ado pela Spribe studio em 2019, o simulador chamou a aten\u00e7\u00e3o dos jogadores com sua implementa\u00e7\u00e3o \u00fanica de jogabilidade, multiplicadores de aposta elevados e mec\u00e2nica \u00fanica. O principal objeto do jogo \u00e9 um avi\u00e3o virtual. O avi\u00e3o sobe rapidamente,&#8230;<\/p>\n","protected":false},"author":1,"featured_media":0,"parent":0,"menu_order":0,"comment_status":"closed","ping_status":"closed","template":"","meta":{"footnotes":""},"class_list":["post-8","page","type-page","status-publish","hentry"],"yoast_head":"<!-- This site is optimized with the Yoast SEO plugin v27.2 - https:\/\/yoast.com\/product\/yoast-seo-wordpress\/ -->\n<title>\u041b\u0443\u0447\u0448\u0438\u0435 \u0441\u0442\u0440\u0430\u0442\u0435\u0433\u0438\u0438 \u0438 \u0442\u0430\u043a\u0442\u0438\u043a\u0438 \u0438\u0433\u0440\u044b \u0432 \u0410\u0432\u0438\u0430\u0442\u043e\u0440<\/title>\n<meta name=\"description\" content=\"Como jogar e ganhar dinheiro real no jogo online Aviator no cassino online Mostbet. As melhores estrat\u00e9gias e t\u00e1ticas para os jogadores de Aviator.\" \/>\n<meta name=\"robots\" content=\"index, follow, max-snippet:-1, max-image-preview:large, max-video-preview:-1\" \/>\n<link rel=\"canonical\" href=\"https:\/\/mostbet-aviator.info\/pt\/index.php\/how-to-start-playing-the-aviator-crash-game\/\" \/>\n<meta property=\"og:locale\" content=\"pt_PT\" \/>\n<meta property=\"og:locale:alternate\" content=\"ru_RU\" \/>\n<meta property=\"og:locale:alternate\" content=\"en_US\" \/>\n<meta property=\"og:locale:alternate\" content=\"es_ES\" \/>\n<meta property=\"og:locale:alternate\" content=\"sr_RS\" \/>\n<meta property=\"og:locale:alternate\" content=\"bg_BG\" \/>\n<meta property=\"og:locale:alternate\" content=\"pl_PL\" \/>\n<meta property=\"og:locale:alternate\" content=\"it_IT\" \/>\n<meta property=\"og:locale:alternate\" content=\"fr_FR\" \/>\n<meta property=\"og:locale:alternate\" content=\"hu_HU\" \/>\n<meta property=\"og:locale:alternate\" content=\"tr_TR\" \/>\n<meta property=\"og:type\" content=\"article\" \/>\n<meta property=\"og:title\" content=\"\u041b\u0443\u0447\u0448\u0438\u0435 \u0441\u0442\u0440\u0430\u0442\u0435\u0433\u0438\u0438 \u0438 \u0442\u0430\u043a\u0442\u0438\u043a\u0438 \u0438\u0433\u0440\u044b \u0432 \u0410\u0432\u0438\u0430\u0442\u043e\u0440\" \/>\n<meta property=\"og:description\" content=\"\u041a\u0430\u043a \u0438\u0433\u0440\u0430\u0442\u044c \u0438 \u0432\u044b\u0438\u0433\u0440\u044b\u0432\u0430\u0442\u044c \u043d\u0430\u0441\u0442\u043e\u044f\u0449\u0438\u0435 \u0434\u0435\u043d\u044c\u0433\u0438 \u0432 \u043e\u043d\u043b\u0430\u0439\u043d \u0438\u0433\u0440\u0435 \u0432 \u0410\u0432\u0438\u0430\u0442\u043e\u0440 \u0432 \u043e\u043d\u043b\u0430\u0439\u043d \u043a\u0430\u0437\u0438\u043d\u043e \u041c\u043e\u0441\u0442\u0431\u0435\u0442. \u041b\u0443\u0447\u0448\u0438\u0435 \u0441\u0442\u0440\u0430\u0442\u0435\u0433\u0438\u0438 \u0438 \u0442\u0430\u043a\u0442\u0438\u043a\u0438 \u0434\u043b\u044f \u0438\u0433\u0440\u043e\u043a\u043e\u0432 \u0410\u0432\u0438\u0430\u0442\u043e\u0440\u0430\" \/>\n<meta property=\"og:url\" content=\"https:\/\/mostbet-aviator.info\/pt\/index.php\/how-to-start-playing-the-aviator-crash-game\/\" \/>\n<meta property=\"og:site_name\" content=\"Aviator\" \/>\n<meta property=\"article:modified_time\" content=\"2024-03-11T10:50:59+00:00\" \/>\n<meta name=\"twitter:card\" content=\"summary_large_image\" \/>\n<meta name=\"twitter:label1\" content=\"Tempo estimado de leitura\" \/>\n\t<meta name=\"twitter:data1\" content=\"23 minutos\" \/>\n<script type=\"application\/ld+json\" class=\"yoast-schema-graph\">{\"@context\":\"https:\/\/schema.org\",\"@graph\":[{\"@type\":\"WebPage\",\"@id\":\"https:\/\/mostbet-aviator.info\/index.php\/how-to-start-playing-the-aviator-crash-game\/\",\"url\":\"https:\/\/mostbet-aviator.info\/index.php\/how-to-start-playing-the-aviator-crash-game\/\",\"name\":\"\u041b\u0443\u0447\u0448\u0438\u0435 \u0441\u0442\u0440\u0430\u0442\u0435\u0433\u0438\u0438 \u0438 \u0442\u0430\u043a\u0442\u0438\u043a\u0438 \u0438\u0433\u0440\u044b \u0432 \u0410\u0432\u0438\u0430\u0442\u043e\u0440\",\"isPartOf\":{\"@id\":\"https:\/\/mostbet-aviator.info\/#website\"},\"datePublished\":\"2024-01-05T14:07:03+00:00\",\"dateModified\":\"2024-03-11T10:50:59+00:00\",\"description\":\"\u041a\u0430\u043a \u0438\u0433\u0440\u0430\u0442\u044c \u0438 \u0432\u044b\u0438\u0433\u0440\u044b\u0432\u0430\u0442\u044c \u043d\u0430\u0441\u0442\u043e\u044f\u0449\u0438\u0435 \u0434\u0435\u043d\u044c\u0433\u0438 \u0432 \u043e\u043d\u043b\u0430\u0439\u043d \u0438\u0433\u0440\u0435 \u0432 \u0410\u0432\u0438\u0430\u0442\u043e\u0440 \u0432 \u043e\u043d\u043b\u0430\u0439\u043d \u043a\u0430\u0437\u0438\u043d\u043e \u041c\u043e\u0441\u0442\u0431\u0435\u0442. \u041b\u0443\u0447\u0448\u0438\u0435 \u0441\u0442\u0440\u0430\u0442\u0435\u0433\u0438\u0438 \u0438 \u0442\u0430\u043a\u0442\u0438\u043a\u0438 \u0434\u043b\u044f \u0438\u0433\u0440\u043e\u043a\u043e\u0432 \u0410\u0432\u0438\u0430\u0442\u043e\u0440\u0430\",\"breadcrumb\":{\"@id\":\"https:\/\/mostbet-aviator.info\/index.php\/how-to-start-playing-the-aviator-crash-game\/#breadcrumb\"},\"inLanguage\":\"pt-PT\",\"potentialAction\":[{\"@type\":\"ReadAction\",\"target\":[\"https:\/\/mostbet-aviator.info\/index.php\/how-to-start-playing-the-aviator-crash-game\/\"]}]},{\"@type\":\"BreadcrumbList\",\"@id\":\"https:\/\/mostbet-aviator.info\/index.php\/how-to-start-playing-the-aviator-crash-game\/#breadcrumb\",\"itemListElement\":[{\"@type\":\"ListItem\",\"position\":1,\"name\":\"Home\",\"item\":\"https:\/\/mostbet-aviator.info\/\"},{\"@type\":\"ListItem\",\"position\":2,\"name\":\"\u041a\u0430\u043a \u043d\u0430\u0447\u0430\u0442\u044c \u0438\u0433\u0440\u0430\u0442\u044c \u0432 \u043a\u0440\u0430\u0448-\u0438\u0433\u0440\u0443 Aviator \u2013 \u0441\u043e\u0432\u0435\u0442\u044b \u0438 \u0441\u0442\u0440\u0430\u0442\u0435\u0433\u0438\u0438\"}]},{\"@type\":\"WebSite\",\"@id\":\"https:\/\/mostbet-aviator.info\/#website\",\"url\":\"https:\/\/mostbet-aviator.info\/\",\"name\":\"Aviator\",\"description\":\"\",\"publisher\":{\"@id\":\"https:\/\/mostbet-aviator.info\/#organization\"},\"potentialAction\":[{\"@type\":\"SearchAction\",\"target\":{\"@type\":\"EntryPoint\",\"urlTemplate\":\"https:\/\/mostbet-aviator.info\/?s={search_term_string}\"},\"query-input\":{\"@type\":\"PropertyValueSpecification\",\"valueRequired\":true,\"valueName\":\"search_term_string\"}}],\"inLanguage\":\"pt-PT\"},{\"@type\":\"Organization\",\"@id\":\"https:\/\/mostbet-aviator.info\/#organization\",\"name\":\"Aviator\",\"url\":\"https:\/\/mostbet-aviator.info\/\",\"logo\":{\"@type\":\"ImageObject\",\"inLanguage\":\"pt-PT\",\"@id\":\"https:\/\/mostbet-aviator.info\/#\/schema\/logo\/image\/\",\"url\":\"https:\/\/mostbet-aviator.info\/wp-content\/uploads\/2024\/01\/aviator-game-logo.gif\",\"contentUrl\":\"https:\/\/mostbet-aviator.info\/wp-content\/uploads\/2024\/01\/aviator-game-logo.gif\",\"width\":500,\"height\":189,\"caption\":\"Aviator\"},\"image\":{\"@id\":\"https:\/\/mostbet-aviator.info\/#\/schema\/logo\/image\/\"}}]}<\/script>\n<!-- \/ Yoast SEO plugin. -->","yoast_head_json":{"title":"\u041b\u0443\u0447\u0448\u0438\u0435 \u0441\u0442\u0440\u0430\u0442\u0435\u0433\u0438\u0438 \u0438 \u0442\u0430\u043a\u0442\u0438\u043a\u0438 \u0438\u0433\u0440\u044b \u0432 \u0410\u0432\u0438\u0430\u0442\u043e\u0440","description":"Como jogar e ganhar dinheiro real no jogo online Aviator no cassino online Mostbet. As melhores estrat\u00e9gias e t\u00e1ticas para os jogadores de Aviator.","robots":{"index":"index","follow":"follow","max-snippet":"max-snippet:-1","max-image-preview":"max-image-preview:large","max-video-preview":"max-video-preview:-1"},"canonical":"https:\/\/mostbet-aviator.info\/pt\/index.php\/how-to-start-playing-the-aviator-crash-game\/","og_locale":"pt_PT","og_type":"article","og_title":"\u041b\u0443\u0447\u0448\u0438\u0435 \u0441\u0442\u0440\u0430\u0442\u0435\u0433\u0438\u0438 \u0438 \u0442\u0430\u043a\u0442\u0438\u043a\u0438 \u0438\u0433\u0440\u044b \u0432 \u0410\u0432\u0438\u0430\u0442\u043e\u0440","og_description":"\u041a\u0430\u043a \u0438\u0433\u0440\u0430\u0442\u044c \u0438 \u0432\u044b\u0438\u0433\u0440\u044b\u0432\u0430\u0442\u044c \u043d\u0430\u0441\u0442\u043e\u044f\u0449\u0438\u0435 \u0434\u0435\u043d\u044c\u0433\u0438 \u0432 \u043e\u043d\u043b\u0430\u0439\u043d \u0438\u0433\u0440\u0435 \u0432 \u0410\u0432\u0438\u0430\u0442\u043e\u0440 \u0432 \u043e\u043d\u043b\u0430\u0439\u043d \u043a\u0430\u0437\u0438\u043d\u043e \u041c\u043e\u0441\u0442\u0431\u0435\u0442. \u041b\u0443\u0447\u0448\u0438\u0435 \u0441\u0442\u0440\u0430\u0442\u0435\u0433\u0438\u0438 \u0438 \u0442\u0430\u043a\u0442\u0438\u043a\u0438 \u0434\u043b\u044f \u0438\u0433\u0440\u043e\u043a\u043e\u0432 \u0410\u0432\u0438\u0430\u0442\u043e\u0440\u0430","og_url":"https:\/\/mostbet-aviator.info\/pt\/index.php\/how-to-start-playing-the-aviator-crash-game\/","og_site_name":"Aviator","article_modified_time":"2024-03-11T10:50:59+00:00","twitter_card":"summary_large_image","twitter_misc":{"Tempo estimado de leitura":"23 minutos"},"schema":{"@context":"https:\/\/schema.org","@graph":[{"@type":"WebPage","@id":"https:\/\/mostbet-aviator.info\/index.php\/how-to-start-playing-the-aviator-crash-game\/","url":"https:\/\/mostbet-aviator.info\/index.php\/how-to-start-playing-the-aviator-crash-game\/","name":"\u041b\u0443\u0447\u0448\u0438\u0435 \u0441\u0442\u0440\u0430\u0442\u0435\u0433\u0438\u0438 \u0438 \u0442\u0430\u043a\u0442\u0438\u043a\u0438 \u0438\u0433\u0440\u044b \u0432 \u0410\u0432\u0438\u0430\u0442\u043e\u0440","isPartOf":{"@id":"https:\/\/mostbet-aviator.info\/#website"},"datePublished":"2024-01-05T14:07:03+00:00","dateModified":"2024-03-11T10:50:59+00:00","description":"\u041a\u0430\u043a \u0438\u0433\u0440\u0430\u0442\u044c \u0438 \u0432\u044b\u0438\u0433\u0440\u044b\u0432\u0430\u0442\u044c \u043d\u0430\u0441\u0442\u043e\u044f\u0449\u0438\u0435 \u0434\u0435\u043d\u044c\u0433\u0438 \u0432 \u043e\u043d\u043b\u0430\u0439\u043d \u0438\u0433\u0440\u0435 \u0432 \u0410\u0432\u0438\u0430\u0442\u043e\u0440 \u0432 \u043e\u043d\u043b\u0430\u0439\u043d \u043a\u0430\u0437\u0438\u043d\u043e \u041c\u043e\u0441\u0442\u0431\u0435\u0442. \u041b\u0443\u0447\u0448\u0438\u0435 \u0441\u0442\u0440\u0430\u0442\u0435\u0433\u0438\u0438 \u0438 \u0442\u0430\u043a\u0442\u0438\u043a\u0438 \u0434\u043b\u044f \u0438\u0433\u0440\u043e\u043a\u043e\u0432 \u0410\u0432\u0438\u0430\u0442\u043e\u0440\u0430","breadcrumb":{"@id":"https:\/\/mostbet-aviator.info\/index.php\/how-to-start-playing-the-aviator-crash-game\/#breadcrumb"},"inLanguage":"pt-PT","potentialAction":[{"@type":"ReadAction","target":["https:\/\/mostbet-aviator.info\/index.php\/how-to-start-playing-the-aviator-crash-game\/"]}]},{"@type":"BreadcrumbList","@id":"https:\/\/mostbet-aviator.info\/index.php\/how-to-start-playing-the-aviator-crash-game\/#breadcrumb","itemListElement":[{"@type":"ListItem","position":1,"name":"Home","item":"https:\/\/mostbet-aviator.info\/"},{"@type":"ListItem","position":2,"name":"\u041a\u0430\u043a \u043d\u0430\u0447\u0430\u0442\u044c \u0438\u0433\u0440\u0430\u0442\u044c \u0432 \u043a\u0440\u0430\u0448-\u0438\u0433\u0440\u0443 Aviator \u2013 \u0441\u043e\u0432\u0435\u0442\u044b \u0438 \u0441\u0442\u0440\u0430\u0442\u0435\u0433\u0438\u0438"}]},{"@type":"WebSite","@id":"https:\/\/mostbet-aviator.info\/#website","url":"https:\/\/mostbet-aviator.info\/","name":"Aviator","description":"","publisher":{"@id":"https:\/\/mostbet-aviator.info\/#organization"},"potentialAction":[{"@type":"SearchAction","target":{"@type":"EntryPoint","urlTemplate":"https:\/\/mostbet-aviator.info\/?s={search_term_string}"},"query-input":{"@type":"PropertyValueSpecification","valueRequired":true,"valueName":"search_term_string"}}],"inLanguage":"pt-PT"},{"@type":"Organization","@id":"https:\/\/mostbet-aviator.info\/#organization","name":"Aviator","url":"https:\/\/mostbet-aviator.info\/","logo":{"@type":"ImageObject","inLanguage":"pt-PT","@id":"https:\/\/mostbet-aviator.info\/#\/schema\/logo\/image\/","url":"https:\/\/mostbet-aviator.info\/wp-content\/uploads\/2024\/01\/aviator-game-logo.gif","contentUrl":"https:\/\/mostbet-aviator.info\/wp-content\/uploads\/2024\/01\/aviator-game-logo.gif","width":500,"height":189,"caption":"Aviator"},"image":{"@id":"https:\/\/mostbet-aviator.info\/#\/schema\/logo\/image\/"}}]}},"_links":{"self":[{"href":"https:\/\/mostbet-aviator.info\/pt\/index.php\/wp-json\/wp\/v2\/pages\/8","targetHints":{"allow":["GET"]}}],"collection":[{"href":"https:\/\/mostbet-aviator.info\/pt\/index.php\/wp-json\/wp\/v2\/pages"}],"about":[{"href":"https:\/\/mostbet-aviator.info\/pt\/index.php\/wp-json\/wp\/v2\/types\/page"}],"author":[{"embeddable":true,"href":"https:\/\/mostbet-aviator.info\/pt\/index.php\/wp-json\/wp\/v2\/users\/1"}],"replies":[{"embeddable":true,"href":"https:\/\/mostbet-aviator.info\/pt\/index.php\/wp-json\/wp\/v2\/comments?post=8"}],"version-history":[{"count":23,"href":"https:\/\/mostbet-aviator.info\/pt\/index.php\/wp-json\/wp\/v2\/pages\/8\/revisions"}],"predecessor-version":[{"id":117,"href":"https:\/\/mostbet-aviator.info\/pt\/index.php\/wp-json\/wp\/v2\/pages\/8\/revisions\/117"}],"wp:attachment":[{"href":"https:\/\/mostbet-aviator.info\/pt\/index.php\/wp-json\/wp\/v2\/media?parent=8"}],"curies":[{"name":"wp","href":"https:\/\/api.w.org\/{rel}","templated":true}]}}