{"id":12,"date":"2024-01-05T14:09:44","date_gmt":"2024-01-05T14:09:44","guid":{"rendered":"https:\/\/mostbet-aviator.info\/?page_id=12"},"modified":"2024-03-11T10:55:01","modified_gmt":"2024-03-11T10:55:01","slug":"advantages-and-disadvantages-of-aviator-crash-game","status":"publish","type":"page","link":"https:\/\/mostbet-aviator.info\/tr\/index.php\/advantages-and-disadvantages-of-aviator-crash-game\/","title":{"rendered":"Aviator \u00c7arp\u0131\u015fma Oyununun Avantajlar\u0131 ve Dezavantajlar\u0131"},"content":{"rendered":"<p>Mostbet casino&#8217;nun kumarhane ziyaret\u00e7ileri aras\u0131nda, Aviator oyunu s\u00fcrekli talep g\u00f6r\u00fcyor ve son derece pop\u00fcler \u00e7evrimi\u00e7i oyunlar kategorisine giriyor. Aviator \u00e7ekici ve canl\u0131 bir tasar\u0131mla tasarlanm\u0131\u015ft\u0131r. T\u00fcm gerekli kontrol d\u00fc\u011fmeleri oyun ekran\u0131n\u0131n alt\u0131nda uygun bir \u015fekilde yer almaktad\u0131r. \u00c7arp\u0131\u015fma oyununun bir\u00e7ok avantaj\u0131 vard\u0131r:<\/p>\n<ul>\n<li>Tur ba\u015f\u0131na iki bahis aras\u0131nda se\u00e7im yapabilme yetene\u011fi;<\/li>\n<li>Y\u00fcksek RTP ve y\u00fcksek \u00e7arpanlar;<\/li>\n<li>Benzersiz oyun format\u0131;<\/li>\n<li>G\u00fczel \u00e7izgi film tarz\u0131 tasar\u0131m;<\/li>\n<li>Sim\u00fclat\u00f6r\u00fcn \u00fccretsiz bir versiyonunun bulunabilirli\u011fi;<\/li>\n<li>Canl\u0131 sohbet ortam\u0131nda di\u011fer oyuncularla ileti\u015fim kurma;<\/li>\n<li>Bahis ge\u00e7mi\u015fi ve son ba\u015far\u0131lar;<\/li>\n<li>Kazanman\u0131n RNG&#8217;ye ve kumarbaz\u0131n kararlar\u0131na ba\u011fl\u0131l\u0131\u011f\u0131;<\/li>\n<li>Farkl\u0131 para birimlerine ve cihazlara destek;<\/li>\n<li>Bahis katsay\u0131lar\u0131n\u0131n s\u0131n\u0131rs\u0131z b\u00fcy\u00fcmesi.<\/li>\n<\/ul>\n<p>Geni\u015f bahis se\u00e7enekleri sayesinde, Aviator oyunu \u00e7e\u015fitli mali yeteneklere sahip kumarbazlar i\u00e7in uygundur. \u00c7evrimi\u00e7i oyun hem masa\u00fcst\u00fc cihazlarda hem de mobil cihazlarda sorunsuz \u00e7al\u0131\u015f\u0131r. Slotu ger\u00e7ek para ile ba\u015flatmak i\u00e7in, \u00e7evrimi\u00e7i kumarhaneye kaydolmak ve oyun hesab\u0131n\u0131n bakiyesini art\u0131rmak yeterlidir.<\/p>\n<p>Aviator&#8217;\u00fcn dezavantajlar\u0131ndan bahsederken, herhangi bir kumar oyunu gibi, Aviator ba\u011f\u0131ml\u0131l\u0131k yapabilir ve oyuncular\u0131n oyunu durdurmakta zorlanabilece\u011fini belirtmek gerekir. Oyuna harcamaya istekli oldu\u011funuz bir miktar se\u00e7menizi ve t\u00fcm miktar\u0131 harcad\u0131ysan\u0131z asla oynamaya devam etmemenizi \u00f6neririz.<\/p>\n<h2>Aviator&#8217;e kay\u0131t olma ve para yat\u0131rma \u00f6zellikleri:<\/h2>\n<p>\u00c7arp\u0131\u015fma oyunu Aviator bir\u00e7ok \u00e7evrimi\u00e7i kumarhanede hem \u00fccretli hem de \u00fccretsiz modlarda bulunmaktad\u0131r. Katalogda, oyun genellikle \u00e7arp\u0131\u015fma oyunlar\u0131 kategorisinde bulunur. Ger\u00e7ek para birimleriyle bahis yapmak i\u00e7in bir hesap olu\u015fturman\u0131z gerekir. \u0130\u015fte kumarhaneye kay\u0131t olman\u0131n yollar\u0131:<\/p>\n<ul>\n<li>Aviator oyunu olan bir kumarhaneyi se\u00e7in;<\/li>\n<li>Resmi web sitesine gidin, \u00f6rne\u011fin Mostbet kumarhanesi;<\/li>\n<li>&#8220;Kaydol&#8221; d\u00fc\u011fmesini bulun ve t\u0131klay\u0131n;<\/li>\n<li>Sa\u011flanan formu do\u011fru bir \u015fekilde doldurun;<\/li>\n<li>Hesab\u0131 do\u011frulay\u0131n ve bonuslar\u0131 aktifle\u015ftirin;<\/li>\n<li>Uygun bir y\u00f6ntem kullanarak fon yat\u0131r\u0131n;<\/li>\n<li>Katalogda Aviator \u00e7arp\u0131\u015fma oyununu bulun;<\/li>\n<li>Mevcut turun tamamlanmas\u0131n\u0131 bekleyin;<\/li>\n<li>Bahis yap\u0131n ve sim\u00fclat\u00f6r\u00fc ba\u015flat\u0131n.<\/li>\n<\/ul>\n<p>\u00c7evrimi\u00e7i kumarhaneye para yat\u0131rma i\u015flemi i\u00e7in g\u00fcvenilir, pratik ve g\u00fcvenli \u00f6deme y\u00f6ntemleri sa\u011flanmaktad\u0131r &#8211; banka kartlar\u0131, internet bankac\u0131l\u0131\u011f\u0131, elektronik c\u00fczdanlar ve kripto c\u00fczdanlar vb. \u00d6deme ki\u015fisel hesap \u00fczerinden &#8220;Kasiyer&#8221; men\u00fcs\u00fc arac\u0131l\u0131\u011f\u0131yla yap\u0131l\u0131r. Fonlar hemen oyuncunun hesab\u0131na yat\u0131r\u0131l\u0131r, bu sayede heyecan verici Aviator oyununun tad\u0131n\u0131 ger\u00e7ek para ile \u00e7\u0131karabilir ve \u00f6nemli \u00f6demeler alabilirsiniz.<\/p>\n","protected":false},"excerpt":{"rendered":"<p>Mostbet casino&#8217;nun kumarhane ziyaret\u00e7ileri aras\u0131nda, Aviator oyunu s\u00fcrekli talep g\u00f6r\u00fcyor ve son derece pop\u00fcler \u00e7evrimi\u00e7i oyunlar kategorisine giriyor. Aviator \u00e7ekici ve canl\u0131 bir tasar\u0131mla tasarlanm\u0131\u015ft\u0131r. T\u00fcm gerekli kontrol d\u00fc\u011fmeleri oyun ekran\u0131n\u0131n alt\u0131nda uygun bir \u015fekilde yer almaktad\u0131r. \u00c7arp\u0131\u015fma oyununun bir\u00e7ok avantaj\u0131 vard\u0131r: Tur ba\u015f\u0131na iki bahis aras\u0131nda se\u00e7im yapabilme yetene\u011fi; Y\u00fcksek RTP ve y\u00fcksek \u00e7arpanlar;&#8230;<\/p>\n","protected":false},"author":1,"featured_media":0,"parent":0,"menu_order":0,"comment_status":"closed","ping_status":"closed","template":"","meta":{"footnotes":""},"class_list":["post-12","page","type-page","status-publish","hentry"],"yoast_head":"<!-- This site is optimized with the Yoast SEO plugin v27.2 - https:\/\/yoast.com\/product\/yoast-seo-wordpress\/ -->\n<title>Advantages and Disadvantages of the Aviator Game<\/title>\n<meta name=\"description\" content=\"Bir \u00e7evrimi\u00e7i casinodaki herhangi bir \u00e7arp\u0131\u015fma oyunu gibi, Aviator oyununun da avantajlar\u0131 ve dezavantajlar\u0131 vard\u0131r. Onlardan bahsedelim.\" \/>\n<meta name=\"robots\" content=\"index, follow, max-snippet:-1, max-image-preview:large, max-video-preview:-1\" \/>\n<link rel=\"canonical\" href=\"https:\/\/mostbet-aviator.info\/tr\/index.php\/advantages-and-disadvantages-of-aviator-crash-game\/\" \/>\n<meta property=\"og:locale\" content=\"tr_TR\" \/>\n<meta property=\"og:locale:alternate\" content=\"ru_RU\" \/>\n<meta property=\"og:locale:alternate\" content=\"en_US\" \/>\n<meta property=\"og:locale:alternate\" content=\"pt_PT\" \/>\n<meta property=\"og:locale:alternate\" content=\"es_ES\" \/>\n<meta property=\"og:locale:alternate\" content=\"sr_RS\" \/>\n<meta property=\"og:locale:alternate\" content=\"bg_BG\" \/>\n<meta property=\"og:locale:alternate\" content=\"pl_PL\" \/>\n<meta property=\"og:locale:alternate\" content=\"it_IT\" \/>\n<meta property=\"og:locale:alternate\" content=\"fr_FR\" \/>\n<meta property=\"og:locale:alternate\" content=\"hu_HU\" \/>\n<meta property=\"og:type\" content=\"article\" \/>\n<meta property=\"og:title\" content=\"Advantages and Disadvantages of the Aviator Game\" \/>\n<meta property=\"og:description\" content=\"Like any crash game in an online casino, the Aviator game also has its advantages and disadvantages. Let&#039;s talk about them.\" \/>\n<meta property=\"og:url\" content=\"https:\/\/mostbet-aviator.info\/tr\/index.php\/advantages-and-disadvantages-of-aviator-crash-game\/\" \/>\n<meta property=\"og:site_name\" content=\"Aviator\" \/>\n<meta property=\"article:modified_time\" content=\"2024-03-11T10:55:01+00:00\" \/>\n<meta name=\"twitter:card\" content=\"summary_large_image\" \/>\n<meta name=\"twitter:label1\" content=\"Tahmini okuma s\u00fcresi\" \/>\n\t<meta name=\"twitter:data1\" content=\"18 dakika\" \/>\n<script type=\"application\/ld+json\" class=\"yoast-schema-graph\">{\"@context\":\"https:\/\/schema.org\",\"@graph\":[{\"@type\":\"WebPage\",\"@id\":\"https:\/\/mostbet-aviator.info\/en\/index.php\/advantages-and-disadvantages-of-aviator-crash-game\/\",\"url\":\"https:\/\/mostbet-aviator.info\/en\/index.php\/advantages-and-disadvantages-of-aviator-crash-game\/\",\"name\":\"Advantages and Disadvantages of the Aviator Game\",\"isPartOf\":{\"@id\":\"https:\/\/mostbet-aviator.info\/#website\"},\"datePublished\":\"2024-01-05T14:09:44+00:00\",\"dateModified\":\"2024-03-11T10:55:01+00:00\",\"description\":\"Like any crash game in an online casino, the Aviator game also has its advantages and disadvantages. Let's talk about them.\",\"breadcrumb\":{\"@id\":\"https:\/\/mostbet-aviator.info\/en\/index.php\/advantages-and-disadvantages-of-aviator-crash-game\/#breadcrumb\"},\"inLanguage\":\"tr-TR\",\"potentialAction\":[{\"@type\":\"ReadAction\",\"target\":[\"https:\/\/mostbet-aviator.info\/en\/index.php\/advantages-and-disadvantages-of-aviator-crash-game\/\"]}]},{\"@type\":\"BreadcrumbList\",\"@id\":\"https:\/\/mostbet-aviator.info\/en\/index.php\/advantages-and-disadvantages-of-aviator-crash-game\/#breadcrumb\",\"itemListElement\":[{\"@type\":\"ListItem\",\"position\":1,\"name\":\"Home\",\"item\":\"https:\/\/mostbet-aviator.info\/\"},{\"@type\":\"ListItem\",\"position\":2,\"name\":\"Advantages and Disadvantages of Aviator Crash Game\"}]},{\"@type\":\"WebSite\",\"@id\":\"https:\/\/mostbet-aviator.info\/#website\",\"url\":\"https:\/\/mostbet-aviator.info\/\",\"name\":\"Aviator\",\"description\":\"\",\"publisher\":{\"@id\":\"https:\/\/mostbet-aviator.info\/#organization\"},\"potentialAction\":[{\"@type\":\"SearchAction\",\"target\":{\"@type\":\"EntryPoint\",\"urlTemplate\":\"https:\/\/mostbet-aviator.info\/?s={search_term_string}\"},\"query-input\":{\"@type\":\"PropertyValueSpecification\",\"valueRequired\":true,\"valueName\":\"search_term_string\"}}],\"inLanguage\":\"tr-TR\"},{\"@type\":\"Organization\",\"@id\":\"https:\/\/mostbet-aviator.info\/#organization\",\"name\":\"Aviator\",\"url\":\"https:\/\/mostbet-aviator.info\/\",\"logo\":{\"@type\":\"ImageObject\",\"inLanguage\":\"tr-TR\",\"@id\":\"https:\/\/mostbet-aviator.info\/#\/schema\/logo\/image\/\",\"url\":\"https:\/\/mostbet-aviator.info\/wp-content\/uploads\/2024\/01\/aviator-game-logo.gif\",\"contentUrl\":\"https:\/\/mostbet-aviator.info\/wp-content\/uploads\/2024\/01\/aviator-game-logo.gif\",\"width\":500,\"height\":189,\"caption\":\"Aviator\"},\"image\":{\"@id\":\"https:\/\/mostbet-aviator.info\/#\/schema\/logo\/image\/\"}}]}<\/script>\n<!-- \/ Yoast SEO plugin. -->","yoast_head_json":{"title":"Advantages and Disadvantages of the Aviator Game","description":"Bir \u00e7evrimi\u00e7i casinodaki herhangi bir \u00e7arp\u0131\u015fma oyunu gibi, Aviator oyununun da avantajlar\u0131 ve dezavantajlar\u0131 vard\u0131r. Onlardan bahsedelim.","robots":{"index":"index","follow":"follow","max-snippet":"max-snippet:-1","max-image-preview":"max-image-preview:large","max-video-preview":"max-video-preview:-1"},"canonical":"https:\/\/mostbet-aviator.info\/tr\/index.php\/advantages-and-disadvantages-of-aviator-crash-game\/","og_locale":"tr_TR","og_type":"article","og_title":"Advantages and Disadvantages of the Aviator Game","og_description":"Like any crash game in an online casino, the Aviator game also has its advantages and disadvantages. Let's talk about them.","og_url":"https:\/\/mostbet-aviator.info\/tr\/index.php\/advantages-and-disadvantages-of-aviator-crash-game\/","og_site_name":"Aviator","article_modified_time":"2024-03-11T10:55:01+00:00","twitter_card":"summary_large_image","twitter_misc":{"Tahmini okuma s\u00fcresi":"18 dakika"},"schema":{"@context":"https:\/\/schema.org","@graph":[{"@type":"WebPage","@id":"https:\/\/mostbet-aviator.info\/en\/index.php\/advantages-and-disadvantages-of-aviator-crash-game\/","url":"https:\/\/mostbet-aviator.info\/en\/index.php\/advantages-and-disadvantages-of-aviator-crash-game\/","name":"Advantages and Disadvantages of the Aviator Game","isPartOf":{"@id":"https:\/\/mostbet-aviator.info\/#website"},"datePublished":"2024-01-05T14:09:44+00:00","dateModified":"2024-03-11T10:55:01+00:00","description":"Like any crash game in an online casino, the Aviator game also has its advantages and disadvantages. Let's talk about them.","breadcrumb":{"@id":"https:\/\/mostbet-aviator.info\/en\/index.php\/advantages-and-disadvantages-of-aviator-crash-game\/#breadcrumb"},"inLanguage":"tr-TR","potentialAction":[{"@type":"ReadAction","target":["https:\/\/mostbet-aviator.info\/en\/index.php\/advantages-and-disadvantages-of-aviator-crash-game\/"]}]},{"@type":"BreadcrumbList","@id":"https:\/\/mostbet-aviator.info\/en\/index.php\/advantages-and-disadvantages-of-aviator-crash-game\/#breadcrumb","itemListElement":[{"@type":"ListItem","position":1,"name":"Home","item":"https:\/\/mostbet-aviator.info\/"},{"@type":"ListItem","position":2,"name":"Advantages and Disadvantages of Aviator Crash Game"}]},{"@type":"WebSite","@id":"https:\/\/mostbet-aviator.info\/#website","url":"https:\/\/mostbet-aviator.info\/","name":"Aviator","description":"","publisher":{"@id":"https:\/\/mostbet-aviator.info\/#organization"},"potentialAction":[{"@type":"SearchAction","target":{"@type":"EntryPoint","urlTemplate":"https:\/\/mostbet-aviator.info\/?s={search_term_string}"},"query-input":{"@type":"PropertyValueSpecification","valueRequired":true,"valueName":"search_term_string"}}],"inLanguage":"tr-TR"},{"@type":"Organization","@id":"https:\/\/mostbet-aviator.info\/#organization","name":"Aviator","url":"https:\/\/mostbet-aviator.info\/","logo":{"@type":"ImageObject","inLanguage":"tr-TR","@id":"https:\/\/mostbet-aviator.info\/#\/schema\/logo\/image\/","url":"https:\/\/mostbet-aviator.info\/wp-content\/uploads\/2024\/01\/aviator-game-logo.gif","contentUrl":"https:\/\/mostbet-aviator.info\/wp-content\/uploads\/2024\/01\/aviator-game-logo.gif","width":500,"height":189,"caption":"Aviator"},"image":{"@id":"https:\/\/mostbet-aviator.info\/#\/schema\/logo\/image\/"}}]}},"_links":{"self":[{"href":"https:\/\/mostbet-aviator.info\/tr\/index.php\/wp-json\/wp\/v2\/pages\/12","targetHints":{"allow":["GET"]}}],"collection":[{"href":"https:\/\/mostbet-aviator.info\/tr\/index.php\/wp-json\/wp\/v2\/pages"}],"about":[{"href":"https:\/\/mostbet-aviator.info\/tr\/index.php\/wp-json\/wp\/v2\/types\/page"}],"author":[{"embeddable":true,"href":"https:\/\/mostbet-aviator.info\/tr\/index.php\/wp-json\/wp\/v2\/users\/1"}],"replies":[{"embeddable":true,"href":"https:\/\/mostbet-aviator.info\/tr\/index.php\/wp-json\/wp\/v2\/comments?post=12"}],"version-history":[{"count":23,"href":"https:\/\/mostbet-aviator.info\/tr\/index.php\/wp-json\/wp\/v2\/pages\/12\/revisions"}],"predecessor-version":[{"id":119,"href":"https:\/\/mostbet-aviator.info\/tr\/index.php\/wp-json\/wp\/v2\/pages\/12\/revisions\/119"}],"wp:attachment":[{"href":"https:\/\/mostbet-aviator.info\/tr\/index.php\/wp-json\/wp\/v2\/media?parent=12"}],"curies":[{"name":"wp","href":"https:\/\/api.w.org\/{rel}","templated":true}]}}