{"id":6,"date":"2024-01-05T14:06:14","date_gmt":"2024-01-05T14:06:14","guid":{"rendered":"https:\/\/mostbet-aviator.info\/?page_id=6"},"modified":"2024-03-11T10:52:54","modified_gmt":"2024-03-11T10:52:54","slug":"aviator","status":"publish","type":"page","link":"https:\/\/mostbet-aviator.info\/tr\/","title":{"rendered":"Aviator \u00c7arp\u0131\u015fma Oyunu"},"content":{"rendered":"<p>2019&#8217;da, Spribe \u015firketi Aviator ad\u0131nda benzersiz bir oyun yay\u0131nlad\u0131. \u00c7arp\u0131\u015fma sim\u00fclat\u00f6r\u00fc online casinolarda bir hit oldu ve k\u0131sa s\u00fcrede kumarbazlar aras\u0131nda ba\u015far\u0131 elde etti. Aviator, bir arcade oyununun ve bir video slotunun \u00f6zelliklerini ideal bir \u015fekilde birle\u015ftirir. Sim\u00fclat\u00f6r, \u00e7ok oyunculu modda oynanan h\u0131zl\u0131 oyunlar kategorisine aittir. \u00c7evrimi\u00e7i oyunda Aviator&#8217;da standart d\u00f6nen makaralar, semboller veya \u00f6deme hatlar\u0131 yoktur. \u00c7arp\u0131\u015fma modelini ba\u015flatt\u0131ktan sonra, oyuncunun \u00f6n\u00fcnde sanal bir u\u00e7akla kalk\u0131\u015f \u015feridi belirir. Kumarbaz\u0131n g\u00f6revi, u\u00e7a\u011f\u0131 u\u00e7u\u015fa g\u00f6ndermek, y\u00fcksek bir \u00e7arpan\u0131 beklemek, oyunu durdurmak ve kazanc\u0131 nakde \u00e7evirmektir. Mostbet casino&#8217;da Aviator oynamak \u00f6nemli kazan\u00e7lara yol a\u00e7abilir.<\/p>\n<h2>Aviator oyununun temel parametreleri ve \u00f6zellikleri:<\/h2>\n<ul>\n<li>Teorik geri d\u00f6n\u00fc\u015f y\u00fczdesi &#8211; %97;<\/li>\n<li>Orta-d\u00fc\u015f\u00fck volatilite seviyesi;<\/li>\n<li>\u00c7arpanlar\u0131n rastgele olu\u015fumu;<\/li>\n<li>Oyun i\u00e7in iki kontrol paneli mevcut;<\/li>\n<li>Ayn\u0131 anda iki bahis yapabilme yetene\u011fi;<\/li>\n<li>Tur ge\u00e7mi\u015fi ve istatistiklerin g\u00f6r\u00fcnt\u00fclenmesi;<\/li>\n<li>Di\u011fer kumarbazlarla ileti\u015fim i\u00e7in canl\u0131 sohbet;<\/li>\n<li>Mobil ve \u00fccretsiz s\u00fcr\u00fcmleri destekleme;<\/li>\n<li>Garantili adil teknoloji.<\/li>\n<\/ul>\n<p>Aviator&#8217;da ger\u00e7ek para veya sanal jetonlarla oynayabilirsiniz, yani \u00fccretsiz oynayabilirsiniz. \u00c7evrimi\u00e7i oyun Aviator hem masa\u00fcst\u00fc hem de mobil cihazlarda sorunsuz \u00e7al\u0131\u015f\u0131r. Oynamak i\u00e7in, Mostbet online casinoda kaydolman\u0131z, fon yat\u0131rman\u0131z ve yeni bir tura kat\u0131lman\u0131z gerekir. Oyun \u00e7ok oyunculu oldu\u011fundan, oyuncular di\u011fer kumarbazlar\u0131n kazan\u00e7lar\u0131n\u0131n istatistiklerini, tur kazan\u00e7 katsay\u0131lar\u0131n\u0131 ve kazan\u0131lan miktarlar\u0131 g\u00f6r\u00fcnt\u00fcleyebilirler. Bu, oyuncular\u0131n zafer ve Mostbet casino&#8217;da ger\u00e7ek para kazanma konusunda \u015farj edildi\u011fi ve neredeyse bir topluluk olu\u015fturdu\u011fu b\u00fcy\u00fck \u00f6l\u00e7\u00fcde yard\u0131mc\u0131 olur.<\/p>\n<h2>Aviator \u00e7arp\u0131\u015fma oyununun benzersiz \u00f6zellikleri:<\/h2>\n<p>Geleneksel video slotlar\u0131 bir\u00e7ok kumarbaz i\u00e7in tan\u0131d\u0131k hale geldi. Oyuncular casinolarda yeni e\u011flence ar\u0131yor. \u00c7arp\u0131\u015fma sim\u00fclat\u00f6r\u00fc Aviator, bahis ve kazanma s\u00fcrecinin standart olmayan bir uygulamas\u0131yla benzersiz bir oyun modelidir. Oyun ayr\u0131ca, ekran\u0131n rastgele \u00e7arpanlarla dolmas\u0131n\u0131 sa\u011flayan bir rastgele say\u0131 \u00fcreteci de kullan\u0131r. Ancak, kullan\u0131c\u0131 u\u00e7a\u011f\u0131 ne zaman durdurup kazanc\u0131 talep edece\u011fini se\u00e7erek oyunun sonucunu etkileyebilir. Aviator \u00e7arp\u0131\u015fma oyununun ilgin\u00e7 \u00f6zellikleri ve avantajlar\u0131:<\/p>\n<p>Son derece basit kurallar ve aray\u00fcz;<br \/>\nX1&#8217;den ba\u015flayarak \u00f6ng\u00f6r\u00fclemeyen katsay\u0131lar\u0131n b\u00fcy\u00fcmesi;<br \/>\nProvably Fair kriptografik algoritma;<br \/>\nDinamik turlar &#8211; ortalama olarak, her biri 30-40 saniye;<br \/>\nOtomatik ve demo oyun se\u00e7eneklerinin bulunmas\u0131;<br \/>\nPara \u00e7ekme i\u015flemlerinin otomatik parametrelerinin \u00f6zelle\u015ftirilebilmesi;<br \/>\nAviator&#8217;\u0131n t\u00fcm cihaz t\u00fcrlerinde desteklenmesi;<br \/>\nFarkl\u0131 para birimlerinde bahis yapabilme yetene\u011fi.<\/p>\n<p>Online casinolar\u0131n ziyaret\u00e7ileri, \u00e7arp\u0131\u015fma sim\u00fclat\u00f6r\u00fcn\u00fcn s\u0131ra d\u0131\u015f\u0131 format\u0131na \u00e7ekiliyor. Bir kazanan olmak ve b\u00fcy\u00fck<\/p>\n<p>bir kazan\u00e7 elde etmek i\u00e7in sadece b\u00fcy\u00fck bir \u00e7arpan\u0131n ortaya \u00e7\u0131kmas\u0131n\u0131 beklemeniz ve turu sonland\u0131rman\u0131z gerekir. Baz\u0131 oyuncular risk almamay\u0131 ve d\u00fc\u015f\u00fck bahisler ve \u00e7arpanlarla oynamay\u0131 tercih eder.<\/p>\n","protected":false},"excerpt":{"rendered":"<p>2019&#8217;da, Spribe \u015firketi Aviator ad\u0131nda benzersiz bir oyun yay\u0131nlad\u0131. \u00c7arp\u0131\u015fma sim\u00fclat\u00f6r\u00fc online casinolarda bir hit oldu ve k\u0131sa s\u00fcrede kumarbazlar aras\u0131nda ba\u015far\u0131 elde etti. Aviator, bir arcade oyununun ve bir video slotunun \u00f6zelliklerini ideal bir \u015fekilde birle\u015ftirir. Sim\u00fclat\u00f6r, \u00e7ok oyunculu modda oynanan h\u0131zl\u0131 oyunlar kategorisine aittir. \u00c7evrimi\u00e7i oyunda Aviator&#8217;da standart d\u00f6nen makaralar, semboller veya \u00f6deme&#8230;<\/p>\n","protected":false},"author":1,"featured_media":0,"parent":0,"menu_order":0,"comment_status":"closed","ping_status":"closed","template":"","meta":{"footnotes":""},"class_list":["post-6","page","type-page","status-publish","hentry"],"yoast_head":"<!-- This site is optimized with the Yoast SEO plugin v27.2 - https:\/\/yoast.com\/product\/yoast-seo-wordpress\/ -->\n<title>\u0418\u0433\u0440\u0430\u0442\u044c \u0432 \u0410\u0432\u0438\u0430\u0442\u043e\u0440 \u0432 \u043e\u043d\u043b\u0430\u0439\u043d \u043a\u0430\u0437\u0438\u043d\u043e \u041c\u043e\u0441\u0442\u0431\u0435\u0442<\/title>\n<meta name=\"description\" content=\"Mostbet online casinoda ger\u00e7ek para ile \u00e7arp\u0131\u015fma oyunu Aviator&#039;\u0131 oynay\u0131n. Aviator Mostbet unutulmaz oyun anlar\u0131 sunacak.\" \/>\n<meta name=\"robots\" content=\"index, follow, max-snippet:-1, max-image-preview:large, max-video-preview:-1\" \/>\n<link rel=\"canonical\" href=\"https:\/\/mostbet-aviator.info\/tr\/\" \/>\n<meta property=\"og:locale\" content=\"tr_TR\" \/>\n<meta property=\"og:locale:alternate\" content=\"ru_RU\" \/>\n<meta property=\"og:locale:alternate\" content=\"en_US\" \/>\n<meta property=\"og:locale:alternate\" content=\"pt_PT\" \/>\n<meta property=\"og:locale:alternate\" content=\"es_ES\" \/>\n<meta property=\"og:locale:alternate\" content=\"sr_RS\" \/>\n<meta property=\"og:locale:alternate\" content=\"bg_BG\" \/>\n<meta property=\"og:locale:alternate\" content=\"pl_PL\" \/>\n<meta property=\"og:locale:alternate\" content=\"it_IT\" \/>\n<meta property=\"og:locale:alternate\" content=\"fr_FR\" \/>\n<meta property=\"og:locale:alternate\" content=\"hu_HU\" \/>\n<meta property=\"og:type\" content=\"article\" \/>\n<meta property=\"og:title\" content=\"\u0418\u0433\u0440\u0430\u0442\u044c \u0432 \u0410\u0432\u0438\u0430\u0442\u043e\u0440 \u0432 \u043e\u043d\u043b\u0430\u0439\u043d \u043a\u0430\u0437\u0438\u043d\u043e \u041c\u043e\u0441\u0442\u0431\u0435\u0442\" \/>\n<meta property=\"og:description\" content=\"\u0418\u0433\u0440\u0430\u0442\u044c \u0432 \u043a\u0440\u0430\u0448 \u0438\u0433\u0440\u0443 \u0410\u0432\u0438\u0430\u0442\u043e\u0440 \u043d\u0430 \u0440\u0435\u0430\u043b\u044c\u043d\u044b\u0435 \u0434\u0435\u043d\u044c\u0433\u0438 \u0432 \u043e\u043d\u043b\u0430\u0439\u043d \u043a\u0430\u0437\u0438\u043d\u043e Mostbet. Aviator Mostbet \u043f\u043e\u0434\u0430\u0440\u0438\u0442 \u043d\u0435\u0437\u0430\u0431\u044b\u0432\u0430\u0435\u043c\u044b\u0435 \u043c\u043e\u043c\u0435\u043d\u0442\u044b \u0438\u0433\u0440\u044b\" \/>\n<meta property=\"og:url\" content=\"https:\/\/mostbet-aviator.info\/tr\/\" \/>\n<meta property=\"og:site_name\" content=\"Aviator\" \/>\n<meta property=\"article:modified_time\" content=\"2024-03-11T10:52:54+00:00\" \/>\n<meta name=\"twitter:card\" content=\"summary_large_image\" \/>\n<meta name=\"twitter:label1\" content=\"Tahmini okuma s\u00fcresi\" \/>\n\t<meta name=\"twitter:data1\" content=\"21 dakika\" \/>\n<script type=\"application\/ld+json\" class=\"yoast-schema-graph\">{\"@context\":\"https:\/\/schema.org\",\"@graph\":[{\"@type\":\"WebPage\",\"@id\":\"https:\/\/mostbet-aviator.info\/\",\"url\":\"https:\/\/mostbet-aviator.info\/\",\"name\":\"\u0418\u0433\u0440\u0430\u0442\u044c \u0432 \u0410\u0432\u0438\u0430\u0442\u043e\u0440 \u0432 \u043e\u043d\u043b\u0430\u0439\u043d \u043a\u0430\u0437\u0438\u043d\u043e \u041c\u043e\u0441\u0442\u0431\u0435\u0442\",\"isPartOf\":{\"@id\":\"https:\/\/mostbet-aviator.info\/#website\"},\"datePublished\":\"2024-01-05T14:06:14+00:00\",\"dateModified\":\"2024-03-11T10:52:54+00:00\",\"description\":\"\u0418\u0433\u0440\u0430\u0442\u044c \u0432 \u043a\u0440\u0430\u0448 \u0438\u0433\u0440\u0443 \u0410\u0432\u0438\u0430\u0442\u043e\u0440 \u043d\u0430 \u0440\u0435\u0430\u043b\u044c\u043d\u044b\u0435 \u0434\u0435\u043d\u044c\u0433\u0438 \u0432 \u043e\u043d\u043b\u0430\u0439\u043d \u043a\u0430\u0437\u0438\u043d\u043e Mostbet. Aviator Mostbet \u043f\u043e\u0434\u0430\u0440\u0438\u0442 \u043d\u0435\u0437\u0430\u0431\u044b\u0432\u0430\u0435\u043c\u044b\u0435 \u043c\u043e\u043c\u0435\u043d\u0442\u044b \u0438\u0433\u0440\u044b\",\"breadcrumb\":{\"@id\":\"https:\/\/mostbet-aviator.info\/#breadcrumb\"},\"inLanguage\":\"tr-TR\",\"potentialAction\":[{\"@type\":\"ReadAction\",\"target\":[\"https:\/\/mostbet-aviator.info\/\"]}]},{\"@type\":\"BreadcrumbList\",\"@id\":\"https:\/\/mostbet-aviator.info\/#breadcrumb\",\"itemListElement\":[{\"@type\":\"ListItem\",\"position\":1,\"name\":\"Home\",\"item\":\"https:\/\/mostbet-aviator.info\/\"},{\"@type\":\"ListItem\",\"position\":2,\"name\":\"\u041a\u0440\u0430\u0448 \u0438\u0433\u0440\u0430 Aviator\"}]},{\"@type\":\"WebSite\",\"@id\":\"https:\/\/mostbet-aviator.info\/#website\",\"url\":\"https:\/\/mostbet-aviator.info\/\",\"name\":\"Aviator\",\"description\":\"\",\"publisher\":{\"@id\":\"https:\/\/mostbet-aviator.info\/#organization\"},\"potentialAction\":[{\"@type\":\"SearchAction\",\"target\":{\"@type\":\"EntryPoint\",\"urlTemplate\":\"https:\/\/mostbet-aviator.info\/?s={search_term_string}\"},\"query-input\":{\"@type\":\"PropertyValueSpecification\",\"valueRequired\":true,\"valueName\":\"search_term_string\"}}],\"inLanguage\":\"tr-TR\"},{\"@type\":\"Organization\",\"@id\":\"https:\/\/mostbet-aviator.info\/#organization\",\"name\":\"Aviator\",\"url\":\"https:\/\/mostbet-aviator.info\/\",\"logo\":{\"@type\":\"ImageObject\",\"inLanguage\":\"tr-TR\",\"@id\":\"https:\/\/mostbet-aviator.info\/#\/schema\/logo\/image\/\",\"url\":\"https:\/\/mostbet-aviator.info\/wp-content\/uploads\/2024\/01\/aviator-game-logo.gif\",\"contentUrl\":\"https:\/\/mostbet-aviator.info\/wp-content\/uploads\/2024\/01\/aviator-game-logo.gif\",\"width\":500,\"height\":189,\"caption\":\"Aviator\"},\"image\":{\"@id\":\"https:\/\/mostbet-aviator.info\/#\/schema\/logo\/image\/\"}}]}<\/script>\n<!-- \/ Yoast SEO plugin. -->","yoast_head_json":{"title":"\u0418\u0433\u0440\u0430\u0442\u044c \u0432 \u0410\u0432\u0438\u0430\u0442\u043e\u0440 \u0432 \u043e\u043d\u043b\u0430\u0439\u043d \u043a\u0430\u0437\u0438\u043d\u043e \u041c\u043e\u0441\u0442\u0431\u0435\u0442","description":"Mostbet online casinoda ger\u00e7ek para ile \u00e7arp\u0131\u015fma oyunu Aviator'\u0131 oynay\u0131n. Aviator Mostbet unutulmaz oyun anlar\u0131 sunacak.","robots":{"index":"index","follow":"follow","max-snippet":"max-snippet:-1","max-image-preview":"max-image-preview:large","max-video-preview":"max-video-preview:-1"},"canonical":"https:\/\/mostbet-aviator.info\/tr\/","og_locale":"tr_TR","og_type":"article","og_title":"\u0418\u0433\u0440\u0430\u0442\u044c \u0432 \u0410\u0432\u0438\u0430\u0442\u043e\u0440 \u0432 \u043e\u043d\u043b\u0430\u0439\u043d \u043a\u0430\u0437\u0438\u043d\u043e \u041c\u043e\u0441\u0442\u0431\u0435\u0442","og_description":"\u0418\u0433\u0440\u0430\u0442\u044c \u0432 \u043a\u0440\u0430\u0448 \u0438\u0433\u0440\u0443 \u0410\u0432\u0438\u0430\u0442\u043e\u0440 \u043d\u0430 \u0440\u0435\u0430\u043b\u044c\u043d\u044b\u0435 \u0434\u0435\u043d\u044c\u0433\u0438 \u0432 \u043e\u043d\u043b\u0430\u0439\u043d \u043a\u0430\u0437\u0438\u043d\u043e Mostbet. Aviator Mostbet \u043f\u043e\u0434\u0430\u0440\u0438\u0442 \u043d\u0435\u0437\u0430\u0431\u044b\u0432\u0430\u0435\u043c\u044b\u0435 \u043c\u043e\u043c\u0435\u043d\u0442\u044b \u0438\u0433\u0440\u044b","og_url":"https:\/\/mostbet-aviator.info\/tr\/","og_site_name":"Aviator","article_modified_time":"2024-03-11T10:52:54+00:00","twitter_card":"summary_large_image","twitter_misc":{"Tahmini okuma s\u00fcresi":"21 dakika"},"schema":{"@context":"https:\/\/schema.org","@graph":[{"@type":"WebPage","@id":"https:\/\/mostbet-aviator.info\/","url":"https:\/\/mostbet-aviator.info\/","name":"\u0418\u0433\u0440\u0430\u0442\u044c \u0432 \u0410\u0432\u0438\u0430\u0442\u043e\u0440 \u0432 \u043e\u043d\u043b\u0430\u0439\u043d \u043a\u0430\u0437\u0438\u043d\u043e \u041c\u043e\u0441\u0442\u0431\u0435\u0442","isPartOf":{"@id":"https:\/\/mostbet-aviator.info\/#website"},"datePublished":"2024-01-05T14:06:14+00:00","dateModified":"2024-03-11T10:52:54+00:00","description":"\u0418\u0433\u0440\u0430\u0442\u044c \u0432 \u043a\u0440\u0430\u0448 \u0438\u0433\u0440\u0443 \u0410\u0432\u0438\u0430\u0442\u043e\u0440 \u043d\u0430 \u0440\u0435\u0430\u043b\u044c\u043d\u044b\u0435 \u0434\u0435\u043d\u044c\u0433\u0438 \u0432 \u043e\u043d\u043b\u0430\u0439\u043d \u043a\u0430\u0437\u0438\u043d\u043e Mostbet. Aviator Mostbet \u043f\u043e\u0434\u0430\u0440\u0438\u0442 \u043d\u0435\u0437\u0430\u0431\u044b\u0432\u0430\u0435\u043c\u044b\u0435 \u043c\u043e\u043c\u0435\u043d\u0442\u044b \u0438\u0433\u0440\u044b","breadcrumb":{"@id":"https:\/\/mostbet-aviator.info\/#breadcrumb"},"inLanguage":"tr-TR","potentialAction":[{"@type":"ReadAction","target":["https:\/\/mostbet-aviator.info\/"]}]},{"@type":"BreadcrumbList","@id":"https:\/\/mostbet-aviator.info\/#breadcrumb","itemListElement":[{"@type":"ListItem","position":1,"name":"Home","item":"https:\/\/mostbet-aviator.info\/"},{"@type":"ListItem","position":2,"name":"\u041a\u0440\u0430\u0448 \u0438\u0433\u0440\u0430 Aviator"}]},{"@type":"WebSite","@id":"https:\/\/mostbet-aviator.info\/#website","url":"https:\/\/mostbet-aviator.info\/","name":"Aviator","description":"","publisher":{"@id":"https:\/\/mostbet-aviator.info\/#organization"},"potentialAction":[{"@type":"SearchAction","target":{"@type":"EntryPoint","urlTemplate":"https:\/\/mostbet-aviator.info\/?s={search_term_string}"},"query-input":{"@type":"PropertyValueSpecification","valueRequired":true,"valueName":"search_term_string"}}],"inLanguage":"tr-TR"},{"@type":"Organization","@id":"https:\/\/mostbet-aviator.info\/#organization","name":"Aviator","url":"https:\/\/mostbet-aviator.info\/","logo":{"@type":"ImageObject","inLanguage":"tr-TR","@id":"https:\/\/mostbet-aviator.info\/#\/schema\/logo\/image\/","url":"https:\/\/mostbet-aviator.info\/wp-content\/uploads\/2024\/01\/aviator-game-logo.gif","contentUrl":"https:\/\/mostbet-aviator.info\/wp-content\/uploads\/2024\/01\/aviator-game-logo.gif","width":500,"height":189,"caption":"Aviator"},"image":{"@id":"https:\/\/mostbet-aviator.info\/#\/schema\/logo\/image\/"}}]}},"_links":{"self":[{"href":"https:\/\/mostbet-aviator.info\/tr\/index.php\/wp-json\/wp\/v2\/pages\/6","targetHints":{"allow":["GET"]}}],"collection":[{"href":"https:\/\/mostbet-aviator.info\/tr\/index.php\/wp-json\/wp\/v2\/pages"}],"about":[{"href":"https:\/\/mostbet-aviator.info\/tr\/index.php\/wp-json\/wp\/v2\/types\/page"}],"author":[{"embeddable":true,"href":"https:\/\/mostbet-aviator.info\/tr\/index.php\/wp-json\/wp\/v2\/users\/1"}],"replies":[{"embeddable":true,"href":"https:\/\/mostbet-aviator.info\/tr\/index.php\/wp-json\/wp\/v2\/comments?post=6"}],"version-history":[{"count":23,"href":"https:\/\/mostbet-aviator.info\/tr\/index.php\/wp-json\/wp\/v2\/pages\/6\/revisions"}],"predecessor-version":[{"id":118,"href":"https:\/\/mostbet-aviator.info\/tr\/index.php\/wp-json\/wp\/v2\/pages\/6\/revisions\/118"}],"wp:attachment":[{"href":"https:\/\/mostbet-aviator.info\/tr\/index.php\/wp-json\/wp\/v2\/media?parent=6"}],"curies":[{"name":"wp","href":"https:\/\/api.w.org\/{rel}","templated":true}]}}