{"id":8,"date":"2024-01-05T14:07:03","date_gmt":"2024-01-05T14:07:03","guid":{"rendered":"https:\/\/mostbet-aviator.info\/?page_id=8"},"modified":"2024-03-11T10:50:59","modified_gmt":"2024-03-11T10:50:59","slug":"how-to-start-playing-the-aviator-crash-game","status":"publish","type":"page","link":"https:\/\/mostbet-aviator.info\/tr\/index.php\/how-to-start-playing-the-aviator-crash-game\/","title":{"rendered":"Aviator \u00e7arp\u0131\u015fma oyununa nas\u0131l ba\u015flan\u0131r &#8211; ipu\u00e7lar\u0131 ve stratejiler"},"content":{"rendered":"<p>Pop\u00fcler \u00e7evrimi\u00e7i oyun Aviator, \u00e7evrimi\u00e7i casinolardaki en \u00e7ok aranan e\u011flencelerden biri haline geldi. Oyun, 2019&#8217;da Spribe st\u00fcdyosu taraf\u0131ndan piyasaya s\u00fcr\u00fcld\u00fc. Sim\u00fclat\u00f6r, oynan\u0131\u015f\u0131n al\u0131\u015f\u0131lmad\u0131k uygulamas\u0131, y\u00fcksek bahis \u00e7arpanlar\u0131 ve benzersiz mekanikleri ile kumarbazlar\u0131n ilgisini \u00e7ekti. Ana oyun nesnesi sanal bir u\u00e7akt\u0131r. U\u00e7ak h\u0131zla y\u00fckselir ve y\u00fckseklik kazand\u0131k\u00e7a bahis \u00e7arpanlar\u0131 artar. Oyunun iyi bir teorik geri d\u00f6n\u00fc\u015f y\u00fczdesi vard\u0131r &#8211; RTP %97&#8217;dir. Orta-d\u00fc\u015f\u00fck volatilitesi nedeniyle kazan\u00e7lar s\u0131k s\u0131k meydana gelir. Ekran\u0131nda y\u00fcksek bir \u00e7arpan\u0131n g\u00f6r\u00fcnd\u00fc\u011f\u00fc an\u0131 se\u00e7meniz ve h\u0131zla para \u00f6d\u00fcl\u00fcn\u00fc talep etmeniz gerekmektedir.<\/p>\n<h2>Aviator oynaman\u0131n \u00f6zellikleri:<\/h2>\n<p>Aviator slot makinesinde, oyun alan\u0131 bir kalk\u0131\u015f \u015feridini temsil eder. Bahisleri se\u00e7mek ve kazan\u00e7lar\u0131 nakde \u00e7evirmek i\u00e7in iki kontrol paneli ekran\u0131n alt\u0131nda bulunmaktad\u0131r. Ba\u015flamadan \u00f6nce, oyunun \u00e7ok oyunculu oldu\u011fu i\u00e7in mevcut turun tamamlanmas\u0131n\u0131 bekleyin. Oyunun oynan\u0131\u015f\u0131 \u015fu \u015fekildedir:<\/p>\n<ul>\n<li>Kumarbaz tur i\u00e7in bir veya iki miktar belirler.<\/li>\n<li>Bahis zaman\u0131 bitti\u011finde, u\u00e7ak kalkar.<\/li>\n<li>Optimal \u00e7arpan\u0131n g\u00f6r\u00fcnmesini bekleyin.<\/li>\n<li>Turunu durdurun ve kazanc\u0131n\u0131z\u0131 al\u0131n.<\/li>\n<\/ul>\n<p>Otomatik oynatma ve otomatik \u00e7ekilme i\u015flevlerini veya manuel olarak bahis yapma ve para \u00e7ekme i\u015flemlerini kullanabilirsiniz. Otomatik oynatma 10, 50 veya 100 tur i\u00e7in ayarlanabilir. Otomatik \u00e7ekilme modu her iki kontrol paneli \u00fczerinde ayn\u0131 anda ayarlanabilir. Ard\u0131ndan, oyuncunun belirledi\u011fi katsay\u0131ya ula\u015f\u0131ld\u0131\u011f\u0131nda oyun zorla durdurulacakt\u0131r. Bu, Aviator sim\u00fclat\u00f6r\u00fcnde daha s\u0131k kazanman\u0131za olanak tan\u0131yan uygun se\u00e7eneklerdir.<\/p>\n<h2>Pop\u00fcler Aviator Oyun Stratejileri:<\/h2>\n<p>Mostbet casino&#8217;da Aviator oynamak i\u00e7in oyuncular\u0131n tercih etti\u011fi stratejilerden bahsedelim. Bir\u00e7ok kumarbaz, kazanma \u015fanslar\u0131n\u0131 art\u0131rmak i\u00e7in \u00e7e\u015fitli oynama taktikleri uygular. Aviator&#8217;de, bahis boyutlar\u0131 ve \u00f6deme katsay\u0131lar\u0131yla ilgili stratejiler genellikle kullan\u0131l\u0131r. En etkili oynama taktikleri \u015funlar\u0131 i\u00e7erir:<\/p>\n<ol>\n<li>Minimum bahisler ve d\u00fc\u015f\u00fck katsay\u0131larla oynamak: En az riskli strateji, k\u00fc\u00e7\u00fck d\u00fczenli \u00f6demeler sa\u011flar. Oyuncunun k\u00fc\u00e7\u00fck miktarlar yat\u0131rmas\u0131 ve x3 bahisler kadar \u00e7arpanlar g\u00f6r\u00fcnd\u00fc\u011f\u00fcnde turlar\u0131 durdurmas\u0131 gerekmektedir. Bu \u015fekilde \u00e7ok para kazanamayacaks\u0131n\u0131z, ancak kaybetme riski en d\u00fc\u015f\u00fck seviyededir.<\/li>\n<li>Orta bahisler ve katsay\u0131larla oynamak: \u00d6nceki stratejiye benzer, ancak kumarbaz\u0131n daha b\u00fcy\u00fck bahisler yapmas\u0131 ve ekran \u00fczerindeki \u00e7arpan\u0131n x4 ile x10 bahisler aras\u0131ndaki de\u011ferlere ula\u015ft\u0131\u011f\u0131nda para \u00e7ekmesi gerekmektedir. Riskler daha y\u00fcksektir, ancak b\u00fcy\u00fck miktarda para kazanma \u015fans\u0131 da artar.<\/li>\n<li>Y\u00fcksek bahisler ve maksimum katsay\u0131larla oynamak: En riskli ve en karl\u0131 taktik. \u015eansl\u0131ysan\u0131z, Aviator&#8217;de olduk\u00e7a \u00f6nemli bir miktar kazanabilirsiniz. Tavsiye edilen, x100 ve \u00fczeri \u00e7arpanlar i\u00e7in otomatik \u00e7ekilme ayarlamakt\u0131r.<\/li>\n<\/ol>\n<p>Aviator \u00e7arp\u0131\u015fma oyununda, Martingale gibi klasik stratejiler de kullan\u0131l\u0131r. Unutulmamas\u0131 gereken \u00f6nemli bir nokta, \u00e7e\u015fitli taktiklerin slotlarda y\u00fczde y\u00fcz zafer garanti etmedi\u011fi, ancak finansal kay\u0131plar\u0131n riskini azaltmaya ve daha s\u0131k kazanmaya yard\u0131mc\u0131 oldu\u011fudur. Sonu\u00e7 olarak, belirli bir sisteme g\u00f6re oynamak, sadece rastgele \u015fansa g\u00fcvenerek tu\u015flara basmaktan \u00e7ok daha ak\u0131ll\u0131cad\u0131r.<\/p>\n","protected":false},"excerpt":{"rendered":"<p>Pop\u00fcler \u00e7evrimi\u00e7i oyun Aviator, \u00e7evrimi\u00e7i casinolardaki en \u00e7ok aranan e\u011flencelerden biri haline geldi. Oyun, 2019&#8217;da Spribe st\u00fcdyosu taraf\u0131ndan piyasaya s\u00fcr\u00fcld\u00fc. Sim\u00fclat\u00f6r, oynan\u0131\u015f\u0131n al\u0131\u015f\u0131lmad\u0131k uygulamas\u0131, y\u00fcksek bahis \u00e7arpanlar\u0131 ve benzersiz mekanikleri ile kumarbazlar\u0131n ilgisini \u00e7ekti. Ana oyun nesnesi sanal bir u\u00e7akt\u0131r. U\u00e7ak h\u0131zla y\u00fckselir ve y\u00fckseklik kazand\u0131k\u00e7a bahis \u00e7arpanlar\u0131 artar. Oyunun iyi bir teorik geri d\u00f6n\u00fc\u015f&#8230;<\/p>\n","protected":false},"author":1,"featured_media":0,"parent":0,"menu_order":0,"comment_status":"closed","ping_status":"closed","template":"","meta":{"footnotes":""},"class_list":["post-8","page","type-page","status-publish","hentry"],"yoast_head":"<!-- This site is optimized with the Yoast SEO plugin v27.2 - https:\/\/yoast.com\/product\/yoast-seo-wordpress\/ -->\n<title>\u041b\u0443\u0447\u0448\u0438\u0435 \u0441\u0442\u0440\u0430\u0442\u0435\u0433\u0438\u0438 \u0438 \u0442\u0430\u043a\u0442\u0438\u043a\u0438 \u0438\u0433\u0440\u044b \u0432 \u0410\u0432\u0438\u0430\u0442\u043e\u0440<\/title>\n<meta name=\"description\" content=\"Mostbet online casinoda \u00e7evrimi\u00e7i oyun Aviator&#039;da nas\u0131l oynay\u0131p ger\u00e7ek para kazan\u0131l\u0131r. Aviator oyuncular\u0131 i\u00e7in en iyi stratejiler ve taktikler.\" \/>\n<meta name=\"robots\" content=\"index, follow, max-snippet:-1, max-image-preview:large, max-video-preview:-1\" \/>\n<link rel=\"canonical\" href=\"https:\/\/mostbet-aviator.info\/tr\/index.php\/how-to-start-playing-the-aviator-crash-game\/\" \/>\n<meta property=\"og:locale\" content=\"tr_TR\" \/>\n<meta property=\"og:locale:alternate\" content=\"ru_RU\" \/>\n<meta property=\"og:locale:alternate\" content=\"en_US\" \/>\n<meta property=\"og:locale:alternate\" content=\"pt_PT\" \/>\n<meta property=\"og:locale:alternate\" content=\"es_ES\" \/>\n<meta property=\"og:locale:alternate\" content=\"sr_RS\" \/>\n<meta property=\"og:locale:alternate\" content=\"bg_BG\" \/>\n<meta property=\"og:locale:alternate\" content=\"pl_PL\" \/>\n<meta property=\"og:locale:alternate\" content=\"it_IT\" \/>\n<meta property=\"og:locale:alternate\" content=\"fr_FR\" \/>\n<meta property=\"og:locale:alternate\" content=\"hu_HU\" \/>\n<meta property=\"og:type\" content=\"article\" \/>\n<meta property=\"og:title\" content=\"\u041b\u0443\u0447\u0448\u0438\u0435 \u0441\u0442\u0440\u0430\u0442\u0435\u0433\u0438\u0438 \u0438 \u0442\u0430\u043a\u0442\u0438\u043a\u0438 \u0438\u0433\u0440\u044b \u0432 \u0410\u0432\u0438\u0430\u0442\u043e\u0440\" \/>\n<meta property=\"og:description\" content=\"\u041a\u0430\u043a \u0438\u0433\u0440\u0430\u0442\u044c \u0438 \u0432\u044b\u0438\u0433\u0440\u044b\u0432\u0430\u0442\u044c \u043d\u0430\u0441\u0442\u043e\u044f\u0449\u0438\u0435 \u0434\u0435\u043d\u044c\u0433\u0438 \u0432 \u043e\u043d\u043b\u0430\u0439\u043d \u0438\u0433\u0440\u0435 \u0432 \u0410\u0432\u0438\u0430\u0442\u043e\u0440 \u0432 \u043e\u043d\u043b\u0430\u0439\u043d \u043a\u0430\u0437\u0438\u043d\u043e \u041c\u043e\u0441\u0442\u0431\u0435\u0442. \u041b\u0443\u0447\u0448\u0438\u0435 \u0441\u0442\u0440\u0430\u0442\u0435\u0433\u0438\u0438 \u0438 \u0442\u0430\u043a\u0442\u0438\u043a\u0438 \u0434\u043b\u044f \u0438\u0433\u0440\u043e\u043a\u043e\u0432 \u0410\u0432\u0438\u0430\u0442\u043e\u0440\u0430\" \/>\n<meta property=\"og:url\" content=\"https:\/\/mostbet-aviator.info\/tr\/index.php\/how-to-start-playing-the-aviator-crash-game\/\" \/>\n<meta property=\"og:site_name\" content=\"Aviator\" \/>\n<meta property=\"article:modified_time\" content=\"2024-03-11T10:50:59+00:00\" \/>\n<meta name=\"twitter:card\" content=\"summary_large_image\" \/>\n<meta name=\"twitter:label1\" content=\"Tahmini okuma s\u00fcresi\" \/>\n\t<meta name=\"twitter:data1\" content=\"23 dakika\" \/>\n<script type=\"application\/ld+json\" class=\"yoast-schema-graph\">{\"@context\":\"https:\/\/schema.org\",\"@graph\":[{\"@type\":\"WebPage\",\"@id\":\"https:\/\/mostbet-aviator.info\/index.php\/how-to-start-playing-the-aviator-crash-game\/\",\"url\":\"https:\/\/mostbet-aviator.info\/index.php\/how-to-start-playing-the-aviator-crash-game\/\",\"name\":\"\u041b\u0443\u0447\u0448\u0438\u0435 \u0441\u0442\u0440\u0430\u0442\u0435\u0433\u0438\u0438 \u0438 \u0442\u0430\u043a\u0442\u0438\u043a\u0438 \u0438\u0433\u0440\u044b \u0432 \u0410\u0432\u0438\u0430\u0442\u043e\u0440\",\"isPartOf\":{\"@id\":\"https:\/\/mostbet-aviator.info\/#website\"},\"datePublished\":\"2024-01-05T14:07:03+00:00\",\"dateModified\":\"2024-03-11T10:50:59+00:00\",\"description\":\"\u041a\u0430\u043a \u0438\u0433\u0440\u0430\u0442\u044c \u0438 \u0432\u044b\u0438\u0433\u0440\u044b\u0432\u0430\u0442\u044c \u043d\u0430\u0441\u0442\u043e\u044f\u0449\u0438\u0435 \u0434\u0435\u043d\u044c\u0433\u0438 \u0432 \u043e\u043d\u043b\u0430\u0439\u043d \u0438\u0433\u0440\u0435 \u0432 \u0410\u0432\u0438\u0430\u0442\u043e\u0440 \u0432 \u043e\u043d\u043b\u0430\u0439\u043d \u043a\u0430\u0437\u0438\u043d\u043e \u041c\u043e\u0441\u0442\u0431\u0435\u0442. \u041b\u0443\u0447\u0448\u0438\u0435 \u0441\u0442\u0440\u0430\u0442\u0435\u0433\u0438\u0438 \u0438 \u0442\u0430\u043a\u0442\u0438\u043a\u0438 \u0434\u043b\u044f \u0438\u0433\u0440\u043e\u043a\u043e\u0432 \u0410\u0432\u0438\u0430\u0442\u043e\u0440\u0430\",\"breadcrumb\":{\"@id\":\"https:\/\/mostbet-aviator.info\/index.php\/how-to-start-playing-the-aviator-crash-game\/#breadcrumb\"},\"inLanguage\":\"tr-TR\",\"potentialAction\":[{\"@type\":\"ReadAction\",\"target\":[\"https:\/\/mostbet-aviator.info\/index.php\/how-to-start-playing-the-aviator-crash-game\/\"]}]},{\"@type\":\"BreadcrumbList\",\"@id\":\"https:\/\/mostbet-aviator.info\/index.php\/how-to-start-playing-the-aviator-crash-game\/#breadcrumb\",\"itemListElement\":[{\"@type\":\"ListItem\",\"position\":1,\"name\":\"Home\",\"item\":\"https:\/\/mostbet-aviator.info\/\"},{\"@type\":\"ListItem\",\"position\":2,\"name\":\"\u041a\u0430\u043a \u043d\u0430\u0447\u0430\u0442\u044c \u0438\u0433\u0440\u0430\u0442\u044c \u0432 \u043a\u0440\u0430\u0448-\u0438\u0433\u0440\u0443 Aviator \u2013 \u0441\u043e\u0432\u0435\u0442\u044b \u0438 \u0441\u0442\u0440\u0430\u0442\u0435\u0433\u0438\u0438\"}]},{\"@type\":\"WebSite\",\"@id\":\"https:\/\/mostbet-aviator.info\/#website\",\"url\":\"https:\/\/mostbet-aviator.info\/\",\"name\":\"Aviator\",\"description\":\"\",\"publisher\":{\"@id\":\"https:\/\/mostbet-aviator.info\/#organization\"},\"potentialAction\":[{\"@type\":\"SearchAction\",\"target\":{\"@type\":\"EntryPoint\",\"urlTemplate\":\"https:\/\/mostbet-aviator.info\/?s={search_term_string}\"},\"query-input\":{\"@type\":\"PropertyValueSpecification\",\"valueRequired\":true,\"valueName\":\"search_term_string\"}}],\"inLanguage\":\"tr-TR\"},{\"@type\":\"Organization\",\"@id\":\"https:\/\/mostbet-aviator.info\/#organization\",\"name\":\"Aviator\",\"url\":\"https:\/\/mostbet-aviator.info\/\",\"logo\":{\"@type\":\"ImageObject\",\"inLanguage\":\"tr-TR\",\"@id\":\"https:\/\/mostbet-aviator.info\/#\/schema\/logo\/image\/\",\"url\":\"https:\/\/mostbet-aviator.info\/wp-content\/uploads\/2024\/01\/aviator-game-logo.gif\",\"contentUrl\":\"https:\/\/mostbet-aviator.info\/wp-content\/uploads\/2024\/01\/aviator-game-logo.gif\",\"width\":500,\"height\":189,\"caption\":\"Aviator\"},\"image\":{\"@id\":\"https:\/\/mostbet-aviator.info\/#\/schema\/logo\/image\/\"}}]}<\/script>\n<!-- \/ Yoast SEO plugin. -->","yoast_head_json":{"title":"\u041b\u0443\u0447\u0448\u0438\u0435 \u0441\u0442\u0440\u0430\u0442\u0435\u0433\u0438\u0438 \u0438 \u0442\u0430\u043a\u0442\u0438\u043a\u0438 \u0438\u0433\u0440\u044b \u0432 \u0410\u0432\u0438\u0430\u0442\u043e\u0440","description":"Mostbet online casinoda \u00e7evrimi\u00e7i oyun Aviator'da nas\u0131l oynay\u0131p ger\u00e7ek para kazan\u0131l\u0131r. Aviator oyuncular\u0131 i\u00e7in en iyi stratejiler ve taktikler.","robots":{"index":"index","follow":"follow","max-snippet":"max-snippet:-1","max-image-preview":"max-image-preview:large","max-video-preview":"max-video-preview:-1"},"canonical":"https:\/\/mostbet-aviator.info\/tr\/index.php\/how-to-start-playing-the-aviator-crash-game\/","og_locale":"tr_TR","og_type":"article","og_title":"\u041b\u0443\u0447\u0448\u0438\u0435 \u0441\u0442\u0440\u0430\u0442\u0435\u0433\u0438\u0438 \u0438 \u0442\u0430\u043a\u0442\u0438\u043a\u0438 \u0438\u0433\u0440\u044b \u0432 \u0410\u0432\u0438\u0430\u0442\u043e\u0440","og_description":"\u041a\u0430\u043a \u0438\u0433\u0440\u0430\u0442\u044c \u0438 \u0432\u044b\u0438\u0433\u0440\u044b\u0432\u0430\u0442\u044c \u043d\u0430\u0441\u0442\u043e\u044f\u0449\u0438\u0435 \u0434\u0435\u043d\u044c\u0433\u0438 \u0432 \u043e\u043d\u043b\u0430\u0439\u043d \u0438\u0433\u0440\u0435 \u0432 \u0410\u0432\u0438\u0430\u0442\u043e\u0440 \u0432 \u043e\u043d\u043b\u0430\u0439\u043d \u043a\u0430\u0437\u0438\u043d\u043e \u041c\u043e\u0441\u0442\u0431\u0435\u0442. \u041b\u0443\u0447\u0448\u0438\u0435 \u0441\u0442\u0440\u0430\u0442\u0435\u0433\u0438\u0438 \u0438 \u0442\u0430\u043a\u0442\u0438\u043a\u0438 \u0434\u043b\u044f \u0438\u0433\u0440\u043e\u043a\u043e\u0432 \u0410\u0432\u0438\u0430\u0442\u043e\u0440\u0430","og_url":"https:\/\/mostbet-aviator.info\/tr\/index.php\/how-to-start-playing-the-aviator-crash-game\/","og_site_name":"Aviator","article_modified_time":"2024-03-11T10:50:59+00:00","twitter_card":"summary_large_image","twitter_misc":{"Tahmini okuma s\u00fcresi":"23 dakika"},"schema":{"@context":"https:\/\/schema.org","@graph":[{"@type":"WebPage","@id":"https:\/\/mostbet-aviator.info\/index.php\/how-to-start-playing-the-aviator-crash-game\/","url":"https:\/\/mostbet-aviator.info\/index.php\/how-to-start-playing-the-aviator-crash-game\/","name":"\u041b\u0443\u0447\u0448\u0438\u0435 \u0441\u0442\u0440\u0430\u0442\u0435\u0433\u0438\u0438 \u0438 \u0442\u0430\u043a\u0442\u0438\u043a\u0438 \u0438\u0433\u0440\u044b \u0432 \u0410\u0432\u0438\u0430\u0442\u043e\u0440","isPartOf":{"@id":"https:\/\/mostbet-aviator.info\/#website"},"datePublished":"2024-01-05T14:07:03+00:00","dateModified":"2024-03-11T10:50:59+00:00","description":"\u041a\u0430\u043a \u0438\u0433\u0440\u0430\u0442\u044c \u0438 \u0432\u044b\u0438\u0433\u0440\u044b\u0432\u0430\u0442\u044c \u043d\u0430\u0441\u0442\u043e\u044f\u0449\u0438\u0435 \u0434\u0435\u043d\u044c\u0433\u0438 \u0432 \u043e\u043d\u043b\u0430\u0439\u043d \u0438\u0433\u0440\u0435 \u0432 \u0410\u0432\u0438\u0430\u0442\u043e\u0440 \u0432 \u043e\u043d\u043b\u0430\u0439\u043d \u043a\u0430\u0437\u0438\u043d\u043e \u041c\u043e\u0441\u0442\u0431\u0435\u0442. \u041b\u0443\u0447\u0448\u0438\u0435 \u0441\u0442\u0440\u0430\u0442\u0435\u0433\u0438\u0438 \u0438 \u0442\u0430\u043a\u0442\u0438\u043a\u0438 \u0434\u043b\u044f \u0438\u0433\u0440\u043e\u043a\u043e\u0432 \u0410\u0432\u0438\u0430\u0442\u043e\u0440\u0430","breadcrumb":{"@id":"https:\/\/mostbet-aviator.info\/index.php\/how-to-start-playing-the-aviator-crash-game\/#breadcrumb"},"inLanguage":"tr-TR","potentialAction":[{"@type":"ReadAction","target":["https:\/\/mostbet-aviator.info\/index.php\/how-to-start-playing-the-aviator-crash-game\/"]}]},{"@type":"BreadcrumbList","@id":"https:\/\/mostbet-aviator.info\/index.php\/how-to-start-playing-the-aviator-crash-game\/#breadcrumb","itemListElement":[{"@type":"ListItem","position":1,"name":"Home","item":"https:\/\/mostbet-aviator.info\/"},{"@type":"ListItem","position":2,"name":"\u041a\u0430\u043a \u043d\u0430\u0447\u0430\u0442\u044c \u0438\u0433\u0440\u0430\u0442\u044c \u0432 \u043a\u0440\u0430\u0448-\u0438\u0433\u0440\u0443 Aviator \u2013 \u0441\u043e\u0432\u0435\u0442\u044b \u0438 \u0441\u0442\u0440\u0430\u0442\u0435\u0433\u0438\u0438"}]},{"@type":"WebSite","@id":"https:\/\/mostbet-aviator.info\/#website","url":"https:\/\/mostbet-aviator.info\/","name":"Aviator","description":"","publisher":{"@id":"https:\/\/mostbet-aviator.info\/#organization"},"potentialAction":[{"@type":"SearchAction","target":{"@type":"EntryPoint","urlTemplate":"https:\/\/mostbet-aviator.info\/?s={search_term_string}"},"query-input":{"@type":"PropertyValueSpecification","valueRequired":true,"valueName":"search_term_string"}}],"inLanguage":"tr-TR"},{"@type":"Organization","@id":"https:\/\/mostbet-aviator.info\/#organization","name":"Aviator","url":"https:\/\/mostbet-aviator.info\/","logo":{"@type":"ImageObject","inLanguage":"tr-TR","@id":"https:\/\/mostbet-aviator.info\/#\/schema\/logo\/image\/","url":"https:\/\/mostbet-aviator.info\/wp-content\/uploads\/2024\/01\/aviator-game-logo.gif","contentUrl":"https:\/\/mostbet-aviator.info\/wp-content\/uploads\/2024\/01\/aviator-game-logo.gif","width":500,"height":189,"caption":"Aviator"},"image":{"@id":"https:\/\/mostbet-aviator.info\/#\/schema\/logo\/image\/"}}]}},"_links":{"self":[{"href":"https:\/\/mostbet-aviator.info\/tr\/index.php\/wp-json\/wp\/v2\/pages\/8","targetHints":{"allow":["GET"]}}],"collection":[{"href":"https:\/\/mostbet-aviator.info\/tr\/index.php\/wp-json\/wp\/v2\/pages"}],"about":[{"href":"https:\/\/mostbet-aviator.info\/tr\/index.php\/wp-json\/wp\/v2\/types\/page"}],"author":[{"embeddable":true,"href":"https:\/\/mostbet-aviator.info\/tr\/index.php\/wp-json\/wp\/v2\/users\/1"}],"replies":[{"embeddable":true,"href":"https:\/\/mostbet-aviator.info\/tr\/index.php\/wp-json\/wp\/v2\/comments?post=8"}],"version-history":[{"count":23,"href":"https:\/\/mostbet-aviator.info\/tr\/index.php\/wp-json\/wp\/v2\/pages\/8\/revisions"}],"predecessor-version":[{"id":117,"href":"https:\/\/mostbet-aviator.info\/tr\/index.php\/wp-json\/wp\/v2\/pages\/8\/revisions\/117"}],"wp:attachment":[{"href":"https:\/\/mostbet-aviator.info\/tr\/index.php\/wp-json\/wp\/v2\/media?parent=8"}],"curies":[{"name":"wp","href":"https:\/\/api.w.org\/{rel}","templated":true}]}}